{"id":15202,"date":"2023-03-11T20:43:58","date_gmt":"2023-03-11T18:43:58","guid":{"rendered":"https:\/\/vinilozona.lt\/?post_type=product&#038;p=15202"},"modified":"2023-03-12T19:15:49","modified_gmt":"2023-03-12T17:15:49","slug":"flamin-groovies-jumpin-in-the-night","status":"publish","type":"product","link":"https:\/\/vinilozona.lt\/en\/parduotuve\/rock-pop\/flamin-groovies-jumpin-in-the-night\/","title":{"rendered":"Flamin&#8217; Groovies \u2013 Jumpin&#8217; In The Night"},"content":{"rendered":"<p>A1\tPlease Please Me<br \/>\nA2\tNext One Crying<br \/>\nA3\tDown Down Down<br \/>\nA4\tTell Me Again<br \/>\nA5\tAbsolutely Sweet Marie<br \/>\nA6\tYou&#8217;re My Wonderful One<br \/>\nA7\tJumpin&#8217; In The Night<br \/>\nB1\tYes I Am<br \/>\nB2\t19th Nervous Breakdown<br \/>\nB3\tBoys<br \/>\nB4\t5D<br \/>\nB5\tFirst Plane Home<br \/>\nB6\tLadyfriend<br \/>\nB7\tIn The U.S.A.<\/p>","protected":false},"excerpt":{"rendered":"<p>SRK 6067<\/p>","protected":false},"featured_media":15203,"template":"","meta":[],"product_cat":[15],"product_tag":[55],"yoast_head":"<!-- This site is optimized with the Yoast SEO plugin v23.5 - https:\/\/yoast.com\/wordpress\/plugins\/seo\/ -->\n<title>Flamin&#039; Groovies \u2013 Jumpin&#039; In The Night Vinilin\u0117 Plok\u0161tel\u0117 | Vinilozona.lt<\/title>\n<meta name=\"robots\" content=\"index, follow, max-snippet:-1, max-image-preview:large, max-video-preview:-1\" \/>\n<link rel=\"canonical\" href=\"https:\/\/vinilozona.lt\/en\/parduotuve\/rock-pop\/flamin-groovies-jumpin-in-the-night\/\" \/>\n<meta property=\"og:locale\" content=\"en_GB\" \/>\n<meta property=\"og:type\" content=\"article\" \/>\n<meta property=\"og:title\" content=\"Flamin&#039; Groovies \u2013 Jumpin&#039; In The Night Vinilin\u0117 Plok\u0161tel\u0117 | Vinilozona.lt\" \/>\n<meta property=\"og:description\" content=\"SRK 6067\" \/>\n<meta property=\"og:url\" content=\"https:\/\/vinilozona.lt\/en\/parduotuve\/rock-pop\/flamin-groovies-jumpin-in-the-night\/\" \/>\n<meta property=\"og:site_name\" content=\"Vinilo Zona\" \/>\n<meta property=\"article:modified_time\" content=\"2023-03-12T17:15:49+00:00\" \/>\n<meta property=\"og:image\" content=\"https:\/\/vinilozona.lt\/wp-content\/uploads\/2021\/05\/R-3127867-1333807729.jpeg.jpg\" \/>\n\t<meta property=\"og:image:width\" content=\"480\" \/>\n\t<meta property=\"og:image:height\" content=\"500\" \/>\n\t<meta property=\"og:image:type\" content=\"image\/jpeg\" \/>\n<meta name=\"twitter:card\" content=\"summary_large_image\" \/>\n<script type=\"application\/ld+json\" class=\"yoast-schema-graph\">{\"@context\":\"https:\/\/schema.org\",\"@graph\":[{\"@type\":\"WebPage\",\"@id\":\"https:\/\/vinilozona.lt\/parduotuve\/rock-pop\/flamin-groovies-jumpin-in-the-night\/\",\"url\":\"https:\/\/vinilozona.lt\/parduotuve\/rock-pop\/flamin-groovies-jumpin-in-the-night\/\",\"name\":\"Flamin' Groovies \u2013 Jumpin' In The Night Vinilin\u0117 Plok\u0161tel\u0117 | Vinilozona.lt\",\"isPartOf\":{\"@id\":\"https:\/\/vinilozona.lt\/#website\"},\"primaryImageOfPage\":{\"@id\":\"https:\/\/vinilozona.lt\/parduotuve\/rock-pop\/flamin-groovies-jumpin-in-the-night\/#primaryimage\"},\"image\":{\"@id\":\"https:\/\/vinilozona.lt\/parduotuve\/rock-pop\/flamin-groovies-jumpin-in-the-night\/#primaryimage\"},\"thumbnailUrl\":\"https:\/\/vinilozona.lt\/wp-content\/uploads\/2021\/05\/R-3127867-1333807729.jpeg.jpg\",\"datePublished\":\"2023-03-11T18:43:58+00:00\",\"dateModified\":\"2023-03-12T17:15:49+00:00\",\"breadcrumb\":{\"@id\":\"https:\/\/vinilozona.lt\/parduotuve\/rock-pop\/flamin-groovies-jumpin-in-the-night\/#breadcrumb\"},\"inLanguage\":\"en-GB\",\"potentialAction\":[{\"@type\":\"ReadAction\",\"target\":[\"https:\/\/vinilozona.lt\/parduotuve\/rock-pop\/flamin-groovies-jumpin-in-the-night\/\"]}]},{\"@type\":\"ImageObject\",\"inLanguage\":\"en-GB\",\"@id\":\"https:\/\/vinilozona.lt\/parduotuve\/rock-pop\/flamin-groovies-jumpin-in-the-night\/#primaryimage\",\"url\":\"https:\/\/vinilozona.lt\/wp-content\/uploads\/2021\/05\/R-3127867-1333807729.jpeg.jpg\",\"contentUrl\":\"https:\/\/vinilozona.lt\/wp-content\/uploads\/2021\/05\/R-3127867-1333807729.jpeg.jpg\",\"width\":480,\"height\":500},{\"@type\":\"BreadcrumbList\",\"@id\":\"https:\/\/vinilozona.lt\/parduotuve\/rock-pop\/flamin-groovies-jumpin-in-the-night\/#breadcrumb\",\"itemListElement\":[{\"@type\":\"ListItem\",\"position\":1,\"name\":\"Home\",\"item\":\"https:\/\/vinilozona.lt\/\"},{\"@type\":\"ListItem\",\"position\":2,\"name\":\"Parduotuv\u0117\",\"item\":\"https:\/\/vinilozona.lt\/parduotuve\/\"},{\"@type\":\"ListItem\",\"position\":3,\"name\":\"Flamin&#8217; Groovies \u2013 Jumpin&#8217; In The Night\"}]},{\"@type\":\"WebSite\",\"@id\":\"https:\/\/vinilozona.lt\/#website\",\"url\":\"https:\/\/vinilozona.lt\/\",\"name\":\"Vinilo Zona\",\"description\":\"Nup\u016bsk dulkes ir klausyk LP\",\"potentialAction\":[{\"@type\":\"SearchAction\",\"target\":{\"@type\":\"EntryPoint\",\"urlTemplate\":\"https:\/\/vinilozona.lt\/?s={search_term_string}\"},\"query-input\":{\"@type\":\"PropertyValueSpecification\",\"valueRequired\":true,\"valueName\":\"search_term_string\"}}],\"inLanguage\":\"en-GB\"}]}<\/script>\n<!-- \/ Yoast SEO plugin. -->","yoast_head_json":{"title":"Flamin' Groovies \u2013 Jumpin' In The Night Vinilin\u0117 Plok\u0161tel\u0117 | Vinilozona.lt","robots":{"index":"index","follow":"follow","max-snippet":"max-snippet:-1","max-image-preview":"max-image-preview:large","max-video-preview":"max-video-preview:-1"},"canonical":"https:\/\/vinilozona.lt\/en\/parduotuve\/rock-pop\/flamin-groovies-jumpin-in-the-night\/","og_locale":"en_GB","og_type":"article","og_title":"Flamin' Groovies \u2013 Jumpin' In The Night Vinilin\u0117 Plok\u0161tel\u0117 | Vinilozona.lt","og_description":"SRK 6067","og_url":"https:\/\/vinilozona.lt\/en\/parduotuve\/rock-pop\/flamin-groovies-jumpin-in-the-night\/","og_site_name":"Vinilo Zona","article_modified_time":"2023-03-12T17:15:49+00:00","og_image":[{"width":480,"height":500,"url":"https:\/\/vinilozona.lt\/wp-content\/uploads\/2021\/05\/R-3127867-1333807729.jpeg.jpg","type":"image\/jpeg"}],"twitter_card":"summary_large_image","schema":{"@context":"https:\/\/schema.org","@graph":[{"@type":"WebPage","@id":"https:\/\/vinilozona.lt\/parduotuve\/rock-pop\/flamin-groovies-jumpin-in-the-night\/","url":"https:\/\/vinilozona.lt\/parduotuve\/rock-pop\/flamin-groovies-jumpin-in-the-night\/","name":"Flamin' Groovies \u2013 Jumpin' In The Night Vinilin\u0117 Plok\u0161tel\u0117 | Vinilozona.lt","isPartOf":{"@id":"https:\/\/vinilozona.lt\/#website"},"primaryImageOfPage":{"@id":"https:\/\/vinilozona.lt\/parduotuve\/rock-pop\/flamin-groovies-jumpin-in-the-night\/#primaryimage"},"image":{"@id":"https:\/\/vinilozona.lt\/parduotuve\/rock-pop\/flamin-groovies-jumpin-in-the-night\/#primaryimage"},"thumbnailUrl":"https:\/\/vinilozona.lt\/wp-content\/uploads\/2021\/05\/R-3127867-1333807729.jpeg.jpg","datePublished":"2023-03-11T18:43:58+00:00","dateModified":"2023-03-12T17:15:49+00:00","breadcrumb":{"@id":"https:\/\/vinilozona.lt\/parduotuve\/rock-pop\/flamin-groovies-jumpin-in-the-night\/#breadcrumb"},"inLanguage":"en-GB","potentialAction":[{"@type":"ReadAction","target":["https:\/\/vinilozona.lt\/parduotuve\/rock-pop\/flamin-groovies-jumpin-in-the-night\/"]}]},{"@type":"ImageObject","inLanguage":"en-GB","@id":"https:\/\/vinilozona.lt\/parduotuve\/rock-pop\/flamin-groovies-jumpin-in-the-night\/#primaryimage","url":"https:\/\/vinilozona.lt\/wp-content\/uploads\/2021\/05\/R-3127867-1333807729.jpeg.jpg","contentUrl":"https:\/\/vinilozona.lt\/wp-content\/uploads\/2021\/05\/R-3127867-1333807729.jpeg.jpg","width":480,"height":500},{"@type":"BreadcrumbList","@id":"https:\/\/vinilozona.lt\/parduotuve\/rock-pop\/flamin-groovies-jumpin-in-the-night\/#breadcrumb","itemListElement":[{"@type":"ListItem","position":1,"name":"Home","item":"https:\/\/vinilozona.lt\/"},{"@type":"ListItem","position":2,"name":"Parduotuv\u0117","item":"https:\/\/vinilozona.lt\/parduotuve\/"},{"@type":"ListItem","position":3,"name":"Flamin&#8217; Groovies \u2013 Jumpin&#8217; In The Night"}]},{"@type":"WebSite","@id":"https:\/\/vinilozona.lt\/#website","url":"https:\/\/vinilozona.lt\/","name":"Vinilo Zona","description":"Nup\u016bsk dulkes ir klausyk LP","potentialAction":[{"@type":"SearchAction","target":{"@type":"EntryPoint","urlTemplate":"https:\/\/vinilozona.lt\/?s={search_term_string}"},"query-input":{"@type":"PropertyValueSpecification","valueRequired":true,"valueName":"search_term_string"}}],"inLanguage":"en-GB"}]}},"_links":{"self":[{"href":"https:\/\/vinilozona.lt\/en\/wp-json\/wp\/v2\/product\/15202"}],"collection":[{"href":"https:\/\/vinilozona.lt\/en\/wp-json\/wp\/v2\/product"}],"about":[{"href":"https:\/\/vinilozona.lt\/en\/wp-json\/wp\/v2\/types\/product"}],"wp:featuredmedia":[{"embeddable":true,"href":"https:\/\/vinilozona.lt\/en\/wp-json\/wp\/v2\/media\/15203"}],"wp:attachment":[{"href":"https:\/\/vinilozona.lt\/en\/wp-json\/wp\/v2\/media?parent=15202"}],"wp:term":[{"taxonomy":"product_cat","embeddable":true,"href":"https:\/\/vinilozona.lt\/en\/wp-json\/wp\/v2\/product_cat?post=15202"},{"taxonomy":"product_tag","embeddable":true,"href":"https:\/\/vinilozona.lt\/en\/wp-json\/wp\/v2\/product_tag?post=15202"}],"curies":[{"name":"wp","href":"https:\/\/api.w.org\/{rel}","templated":true}]}}