{"id":15191,"date":"2021-05-27T21:51:11","date_gmt":"2021-05-27T18:51:11","guid":{"rendered":"https:\/\/vinilozona.lt\/?post_type=product&#038;p=15191"},"modified":"2021-05-30T14:11:10","modified_gmt":"2021-05-30T11:11:10","slug":"jimmy-rushing-%e2%80%8e-mr-five-by-five","status":"publish","type":"product","link":"https:\/\/vinilozona.lt\/en\/parduotuve\/jazz\/jimmy-rushing-%e2%80%8e-mr-five-by-five\/","title":{"rendered":"Jimmy Rushing \u200e\u2013 Mr. Five By Five"},"content":{"rendered":"<p>Arkansas Blues\t2:41<br \/>\nMuddy Water\t2:22<br \/>\nEverybody Loves My Baby (But My Baby Loves Nobody But Me)\t2:31<br \/>\nShipwrecked Blues\t2:31<br \/>\n&#8216;Deed I Do\t2:48<br \/>\nMister Five By Five\t2:01<br \/>\nJune Night\t2:51<br \/>\nGulf Coast Blues\t4:53<br \/>\nThere&#8217;ll Be Some Changes Made\t2:08<br \/>\nTrix Ain&#8217;t Walkin&#8217; No More\t2:51<br \/>\nBrussels Blues\t3:37<br \/>\nAm I Blue?\t2:52<br \/>\nSay You Don&#8217;t Mean It\t2:30<br \/>\nIt&#8217;s A Sin To Tell A Lie\t2:37<br \/>\nWhen You&#8217;re Smiling\t2:37<br \/>\nDownhearted Blues\t3:27<br \/>\nI Can&#8217;t Believe That You&#8217;re In Love With Me\t5:50<br \/>\nOne Evening\t2:25<br \/>\nJimmy&#8217;s Blues\t2:55<br \/>\nSomebody Stole My Gal\t3:48<br \/>\nI Cried For You (Now It&#8217;s Your Turn To Cry Over Me)\t3:59<br \/>\nNow That I Need You\t2:18<br \/>\nI&#8217;m Gonna Move To The Outskirts Of Town\t2:28<br \/>\nMy Melancholy Baby\t3:59<br \/>\nBlues In The Dark\t4:39<br \/>\nRussian Lullaby\t5:40<br \/>\nTrouble In Mind\t4:03<br \/>\nI&#8217;m Coming Virginia\t2:17<br \/>\nWhy Oh Why\t3:20<br \/>\nAre You Ready\t2:50<\/p>","protected":false},"excerpt":{"rendered":"<p>Columbia \u200e\u2013 C2 36419<br \/>\nSeries:<br \/>\nContemporary Masters Series \u2013<br \/>\nFormat:<br \/>\n2 \u00d7 Vinyl, LP, Album, Compilation, Reissue, Gatefold<\/p>","protected":false},"featured_media":15192,"template":"","meta":[],"product_cat":[20],"product_tag":[44],"yoast_head":"<!-- This site is optimized with the Yoast SEO plugin v23.5 - https:\/\/yoast.com\/wordpress\/plugins\/seo\/ -->\n<title>Jimmy Rushing \u200e\u2013 Mr. Five By Five Vinilin\u0117 Plok\u0161tel\u0117 | Vinilozona.lt<\/title>\n<meta name=\"robots\" content=\"index, follow, max-snippet:-1, max-image-preview:large, max-video-preview:-1\" \/>\n<link rel=\"canonical\" href=\"https:\/\/vinilozona.lt\/en\/parduotuve\/jazz\/jimmy-rushing-\u200e-mr-five-by-five\/\" \/>\n<meta property=\"og:locale\" content=\"en_GB\" \/>\n<meta property=\"og:type\" content=\"article\" \/>\n<meta property=\"og:title\" content=\"Jimmy Rushing \u200e\u2013 Mr. Five By Five Vinilin\u0117 Plok\u0161tel\u0117 | Vinilozona.lt\" \/>\n<meta property=\"og:description\" content=\"Columbia \u200e\u2013 C2 36419 Series: Contemporary Masters Series \u2013 Format: 2 \u00d7 Vinyl, LP, Album, Compilation, Reissue, Gatefold\" \/>\n<meta property=\"og:url\" content=\"https:\/\/vinilozona.lt\/en\/parduotuve\/jazz\/jimmy-rushing-\u200e-mr-five-by-five\/\" \/>\n<meta property=\"og:site_name\" content=\"Vinilo Zona\" \/>\n<meta property=\"article:modified_time\" content=\"2021-05-30T11:11:10+00:00\" \/>\n<meta property=\"og:image\" content=\"https:\/\/vinilozona.lt\/wp-content\/uploads\/2021\/05\/R-14325674-1572273520-9817.jpeg.jpg\" \/>\n\t<meta property=\"og:image:width\" content=\"600\" \/>\n\t<meta property=\"og:image:height\" content=\"583\" \/>\n\t<meta property=\"og:image:type\" content=\"image\/jpeg\" \/>\n<meta name=\"twitter:card\" content=\"summary_large_image\" \/>\n<meta name=\"twitter:label1\" content=\"Estimated reading time\" \/>\n\t<meta name=\"twitter:data1\" content=\"1 minute\" \/>\n<script type=\"application\/ld+json\" class=\"yoast-schema-graph\">{\"@context\":\"https:\/\/schema.org\",\"@graph\":[{\"@type\":\"WebPage\",\"@id\":\"https:\/\/vinilozona.lt\/parduotuve\/jazz\/jimmy-rushing-%e2%80%8e-mr-five-by-five\/\",\"url\":\"https:\/\/vinilozona.lt\/parduotuve\/jazz\/jimmy-rushing-%e2%80%8e-mr-five-by-five\/\",\"name\":\"Jimmy Rushing \u200e\u2013 Mr. Five By Five Vinilin\u0117 Plok\u0161tel\u0117 | Vinilozona.lt\",\"isPartOf\":{\"@id\":\"https:\/\/vinilozona.lt\/#website\"},\"primaryImageOfPage\":{\"@id\":\"https:\/\/vinilozona.lt\/parduotuve\/jazz\/jimmy-rushing-%e2%80%8e-mr-five-by-five\/#primaryimage\"},\"image\":{\"@id\":\"https:\/\/vinilozona.lt\/parduotuve\/jazz\/jimmy-rushing-%e2%80%8e-mr-five-by-five\/#primaryimage\"},\"thumbnailUrl\":\"https:\/\/vinilozona.lt\/wp-content\/uploads\/2021\/05\/R-14325674-1572273520-9817.jpeg.jpg\",\"datePublished\":\"2021-05-27T18:51:11+00:00\",\"dateModified\":\"2021-05-30T11:11:10+00:00\",\"breadcrumb\":{\"@id\":\"https:\/\/vinilozona.lt\/parduotuve\/jazz\/jimmy-rushing-%e2%80%8e-mr-five-by-five\/#breadcrumb\"},\"inLanguage\":\"en-GB\",\"potentialAction\":[{\"@type\":\"ReadAction\",\"target\":[\"https:\/\/vinilozona.lt\/parduotuve\/jazz\/jimmy-rushing-%e2%80%8e-mr-five-by-five\/\"]}]},{\"@type\":\"ImageObject\",\"inLanguage\":\"en-GB\",\"@id\":\"https:\/\/vinilozona.lt\/parduotuve\/jazz\/jimmy-rushing-%e2%80%8e-mr-five-by-five\/#primaryimage\",\"url\":\"https:\/\/vinilozona.lt\/wp-content\/uploads\/2021\/05\/R-14325674-1572273520-9817.jpeg.jpg\",\"contentUrl\":\"https:\/\/vinilozona.lt\/wp-content\/uploads\/2021\/05\/R-14325674-1572273520-9817.jpeg.jpg\",\"width\":600,\"height\":583},{\"@type\":\"BreadcrumbList\",\"@id\":\"https:\/\/vinilozona.lt\/parduotuve\/jazz\/jimmy-rushing-%e2%80%8e-mr-five-by-five\/#breadcrumb\",\"itemListElement\":[{\"@type\":\"ListItem\",\"position\":1,\"name\":\"Home\",\"item\":\"https:\/\/vinilozona.lt\/\"},{\"@type\":\"ListItem\",\"position\":2,\"name\":\"Parduotuv\u0117\",\"item\":\"https:\/\/vinilozona.lt\/parduotuve\/\"},{\"@type\":\"ListItem\",\"position\":3,\"name\":\"Jimmy Rushing \u200e\u2013 Mr. Five By Five\"}]},{\"@type\":\"WebSite\",\"@id\":\"https:\/\/vinilozona.lt\/#website\",\"url\":\"https:\/\/vinilozona.lt\/\",\"name\":\"Vinilo Zona\",\"description\":\"Nup\u016bsk dulkes ir klausyk LP\",\"potentialAction\":[{\"@type\":\"SearchAction\",\"target\":{\"@type\":\"EntryPoint\",\"urlTemplate\":\"https:\/\/vinilozona.lt\/?s={search_term_string}\"},\"query-input\":{\"@type\":\"PropertyValueSpecification\",\"valueRequired\":true,\"valueName\":\"search_term_string\"}}],\"inLanguage\":\"en-GB\"}]}<\/script>\n<!-- \/ Yoast SEO plugin. -->","yoast_head_json":{"title":"Jimmy Rushing \u200e\u2013 Mr. Five By Five Vinilin\u0117 Plok\u0161tel\u0117 | Vinilozona.lt","robots":{"index":"index","follow":"follow","max-snippet":"max-snippet:-1","max-image-preview":"max-image-preview:large","max-video-preview":"max-video-preview:-1"},"canonical":"https:\/\/vinilozona.lt\/en\/parduotuve\/jazz\/jimmy-rushing-\u200e-mr-five-by-five\/","og_locale":"en_GB","og_type":"article","og_title":"Jimmy Rushing \u200e\u2013 Mr. Five By Five Vinilin\u0117 Plok\u0161tel\u0117 | Vinilozona.lt","og_description":"Columbia \u200e\u2013 C2 36419 Series: Contemporary Masters Series \u2013 Format: 2 \u00d7 Vinyl, LP, Album, Compilation, Reissue, Gatefold","og_url":"https:\/\/vinilozona.lt\/en\/parduotuve\/jazz\/jimmy-rushing-\u200e-mr-five-by-five\/","og_site_name":"Vinilo Zona","article_modified_time":"2021-05-30T11:11:10+00:00","og_image":[{"width":600,"height":583,"url":"https:\/\/vinilozona.lt\/wp-content\/uploads\/2021\/05\/R-14325674-1572273520-9817.jpeg.jpg","type":"image\/jpeg"}],"twitter_card":"summary_large_image","twitter_misc":{"Estimated reading time":"1 minute"},"schema":{"@context":"https:\/\/schema.org","@graph":[{"@type":"WebPage","@id":"https:\/\/vinilozona.lt\/parduotuve\/jazz\/jimmy-rushing-%e2%80%8e-mr-five-by-five\/","url":"https:\/\/vinilozona.lt\/parduotuve\/jazz\/jimmy-rushing-%e2%80%8e-mr-five-by-five\/","name":"Jimmy Rushing \u200e\u2013 Mr. Five By Five Vinilin\u0117 Plok\u0161tel\u0117 | Vinilozona.lt","isPartOf":{"@id":"https:\/\/vinilozona.lt\/#website"},"primaryImageOfPage":{"@id":"https:\/\/vinilozona.lt\/parduotuve\/jazz\/jimmy-rushing-%e2%80%8e-mr-five-by-five\/#primaryimage"},"image":{"@id":"https:\/\/vinilozona.lt\/parduotuve\/jazz\/jimmy-rushing-%e2%80%8e-mr-five-by-five\/#primaryimage"},"thumbnailUrl":"https:\/\/vinilozona.lt\/wp-content\/uploads\/2021\/05\/R-14325674-1572273520-9817.jpeg.jpg","datePublished":"2021-05-27T18:51:11+00:00","dateModified":"2021-05-30T11:11:10+00:00","breadcrumb":{"@id":"https:\/\/vinilozona.lt\/parduotuve\/jazz\/jimmy-rushing-%e2%80%8e-mr-five-by-five\/#breadcrumb"},"inLanguage":"en-GB","potentialAction":[{"@type":"ReadAction","target":["https:\/\/vinilozona.lt\/parduotuve\/jazz\/jimmy-rushing-%e2%80%8e-mr-five-by-five\/"]}]},{"@type":"ImageObject","inLanguage":"en-GB","@id":"https:\/\/vinilozona.lt\/parduotuve\/jazz\/jimmy-rushing-%e2%80%8e-mr-five-by-five\/#primaryimage","url":"https:\/\/vinilozona.lt\/wp-content\/uploads\/2021\/05\/R-14325674-1572273520-9817.jpeg.jpg","contentUrl":"https:\/\/vinilozona.lt\/wp-content\/uploads\/2021\/05\/R-14325674-1572273520-9817.jpeg.jpg","width":600,"height":583},{"@type":"BreadcrumbList","@id":"https:\/\/vinilozona.lt\/parduotuve\/jazz\/jimmy-rushing-%e2%80%8e-mr-five-by-five\/#breadcrumb","itemListElement":[{"@type":"ListItem","position":1,"name":"Home","item":"https:\/\/vinilozona.lt\/"},{"@type":"ListItem","position":2,"name":"Parduotuv\u0117","item":"https:\/\/vinilozona.lt\/parduotuve\/"},{"@type":"ListItem","position":3,"name":"Jimmy Rushing \u200e\u2013 Mr. Five By Five"}]},{"@type":"WebSite","@id":"https:\/\/vinilozona.lt\/#website","url":"https:\/\/vinilozona.lt\/","name":"Vinilo Zona","description":"Nup\u016bsk dulkes ir klausyk LP","potentialAction":[{"@type":"SearchAction","target":{"@type":"EntryPoint","urlTemplate":"https:\/\/vinilozona.lt\/?s={search_term_string}"},"query-input":{"@type":"PropertyValueSpecification","valueRequired":true,"valueName":"search_term_string"}}],"inLanguage":"en-GB"}]}},"_links":{"self":[{"href":"https:\/\/vinilozona.lt\/en\/wp-json\/wp\/v2\/product\/15191"}],"collection":[{"href":"https:\/\/vinilozona.lt\/en\/wp-json\/wp\/v2\/product"}],"about":[{"href":"https:\/\/vinilozona.lt\/en\/wp-json\/wp\/v2\/types\/product"}],"wp:featuredmedia":[{"embeddable":true,"href":"https:\/\/vinilozona.lt\/en\/wp-json\/wp\/v2\/media\/15192"}],"wp:attachment":[{"href":"https:\/\/vinilozona.lt\/en\/wp-json\/wp\/v2\/media?parent=15191"}],"wp:term":[{"taxonomy":"product_cat","embeddable":true,"href":"https:\/\/vinilozona.lt\/en\/wp-json\/wp\/v2\/product_cat?post=15191"},{"taxonomy":"product_tag","embeddable":true,"href":"https:\/\/vinilozona.lt\/en\/wp-json\/wp\/v2\/product_tag?post=15191"}],"curies":[{"name":"wp","href":"https:\/\/api.w.org\/{rel}","templated":true}]}}