{"id":15165,"date":"2021-05-26T10:36:03","date_gmt":"2021-05-26T07:36:03","guid":{"rendered":"https:\/\/vinilozona.lt\/?post_type=product&#038;p=15165"},"modified":"2022-10-16T14:31:01","modified_gmt":"2022-10-16T11:31:01","slug":"thad-jones-mel-lewis-%e2%80%8e-suite-for-pops","status":"publish","type":"product","link":"https:\/\/vinilozona.lt\/en\/parduotuve\/jazz\/thad-jones-mel-lewis-%e2%80%8e-suite-for-pops\/","title":{"rendered":"Thad Jones &#038; Mel Lewis \u200e\u2013 Suite For Pops"},"content":{"rendered":"<p>A1\tMeetin&#8217; Place\t7:09<br \/>\nA2\tThe Summary\t4:44<br \/>\nA3\tThe Farewell\t5:34<br \/>\nA4\tToledo By Candlelight\t5:59<br \/>\nB1\tThe Great One\t11:25<br \/>\nB2\tOnly For Now\t6:22<br \/>\nB3\tA Good Time Was Had By All\t5:23<\/p>","protected":false},"excerpt":{"rendered":"<p>Horizon \u200e\u2013 SP-701, A&#038;M Records \u200e\u2013 SP-701<br \/>\nFormat:<br \/>\nVinyl, LP, Album, Stereo, Uni-pak<\/p>","protected":false},"featured_media":15166,"template":"","meta":[],"product_cat":[20],"product_tag":[44],"yoast_head":"<!-- This site is optimized with the Yoast SEO plugin v23.5 - https:\/\/yoast.com\/wordpress\/plugins\/seo\/ -->\n<title>Thad Jones &amp; Mel Lewis \u200e\u2013 Suite For Pops Vinilin\u0117 Plok\u0161tel\u0117 | Vinilozona.lt<\/title>\n<meta name=\"robots\" content=\"index, follow, max-snippet:-1, max-image-preview:large, max-video-preview:-1\" \/>\n<link rel=\"canonical\" href=\"https:\/\/vinilozona.lt\/en\/parduotuve\/jazz\/thad-jones-mel-lewis-\u200e-suite-for-pops\/\" \/>\n<meta property=\"og:locale\" content=\"en_GB\" \/>\n<meta property=\"og:type\" content=\"article\" \/>\n<meta property=\"og:title\" content=\"Thad Jones &amp; Mel Lewis \u200e\u2013 Suite For Pops Vinilin\u0117 Plok\u0161tel\u0117 | Vinilozona.lt\" \/>\n<meta property=\"og:description\" content=\"Horizon \u200e\u2013 SP-701, A&amp;M Records \u200e\u2013 SP-701 Format: Vinyl, LP, Album, Stereo, Uni-pak\" \/>\n<meta property=\"og:url\" content=\"https:\/\/vinilozona.lt\/en\/parduotuve\/jazz\/thad-jones-mel-lewis-\u200e-suite-for-pops\/\" \/>\n<meta property=\"og:site_name\" content=\"Vinilo Zona\" \/>\n<meta property=\"article:modified_time\" content=\"2022-10-16T11:31:01+00:00\" \/>\n<meta property=\"og:image\" content=\"https:\/\/vinilozona.lt\/wp-content\/uploads\/2021\/05\/R-3020181-1312035643.jpeg.jpg\" \/>\n\t<meta property=\"og:image:width\" content=\"280\" \/>\n\t<meta property=\"og:image:height\" content=\"280\" \/>\n\t<meta property=\"og:image:type\" content=\"image\/jpeg\" \/>\n<meta name=\"twitter:card\" content=\"summary_large_image\" \/>\n<script type=\"application\/ld+json\" class=\"yoast-schema-graph\">{\"@context\":\"https:\/\/schema.org\",\"@graph\":[{\"@type\":\"WebPage\",\"@id\":\"https:\/\/vinilozona.lt\/parduotuve\/jazz\/thad-jones-mel-lewis-%e2%80%8e-suite-for-pops\/\",\"url\":\"https:\/\/vinilozona.lt\/parduotuve\/jazz\/thad-jones-mel-lewis-%e2%80%8e-suite-for-pops\/\",\"name\":\"Thad Jones & Mel Lewis \u200e\u2013 Suite For Pops Vinilin\u0117 Plok\u0161tel\u0117 | Vinilozona.lt\",\"isPartOf\":{\"@id\":\"https:\/\/vinilozona.lt\/#website\"},\"primaryImageOfPage\":{\"@id\":\"https:\/\/vinilozona.lt\/parduotuve\/jazz\/thad-jones-mel-lewis-%e2%80%8e-suite-for-pops\/#primaryimage\"},\"image\":{\"@id\":\"https:\/\/vinilozona.lt\/parduotuve\/jazz\/thad-jones-mel-lewis-%e2%80%8e-suite-for-pops\/#primaryimage\"},\"thumbnailUrl\":\"https:\/\/vinilozona.lt\/wp-content\/uploads\/2021\/05\/R-3020181-1312035643.jpeg.jpg\",\"datePublished\":\"2021-05-26T07:36:03+00:00\",\"dateModified\":\"2022-10-16T11:31:01+00:00\",\"breadcrumb\":{\"@id\":\"https:\/\/vinilozona.lt\/parduotuve\/jazz\/thad-jones-mel-lewis-%e2%80%8e-suite-for-pops\/#breadcrumb\"},\"inLanguage\":\"en-GB\",\"potentialAction\":[{\"@type\":\"ReadAction\",\"target\":[\"https:\/\/vinilozona.lt\/parduotuve\/jazz\/thad-jones-mel-lewis-%e2%80%8e-suite-for-pops\/\"]}]},{\"@type\":\"ImageObject\",\"inLanguage\":\"en-GB\",\"@id\":\"https:\/\/vinilozona.lt\/parduotuve\/jazz\/thad-jones-mel-lewis-%e2%80%8e-suite-for-pops\/#primaryimage\",\"url\":\"https:\/\/vinilozona.lt\/wp-content\/uploads\/2021\/05\/R-3020181-1312035643.jpeg.jpg\",\"contentUrl\":\"https:\/\/vinilozona.lt\/wp-content\/uploads\/2021\/05\/R-3020181-1312035643.jpeg.jpg\",\"width\":280,\"height\":280},{\"@type\":\"BreadcrumbList\",\"@id\":\"https:\/\/vinilozona.lt\/parduotuve\/jazz\/thad-jones-mel-lewis-%e2%80%8e-suite-for-pops\/#breadcrumb\",\"itemListElement\":[{\"@type\":\"ListItem\",\"position\":1,\"name\":\"Home\",\"item\":\"https:\/\/vinilozona.lt\/\"},{\"@type\":\"ListItem\",\"position\":2,\"name\":\"Parduotuv\u0117\",\"item\":\"https:\/\/vinilozona.lt\/parduotuve\/\"},{\"@type\":\"ListItem\",\"position\":3,\"name\":\"Thad Jones &#038; Mel Lewis \u200e\u2013 Suite For Pops\"}]},{\"@type\":\"WebSite\",\"@id\":\"https:\/\/vinilozona.lt\/#website\",\"url\":\"https:\/\/vinilozona.lt\/\",\"name\":\"Vinilo Zona\",\"description\":\"Nup\u016bsk dulkes ir klausyk LP\",\"potentialAction\":[{\"@type\":\"SearchAction\",\"target\":{\"@type\":\"EntryPoint\",\"urlTemplate\":\"https:\/\/vinilozona.lt\/?s={search_term_string}\"},\"query-input\":{\"@type\":\"PropertyValueSpecification\",\"valueRequired\":true,\"valueName\":\"search_term_string\"}}],\"inLanguage\":\"en-GB\"}]}<\/script>\n<!-- \/ Yoast SEO plugin. -->","yoast_head_json":{"title":"Thad Jones & Mel Lewis \u200e\u2013 Suite For Pops Vinilin\u0117 Plok\u0161tel\u0117 | Vinilozona.lt","robots":{"index":"index","follow":"follow","max-snippet":"max-snippet:-1","max-image-preview":"max-image-preview:large","max-video-preview":"max-video-preview:-1"},"canonical":"https:\/\/vinilozona.lt\/en\/parduotuve\/jazz\/thad-jones-mel-lewis-\u200e-suite-for-pops\/","og_locale":"en_GB","og_type":"article","og_title":"Thad Jones & Mel Lewis \u200e\u2013 Suite For Pops Vinilin\u0117 Plok\u0161tel\u0117 | Vinilozona.lt","og_description":"Horizon \u200e\u2013 SP-701, A&M Records \u200e\u2013 SP-701 Format: Vinyl, LP, Album, Stereo, Uni-pak","og_url":"https:\/\/vinilozona.lt\/en\/parduotuve\/jazz\/thad-jones-mel-lewis-\u200e-suite-for-pops\/","og_site_name":"Vinilo Zona","article_modified_time":"2022-10-16T11:31:01+00:00","og_image":[{"width":280,"height":280,"url":"https:\/\/vinilozona.lt\/wp-content\/uploads\/2021\/05\/R-3020181-1312035643.jpeg.jpg","type":"image\/jpeg"}],"twitter_card":"summary_large_image","schema":{"@context":"https:\/\/schema.org","@graph":[{"@type":"WebPage","@id":"https:\/\/vinilozona.lt\/parduotuve\/jazz\/thad-jones-mel-lewis-%e2%80%8e-suite-for-pops\/","url":"https:\/\/vinilozona.lt\/parduotuve\/jazz\/thad-jones-mel-lewis-%e2%80%8e-suite-for-pops\/","name":"Thad Jones & Mel Lewis \u200e\u2013 Suite For Pops Vinilin\u0117 Plok\u0161tel\u0117 | Vinilozona.lt","isPartOf":{"@id":"https:\/\/vinilozona.lt\/#website"},"primaryImageOfPage":{"@id":"https:\/\/vinilozona.lt\/parduotuve\/jazz\/thad-jones-mel-lewis-%e2%80%8e-suite-for-pops\/#primaryimage"},"image":{"@id":"https:\/\/vinilozona.lt\/parduotuve\/jazz\/thad-jones-mel-lewis-%e2%80%8e-suite-for-pops\/#primaryimage"},"thumbnailUrl":"https:\/\/vinilozona.lt\/wp-content\/uploads\/2021\/05\/R-3020181-1312035643.jpeg.jpg","datePublished":"2021-05-26T07:36:03+00:00","dateModified":"2022-10-16T11:31:01+00:00","breadcrumb":{"@id":"https:\/\/vinilozona.lt\/parduotuve\/jazz\/thad-jones-mel-lewis-%e2%80%8e-suite-for-pops\/#breadcrumb"},"inLanguage":"en-GB","potentialAction":[{"@type":"ReadAction","target":["https:\/\/vinilozona.lt\/parduotuve\/jazz\/thad-jones-mel-lewis-%e2%80%8e-suite-for-pops\/"]}]},{"@type":"ImageObject","inLanguage":"en-GB","@id":"https:\/\/vinilozona.lt\/parduotuve\/jazz\/thad-jones-mel-lewis-%e2%80%8e-suite-for-pops\/#primaryimage","url":"https:\/\/vinilozona.lt\/wp-content\/uploads\/2021\/05\/R-3020181-1312035643.jpeg.jpg","contentUrl":"https:\/\/vinilozona.lt\/wp-content\/uploads\/2021\/05\/R-3020181-1312035643.jpeg.jpg","width":280,"height":280},{"@type":"BreadcrumbList","@id":"https:\/\/vinilozona.lt\/parduotuve\/jazz\/thad-jones-mel-lewis-%e2%80%8e-suite-for-pops\/#breadcrumb","itemListElement":[{"@type":"ListItem","position":1,"name":"Home","item":"https:\/\/vinilozona.lt\/"},{"@type":"ListItem","position":2,"name":"Parduotuv\u0117","item":"https:\/\/vinilozona.lt\/parduotuve\/"},{"@type":"ListItem","position":3,"name":"Thad Jones &#038; Mel Lewis \u200e\u2013 Suite For Pops"}]},{"@type":"WebSite","@id":"https:\/\/vinilozona.lt\/#website","url":"https:\/\/vinilozona.lt\/","name":"Vinilo Zona","description":"Nup\u016bsk dulkes ir klausyk LP","potentialAction":[{"@type":"SearchAction","target":{"@type":"EntryPoint","urlTemplate":"https:\/\/vinilozona.lt\/?s={search_term_string}"},"query-input":{"@type":"PropertyValueSpecification","valueRequired":true,"valueName":"search_term_string"}}],"inLanguage":"en-GB"}]}},"_links":{"self":[{"href":"https:\/\/vinilozona.lt\/en\/wp-json\/wp\/v2\/product\/15165"}],"collection":[{"href":"https:\/\/vinilozona.lt\/en\/wp-json\/wp\/v2\/product"}],"about":[{"href":"https:\/\/vinilozona.lt\/en\/wp-json\/wp\/v2\/types\/product"}],"wp:featuredmedia":[{"embeddable":true,"href":"https:\/\/vinilozona.lt\/en\/wp-json\/wp\/v2\/media\/15166"}],"wp:attachment":[{"href":"https:\/\/vinilozona.lt\/en\/wp-json\/wp\/v2\/media?parent=15165"}],"wp:term":[{"taxonomy":"product_cat","embeddable":true,"href":"https:\/\/vinilozona.lt\/en\/wp-json\/wp\/v2\/product_cat?post=15165"},{"taxonomy":"product_tag","embeddable":true,"href":"https:\/\/vinilozona.lt\/en\/wp-json\/wp\/v2\/product_tag?post=15165"}],"curies":[{"name":"wp","href":"https:\/\/api.w.org\/{rel}","templated":true}]}}