{"id":15110,"date":"2023-06-13T05:05:25","date_gmt":"2023-06-13T02:05:25","guid":{"rendered":"https:\/\/vinilozona.lt\/?post_type=product&#038;p=15110"},"modified":"2023-06-18T13:09:14","modified_gmt":"2023-06-18T10:09:14","slug":"chicago-%e2%80%8e-hot-streets","status":"publish","type":"product","link":"https:\/\/vinilozona.lt\/en\/parduotuve\/rock-pop\/chicago-%e2%80%8e-hot-streets\/","title":{"rendered":"Chicago  \u200e\u2013 Chicago VI"},"content":{"rendered":"<p>A1\t\tCritics&#8217; Choice\t2:50<br \/>\nA2\t\tJust You &#8216;N&#8217; Me\t3:46<br \/>\nA3\t\tDarlin&#8217; Dear\t2:59<br \/>\nA4\t\tJenny\t3:34<br \/>\nA5\t\tWhat&#8217;s This World Comin&#8217; To\t5:04<br \/>\nB1\t\tSomething In This City Changes People\t3:44<br \/>\nB2\t\tHollywood\t3:55<br \/>\nB3\t\tIn Terms Of Two\t3:30<br \/>\nB4\t\tRediscovery\t4:52<br \/>\nB5\t\tFeelin&#8217; Stronger Every Day\t4:16<\/p>","protected":false},"excerpt":{"rendered":"<p>Columbia \u2013 KC 32400<br \/>\nFormat:<br \/>\nVinyl, LP, Album, Stereo, Gatefold<br \/>\nCountry:\tUS<br \/>\nReleased:\tJun 25, 1973<\/p>","protected":false},"featured_media":22326,"template":"","meta":[],"product_cat":[15,20],"product_tag":[44],"yoast_head":"<!-- This site is optimized with the Yoast SEO plugin v23.5 - https:\/\/yoast.com\/wordpress\/plugins\/seo\/ -->\n<title>Chicago \u200e\u2013 Chicago VI Vinilin\u0117 Plok\u0161tel\u0117 | Vinilozona.lt<\/title>\n<meta name=\"robots\" content=\"index, follow, max-snippet:-1, max-image-preview:large, max-video-preview:-1\" \/>\n<link rel=\"canonical\" href=\"https:\/\/vinilozona.lt\/en\/parduotuve\/rock-pop\/chicago-\u200e-hot-streets\/\" \/>\n<meta property=\"og:locale\" content=\"en_GB\" \/>\n<meta property=\"og:type\" content=\"article\" \/>\n<meta property=\"og:title\" content=\"Chicago \u200e\u2013 Chicago VI Vinilin\u0117 Plok\u0161tel\u0117 | Vinilozona.lt\" \/>\n<meta property=\"og:description\" content=\"Columbia \u2013 KC 32400 Format:  Vinyl, LP, Album, Stereo, Gatefold Country: US Released: Jun 25, 1973\" \/>\n<meta property=\"og:url\" content=\"https:\/\/vinilozona.lt\/en\/parduotuve\/rock-pop\/chicago-\u200e-hot-streets\/\" \/>\n<meta property=\"og:site_name\" content=\"Vinilo Zona\" \/>\n<meta property=\"article:modified_time\" content=\"2023-06-18T10:09:14+00:00\" \/>\n<meta property=\"og:image\" content=\"https:\/\/vinilozona.lt\/wp-content\/uploads\/2021\/05\/R-709479-1156209693.jpg\" \/>\n\t<meta property=\"og:image:width\" content=\"450\" \/>\n\t<meta property=\"og:image:height\" content=\"446\" \/>\n\t<meta property=\"og:image:type\" content=\"image\/jpeg\" \/>\n<meta name=\"twitter:card\" content=\"summary_large_image\" \/>\n<script type=\"application\/ld+json\" class=\"yoast-schema-graph\">{\"@context\":\"https:\/\/schema.org\",\"@graph\":[{\"@type\":\"WebPage\",\"@id\":\"https:\/\/vinilozona.lt\/parduotuve\/rock-pop\/chicago-%e2%80%8e-hot-streets\/\",\"url\":\"https:\/\/vinilozona.lt\/parduotuve\/rock-pop\/chicago-%e2%80%8e-hot-streets\/\",\"name\":\"Chicago \u200e\u2013 Chicago VI Vinilin\u0117 Plok\u0161tel\u0117 | Vinilozona.lt\",\"isPartOf\":{\"@id\":\"https:\/\/vinilozona.lt\/#website\"},\"primaryImageOfPage\":{\"@id\":\"https:\/\/vinilozona.lt\/parduotuve\/rock-pop\/chicago-%e2%80%8e-hot-streets\/#primaryimage\"},\"image\":{\"@id\":\"https:\/\/vinilozona.lt\/parduotuve\/rock-pop\/chicago-%e2%80%8e-hot-streets\/#primaryimage\"},\"thumbnailUrl\":\"https:\/\/vinilozona.lt\/wp-content\/uploads\/2021\/05\/R-709479-1156209693.jpg\",\"datePublished\":\"2023-06-13T02:05:25+00:00\",\"dateModified\":\"2023-06-18T10:09:14+00:00\",\"breadcrumb\":{\"@id\":\"https:\/\/vinilozona.lt\/parduotuve\/rock-pop\/chicago-%e2%80%8e-hot-streets\/#breadcrumb\"},\"inLanguage\":\"en-GB\",\"potentialAction\":[{\"@type\":\"ReadAction\",\"target\":[\"https:\/\/vinilozona.lt\/parduotuve\/rock-pop\/chicago-%e2%80%8e-hot-streets\/\"]}]},{\"@type\":\"ImageObject\",\"inLanguage\":\"en-GB\",\"@id\":\"https:\/\/vinilozona.lt\/parduotuve\/rock-pop\/chicago-%e2%80%8e-hot-streets\/#primaryimage\",\"url\":\"https:\/\/vinilozona.lt\/wp-content\/uploads\/2021\/05\/R-709479-1156209693.jpg\",\"contentUrl\":\"https:\/\/vinilozona.lt\/wp-content\/uploads\/2021\/05\/R-709479-1156209693.jpg\",\"width\":450,\"height\":446},{\"@type\":\"BreadcrumbList\",\"@id\":\"https:\/\/vinilozona.lt\/parduotuve\/rock-pop\/chicago-%e2%80%8e-hot-streets\/#breadcrumb\",\"itemListElement\":[{\"@type\":\"ListItem\",\"position\":1,\"name\":\"Home\",\"item\":\"https:\/\/vinilozona.lt\/\"},{\"@type\":\"ListItem\",\"position\":2,\"name\":\"Parduotuv\u0117\",\"item\":\"https:\/\/vinilozona.lt\/parduotuve\/\"},{\"@type\":\"ListItem\",\"position\":3,\"name\":\"Chicago \u200e\u2013 Chicago VI\"}]},{\"@type\":\"WebSite\",\"@id\":\"https:\/\/vinilozona.lt\/#website\",\"url\":\"https:\/\/vinilozona.lt\/\",\"name\":\"Vinilo Zona\",\"description\":\"Nup\u016bsk dulkes ir klausyk LP\",\"potentialAction\":[{\"@type\":\"SearchAction\",\"target\":{\"@type\":\"EntryPoint\",\"urlTemplate\":\"https:\/\/vinilozona.lt\/?s={search_term_string}\"},\"query-input\":{\"@type\":\"PropertyValueSpecification\",\"valueRequired\":true,\"valueName\":\"search_term_string\"}}],\"inLanguage\":\"en-GB\"}]}<\/script>\n<!-- \/ Yoast SEO plugin. -->","yoast_head_json":{"title":"Chicago \u200e\u2013 Chicago VI Vinilin\u0117 Plok\u0161tel\u0117 | Vinilozona.lt","robots":{"index":"index","follow":"follow","max-snippet":"max-snippet:-1","max-image-preview":"max-image-preview:large","max-video-preview":"max-video-preview:-1"},"canonical":"https:\/\/vinilozona.lt\/en\/parduotuve\/rock-pop\/chicago-\u200e-hot-streets\/","og_locale":"en_GB","og_type":"article","og_title":"Chicago \u200e\u2013 Chicago VI Vinilin\u0117 Plok\u0161tel\u0117 | Vinilozona.lt","og_description":"Columbia \u2013 KC 32400 Format:  Vinyl, LP, Album, Stereo, Gatefold Country: US Released: Jun 25, 1973","og_url":"https:\/\/vinilozona.lt\/en\/parduotuve\/rock-pop\/chicago-\u200e-hot-streets\/","og_site_name":"Vinilo Zona","article_modified_time":"2023-06-18T10:09:14+00:00","og_image":[{"width":450,"height":446,"url":"https:\/\/vinilozona.lt\/wp-content\/uploads\/2021\/05\/R-709479-1156209693.jpg","type":"image\/jpeg"}],"twitter_card":"summary_large_image","schema":{"@context":"https:\/\/schema.org","@graph":[{"@type":"WebPage","@id":"https:\/\/vinilozona.lt\/parduotuve\/rock-pop\/chicago-%e2%80%8e-hot-streets\/","url":"https:\/\/vinilozona.lt\/parduotuve\/rock-pop\/chicago-%e2%80%8e-hot-streets\/","name":"Chicago \u200e\u2013 Chicago VI Vinilin\u0117 Plok\u0161tel\u0117 | Vinilozona.lt","isPartOf":{"@id":"https:\/\/vinilozona.lt\/#website"},"primaryImageOfPage":{"@id":"https:\/\/vinilozona.lt\/parduotuve\/rock-pop\/chicago-%e2%80%8e-hot-streets\/#primaryimage"},"image":{"@id":"https:\/\/vinilozona.lt\/parduotuve\/rock-pop\/chicago-%e2%80%8e-hot-streets\/#primaryimage"},"thumbnailUrl":"https:\/\/vinilozona.lt\/wp-content\/uploads\/2021\/05\/R-709479-1156209693.jpg","datePublished":"2023-06-13T02:05:25+00:00","dateModified":"2023-06-18T10:09:14+00:00","breadcrumb":{"@id":"https:\/\/vinilozona.lt\/parduotuve\/rock-pop\/chicago-%e2%80%8e-hot-streets\/#breadcrumb"},"inLanguage":"en-GB","potentialAction":[{"@type":"ReadAction","target":["https:\/\/vinilozona.lt\/parduotuve\/rock-pop\/chicago-%e2%80%8e-hot-streets\/"]}]},{"@type":"ImageObject","inLanguage":"en-GB","@id":"https:\/\/vinilozona.lt\/parduotuve\/rock-pop\/chicago-%e2%80%8e-hot-streets\/#primaryimage","url":"https:\/\/vinilozona.lt\/wp-content\/uploads\/2021\/05\/R-709479-1156209693.jpg","contentUrl":"https:\/\/vinilozona.lt\/wp-content\/uploads\/2021\/05\/R-709479-1156209693.jpg","width":450,"height":446},{"@type":"BreadcrumbList","@id":"https:\/\/vinilozona.lt\/parduotuve\/rock-pop\/chicago-%e2%80%8e-hot-streets\/#breadcrumb","itemListElement":[{"@type":"ListItem","position":1,"name":"Home","item":"https:\/\/vinilozona.lt\/"},{"@type":"ListItem","position":2,"name":"Parduotuv\u0117","item":"https:\/\/vinilozona.lt\/parduotuve\/"},{"@type":"ListItem","position":3,"name":"Chicago \u200e\u2013 Chicago VI"}]},{"@type":"WebSite","@id":"https:\/\/vinilozona.lt\/#website","url":"https:\/\/vinilozona.lt\/","name":"Vinilo Zona","description":"Nup\u016bsk dulkes ir klausyk LP","potentialAction":[{"@type":"SearchAction","target":{"@type":"EntryPoint","urlTemplate":"https:\/\/vinilozona.lt\/?s={search_term_string}"},"query-input":{"@type":"PropertyValueSpecification","valueRequired":true,"valueName":"search_term_string"}}],"inLanguage":"en-GB"}]}},"_links":{"self":[{"href":"https:\/\/vinilozona.lt\/en\/wp-json\/wp\/v2\/product\/15110"}],"collection":[{"href":"https:\/\/vinilozona.lt\/en\/wp-json\/wp\/v2\/product"}],"about":[{"href":"https:\/\/vinilozona.lt\/en\/wp-json\/wp\/v2\/types\/product"}],"wp:featuredmedia":[{"embeddable":true,"href":"https:\/\/vinilozona.lt\/en\/wp-json\/wp\/v2\/media\/22326"}],"wp:attachment":[{"href":"https:\/\/vinilozona.lt\/en\/wp-json\/wp\/v2\/media?parent=15110"}],"wp:term":[{"taxonomy":"product_cat","embeddable":true,"href":"https:\/\/vinilozona.lt\/en\/wp-json\/wp\/v2\/product_cat?post=15110"},{"taxonomy":"product_tag","embeddable":true,"href":"https:\/\/vinilozona.lt\/en\/wp-json\/wp\/v2\/product_tag?post=15110"}],"curies":[{"name":"wp","href":"https:\/\/api.w.org\/{rel}","templated":true}]}}