{"id":15108,"date":"2021-05-23T17:12:13","date_gmt":"2021-05-23T14:12:13","guid":{"rendered":"https:\/\/vinilozona.lt\/?post_type=product&#038;p=15108"},"modified":"2022-07-04T15:19:18","modified_gmt":"2022-07-04T12:19:18","slug":"yes-%e2%80%8e-close-to-the-edge-%e5%8d%b1%e6%a9%9f","status":"publish","type":"product","link":"https:\/\/vinilozona.lt\/en\/parduotuve\/rock-pop\/yes-%e2%80%8e-close-to-the-edge-%e5%8d%b1%e6%a9%9f\/","title":{"rendered":"Yes \u200e\u2013 Close To The Edge = \u5371\u6a5f"},"content":{"rendered":"<p>\t\tClose To The Edge\t(18:12)<br \/>\nA1.1\t\tThe Solid Time Of Change<br \/>\nA1.2\t\tTotal Mass Retain<br \/>\nA1.3\t\tI Get Up I Get Down<br \/>\nA1.4\t\tSeasons Of Man<br \/>\nAnd You And I\t(10:40)<br \/>\nB1.1\t\tCord Of Life<br \/>\nB1.2\t\tEclipse<br \/>\nB1.3\t\tThe Preacher The Teacher<br \/>\nB1.4\t\tThe Apocalypse<br \/>\nB2\t\tSiberian Khatru\t9:50<\/p>","protected":false},"excerpt":{"rendered":"<p>Atlantic \u200e\u2013 P-8274A<br \/>\nFormat:<br \/>\nVinyl, LP, Album, Gatefold<br \/>\nCountry:<br \/>\nJapan<\/p>","protected":false},"featured_media":15109,"template":"","meta":[],"product_cat":[15,39],"product_tag":[239],"yoast_head":"<!-- This site is optimized with the Yoast SEO plugin v23.5 - https:\/\/yoast.com\/wordpress\/plugins\/seo\/ -->\n<title>Yes \u200e\u2013 Close To The Edge = \u5371\u6a5f Vinilin\u0117 Plok\u0161tel\u0117 | Vinilozona.lt<\/title>\n<meta name=\"robots\" content=\"index, follow, max-snippet:-1, max-image-preview:large, max-video-preview:-1\" \/>\n<link rel=\"canonical\" href=\"https:\/\/vinilozona.lt\/en\/parduotuve\/rock-pop\/yes-\u200e-close-to-the-edge-\u5371\u6a5f\/\" \/>\n<meta property=\"og:locale\" content=\"en_GB\" \/>\n<meta property=\"og:type\" content=\"article\" \/>\n<meta property=\"og:title\" content=\"Yes \u200e\u2013 Close To The Edge = \u5371\u6a5f Vinilin\u0117 Plok\u0161tel\u0117 | Vinilozona.lt\" \/>\n<meta property=\"og:description\" content=\"Atlantic \u200e\u2013 P-8274A Format: Vinyl, LP, Album, Gatefold Country: Japan\" \/>\n<meta property=\"og:url\" content=\"https:\/\/vinilozona.lt\/en\/parduotuve\/rock-pop\/yes-\u200e-close-to-the-edge-\u5371\u6a5f\/\" \/>\n<meta property=\"og:site_name\" content=\"Vinilo Zona\" \/>\n<meta property=\"article:modified_time\" content=\"2022-07-04T12:19:18+00:00\" \/>\n<meta property=\"og:image\" content=\"https:\/\/vinilozona.lt\/wp-content\/uploads\/2021\/05\/R-3726599-1563139846-8724.jpeg.jpg\" \/>\n\t<meta property=\"og:image:width\" content=\"599\" \/>\n\t<meta property=\"og:image:height\" content=\"588\" \/>\n\t<meta property=\"og:image:type\" content=\"image\/jpeg\" \/>\n<meta name=\"twitter:card\" content=\"summary_large_image\" \/>\n<script type=\"application\/ld+json\" class=\"yoast-schema-graph\">{\"@context\":\"https:\/\/schema.org\",\"@graph\":[{\"@type\":\"WebPage\",\"@id\":\"https:\/\/vinilozona.lt\/parduotuve\/rock-pop\/yes-%e2%80%8e-close-to-the-edge-%e5%8d%b1%e6%a9%9f\/\",\"url\":\"https:\/\/vinilozona.lt\/parduotuve\/rock-pop\/yes-%e2%80%8e-close-to-the-edge-%e5%8d%b1%e6%a9%9f\/\",\"name\":\"Yes \u200e\u2013 Close To The Edge = \u5371\u6a5f Vinilin\u0117 Plok\u0161tel\u0117 | Vinilozona.lt\",\"isPartOf\":{\"@id\":\"https:\/\/vinilozona.lt\/#website\"},\"primaryImageOfPage\":{\"@id\":\"https:\/\/vinilozona.lt\/parduotuve\/rock-pop\/yes-%e2%80%8e-close-to-the-edge-%e5%8d%b1%e6%a9%9f\/#primaryimage\"},\"image\":{\"@id\":\"https:\/\/vinilozona.lt\/parduotuve\/rock-pop\/yes-%e2%80%8e-close-to-the-edge-%e5%8d%b1%e6%a9%9f\/#primaryimage\"},\"thumbnailUrl\":\"https:\/\/vinilozona.lt\/wp-content\/uploads\/2021\/05\/R-3726599-1563139846-8724.jpeg.jpg\",\"datePublished\":\"2021-05-23T14:12:13+00:00\",\"dateModified\":\"2022-07-04T12:19:18+00:00\",\"breadcrumb\":{\"@id\":\"https:\/\/vinilozona.lt\/parduotuve\/rock-pop\/yes-%e2%80%8e-close-to-the-edge-%e5%8d%b1%e6%a9%9f\/#breadcrumb\"},\"inLanguage\":\"en-GB\",\"potentialAction\":[{\"@type\":\"ReadAction\",\"target\":[\"https:\/\/vinilozona.lt\/parduotuve\/rock-pop\/yes-%e2%80%8e-close-to-the-edge-%e5%8d%b1%e6%a9%9f\/\"]}]},{\"@type\":\"ImageObject\",\"inLanguage\":\"en-GB\",\"@id\":\"https:\/\/vinilozona.lt\/parduotuve\/rock-pop\/yes-%e2%80%8e-close-to-the-edge-%e5%8d%b1%e6%a9%9f\/#primaryimage\",\"url\":\"https:\/\/vinilozona.lt\/wp-content\/uploads\/2021\/05\/R-3726599-1563139846-8724.jpeg.jpg\",\"contentUrl\":\"https:\/\/vinilozona.lt\/wp-content\/uploads\/2021\/05\/R-3726599-1563139846-8724.jpeg.jpg\",\"width\":599,\"height\":588},{\"@type\":\"BreadcrumbList\",\"@id\":\"https:\/\/vinilozona.lt\/parduotuve\/rock-pop\/yes-%e2%80%8e-close-to-the-edge-%e5%8d%b1%e6%a9%9f\/#breadcrumb\",\"itemListElement\":[{\"@type\":\"ListItem\",\"position\":1,\"name\":\"Home\",\"item\":\"https:\/\/vinilozona.lt\/\"},{\"@type\":\"ListItem\",\"position\":2,\"name\":\"Parduotuv\u0117\",\"item\":\"https:\/\/vinilozona.lt\/parduotuve\/\"},{\"@type\":\"ListItem\",\"position\":3,\"name\":\"Yes \u200e\u2013 Close To The Edge = \u5371\u6a5f\"}]},{\"@type\":\"WebSite\",\"@id\":\"https:\/\/vinilozona.lt\/#website\",\"url\":\"https:\/\/vinilozona.lt\/\",\"name\":\"Vinilo Zona\",\"description\":\"Nup\u016bsk dulkes ir klausyk LP\",\"potentialAction\":[{\"@type\":\"SearchAction\",\"target\":{\"@type\":\"EntryPoint\",\"urlTemplate\":\"https:\/\/vinilozona.lt\/?s={search_term_string}\"},\"query-input\":{\"@type\":\"PropertyValueSpecification\",\"valueRequired\":true,\"valueName\":\"search_term_string\"}}],\"inLanguage\":\"en-GB\"}]}<\/script>\n<!-- \/ Yoast SEO plugin. -->","yoast_head_json":{"title":"Yes \u200e\u2013 Close To The Edge = \u5371\u6a5f Vinilin\u0117 Plok\u0161tel\u0117 | Vinilozona.lt","robots":{"index":"index","follow":"follow","max-snippet":"max-snippet:-1","max-image-preview":"max-image-preview:large","max-video-preview":"max-video-preview:-1"},"canonical":"https:\/\/vinilozona.lt\/en\/parduotuve\/rock-pop\/yes-\u200e-close-to-the-edge-\u5371\u6a5f\/","og_locale":"en_GB","og_type":"article","og_title":"Yes \u200e\u2013 Close To The Edge = \u5371\u6a5f Vinilin\u0117 Plok\u0161tel\u0117 | Vinilozona.lt","og_description":"Atlantic \u200e\u2013 P-8274A Format: Vinyl, LP, Album, Gatefold Country: Japan","og_url":"https:\/\/vinilozona.lt\/en\/parduotuve\/rock-pop\/yes-\u200e-close-to-the-edge-\u5371\u6a5f\/","og_site_name":"Vinilo Zona","article_modified_time":"2022-07-04T12:19:18+00:00","og_image":[{"width":599,"height":588,"url":"https:\/\/vinilozona.lt\/wp-content\/uploads\/2021\/05\/R-3726599-1563139846-8724.jpeg.jpg","type":"image\/jpeg"}],"twitter_card":"summary_large_image","schema":{"@context":"https:\/\/schema.org","@graph":[{"@type":"WebPage","@id":"https:\/\/vinilozona.lt\/parduotuve\/rock-pop\/yes-%e2%80%8e-close-to-the-edge-%e5%8d%b1%e6%a9%9f\/","url":"https:\/\/vinilozona.lt\/parduotuve\/rock-pop\/yes-%e2%80%8e-close-to-the-edge-%e5%8d%b1%e6%a9%9f\/","name":"Yes \u200e\u2013 Close To The Edge = \u5371\u6a5f Vinilin\u0117 Plok\u0161tel\u0117 | Vinilozona.lt","isPartOf":{"@id":"https:\/\/vinilozona.lt\/#website"},"primaryImageOfPage":{"@id":"https:\/\/vinilozona.lt\/parduotuve\/rock-pop\/yes-%e2%80%8e-close-to-the-edge-%e5%8d%b1%e6%a9%9f\/#primaryimage"},"image":{"@id":"https:\/\/vinilozona.lt\/parduotuve\/rock-pop\/yes-%e2%80%8e-close-to-the-edge-%e5%8d%b1%e6%a9%9f\/#primaryimage"},"thumbnailUrl":"https:\/\/vinilozona.lt\/wp-content\/uploads\/2021\/05\/R-3726599-1563139846-8724.jpeg.jpg","datePublished":"2021-05-23T14:12:13+00:00","dateModified":"2022-07-04T12:19:18+00:00","breadcrumb":{"@id":"https:\/\/vinilozona.lt\/parduotuve\/rock-pop\/yes-%e2%80%8e-close-to-the-edge-%e5%8d%b1%e6%a9%9f\/#breadcrumb"},"inLanguage":"en-GB","potentialAction":[{"@type":"ReadAction","target":["https:\/\/vinilozona.lt\/parduotuve\/rock-pop\/yes-%e2%80%8e-close-to-the-edge-%e5%8d%b1%e6%a9%9f\/"]}]},{"@type":"ImageObject","inLanguage":"en-GB","@id":"https:\/\/vinilozona.lt\/parduotuve\/rock-pop\/yes-%e2%80%8e-close-to-the-edge-%e5%8d%b1%e6%a9%9f\/#primaryimage","url":"https:\/\/vinilozona.lt\/wp-content\/uploads\/2021\/05\/R-3726599-1563139846-8724.jpeg.jpg","contentUrl":"https:\/\/vinilozona.lt\/wp-content\/uploads\/2021\/05\/R-3726599-1563139846-8724.jpeg.jpg","width":599,"height":588},{"@type":"BreadcrumbList","@id":"https:\/\/vinilozona.lt\/parduotuve\/rock-pop\/yes-%e2%80%8e-close-to-the-edge-%e5%8d%b1%e6%a9%9f\/#breadcrumb","itemListElement":[{"@type":"ListItem","position":1,"name":"Home","item":"https:\/\/vinilozona.lt\/"},{"@type":"ListItem","position":2,"name":"Parduotuv\u0117","item":"https:\/\/vinilozona.lt\/parduotuve\/"},{"@type":"ListItem","position":3,"name":"Yes \u200e\u2013 Close To The Edge = \u5371\u6a5f"}]},{"@type":"WebSite","@id":"https:\/\/vinilozona.lt\/#website","url":"https:\/\/vinilozona.lt\/","name":"Vinilo Zona","description":"Nup\u016bsk dulkes ir klausyk LP","potentialAction":[{"@type":"SearchAction","target":{"@type":"EntryPoint","urlTemplate":"https:\/\/vinilozona.lt\/?s={search_term_string}"},"query-input":{"@type":"PropertyValueSpecification","valueRequired":true,"valueName":"search_term_string"}}],"inLanguage":"en-GB"}]}},"_links":{"self":[{"href":"https:\/\/vinilozona.lt\/en\/wp-json\/wp\/v2\/product\/15108"}],"collection":[{"href":"https:\/\/vinilozona.lt\/en\/wp-json\/wp\/v2\/product"}],"about":[{"href":"https:\/\/vinilozona.lt\/en\/wp-json\/wp\/v2\/types\/product"}],"wp:featuredmedia":[{"embeddable":true,"href":"https:\/\/vinilozona.lt\/en\/wp-json\/wp\/v2\/media\/15109"}],"wp:attachment":[{"href":"https:\/\/vinilozona.lt\/en\/wp-json\/wp\/v2\/media?parent=15108"}],"wp:term":[{"taxonomy":"product_cat","embeddable":true,"href":"https:\/\/vinilozona.lt\/en\/wp-json\/wp\/v2\/product_cat?post=15108"},{"taxonomy":"product_tag","embeddable":true,"href":"https:\/\/vinilozona.lt\/en\/wp-json\/wp\/v2\/product_tag?post=15108"}],"curies":[{"name":"wp","href":"https:\/\/api.w.org\/{rel}","templated":true}]}}