{"id":15084,"date":"2023-02-08T08:07:51","date_gmt":"2023-02-08T06:07:51","guid":{"rendered":"https:\/\/vinilozona.lt\/?post_type=product&#038;p=15084"},"modified":"2023-02-12T10:41:09","modified_gmt":"2023-02-12T08:41:09","slug":"steely-dan-%e2%80%8e-greatest-hits-1972-1978","status":"publish","type":"product","link":"https:\/\/vinilozona.lt\/en\/parduotuve\/rock-pop\/steely-dan-%e2%80%8e-greatest-hits-1972-1978\/","title":{"rendered":"Frida \u2013 Shine"},"content":{"rendered":"<p>A1\t\tShine  4:39<br \/>\nA2\t\tOne Little Lie  3:44<br \/>\nA3\t\tThe Face  3:50<br \/>\nA4\t\tTwist In The Dark  3:43<br \/>\nA5\t\tSlowly  4:34<br \/>\nB1\t\tHeart Of The Country  4:38<br \/>\nB2\t\tCome To Me (I Am Woman)  5:04<br \/>\nB3\t\tChemistry Tonight  4:56<br \/>\nB4\t\tDon&#8217;t Do It  4:37<br \/>\nB5\t\tComfort Me  4:28<\/p>","protected":false},"excerpt":{"rendered":"<p>Polar \u2013 POLS 390<br \/>\nFormat:<br \/>\nVinyl, LP, Album<br \/>\nCountry:\tSweden<br \/>\nReleased:\tSep 11, 1984<\/p>","protected":false},"featured_media":21376,"template":"","meta":[],"product_cat":[15],"product_tag":[44],"yoast_head":"<!-- This site is optimized with the Yoast SEO plugin v23.5 - https:\/\/yoast.com\/wordpress\/plugins\/seo\/ -->\n<title>Frida \u2013 Shine Vinilin\u0117 Plok\u0161tel\u0117 | Vinilozona.lt<\/title>\n<meta name=\"robots\" content=\"index, follow, max-snippet:-1, max-image-preview:large, max-video-preview:-1\" \/>\n<link rel=\"canonical\" href=\"https:\/\/vinilozona.lt\/en\/parduotuve\/rock-pop\/steely-dan-\u200e-greatest-hits-1972-1978\/\" \/>\n<meta property=\"og:locale\" content=\"en_GB\" \/>\n<meta property=\"og:type\" content=\"article\" \/>\n<meta property=\"og:title\" content=\"Frida \u2013 Shine Vinilin\u0117 Plok\u0161tel\u0117 | Vinilozona.lt\" \/>\n<meta property=\"og:description\" content=\"Polar \u2013 POLS 390 Format:  Vinyl, LP, Album Country: Sweden Released: Sep 11, 1984\" \/>\n<meta property=\"og:url\" content=\"https:\/\/vinilozona.lt\/en\/parduotuve\/rock-pop\/steely-dan-\u200e-greatest-hits-1972-1978\/\" \/>\n<meta property=\"og:site_name\" content=\"Vinilo Zona\" \/>\n<meta property=\"article:modified_time\" content=\"2023-02-12T08:41:09+00:00\" \/>\n<meta property=\"og:image\" content=\"https:\/\/vinilozona.lt\/wp-content\/uploads\/2021\/05\/R-1116795-1501253666-7694.jpg\" \/>\n\t<meta property=\"og:image:width\" content=\"600\" \/>\n\t<meta property=\"og:image:height\" content=\"600\" \/>\n\t<meta property=\"og:image:type\" content=\"image\/jpeg\" \/>\n<meta name=\"twitter:card\" content=\"summary_large_image\" \/>\n<script type=\"application\/ld+json\" class=\"yoast-schema-graph\">{\"@context\":\"https:\/\/schema.org\",\"@graph\":[{\"@type\":\"WebPage\",\"@id\":\"https:\/\/vinilozona.lt\/parduotuve\/rock-pop\/steely-dan-%e2%80%8e-greatest-hits-1972-1978\/\",\"url\":\"https:\/\/vinilozona.lt\/parduotuve\/rock-pop\/steely-dan-%e2%80%8e-greatest-hits-1972-1978\/\",\"name\":\"Frida \u2013 Shine Vinilin\u0117 Plok\u0161tel\u0117 | Vinilozona.lt\",\"isPartOf\":{\"@id\":\"https:\/\/vinilozona.lt\/#website\"},\"primaryImageOfPage\":{\"@id\":\"https:\/\/vinilozona.lt\/parduotuve\/rock-pop\/steely-dan-%e2%80%8e-greatest-hits-1972-1978\/#primaryimage\"},\"image\":{\"@id\":\"https:\/\/vinilozona.lt\/parduotuve\/rock-pop\/steely-dan-%e2%80%8e-greatest-hits-1972-1978\/#primaryimage\"},\"thumbnailUrl\":\"https:\/\/vinilozona.lt\/wp-content\/uploads\/2021\/05\/R-1116795-1501253666-7694.jpg\",\"datePublished\":\"2023-02-08T06:07:51+00:00\",\"dateModified\":\"2023-02-12T08:41:09+00:00\",\"breadcrumb\":{\"@id\":\"https:\/\/vinilozona.lt\/parduotuve\/rock-pop\/steely-dan-%e2%80%8e-greatest-hits-1972-1978\/#breadcrumb\"},\"inLanguage\":\"en-GB\",\"potentialAction\":[{\"@type\":\"ReadAction\",\"target\":[\"https:\/\/vinilozona.lt\/parduotuve\/rock-pop\/steely-dan-%e2%80%8e-greatest-hits-1972-1978\/\"]}]},{\"@type\":\"ImageObject\",\"inLanguage\":\"en-GB\",\"@id\":\"https:\/\/vinilozona.lt\/parduotuve\/rock-pop\/steely-dan-%e2%80%8e-greatest-hits-1972-1978\/#primaryimage\",\"url\":\"https:\/\/vinilozona.lt\/wp-content\/uploads\/2021\/05\/R-1116795-1501253666-7694.jpg\",\"contentUrl\":\"https:\/\/vinilozona.lt\/wp-content\/uploads\/2021\/05\/R-1116795-1501253666-7694.jpg\",\"width\":600,\"height\":600},{\"@type\":\"BreadcrumbList\",\"@id\":\"https:\/\/vinilozona.lt\/parduotuve\/rock-pop\/steely-dan-%e2%80%8e-greatest-hits-1972-1978\/#breadcrumb\",\"itemListElement\":[{\"@type\":\"ListItem\",\"position\":1,\"name\":\"Home\",\"item\":\"https:\/\/vinilozona.lt\/\"},{\"@type\":\"ListItem\",\"position\":2,\"name\":\"Parduotuv\u0117\",\"item\":\"https:\/\/vinilozona.lt\/parduotuve\/\"},{\"@type\":\"ListItem\",\"position\":3,\"name\":\"Frida \u2013 Shine\"}]},{\"@type\":\"WebSite\",\"@id\":\"https:\/\/vinilozona.lt\/#website\",\"url\":\"https:\/\/vinilozona.lt\/\",\"name\":\"Vinilo Zona\",\"description\":\"Nup\u016bsk dulkes ir klausyk LP\",\"potentialAction\":[{\"@type\":\"SearchAction\",\"target\":{\"@type\":\"EntryPoint\",\"urlTemplate\":\"https:\/\/vinilozona.lt\/?s={search_term_string}\"},\"query-input\":{\"@type\":\"PropertyValueSpecification\",\"valueRequired\":true,\"valueName\":\"search_term_string\"}}],\"inLanguage\":\"en-GB\"}]}<\/script>\n<!-- \/ Yoast SEO plugin. -->","yoast_head_json":{"title":"Frida \u2013 Shine Vinilin\u0117 Plok\u0161tel\u0117 | Vinilozona.lt","robots":{"index":"index","follow":"follow","max-snippet":"max-snippet:-1","max-image-preview":"max-image-preview:large","max-video-preview":"max-video-preview:-1"},"canonical":"https:\/\/vinilozona.lt\/en\/parduotuve\/rock-pop\/steely-dan-\u200e-greatest-hits-1972-1978\/","og_locale":"en_GB","og_type":"article","og_title":"Frida \u2013 Shine Vinilin\u0117 Plok\u0161tel\u0117 | Vinilozona.lt","og_description":"Polar \u2013 POLS 390 Format:  Vinyl, LP, Album Country: Sweden Released: Sep 11, 1984","og_url":"https:\/\/vinilozona.lt\/en\/parduotuve\/rock-pop\/steely-dan-\u200e-greatest-hits-1972-1978\/","og_site_name":"Vinilo Zona","article_modified_time":"2023-02-12T08:41:09+00:00","og_image":[{"width":600,"height":600,"url":"https:\/\/vinilozona.lt\/wp-content\/uploads\/2021\/05\/R-1116795-1501253666-7694.jpg","type":"image\/jpeg"}],"twitter_card":"summary_large_image","schema":{"@context":"https:\/\/schema.org","@graph":[{"@type":"WebPage","@id":"https:\/\/vinilozona.lt\/parduotuve\/rock-pop\/steely-dan-%e2%80%8e-greatest-hits-1972-1978\/","url":"https:\/\/vinilozona.lt\/parduotuve\/rock-pop\/steely-dan-%e2%80%8e-greatest-hits-1972-1978\/","name":"Frida \u2013 Shine Vinilin\u0117 Plok\u0161tel\u0117 | Vinilozona.lt","isPartOf":{"@id":"https:\/\/vinilozona.lt\/#website"},"primaryImageOfPage":{"@id":"https:\/\/vinilozona.lt\/parduotuve\/rock-pop\/steely-dan-%e2%80%8e-greatest-hits-1972-1978\/#primaryimage"},"image":{"@id":"https:\/\/vinilozona.lt\/parduotuve\/rock-pop\/steely-dan-%e2%80%8e-greatest-hits-1972-1978\/#primaryimage"},"thumbnailUrl":"https:\/\/vinilozona.lt\/wp-content\/uploads\/2021\/05\/R-1116795-1501253666-7694.jpg","datePublished":"2023-02-08T06:07:51+00:00","dateModified":"2023-02-12T08:41:09+00:00","breadcrumb":{"@id":"https:\/\/vinilozona.lt\/parduotuve\/rock-pop\/steely-dan-%e2%80%8e-greatest-hits-1972-1978\/#breadcrumb"},"inLanguage":"en-GB","potentialAction":[{"@type":"ReadAction","target":["https:\/\/vinilozona.lt\/parduotuve\/rock-pop\/steely-dan-%e2%80%8e-greatest-hits-1972-1978\/"]}]},{"@type":"ImageObject","inLanguage":"en-GB","@id":"https:\/\/vinilozona.lt\/parduotuve\/rock-pop\/steely-dan-%e2%80%8e-greatest-hits-1972-1978\/#primaryimage","url":"https:\/\/vinilozona.lt\/wp-content\/uploads\/2021\/05\/R-1116795-1501253666-7694.jpg","contentUrl":"https:\/\/vinilozona.lt\/wp-content\/uploads\/2021\/05\/R-1116795-1501253666-7694.jpg","width":600,"height":600},{"@type":"BreadcrumbList","@id":"https:\/\/vinilozona.lt\/parduotuve\/rock-pop\/steely-dan-%e2%80%8e-greatest-hits-1972-1978\/#breadcrumb","itemListElement":[{"@type":"ListItem","position":1,"name":"Home","item":"https:\/\/vinilozona.lt\/"},{"@type":"ListItem","position":2,"name":"Parduotuv\u0117","item":"https:\/\/vinilozona.lt\/parduotuve\/"},{"@type":"ListItem","position":3,"name":"Frida \u2013 Shine"}]},{"@type":"WebSite","@id":"https:\/\/vinilozona.lt\/#website","url":"https:\/\/vinilozona.lt\/","name":"Vinilo Zona","description":"Nup\u016bsk dulkes ir klausyk LP","potentialAction":[{"@type":"SearchAction","target":{"@type":"EntryPoint","urlTemplate":"https:\/\/vinilozona.lt\/?s={search_term_string}"},"query-input":{"@type":"PropertyValueSpecification","valueRequired":true,"valueName":"search_term_string"}}],"inLanguage":"en-GB"}]}},"_links":{"self":[{"href":"https:\/\/vinilozona.lt\/en\/wp-json\/wp\/v2\/product\/15084"}],"collection":[{"href":"https:\/\/vinilozona.lt\/en\/wp-json\/wp\/v2\/product"}],"about":[{"href":"https:\/\/vinilozona.lt\/en\/wp-json\/wp\/v2\/types\/product"}],"wp:featuredmedia":[{"embeddable":true,"href":"https:\/\/vinilozona.lt\/en\/wp-json\/wp\/v2\/media\/21376"}],"wp:attachment":[{"href":"https:\/\/vinilozona.lt\/en\/wp-json\/wp\/v2\/media?parent=15084"}],"wp:term":[{"taxonomy":"product_cat","embeddable":true,"href":"https:\/\/vinilozona.lt\/en\/wp-json\/wp\/v2\/product_cat?post=15084"},{"taxonomy":"product_tag","embeddable":true,"href":"https:\/\/vinilozona.lt\/en\/wp-json\/wp\/v2\/product_tag?post=15084"}],"curies":[{"name":"wp","href":"https:\/\/api.w.org\/{rel}","templated":true}]}}