{"id":15081,"date":"2023-01-17T12:48:38","date_gmt":"2023-01-17T10:48:38","guid":{"rendered":"https:\/\/vinilozona.lt\/?post_type=product&#038;p=15081"},"modified":"2024-01-28T14:56:09","modified_gmt":"2024-01-28T12:56:09","slug":"sonny-rollins-%e2%80%8e-dont-stop-the-carnival","status":"publish","type":"product","link":"https:\/\/vinilozona.lt\/en\/parduotuve\/jazz\/sonny-rollins-%e2%80%8e-dont-stop-the-carnival\/","title":{"rendered":"Oliver Nelson \u2013 The Blues And The Abstract Truth"},"content":{"rendered":"<p>A1\t\tStolen Moments\t8:45<br \/>\nA2\t\tHoe Down\t4:43<br \/>\nA3\t\tCascades\t5:30<br \/>\nB1\t\tYearnin&#8217;\t6:20<br \/>\nB2\t\tButch And Butch\t4:35<br \/>\nB3\t\tTeenie&#8217;s Blues\t6:31<\/p>","protected":false},"excerpt":{"rendered":"<p>Ermitage \u2013 VNL 12513 LP<br \/>\nFormat:<br \/>\nVinyl, LP, Album, Reissue<br \/>\nCountry:\tItaly<br \/>\nReleased:\t2020<\/p>","protected":false},"featured_media":21643,"template":"","meta":[],"product_cat":[20,23],"product_tag":[44],"yoast_head":"<!-- This site is optimized with the Yoast SEO plugin v23.5 - https:\/\/yoast.com\/wordpress\/plugins\/seo\/ -->\n<title>Oliver Nelson \u2013 The Blues And The Abstract Truth Vinilin\u0117 Plok\u0161tel\u0117 | Vinilozona.lt<\/title>\n<meta name=\"robots\" content=\"index, follow, max-snippet:-1, max-image-preview:large, max-video-preview:-1\" \/>\n<link rel=\"canonical\" href=\"https:\/\/vinilozona.lt\/en\/parduotuve\/jazz\/sonny-rollins-\u200e-dont-stop-the-carnival\/\" \/>\n<meta property=\"og:locale\" content=\"en_GB\" \/>\n<meta property=\"og:type\" content=\"article\" \/>\n<meta property=\"og:title\" content=\"Oliver Nelson \u2013 The Blues And The Abstract Truth Vinilin\u0117 Plok\u0161tel\u0117 | Vinilozona.lt\" \/>\n<meta property=\"og:description\" content=\"Ermitage \u2013 VNL 12513 LP Format:  Vinyl, LP, Album, Reissue Country: Italy Released: 2020\" \/>\n<meta property=\"og:url\" content=\"https:\/\/vinilozona.lt\/en\/parduotuve\/jazz\/sonny-rollins-\u200e-dont-stop-the-carnival\/\" \/>\n<meta property=\"og:site_name\" content=\"Vinilo Zona\" \/>\n<meta property=\"article:modified_time\" content=\"2024-01-28T12:56:09+00:00\" \/>\n<meta property=\"og:image\" content=\"https:\/\/vinilozona.lt\/wp-content\/uploads\/2023\/01\/R-18381718-1627653895-9723.jpg\" \/>\n\t<meta property=\"og:image:width\" content=\"522\" \/>\n\t<meta property=\"og:image:height\" content=\"444\" \/>\n\t<meta property=\"og:image:type\" content=\"image\/jpeg\" \/>\n<meta name=\"twitter:card\" content=\"summary_large_image\" \/>\n<script type=\"application\/ld+json\" class=\"yoast-schema-graph\">{\"@context\":\"https:\/\/schema.org\",\"@graph\":[{\"@type\":\"WebPage\",\"@id\":\"https:\/\/vinilozona.lt\/parduotuve\/jazz\/sonny-rollins-%e2%80%8e-dont-stop-the-carnival\/\",\"url\":\"https:\/\/vinilozona.lt\/parduotuve\/jazz\/sonny-rollins-%e2%80%8e-dont-stop-the-carnival\/\",\"name\":\"Oliver Nelson \u2013 The Blues And The Abstract Truth Vinilin\u0117 Plok\u0161tel\u0117 | Vinilozona.lt\",\"isPartOf\":{\"@id\":\"https:\/\/vinilozona.lt\/#website\"},\"primaryImageOfPage\":{\"@id\":\"https:\/\/vinilozona.lt\/parduotuve\/jazz\/sonny-rollins-%e2%80%8e-dont-stop-the-carnival\/#primaryimage\"},\"image\":{\"@id\":\"https:\/\/vinilozona.lt\/parduotuve\/jazz\/sonny-rollins-%e2%80%8e-dont-stop-the-carnival\/#primaryimage\"},\"thumbnailUrl\":\"https:\/\/vinilozona.lt\/wp-content\/uploads\/2023\/01\/R-18381718-1627653895-9723.jpg\",\"datePublished\":\"2023-01-17T10:48:38+00:00\",\"dateModified\":\"2024-01-28T12:56:09+00:00\",\"breadcrumb\":{\"@id\":\"https:\/\/vinilozona.lt\/parduotuve\/jazz\/sonny-rollins-%e2%80%8e-dont-stop-the-carnival\/#breadcrumb\"},\"inLanguage\":\"en-GB\",\"potentialAction\":[{\"@type\":\"ReadAction\",\"target\":[\"https:\/\/vinilozona.lt\/parduotuve\/jazz\/sonny-rollins-%e2%80%8e-dont-stop-the-carnival\/\"]}]},{\"@type\":\"ImageObject\",\"inLanguage\":\"en-GB\",\"@id\":\"https:\/\/vinilozona.lt\/parduotuve\/jazz\/sonny-rollins-%e2%80%8e-dont-stop-the-carnival\/#primaryimage\",\"url\":\"https:\/\/vinilozona.lt\/wp-content\/uploads\/2023\/01\/R-18381718-1627653895-9723.jpg\",\"contentUrl\":\"https:\/\/vinilozona.lt\/wp-content\/uploads\/2023\/01\/R-18381718-1627653895-9723.jpg\",\"width\":522,\"height\":444},{\"@type\":\"BreadcrumbList\",\"@id\":\"https:\/\/vinilozona.lt\/parduotuve\/jazz\/sonny-rollins-%e2%80%8e-dont-stop-the-carnival\/#breadcrumb\",\"itemListElement\":[{\"@type\":\"ListItem\",\"position\":1,\"name\":\"Home\",\"item\":\"https:\/\/vinilozona.lt\/\"},{\"@type\":\"ListItem\",\"position\":2,\"name\":\"Parduotuv\u0117\",\"item\":\"https:\/\/vinilozona.lt\/parduotuve\/\"},{\"@type\":\"ListItem\",\"position\":3,\"name\":\"Oliver Nelson \u2013 The Blues And The Abstract Truth\"}]},{\"@type\":\"WebSite\",\"@id\":\"https:\/\/vinilozona.lt\/#website\",\"url\":\"https:\/\/vinilozona.lt\/\",\"name\":\"Vinilo Zona\",\"description\":\"Nup\u016bsk dulkes ir klausyk LP\",\"potentialAction\":[{\"@type\":\"SearchAction\",\"target\":{\"@type\":\"EntryPoint\",\"urlTemplate\":\"https:\/\/vinilozona.lt\/?s={search_term_string}\"},\"query-input\":{\"@type\":\"PropertyValueSpecification\",\"valueRequired\":true,\"valueName\":\"search_term_string\"}}],\"inLanguage\":\"en-GB\"}]}<\/script>\n<!-- \/ Yoast SEO plugin. -->","yoast_head_json":{"title":"Oliver Nelson \u2013 The Blues And The Abstract Truth Vinilin\u0117 Plok\u0161tel\u0117 | Vinilozona.lt","robots":{"index":"index","follow":"follow","max-snippet":"max-snippet:-1","max-image-preview":"max-image-preview:large","max-video-preview":"max-video-preview:-1"},"canonical":"https:\/\/vinilozona.lt\/en\/parduotuve\/jazz\/sonny-rollins-\u200e-dont-stop-the-carnival\/","og_locale":"en_GB","og_type":"article","og_title":"Oliver Nelson \u2013 The Blues And The Abstract Truth Vinilin\u0117 Plok\u0161tel\u0117 | Vinilozona.lt","og_description":"Ermitage \u2013 VNL 12513 LP Format:  Vinyl, LP, Album, Reissue Country: Italy Released: 2020","og_url":"https:\/\/vinilozona.lt\/en\/parduotuve\/jazz\/sonny-rollins-\u200e-dont-stop-the-carnival\/","og_site_name":"Vinilo Zona","article_modified_time":"2024-01-28T12:56:09+00:00","og_image":[{"width":522,"height":444,"url":"https:\/\/vinilozona.lt\/wp-content\/uploads\/2023\/01\/R-18381718-1627653895-9723.jpg","type":"image\/jpeg"}],"twitter_card":"summary_large_image","schema":{"@context":"https:\/\/schema.org","@graph":[{"@type":"WebPage","@id":"https:\/\/vinilozona.lt\/parduotuve\/jazz\/sonny-rollins-%e2%80%8e-dont-stop-the-carnival\/","url":"https:\/\/vinilozona.lt\/parduotuve\/jazz\/sonny-rollins-%e2%80%8e-dont-stop-the-carnival\/","name":"Oliver Nelson \u2013 The Blues And The Abstract Truth Vinilin\u0117 Plok\u0161tel\u0117 | Vinilozona.lt","isPartOf":{"@id":"https:\/\/vinilozona.lt\/#website"},"primaryImageOfPage":{"@id":"https:\/\/vinilozona.lt\/parduotuve\/jazz\/sonny-rollins-%e2%80%8e-dont-stop-the-carnival\/#primaryimage"},"image":{"@id":"https:\/\/vinilozona.lt\/parduotuve\/jazz\/sonny-rollins-%e2%80%8e-dont-stop-the-carnival\/#primaryimage"},"thumbnailUrl":"https:\/\/vinilozona.lt\/wp-content\/uploads\/2023\/01\/R-18381718-1627653895-9723.jpg","datePublished":"2023-01-17T10:48:38+00:00","dateModified":"2024-01-28T12:56:09+00:00","breadcrumb":{"@id":"https:\/\/vinilozona.lt\/parduotuve\/jazz\/sonny-rollins-%e2%80%8e-dont-stop-the-carnival\/#breadcrumb"},"inLanguage":"en-GB","potentialAction":[{"@type":"ReadAction","target":["https:\/\/vinilozona.lt\/parduotuve\/jazz\/sonny-rollins-%e2%80%8e-dont-stop-the-carnival\/"]}]},{"@type":"ImageObject","inLanguage":"en-GB","@id":"https:\/\/vinilozona.lt\/parduotuve\/jazz\/sonny-rollins-%e2%80%8e-dont-stop-the-carnival\/#primaryimage","url":"https:\/\/vinilozona.lt\/wp-content\/uploads\/2023\/01\/R-18381718-1627653895-9723.jpg","contentUrl":"https:\/\/vinilozona.lt\/wp-content\/uploads\/2023\/01\/R-18381718-1627653895-9723.jpg","width":522,"height":444},{"@type":"BreadcrumbList","@id":"https:\/\/vinilozona.lt\/parduotuve\/jazz\/sonny-rollins-%e2%80%8e-dont-stop-the-carnival\/#breadcrumb","itemListElement":[{"@type":"ListItem","position":1,"name":"Home","item":"https:\/\/vinilozona.lt\/"},{"@type":"ListItem","position":2,"name":"Parduotuv\u0117","item":"https:\/\/vinilozona.lt\/parduotuve\/"},{"@type":"ListItem","position":3,"name":"Oliver Nelson \u2013 The Blues And The Abstract Truth"}]},{"@type":"WebSite","@id":"https:\/\/vinilozona.lt\/#website","url":"https:\/\/vinilozona.lt\/","name":"Vinilo Zona","description":"Nup\u016bsk dulkes ir klausyk LP","potentialAction":[{"@type":"SearchAction","target":{"@type":"EntryPoint","urlTemplate":"https:\/\/vinilozona.lt\/?s={search_term_string}"},"query-input":{"@type":"PropertyValueSpecification","valueRequired":true,"valueName":"search_term_string"}}],"inLanguage":"en-GB"}]}},"_links":{"self":[{"href":"https:\/\/vinilozona.lt\/en\/wp-json\/wp\/v2\/product\/15081"}],"collection":[{"href":"https:\/\/vinilozona.lt\/en\/wp-json\/wp\/v2\/product"}],"about":[{"href":"https:\/\/vinilozona.lt\/en\/wp-json\/wp\/v2\/types\/product"}],"wp:featuredmedia":[{"embeddable":true,"href":"https:\/\/vinilozona.lt\/en\/wp-json\/wp\/v2\/media\/21643"}],"wp:attachment":[{"href":"https:\/\/vinilozona.lt\/en\/wp-json\/wp\/v2\/media?parent=15081"}],"wp:term":[{"taxonomy":"product_cat","embeddable":true,"href":"https:\/\/vinilozona.lt\/en\/wp-json\/wp\/v2\/product_cat?post=15081"},{"taxonomy":"product_tag","embeddable":true,"href":"https:\/\/vinilozona.lt\/en\/wp-json\/wp\/v2\/product_tag?post=15081"}],"curies":[{"name":"wp","href":"https:\/\/api.w.org\/{rel}","templated":true}]}}