{"id":15062,"date":"2024-05-07T12:00:56","date_gmt":"2024-05-07T09:00:56","guid":{"rendered":"https:\/\/vinilozona.lt\/?post_type=product&#038;p=15062"},"modified":"2025-12-06T20:22:22","modified_gmt":"2025-12-06T18:22:22","slug":"lemon-joy-2021-2xlp-2021","status":"publish","type":"product","link":"https:\/\/vinilozona.lt\/en\/parduotuve\/lietuviska\/lemon-joy-2021-2xlp-2021\/","title":{"rendered":"lemon joy\u2013 2021 2xLP, 2021"},"content":{"rendered":"<p>A pus\u0117:<br \/>\n1. Ten kur myl\u0117jau<br \/>\n2. Ar verta laukt kol u\u017esidegs \u017ealia \u0161viesa<br \/>\n3. Nespalvoti angelai<br \/>\n4. Ne apie mus (Koks pa\u0161\u0117l\u0119s tempas)<\/p>\n<p>B pus\u0117:<br \/>\n1. Ar\u010diau<br \/>\n2. Toli (feat. Andrius Mamontovas)<br \/>\n3. Gra\u017eiausiai i\u0161 vis\u0173<br \/>\n4. Laikinas angelas<\/p>\n<p>C pus\u0117:<br \/>\n1. Viskuo tikiu<br \/>\n2. Aidai 1210<br \/>\n3. Pirmosios g\u0117l\u0117s (Baltoj tyloj)<br \/>\n4. Ruduo<br \/>\n5. \u0160viesti tik tau<\/p>\n<p>D pus\u0117:<br \/>\n1. Ar\u010diau (Happyendless Remix)<br \/>\n2. Ten kur myl\u0117jau (GeraGerai Remix)<br \/>\n3. Nespalvoti angelai (AMix)<br \/>\n4. Toli (Leon Somov Remix)<\/p>","protected":false},"excerpt":{"rendered":"<p>M.P.3-127LP<br \/>\nbaltas vinilas<\/p>","protected":false},"featured_media":15063,"template":"","meta":[],"product_cat":[19,23],"product_tag":[291],"yoast_head":"<!-- This site is optimized with the Yoast SEO plugin v23.5 - https:\/\/yoast.com\/wordpress\/plugins\/seo\/ -->\n<title>lemon joy\u2013 2021 2xLP, 2021 Vinilin\u0117 Plok\u0161tel\u0117 | Vinilozona.lt<\/title>\n<meta name=\"robots\" content=\"index, follow, max-snippet:-1, max-image-preview:large, max-video-preview:-1\" \/>\n<link rel=\"canonical\" href=\"https:\/\/vinilozona.lt\/en\/parduotuve\/lietuviska\/lemon-joy-2021-2xlp-2021\/\" \/>\n<meta property=\"og:locale\" content=\"en_GB\" \/>\n<meta property=\"og:type\" content=\"article\" \/>\n<meta property=\"og:title\" content=\"lemon joy\u2013 2021 2xLP, 2021 Vinilin\u0117 Plok\u0161tel\u0117 | Vinilozona.lt\" \/>\n<meta property=\"og:description\" content=\"M.P.3-127LP baltas vinilas\" \/>\n<meta property=\"og:url\" content=\"https:\/\/vinilozona.lt\/en\/parduotuve\/lietuviska\/lemon-joy-2021-2xlp-2021\/\" \/>\n<meta property=\"og:site_name\" content=\"Vinilo Zona\" \/>\n<meta property=\"article:modified_time\" content=\"2025-12-06T18:22:22+00:00\" \/>\n<meta property=\"og:image\" content=\"https:\/\/vinilozona.lt\/wp-content\/uploads\/2021\/05\/2021-scaled.jpg\" \/>\n\t<meta property=\"og:image:width\" content=\"2560\" \/>\n\t<meta property=\"og:image:height\" content=\"2560\" \/>\n\t<meta property=\"og:image:type\" content=\"image\/jpeg\" \/>\n<meta name=\"twitter:card\" content=\"summary_large_image\" \/>\n<script type=\"application\/ld+json\" class=\"yoast-schema-graph\">{\"@context\":\"https:\/\/schema.org\",\"@graph\":[{\"@type\":\"WebPage\",\"@id\":\"https:\/\/vinilozona.lt\/parduotuve\/lietuviska\/lemon-joy-2021-2xlp-2021\/\",\"url\":\"https:\/\/vinilozona.lt\/parduotuve\/lietuviska\/lemon-joy-2021-2xlp-2021\/\",\"name\":\"lemon joy\u2013 2021 2xLP, 2021 Vinilin\u0117 Plok\u0161tel\u0117 | Vinilozona.lt\",\"isPartOf\":{\"@id\":\"https:\/\/vinilozona.lt\/#website\"},\"primaryImageOfPage\":{\"@id\":\"https:\/\/vinilozona.lt\/parduotuve\/lietuviska\/lemon-joy-2021-2xlp-2021\/#primaryimage\"},\"image\":{\"@id\":\"https:\/\/vinilozona.lt\/parduotuve\/lietuviska\/lemon-joy-2021-2xlp-2021\/#primaryimage\"},\"thumbnailUrl\":\"https:\/\/vinilozona.lt\/wp-content\/uploads\/2021\/05\/2021-scaled.jpg\",\"datePublished\":\"2024-05-07T09:00:56+00:00\",\"dateModified\":\"2025-12-06T18:22:22+00:00\",\"breadcrumb\":{\"@id\":\"https:\/\/vinilozona.lt\/parduotuve\/lietuviska\/lemon-joy-2021-2xlp-2021\/#breadcrumb\"},\"inLanguage\":\"en-GB\",\"potentialAction\":[{\"@type\":\"ReadAction\",\"target\":[\"https:\/\/vinilozona.lt\/parduotuve\/lietuviska\/lemon-joy-2021-2xlp-2021\/\"]}]},{\"@type\":\"ImageObject\",\"inLanguage\":\"en-GB\",\"@id\":\"https:\/\/vinilozona.lt\/parduotuve\/lietuviska\/lemon-joy-2021-2xlp-2021\/#primaryimage\",\"url\":\"https:\/\/vinilozona.lt\/wp-content\/uploads\/2021\/05\/2021-scaled.jpg\",\"contentUrl\":\"https:\/\/vinilozona.lt\/wp-content\/uploads\/2021\/05\/2021-scaled.jpg\",\"width\":2560,\"height\":2560},{\"@type\":\"BreadcrumbList\",\"@id\":\"https:\/\/vinilozona.lt\/parduotuve\/lietuviska\/lemon-joy-2021-2xlp-2021\/#breadcrumb\",\"itemListElement\":[{\"@type\":\"ListItem\",\"position\":1,\"name\":\"Home\",\"item\":\"https:\/\/vinilozona.lt\/\"},{\"@type\":\"ListItem\",\"position\":2,\"name\":\"Parduotuv\u0117\",\"item\":\"https:\/\/vinilozona.lt\/parduotuve\/\"},{\"@type\":\"ListItem\",\"position\":3,\"name\":\"lemon joy\u2013 2021 2xLP, 2021\"}]},{\"@type\":\"WebSite\",\"@id\":\"https:\/\/vinilozona.lt\/#website\",\"url\":\"https:\/\/vinilozona.lt\/\",\"name\":\"Vinilo Zona\",\"description\":\"Nup\u016bsk dulkes ir klausyk LP\",\"potentialAction\":[{\"@type\":\"SearchAction\",\"target\":{\"@type\":\"EntryPoint\",\"urlTemplate\":\"https:\/\/vinilozona.lt\/?s={search_term_string}\"},\"query-input\":{\"@type\":\"PropertyValueSpecification\",\"valueRequired\":true,\"valueName\":\"search_term_string\"}}],\"inLanguage\":\"en-GB\"}]}<\/script>\n<!-- \/ Yoast SEO plugin. -->","yoast_head_json":{"title":"lemon joy\u2013 2021 2xLP, 2021 Vinilin\u0117 Plok\u0161tel\u0117 | Vinilozona.lt","robots":{"index":"index","follow":"follow","max-snippet":"max-snippet:-1","max-image-preview":"max-image-preview:large","max-video-preview":"max-video-preview:-1"},"canonical":"https:\/\/vinilozona.lt\/en\/parduotuve\/lietuviska\/lemon-joy-2021-2xlp-2021\/","og_locale":"en_GB","og_type":"article","og_title":"lemon joy\u2013 2021 2xLP, 2021 Vinilin\u0117 Plok\u0161tel\u0117 | Vinilozona.lt","og_description":"M.P.3-127LP baltas vinilas","og_url":"https:\/\/vinilozona.lt\/en\/parduotuve\/lietuviska\/lemon-joy-2021-2xlp-2021\/","og_site_name":"Vinilo Zona","article_modified_time":"2025-12-06T18:22:22+00:00","og_image":[{"width":2560,"height":2560,"url":"https:\/\/vinilozona.lt\/wp-content\/uploads\/2021\/05\/2021-scaled.jpg","type":"image\/jpeg"}],"twitter_card":"summary_large_image","schema":{"@context":"https:\/\/schema.org","@graph":[{"@type":"WebPage","@id":"https:\/\/vinilozona.lt\/parduotuve\/lietuviska\/lemon-joy-2021-2xlp-2021\/","url":"https:\/\/vinilozona.lt\/parduotuve\/lietuviska\/lemon-joy-2021-2xlp-2021\/","name":"lemon joy\u2013 2021 2xLP, 2021 Vinilin\u0117 Plok\u0161tel\u0117 | Vinilozona.lt","isPartOf":{"@id":"https:\/\/vinilozona.lt\/#website"},"primaryImageOfPage":{"@id":"https:\/\/vinilozona.lt\/parduotuve\/lietuviska\/lemon-joy-2021-2xlp-2021\/#primaryimage"},"image":{"@id":"https:\/\/vinilozona.lt\/parduotuve\/lietuviska\/lemon-joy-2021-2xlp-2021\/#primaryimage"},"thumbnailUrl":"https:\/\/vinilozona.lt\/wp-content\/uploads\/2021\/05\/2021-scaled.jpg","datePublished":"2024-05-07T09:00:56+00:00","dateModified":"2025-12-06T18:22:22+00:00","breadcrumb":{"@id":"https:\/\/vinilozona.lt\/parduotuve\/lietuviska\/lemon-joy-2021-2xlp-2021\/#breadcrumb"},"inLanguage":"en-GB","potentialAction":[{"@type":"ReadAction","target":["https:\/\/vinilozona.lt\/parduotuve\/lietuviska\/lemon-joy-2021-2xlp-2021\/"]}]},{"@type":"ImageObject","inLanguage":"en-GB","@id":"https:\/\/vinilozona.lt\/parduotuve\/lietuviska\/lemon-joy-2021-2xlp-2021\/#primaryimage","url":"https:\/\/vinilozona.lt\/wp-content\/uploads\/2021\/05\/2021-scaled.jpg","contentUrl":"https:\/\/vinilozona.lt\/wp-content\/uploads\/2021\/05\/2021-scaled.jpg","width":2560,"height":2560},{"@type":"BreadcrumbList","@id":"https:\/\/vinilozona.lt\/parduotuve\/lietuviska\/lemon-joy-2021-2xlp-2021\/#breadcrumb","itemListElement":[{"@type":"ListItem","position":1,"name":"Home","item":"https:\/\/vinilozona.lt\/"},{"@type":"ListItem","position":2,"name":"Parduotuv\u0117","item":"https:\/\/vinilozona.lt\/parduotuve\/"},{"@type":"ListItem","position":3,"name":"lemon joy\u2013 2021 2xLP, 2021"}]},{"@type":"WebSite","@id":"https:\/\/vinilozona.lt\/#website","url":"https:\/\/vinilozona.lt\/","name":"Vinilo Zona","description":"Nup\u016bsk dulkes ir klausyk LP","potentialAction":[{"@type":"SearchAction","target":{"@type":"EntryPoint","urlTemplate":"https:\/\/vinilozona.lt\/?s={search_term_string}"},"query-input":{"@type":"PropertyValueSpecification","valueRequired":true,"valueName":"search_term_string"}}],"inLanguage":"en-GB"}]}},"_links":{"self":[{"href":"https:\/\/vinilozona.lt\/en\/wp-json\/wp\/v2\/product\/15062"}],"collection":[{"href":"https:\/\/vinilozona.lt\/en\/wp-json\/wp\/v2\/product"}],"about":[{"href":"https:\/\/vinilozona.lt\/en\/wp-json\/wp\/v2\/types\/product"}],"wp:featuredmedia":[{"embeddable":true,"href":"https:\/\/vinilozona.lt\/en\/wp-json\/wp\/v2\/media\/15063"}],"wp:attachment":[{"href":"https:\/\/vinilozona.lt\/en\/wp-json\/wp\/v2\/media?parent=15062"}],"wp:term":[{"taxonomy":"product_cat","embeddable":true,"href":"https:\/\/vinilozona.lt\/en\/wp-json\/wp\/v2\/product_cat?post=15062"},{"taxonomy":"product_tag","embeddable":true,"href":"https:\/\/vinilozona.lt\/en\/wp-json\/wp\/v2\/product_tag?post=15062"}],"curies":[{"name":"wp","href":"https:\/\/api.w.org\/{rel}","templated":true}]}}