{"id":15022,"date":"2025-02-06T05:10:53","date_gmt":"2025-02-06T03:10:53","guid":{"rendered":"https:\/\/vinilozona.lt\/?post_type=product&#038;p=15022"},"modified":"2025-02-05T07:30:02","modified_gmt":"2025-02-05T05:30:02","slug":"jesus-christ-superstar-the-original-motion-picture-sound-track-album","status":"publish","type":"product","link":"https:\/\/vinilozona.lt\/en\/parduotuve\/rock-pop\/jesus-christ-superstar-the-original-motion-picture-sound-track-album\/","title":{"rendered":"Jesus Christ Superstar (The Original Motion Picture Sound Track Album)"},"content":{"rendered":"<p>A1\tOverture\t5:26<br \/>\nA2\tHeaven On Their Minds\t4:22<br \/>\nA3\tWhat&#8217;s The Buzz\t2:30<br \/>\nA4\tStrange Thing Mystifying\t1:50<br \/>\nA5\tThen We Are Decided\t2:32<br \/>\nA6\tEverything&#8217;s Alright\t3:36<br \/>\nA7\tThis Jesus Must Die\t3:45<br \/>\nB1\tHosanna\t2:52<br \/>\nB2\tSimon Zealotes\t4:28<br \/>\nB3\tPoor Jerusalem\t1:36<br \/>\nB4\tPilate&#8217;s Dream\t1:45<br \/>\nB5\tThe Temple\t5:26<br \/>\nB6\tI Don&#8217;t Know How To Love Him\t3:55<br \/>\nB7\tDamned For All Time \/ Blood Money\t4:37<br \/>\nC1\tThe Last Supper\t7:12<br \/>\nC2\tGethsemane (I Only Want To Say)\t5:39<br \/>\nC3\tThe Arrest\t3:15<br \/>\nC4\tPeter&#8217;s Denial\t1:26<br \/>\nC5\tPilate And Christ\t2:57<br \/>\nC6\tKing Herod&#8217;s Song\t3:13<br \/>\nD1\tCould We Start Again Please?\t2:44<br \/>\nD2\tJudas&#8217; Death\t4:38<br \/>\nD3\tTrial Before Pilate\t6:47<br \/>\nD4\tSuperstar\t3:56<br \/>\nD5\tThe Crucifixion\t2:40<br \/>\nD6\tJohn Nineteen: Forty-One\t2:20<\/p>","protected":false},"excerpt":{"rendered":"<p>MCA Records \u2013 MAPS-6847 D\/1-2<br \/>\nFormat:<br \/>\n2 x Vinyl, LP, Album, Stereo, Gatefold<br \/>\nCountry:<br \/>\nGermany<br \/>\nReleased:<br \/>\n1973<\/p>","protected":false},"featured_media":15023,"template":"","meta":[],"product_cat":[15],"product_tag":[44],"yoast_head":"<!-- This site is optimized with the Yoast SEO plugin v23.5 - https:\/\/yoast.com\/wordpress\/plugins\/seo\/ -->\n<title>Jesus Christ Superstar (The Original Motion Picture Sound Track Album) Vinilin\u0117 Plok\u0161tel\u0117 | Vinilozona.lt<\/title>\n<meta name=\"robots\" content=\"index, follow, max-snippet:-1, max-image-preview:large, max-video-preview:-1\" \/>\n<link rel=\"canonical\" href=\"https:\/\/vinilozona.lt\/en\/parduotuve\/rock-pop\/jesus-christ-superstar-the-original-motion-picture-sound-track-album\/\" \/>\n<meta property=\"og:locale\" content=\"en_GB\" \/>\n<meta property=\"og:type\" content=\"article\" \/>\n<meta property=\"og:title\" content=\"Jesus Christ Superstar (The Original Motion Picture Sound Track Album) Vinilin\u0117 Plok\u0161tel\u0117 | Vinilozona.lt\" \/>\n<meta property=\"og:description\" content=\"MCA Records \u2013 MAPS-6847 D\/1-2 Format: 2 x Vinyl, LP, Album, Stereo, Gatefold Country: Germany Released: 1973\" \/>\n<meta property=\"og:url\" content=\"https:\/\/vinilozona.lt\/en\/parduotuve\/rock-pop\/jesus-christ-superstar-the-original-motion-picture-sound-track-album\/\" \/>\n<meta property=\"og:site_name\" content=\"Vinilo Zona\" \/>\n<meta property=\"article:modified_time\" content=\"2025-02-05T05:30:02+00:00\" \/>\n<meta property=\"og:image\" content=\"https:\/\/vinilozona.lt\/wp-content\/uploads\/2021\/05\/R-5605183-1397799187-4717.jpeg.jpg\" \/>\n\t<meta property=\"og:image:width\" content=\"588\" \/>\n\t<meta property=\"og:image:height\" content=\"600\" \/>\n\t<meta property=\"og:image:type\" content=\"image\/jpeg\" \/>\n<meta name=\"twitter:card\" content=\"summary_large_image\" \/>\n<meta name=\"twitter:label1\" content=\"Estimated reading time\" \/>\n\t<meta name=\"twitter:data1\" content=\"1 minute\" \/>\n<script type=\"application\/ld+json\" class=\"yoast-schema-graph\">{\"@context\":\"https:\/\/schema.org\",\"@graph\":[{\"@type\":\"WebPage\",\"@id\":\"https:\/\/vinilozona.lt\/parduotuve\/rock-pop\/jesus-christ-superstar-the-original-motion-picture-sound-track-album\/\",\"url\":\"https:\/\/vinilozona.lt\/parduotuve\/rock-pop\/jesus-christ-superstar-the-original-motion-picture-sound-track-album\/\",\"name\":\"Jesus Christ Superstar (The Original Motion Picture Sound Track Album) Vinilin\u0117 Plok\u0161tel\u0117 | Vinilozona.lt\",\"isPartOf\":{\"@id\":\"https:\/\/vinilozona.lt\/#website\"},\"primaryImageOfPage\":{\"@id\":\"https:\/\/vinilozona.lt\/parduotuve\/rock-pop\/jesus-christ-superstar-the-original-motion-picture-sound-track-album\/#primaryimage\"},\"image\":{\"@id\":\"https:\/\/vinilozona.lt\/parduotuve\/rock-pop\/jesus-christ-superstar-the-original-motion-picture-sound-track-album\/#primaryimage\"},\"thumbnailUrl\":\"https:\/\/vinilozona.lt\/wp-content\/uploads\/2021\/05\/R-5605183-1397799187-4717.jpeg.jpg\",\"datePublished\":\"2025-02-06T03:10:53+00:00\",\"dateModified\":\"2025-02-05T05:30:02+00:00\",\"breadcrumb\":{\"@id\":\"https:\/\/vinilozona.lt\/parduotuve\/rock-pop\/jesus-christ-superstar-the-original-motion-picture-sound-track-album\/#breadcrumb\"},\"inLanguage\":\"en-GB\",\"potentialAction\":[{\"@type\":\"ReadAction\",\"target\":[\"https:\/\/vinilozona.lt\/parduotuve\/rock-pop\/jesus-christ-superstar-the-original-motion-picture-sound-track-album\/\"]}]},{\"@type\":\"ImageObject\",\"inLanguage\":\"en-GB\",\"@id\":\"https:\/\/vinilozona.lt\/parduotuve\/rock-pop\/jesus-christ-superstar-the-original-motion-picture-sound-track-album\/#primaryimage\",\"url\":\"https:\/\/vinilozona.lt\/wp-content\/uploads\/2021\/05\/R-5605183-1397799187-4717.jpeg.jpg\",\"contentUrl\":\"https:\/\/vinilozona.lt\/wp-content\/uploads\/2021\/05\/R-5605183-1397799187-4717.jpeg.jpg\",\"width\":588,\"height\":600},{\"@type\":\"BreadcrumbList\",\"@id\":\"https:\/\/vinilozona.lt\/parduotuve\/rock-pop\/jesus-christ-superstar-the-original-motion-picture-sound-track-album\/#breadcrumb\",\"itemListElement\":[{\"@type\":\"ListItem\",\"position\":1,\"name\":\"Home\",\"item\":\"https:\/\/vinilozona.lt\/\"},{\"@type\":\"ListItem\",\"position\":2,\"name\":\"Parduotuv\u0117\",\"item\":\"https:\/\/vinilozona.lt\/parduotuve\/\"},{\"@type\":\"ListItem\",\"position\":3,\"name\":\"Jesus Christ Superstar (The Original Motion Picture Sound Track Album)\"}]},{\"@type\":\"WebSite\",\"@id\":\"https:\/\/vinilozona.lt\/#website\",\"url\":\"https:\/\/vinilozona.lt\/\",\"name\":\"Vinilo Zona\",\"description\":\"Nup\u016bsk dulkes ir klausyk LP\",\"potentialAction\":[{\"@type\":\"SearchAction\",\"target\":{\"@type\":\"EntryPoint\",\"urlTemplate\":\"https:\/\/vinilozona.lt\/?s={search_term_string}\"},\"query-input\":{\"@type\":\"PropertyValueSpecification\",\"valueRequired\":true,\"valueName\":\"search_term_string\"}}],\"inLanguage\":\"en-GB\"}]}<\/script>\n<!-- \/ Yoast SEO plugin. -->","yoast_head_json":{"title":"Jesus Christ Superstar (The Original Motion Picture Sound Track Album) Vinilin\u0117 Plok\u0161tel\u0117 | Vinilozona.lt","robots":{"index":"index","follow":"follow","max-snippet":"max-snippet:-1","max-image-preview":"max-image-preview:large","max-video-preview":"max-video-preview:-1"},"canonical":"https:\/\/vinilozona.lt\/en\/parduotuve\/rock-pop\/jesus-christ-superstar-the-original-motion-picture-sound-track-album\/","og_locale":"en_GB","og_type":"article","og_title":"Jesus Christ Superstar (The Original Motion Picture Sound Track Album) Vinilin\u0117 Plok\u0161tel\u0117 | Vinilozona.lt","og_description":"MCA Records \u2013 MAPS-6847 D\/1-2 Format: 2 x Vinyl, LP, Album, Stereo, Gatefold Country: Germany Released: 1973","og_url":"https:\/\/vinilozona.lt\/en\/parduotuve\/rock-pop\/jesus-christ-superstar-the-original-motion-picture-sound-track-album\/","og_site_name":"Vinilo Zona","article_modified_time":"2025-02-05T05:30:02+00:00","og_image":[{"width":588,"height":600,"url":"https:\/\/vinilozona.lt\/wp-content\/uploads\/2021\/05\/R-5605183-1397799187-4717.jpeg.jpg","type":"image\/jpeg"}],"twitter_card":"summary_large_image","twitter_misc":{"Estimated reading time":"1 minute"},"schema":{"@context":"https:\/\/schema.org","@graph":[{"@type":"WebPage","@id":"https:\/\/vinilozona.lt\/parduotuve\/rock-pop\/jesus-christ-superstar-the-original-motion-picture-sound-track-album\/","url":"https:\/\/vinilozona.lt\/parduotuve\/rock-pop\/jesus-christ-superstar-the-original-motion-picture-sound-track-album\/","name":"Jesus Christ Superstar (The Original Motion Picture Sound Track Album) Vinilin\u0117 Plok\u0161tel\u0117 | Vinilozona.lt","isPartOf":{"@id":"https:\/\/vinilozona.lt\/#website"},"primaryImageOfPage":{"@id":"https:\/\/vinilozona.lt\/parduotuve\/rock-pop\/jesus-christ-superstar-the-original-motion-picture-sound-track-album\/#primaryimage"},"image":{"@id":"https:\/\/vinilozona.lt\/parduotuve\/rock-pop\/jesus-christ-superstar-the-original-motion-picture-sound-track-album\/#primaryimage"},"thumbnailUrl":"https:\/\/vinilozona.lt\/wp-content\/uploads\/2021\/05\/R-5605183-1397799187-4717.jpeg.jpg","datePublished":"2025-02-06T03:10:53+00:00","dateModified":"2025-02-05T05:30:02+00:00","breadcrumb":{"@id":"https:\/\/vinilozona.lt\/parduotuve\/rock-pop\/jesus-christ-superstar-the-original-motion-picture-sound-track-album\/#breadcrumb"},"inLanguage":"en-GB","potentialAction":[{"@type":"ReadAction","target":["https:\/\/vinilozona.lt\/parduotuve\/rock-pop\/jesus-christ-superstar-the-original-motion-picture-sound-track-album\/"]}]},{"@type":"ImageObject","inLanguage":"en-GB","@id":"https:\/\/vinilozona.lt\/parduotuve\/rock-pop\/jesus-christ-superstar-the-original-motion-picture-sound-track-album\/#primaryimage","url":"https:\/\/vinilozona.lt\/wp-content\/uploads\/2021\/05\/R-5605183-1397799187-4717.jpeg.jpg","contentUrl":"https:\/\/vinilozona.lt\/wp-content\/uploads\/2021\/05\/R-5605183-1397799187-4717.jpeg.jpg","width":588,"height":600},{"@type":"BreadcrumbList","@id":"https:\/\/vinilozona.lt\/parduotuve\/rock-pop\/jesus-christ-superstar-the-original-motion-picture-sound-track-album\/#breadcrumb","itemListElement":[{"@type":"ListItem","position":1,"name":"Home","item":"https:\/\/vinilozona.lt\/"},{"@type":"ListItem","position":2,"name":"Parduotuv\u0117","item":"https:\/\/vinilozona.lt\/parduotuve\/"},{"@type":"ListItem","position":3,"name":"Jesus Christ Superstar (The Original Motion Picture Sound Track Album)"}]},{"@type":"WebSite","@id":"https:\/\/vinilozona.lt\/#website","url":"https:\/\/vinilozona.lt\/","name":"Vinilo Zona","description":"Nup\u016bsk dulkes ir klausyk LP","potentialAction":[{"@type":"SearchAction","target":{"@type":"EntryPoint","urlTemplate":"https:\/\/vinilozona.lt\/?s={search_term_string}"},"query-input":{"@type":"PropertyValueSpecification","valueRequired":true,"valueName":"search_term_string"}}],"inLanguage":"en-GB"}]}},"_links":{"self":[{"href":"https:\/\/vinilozona.lt\/en\/wp-json\/wp\/v2\/product\/15022"}],"collection":[{"href":"https:\/\/vinilozona.lt\/en\/wp-json\/wp\/v2\/product"}],"about":[{"href":"https:\/\/vinilozona.lt\/en\/wp-json\/wp\/v2\/types\/product"}],"wp:featuredmedia":[{"embeddable":true,"href":"https:\/\/vinilozona.lt\/en\/wp-json\/wp\/v2\/media\/15023"}],"wp:attachment":[{"href":"https:\/\/vinilozona.lt\/en\/wp-json\/wp\/v2\/media?parent=15022"}],"wp:term":[{"taxonomy":"product_cat","embeddable":true,"href":"https:\/\/vinilozona.lt\/en\/wp-json\/wp\/v2\/product_cat?post=15022"},{"taxonomy":"product_tag","embeddable":true,"href":"https:\/\/vinilozona.lt\/en\/wp-json\/wp\/v2\/product_tag?post=15022"}],"curies":[{"name":"wp","href":"https:\/\/api.w.org\/{rel}","templated":true}]}}