{"id":15016,"date":"2026-01-22T11:48:17","date_gmt":"2026-01-22T09:48:17","guid":{"rendered":"https:\/\/vinilozona.lt\/?post_type=product&#038;p=15016"},"modified":"2026-01-09T14:49:19","modified_gmt":"2026-01-09T12:49:19","slug":"liza-minnelli-%e2%80%8e-portrait-of-liza-minnelli","status":"publish","type":"product","link":"https:\/\/vinilozona.lt\/en\/parduotuve\/rock-pop\/liza-minnelli-%e2%80%8e-portrait-of-liza-minnelli\/","title":{"rendered":"Liza Minnelli \u200e\u2013 Portrait Of Liza Minnelli 2LP"},"content":{"rendered":"<p>A1\t\tThe Look Of Love<br \/>\nA2\t\tEverybody&#8217;s Talkin&#8217;<br \/>\nA3\t\tLiza<br \/>\nA4\t\tI Will Wait For You<br \/>\nA5\t\tCabaret<br \/>\nB1\t\tThe Man I Love<br \/>\nB2\t\tOn A Slow Boat To China<br \/>\nB3\t\tThe Wailing Of The Willow<br \/>\nB4\t\tLove Story<br \/>\nB5\t\tMarried<br \/>\nB6\t\tYou&#8217;d Better Sit Down, Kids<br \/>\nB7\t\tLeaving On A Jet Plane<br \/>\nC1\t\tCome Saturday Morning<br \/>\nC2\t\tNevertheless (I&#8217;m In Love With You)<br \/>\nC3\t\tDon&#8217;t Let Me Lose This Dream<br \/>\nC4\t\tLazy Bones<br \/>\nC5\t\tCome Rain Or Come Shine<br \/>\nC6\t\tMy Mammy<br \/>\nD1\t\tWaiting For My Friend<br \/>\nD2\t\tMacArthur Park, Didn&#8217;t We<br \/>\nD3\t\tStormy Weather<br \/>\nD4\t\tCan&#8217;t Help Loving Dat Man<br \/>\nD5\t\tMaybe This Time<br \/>\nD6\t\tGod Bless The Child<\/p>","protected":false},"excerpt":{"rendered":"<p>Label: A&#038;M Records \u2013 AMLC 4003<br \/>\nFormat: 2 x Vinyl, LP, Compilation<br \/>\nCountry: UK<br \/>\nReleased: 1973<\/p>","protected":false},"featured_media":15017,"template":"","meta":[],"product_cat":[15],"product_tag":[55],"yoast_head":"<!-- This site is optimized with the Yoast SEO plugin v23.5 - https:\/\/yoast.com\/wordpress\/plugins\/seo\/ -->\n<title>Liza Minnelli \u200e\u2013 Portrait Of Liza Minnelli 2LP Vinilin\u0117 Plok\u0161tel\u0117 | Vinilozona.lt<\/title>\n<meta name=\"robots\" content=\"index, follow, max-snippet:-1, max-image-preview:large, max-video-preview:-1\" \/>\n<link rel=\"canonical\" href=\"https:\/\/vinilozona.lt\/en\/parduotuve\/rock-pop\/liza-minnelli-\u200e-portrait-of-liza-minnelli\/\" \/>\n<meta property=\"og:locale\" content=\"en_GB\" \/>\n<meta property=\"og:type\" content=\"article\" \/>\n<meta property=\"og:title\" content=\"Liza Minnelli \u200e\u2013 Portrait Of Liza Minnelli 2LP Vinilin\u0117 Plok\u0161tel\u0117 | Vinilozona.lt\" \/>\n<meta property=\"og:description\" content=\"Label: A&amp;M Records \u2013 AMLC 4003 Format: 2 x Vinyl, LP, Compilation Country: UK Released: 1973\" \/>\n<meta property=\"og:url\" content=\"https:\/\/vinilozona.lt\/en\/parduotuve\/rock-pop\/liza-minnelli-\u200e-portrait-of-liza-minnelli\/\" \/>\n<meta property=\"og:site_name\" content=\"Vinilo Zona\" \/>\n<meta property=\"article:modified_time\" content=\"2026-01-09T12:49:19+00:00\" \/>\n<meta property=\"og:image\" content=\"https:\/\/vinilozona.lt\/wp-content\/uploads\/2021\/05\/R-4107953-1401352777-3713.jpeg.jpg\" \/>\n\t<meta property=\"og:image:width\" content=\"500\" \/>\n\t<meta property=\"og:image:height\" content=\"500\" \/>\n\t<meta property=\"og:image:type\" content=\"image\/jpeg\" \/>\n<meta name=\"twitter:card\" content=\"summary_large_image\" \/>\n<meta name=\"twitter:label1\" content=\"Estimated reading time\" \/>\n\t<meta name=\"twitter:data1\" content=\"1 minute\" \/>\n<script type=\"application\/ld+json\" class=\"yoast-schema-graph\">{\"@context\":\"https:\/\/schema.org\",\"@graph\":[{\"@type\":\"WebPage\",\"@id\":\"https:\/\/vinilozona.lt\/parduotuve\/rock-pop\/liza-minnelli-%e2%80%8e-portrait-of-liza-minnelli\/\",\"url\":\"https:\/\/vinilozona.lt\/parduotuve\/rock-pop\/liza-minnelli-%e2%80%8e-portrait-of-liza-minnelli\/\",\"name\":\"Liza Minnelli \u200e\u2013 Portrait Of Liza Minnelli 2LP Vinilin\u0117 Plok\u0161tel\u0117 | Vinilozona.lt\",\"isPartOf\":{\"@id\":\"https:\/\/vinilozona.lt\/#website\"},\"primaryImageOfPage\":{\"@id\":\"https:\/\/vinilozona.lt\/parduotuve\/rock-pop\/liza-minnelli-%e2%80%8e-portrait-of-liza-minnelli\/#primaryimage\"},\"image\":{\"@id\":\"https:\/\/vinilozona.lt\/parduotuve\/rock-pop\/liza-minnelli-%e2%80%8e-portrait-of-liza-minnelli\/#primaryimage\"},\"thumbnailUrl\":\"https:\/\/vinilozona.lt\/wp-content\/uploads\/2021\/05\/R-4107953-1401352777-3713.jpeg.jpg\",\"datePublished\":\"2026-01-22T09:48:17+00:00\",\"dateModified\":\"2026-01-09T12:49:19+00:00\",\"breadcrumb\":{\"@id\":\"https:\/\/vinilozona.lt\/parduotuve\/rock-pop\/liza-minnelli-%e2%80%8e-portrait-of-liza-minnelli\/#breadcrumb\"},\"inLanguage\":\"en-GB\",\"potentialAction\":[{\"@type\":\"ReadAction\",\"target\":[\"https:\/\/vinilozona.lt\/parduotuve\/rock-pop\/liza-minnelli-%e2%80%8e-portrait-of-liza-minnelli\/\"]}]},{\"@type\":\"ImageObject\",\"inLanguage\":\"en-GB\",\"@id\":\"https:\/\/vinilozona.lt\/parduotuve\/rock-pop\/liza-minnelli-%e2%80%8e-portrait-of-liza-minnelli\/#primaryimage\",\"url\":\"https:\/\/vinilozona.lt\/wp-content\/uploads\/2021\/05\/R-4107953-1401352777-3713.jpeg.jpg\",\"contentUrl\":\"https:\/\/vinilozona.lt\/wp-content\/uploads\/2021\/05\/R-4107953-1401352777-3713.jpeg.jpg\",\"width\":500,\"height\":500},{\"@type\":\"BreadcrumbList\",\"@id\":\"https:\/\/vinilozona.lt\/parduotuve\/rock-pop\/liza-minnelli-%e2%80%8e-portrait-of-liza-minnelli\/#breadcrumb\",\"itemListElement\":[{\"@type\":\"ListItem\",\"position\":1,\"name\":\"Home\",\"item\":\"https:\/\/vinilozona.lt\/\"},{\"@type\":\"ListItem\",\"position\":2,\"name\":\"Parduotuv\u0117\",\"item\":\"https:\/\/vinilozona.lt\/parduotuve\/\"},{\"@type\":\"ListItem\",\"position\":3,\"name\":\"Liza Minnelli \u200e\u2013 Portrait Of Liza Minnelli 2LP\"}]},{\"@type\":\"WebSite\",\"@id\":\"https:\/\/vinilozona.lt\/#website\",\"url\":\"https:\/\/vinilozona.lt\/\",\"name\":\"Vinilo Zona\",\"description\":\"Nup\u016bsk dulkes ir klausyk LP\",\"potentialAction\":[{\"@type\":\"SearchAction\",\"target\":{\"@type\":\"EntryPoint\",\"urlTemplate\":\"https:\/\/vinilozona.lt\/?s={search_term_string}\"},\"query-input\":{\"@type\":\"PropertyValueSpecification\",\"valueRequired\":true,\"valueName\":\"search_term_string\"}}],\"inLanguage\":\"en-GB\"}]}<\/script>\n<!-- \/ Yoast SEO plugin. -->","yoast_head_json":{"title":"Liza Minnelli \u200e\u2013 Portrait Of Liza Minnelli 2LP Vinilin\u0117 Plok\u0161tel\u0117 | Vinilozona.lt","robots":{"index":"index","follow":"follow","max-snippet":"max-snippet:-1","max-image-preview":"max-image-preview:large","max-video-preview":"max-video-preview:-1"},"canonical":"https:\/\/vinilozona.lt\/en\/parduotuve\/rock-pop\/liza-minnelli-\u200e-portrait-of-liza-minnelli\/","og_locale":"en_GB","og_type":"article","og_title":"Liza Minnelli \u200e\u2013 Portrait Of Liza Minnelli 2LP Vinilin\u0117 Plok\u0161tel\u0117 | Vinilozona.lt","og_description":"Label: A&M Records \u2013 AMLC 4003 Format: 2 x Vinyl, LP, Compilation Country: UK Released: 1973","og_url":"https:\/\/vinilozona.lt\/en\/parduotuve\/rock-pop\/liza-minnelli-\u200e-portrait-of-liza-minnelli\/","og_site_name":"Vinilo Zona","article_modified_time":"2026-01-09T12:49:19+00:00","og_image":[{"width":500,"height":500,"url":"https:\/\/vinilozona.lt\/wp-content\/uploads\/2021\/05\/R-4107953-1401352777-3713.jpeg.jpg","type":"image\/jpeg"}],"twitter_card":"summary_large_image","twitter_misc":{"Estimated reading time":"1 minute"},"schema":{"@context":"https:\/\/schema.org","@graph":[{"@type":"WebPage","@id":"https:\/\/vinilozona.lt\/parduotuve\/rock-pop\/liza-minnelli-%e2%80%8e-portrait-of-liza-minnelli\/","url":"https:\/\/vinilozona.lt\/parduotuve\/rock-pop\/liza-minnelli-%e2%80%8e-portrait-of-liza-minnelli\/","name":"Liza Minnelli \u200e\u2013 Portrait Of Liza Minnelli 2LP Vinilin\u0117 Plok\u0161tel\u0117 | Vinilozona.lt","isPartOf":{"@id":"https:\/\/vinilozona.lt\/#website"},"primaryImageOfPage":{"@id":"https:\/\/vinilozona.lt\/parduotuve\/rock-pop\/liza-minnelli-%e2%80%8e-portrait-of-liza-minnelli\/#primaryimage"},"image":{"@id":"https:\/\/vinilozona.lt\/parduotuve\/rock-pop\/liza-minnelli-%e2%80%8e-portrait-of-liza-minnelli\/#primaryimage"},"thumbnailUrl":"https:\/\/vinilozona.lt\/wp-content\/uploads\/2021\/05\/R-4107953-1401352777-3713.jpeg.jpg","datePublished":"2026-01-22T09:48:17+00:00","dateModified":"2026-01-09T12:49:19+00:00","breadcrumb":{"@id":"https:\/\/vinilozona.lt\/parduotuve\/rock-pop\/liza-minnelli-%e2%80%8e-portrait-of-liza-minnelli\/#breadcrumb"},"inLanguage":"en-GB","potentialAction":[{"@type":"ReadAction","target":["https:\/\/vinilozona.lt\/parduotuve\/rock-pop\/liza-minnelli-%e2%80%8e-portrait-of-liza-minnelli\/"]}]},{"@type":"ImageObject","inLanguage":"en-GB","@id":"https:\/\/vinilozona.lt\/parduotuve\/rock-pop\/liza-minnelli-%e2%80%8e-portrait-of-liza-minnelli\/#primaryimage","url":"https:\/\/vinilozona.lt\/wp-content\/uploads\/2021\/05\/R-4107953-1401352777-3713.jpeg.jpg","contentUrl":"https:\/\/vinilozona.lt\/wp-content\/uploads\/2021\/05\/R-4107953-1401352777-3713.jpeg.jpg","width":500,"height":500},{"@type":"BreadcrumbList","@id":"https:\/\/vinilozona.lt\/parduotuve\/rock-pop\/liza-minnelli-%e2%80%8e-portrait-of-liza-minnelli\/#breadcrumb","itemListElement":[{"@type":"ListItem","position":1,"name":"Home","item":"https:\/\/vinilozona.lt\/"},{"@type":"ListItem","position":2,"name":"Parduotuv\u0117","item":"https:\/\/vinilozona.lt\/parduotuve\/"},{"@type":"ListItem","position":3,"name":"Liza Minnelli \u200e\u2013 Portrait Of Liza Minnelli 2LP"}]},{"@type":"WebSite","@id":"https:\/\/vinilozona.lt\/#website","url":"https:\/\/vinilozona.lt\/","name":"Vinilo Zona","description":"Nup\u016bsk dulkes ir klausyk LP","potentialAction":[{"@type":"SearchAction","target":{"@type":"EntryPoint","urlTemplate":"https:\/\/vinilozona.lt\/?s={search_term_string}"},"query-input":{"@type":"PropertyValueSpecification","valueRequired":true,"valueName":"search_term_string"}}],"inLanguage":"en-GB"}]}},"_links":{"self":[{"href":"https:\/\/vinilozona.lt\/en\/wp-json\/wp\/v2\/product\/15016"}],"collection":[{"href":"https:\/\/vinilozona.lt\/en\/wp-json\/wp\/v2\/product"}],"about":[{"href":"https:\/\/vinilozona.lt\/en\/wp-json\/wp\/v2\/types\/product"}],"wp:featuredmedia":[{"embeddable":true,"href":"https:\/\/vinilozona.lt\/en\/wp-json\/wp\/v2\/media\/15017"}],"wp:attachment":[{"href":"https:\/\/vinilozona.lt\/en\/wp-json\/wp\/v2\/media?parent=15016"}],"wp:term":[{"taxonomy":"product_cat","embeddable":true,"href":"https:\/\/vinilozona.lt\/en\/wp-json\/wp\/v2\/product_cat?post=15016"},{"taxonomy":"product_tag","embeddable":true,"href":"https:\/\/vinilozona.lt\/en\/wp-json\/wp\/v2\/product_tag?post=15016"}],"curies":[{"name":"wp","href":"https:\/\/api.w.org\/{rel}","templated":true}]}}