{"id":15014,"date":"2021-05-03T10:35:25","date_gmt":"2021-05-03T07:35:25","guid":{"rendered":"https:\/\/vinilozona.lt\/?post_type=product&#038;p=15014"},"modified":"2022-01-30T14:02:26","modified_gmt":"2022-01-30T12:02:26","slug":"who-%e2%80%8e-meaty-beaty-big-bouncy","status":"publish","type":"product","link":"https:\/\/vinilozona.lt\/en\/parduotuve\/rock-pop\/who-%e2%80%8e-meaty-beaty-big-bouncy\/","title":{"rendered":"Who \u200e\u2013 Meaty, Beaty, Big &#038; Bouncy"},"content":{"rendered":"<p>I Can&#8217;t Explain\t2:05<br \/>\nThe Kids Are Alright\t2:42<br \/>\nHappy Jack\t2:14<br \/>\nI Can See For Miles\t3:55<br \/>\nPictures Of Lily\t2:37<br \/>\nMy Generation\t3:15<br \/>\nThe Seeker\t3:12<br \/>\nAnyway, Anyhow, Anywhere\t2:35<br \/>\nPinball Wizard\t3:00<br \/>\nA Legal Matter\t2:47<br \/>\nBoris The Spider\t2:26<br \/>\nMagic Bus\t4:28<br \/>\nSubstitute\t3:47<br \/>\nI&#8217;m A Boy\t3:42<\/p>","protected":false},"excerpt":{"rendered":"<p>Polydor \u200e\u2013 2480 077<br \/>\nFormat:<br \/>\nVinyl, LP, Compilation, Gatefold<\/p>","protected":false},"featured_media":15015,"template":"","meta":[],"product_cat":[15],"product_tag":[44],"yoast_head":"<!-- This site is optimized with the Yoast SEO plugin v23.5 - https:\/\/yoast.com\/wordpress\/plugins\/seo\/ -->\n<title>Who \u200e\u2013 Meaty, Beaty, Big &amp; Bouncy Vinilin\u0117 Plok\u0161tel\u0117 | Vinilozona.lt<\/title>\n<meta name=\"robots\" content=\"index, follow, max-snippet:-1, max-image-preview:large, max-video-preview:-1\" \/>\n<link rel=\"canonical\" href=\"https:\/\/vinilozona.lt\/en\/parduotuve\/rock-pop\/who-\u200e-meaty-beaty-big-bouncy\/\" \/>\n<meta property=\"og:locale\" content=\"en_GB\" \/>\n<meta property=\"og:type\" content=\"article\" \/>\n<meta property=\"og:title\" content=\"Who \u200e\u2013 Meaty, Beaty, Big &amp; Bouncy Vinilin\u0117 Plok\u0161tel\u0117 | Vinilozona.lt\" \/>\n<meta property=\"og:description\" content=\"Polydor \u200e\u2013 2480 077 Format: Vinyl, LP, Compilation, Gatefold\" \/>\n<meta property=\"og:url\" content=\"https:\/\/vinilozona.lt\/en\/parduotuve\/rock-pop\/who-\u200e-meaty-beaty-big-bouncy\/\" \/>\n<meta property=\"og:site_name\" content=\"Vinilo Zona\" \/>\n<meta property=\"article:modified_time\" content=\"2022-01-30T12:02:26+00:00\" \/>\n<meta property=\"og:image\" content=\"https:\/\/vinilozona.lt\/wp-content\/uploads\/2021\/05\/R-632076-1539127411-2841.jpeg.jpg\" \/>\n\t<meta property=\"og:image:width\" content=\"600\" \/>\n\t<meta property=\"og:image:height\" content=\"600\" \/>\n\t<meta property=\"og:image:type\" content=\"image\/jpeg\" \/>\n<meta name=\"twitter:card\" content=\"summary_large_image\" \/>\n<script type=\"application\/ld+json\" class=\"yoast-schema-graph\">{\"@context\":\"https:\/\/schema.org\",\"@graph\":[{\"@type\":\"WebPage\",\"@id\":\"https:\/\/vinilozona.lt\/parduotuve\/rock-pop\/who-%e2%80%8e-meaty-beaty-big-bouncy\/\",\"url\":\"https:\/\/vinilozona.lt\/parduotuve\/rock-pop\/who-%e2%80%8e-meaty-beaty-big-bouncy\/\",\"name\":\"Who \u200e\u2013 Meaty, Beaty, Big & Bouncy Vinilin\u0117 Plok\u0161tel\u0117 | Vinilozona.lt\",\"isPartOf\":{\"@id\":\"https:\/\/vinilozona.lt\/#website\"},\"primaryImageOfPage\":{\"@id\":\"https:\/\/vinilozona.lt\/parduotuve\/rock-pop\/who-%e2%80%8e-meaty-beaty-big-bouncy\/#primaryimage\"},\"image\":{\"@id\":\"https:\/\/vinilozona.lt\/parduotuve\/rock-pop\/who-%e2%80%8e-meaty-beaty-big-bouncy\/#primaryimage\"},\"thumbnailUrl\":\"https:\/\/vinilozona.lt\/wp-content\/uploads\/2021\/05\/R-632076-1539127411-2841.jpeg.jpg\",\"datePublished\":\"2021-05-03T07:35:25+00:00\",\"dateModified\":\"2022-01-30T12:02:26+00:00\",\"breadcrumb\":{\"@id\":\"https:\/\/vinilozona.lt\/parduotuve\/rock-pop\/who-%e2%80%8e-meaty-beaty-big-bouncy\/#breadcrumb\"},\"inLanguage\":\"en-GB\",\"potentialAction\":[{\"@type\":\"ReadAction\",\"target\":[\"https:\/\/vinilozona.lt\/parduotuve\/rock-pop\/who-%e2%80%8e-meaty-beaty-big-bouncy\/\"]}]},{\"@type\":\"ImageObject\",\"inLanguage\":\"en-GB\",\"@id\":\"https:\/\/vinilozona.lt\/parduotuve\/rock-pop\/who-%e2%80%8e-meaty-beaty-big-bouncy\/#primaryimage\",\"url\":\"https:\/\/vinilozona.lt\/wp-content\/uploads\/2021\/05\/R-632076-1539127411-2841.jpeg.jpg\",\"contentUrl\":\"https:\/\/vinilozona.lt\/wp-content\/uploads\/2021\/05\/R-632076-1539127411-2841.jpeg.jpg\",\"width\":600,\"height\":600},{\"@type\":\"BreadcrumbList\",\"@id\":\"https:\/\/vinilozona.lt\/parduotuve\/rock-pop\/who-%e2%80%8e-meaty-beaty-big-bouncy\/#breadcrumb\",\"itemListElement\":[{\"@type\":\"ListItem\",\"position\":1,\"name\":\"Home\",\"item\":\"https:\/\/vinilozona.lt\/\"},{\"@type\":\"ListItem\",\"position\":2,\"name\":\"Parduotuv\u0117\",\"item\":\"https:\/\/vinilozona.lt\/parduotuve\/\"},{\"@type\":\"ListItem\",\"position\":3,\"name\":\"Who \u200e\u2013 Meaty, Beaty, Big &#038; Bouncy\"}]},{\"@type\":\"WebSite\",\"@id\":\"https:\/\/vinilozona.lt\/#website\",\"url\":\"https:\/\/vinilozona.lt\/\",\"name\":\"Vinilo Zona\",\"description\":\"Nup\u016bsk dulkes ir klausyk LP\",\"potentialAction\":[{\"@type\":\"SearchAction\",\"target\":{\"@type\":\"EntryPoint\",\"urlTemplate\":\"https:\/\/vinilozona.lt\/?s={search_term_string}\"},\"query-input\":{\"@type\":\"PropertyValueSpecification\",\"valueRequired\":true,\"valueName\":\"search_term_string\"}}],\"inLanguage\":\"en-GB\"}]}<\/script>\n<!-- \/ Yoast SEO plugin. -->","yoast_head_json":{"title":"Who \u200e\u2013 Meaty, Beaty, Big & Bouncy Vinilin\u0117 Plok\u0161tel\u0117 | Vinilozona.lt","robots":{"index":"index","follow":"follow","max-snippet":"max-snippet:-1","max-image-preview":"max-image-preview:large","max-video-preview":"max-video-preview:-1"},"canonical":"https:\/\/vinilozona.lt\/en\/parduotuve\/rock-pop\/who-\u200e-meaty-beaty-big-bouncy\/","og_locale":"en_GB","og_type":"article","og_title":"Who \u200e\u2013 Meaty, Beaty, Big & Bouncy Vinilin\u0117 Plok\u0161tel\u0117 | Vinilozona.lt","og_description":"Polydor \u200e\u2013 2480 077 Format: Vinyl, LP, Compilation, Gatefold","og_url":"https:\/\/vinilozona.lt\/en\/parduotuve\/rock-pop\/who-\u200e-meaty-beaty-big-bouncy\/","og_site_name":"Vinilo Zona","article_modified_time":"2022-01-30T12:02:26+00:00","og_image":[{"width":600,"height":600,"url":"https:\/\/vinilozona.lt\/wp-content\/uploads\/2021\/05\/R-632076-1539127411-2841.jpeg.jpg","type":"image\/jpeg"}],"twitter_card":"summary_large_image","schema":{"@context":"https:\/\/schema.org","@graph":[{"@type":"WebPage","@id":"https:\/\/vinilozona.lt\/parduotuve\/rock-pop\/who-%e2%80%8e-meaty-beaty-big-bouncy\/","url":"https:\/\/vinilozona.lt\/parduotuve\/rock-pop\/who-%e2%80%8e-meaty-beaty-big-bouncy\/","name":"Who \u200e\u2013 Meaty, Beaty, Big & Bouncy Vinilin\u0117 Plok\u0161tel\u0117 | Vinilozona.lt","isPartOf":{"@id":"https:\/\/vinilozona.lt\/#website"},"primaryImageOfPage":{"@id":"https:\/\/vinilozona.lt\/parduotuve\/rock-pop\/who-%e2%80%8e-meaty-beaty-big-bouncy\/#primaryimage"},"image":{"@id":"https:\/\/vinilozona.lt\/parduotuve\/rock-pop\/who-%e2%80%8e-meaty-beaty-big-bouncy\/#primaryimage"},"thumbnailUrl":"https:\/\/vinilozona.lt\/wp-content\/uploads\/2021\/05\/R-632076-1539127411-2841.jpeg.jpg","datePublished":"2021-05-03T07:35:25+00:00","dateModified":"2022-01-30T12:02:26+00:00","breadcrumb":{"@id":"https:\/\/vinilozona.lt\/parduotuve\/rock-pop\/who-%e2%80%8e-meaty-beaty-big-bouncy\/#breadcrumb"},"inLanguage":"en-GB","potentialAction":[{"@type":"ReadAction","target":["https:\/\/vinilozona.lt\/parduotuve\/rock-pop\/who-%e2%80%8e-meaty-beaty-big-bouncy\/"]}]},{"@type":"ImageObject","inLanguage":"en-GB","@id":"https:\/\/vinilozona.lt\/parduotuve\/rock-pop\/who-%e2%80%8e-meaty-beaty-big-bouncy\/#primaryimage","url":"https:\/\/vinilozona.lt\/wp-content\/uploads\/2021\/05\/R-632076-1539127411-2841.jpeg.jpg","contentUrl":"https:\/\/vinilozona.lt\/wp-content\/uploads\/2021\/05\/R-632076-1539127411-2841.jpeg.jpg","width":600,"height":600},{"@type":"BreadcrumbList","@id":"https:\/\/vinilozona.lt\/parduotuve\/rock-pop\/who-%e2%80%8e-meaty-beaty-big-bouncy\/#breadcrumb","itemListElement":[{"@type":"ListItem","position":1,"name":"Home","item":"https:\/\/vinilozona.lt\/"},{"@type":"ListItem","position":2,"name":"Parduotuv\u0117","item":"https:\/\/vinilozona.lt\/parduotuve\/"},{"@type":"ListItem","position":3,"name":"Who \u200e\u2013 Meaty, Beaty, Big &#038; Bouncy"}]},{"@type":"WebSite","@id":"https:\/\/vinilozona.lt\/#website","url":"https:\/\/vinilozona.lt\/","name":"Vinilo Zona","description":"Nup\u016bsk dulkes ir klausyk LP","potentialAction":[{"@type":"SearchAction","target":{"@type":"EntryPoint","urlTemplate":"https:\/\/vinilozona.lt\/?s={search_term_string}"},"query-input":{"@type":"PropertyValueSpecification","valueRequired":true,"valueName":"search_term_string"}}],"inLanguage":"en-GB"}]}},"_links":{"self":[{"href":"https:\/\/vinilozona.lt\/en\/wp-json\/wp\/v2\/product\/15014"}],"collection":[{"href":"https:\/\/vinilozona.lt\/en\/wp-json\/wp\/v2\/product"}],"about":[{"href":"https:\/\/vinilozona.lt\/en\/wp-json\/wp\/v2\/types\/product"}],"wp:featuredmedia":[{"embeddable":true,"href":"https:\/\/vinilozona.lt\/en\/wp-json\/wp\/v2\/media\/15015"}],"wp:attachment":[{"href":"https:\/\/vinilozona.lt\/en\/wp-json\/wp\/v2\/media?parent=15014"}],"wp:term":[{"taxonomy":"product_cat","embeddable":true,"href":"https:\/\/vinilozona.lt\/en\/wp-json\/wp\/v2\/product_cat?post=15014"},{"taxonomy":"product_tag","embeddable":true,"href":"https:\/\/vinilozona.lt\/en\/wp-json\/wp\/v2\/product_tag?post=15014"}],"curies":[{"name":"wp","href":"https:\/\/api.w.org\/{rel}","templated":true}]}}