{"id":15011,"date":"2023-11-07T05:06:41","date_gmt":"2023-11-07T03:06:41","guid":{"rendered":"https:\/\/vinilozona.lt\/?post_type=product&#038;p=15011"},"modified":"2024-09-15T21:35:50","modified_gmt":"2024-09-15T18:35:50","slug":"earth-wind-fire-%e2%80%8e-spirit","status":"publish","type":"product","link":"https:\/\/vinilozona.lt\/en\/parduotuve\/rock-pop\/earth-wind-fire-%e2%80%8e-spirit\/","title":{"rendered":"Earth, Wind &#038; Fire \u200e\u2013 All &#8216;N All + Spirit"},"content":{"rendered":"<p>A1\t\tSerpentine Fire\t3:51<br \/>\nA2\t\tFantasy\t4:38<br \/>\nA3\t\tIn The Market Place (Interlude) \\ Jupiter\t4:38<br \/>\nA4\t\tLove&#8217;s Holiday \/ Brazilian Rhyme (Interlude)\t7:03<br \/>\nB1\t\tI&#8217;ll Write A Song For You\t5:23<br \/>\nB2\t\tMagic Mind\t3:39<br \/>\nB3\t\tRunnin&#8217; \/ Brazilian Rhyme (Interlude)\t8:05<br \/>\nB4\t\tBe Ever Wonderful\t5:08<br \/>\nC1\t\tGetaway\t3:12<br \/>\nC2\t\tOn Your Face\t4:34<br \/>\nC3\t\tImagination\t5:17<br \/>\nC4\t\tSpirit\t3:12<br \/>\nD1\t\tSaturday Nite\t4:03<br \/>\nD2\t\tEarth, Wind &#038; Fire\t4:41<br \/>\nD3\t\tDeparture\t0:27<br \/>\nD4\t\tBiyo\t3:38<br \/>\nD5\t\tBurnin&#8217; Bush\t6:48<\/p>","protected":false},"excerpt":{"rendered":"<p>CBS \u2013 CBS 465209 1<br \/>\nSeries:\tTwo Originals<br \/>\nFormat:<br \/>\n2 x Vinyl, LP, Compilation<br \/>\nCountry:\tNetherlands<br \/>\nReleased:\t1989<\/p>","protected":false},"featured_media":23405,"template":"","meta":[],"product_cat":[15,20],"product_tag":[44],"yoast_head":"<!-- This site is optimized with the Yoast SEO plugin v23.5 - https:\/\/yoast.com\/wordpress\/plugins\/seo\/ -->\n<title>Earth, Wind &amp; Fire \u200e\u2013 All &#039;N All + Spirit Vinilin\u0117 Plok\u0161tel\u0117 | Vinilozona.lt<\/title>\n<meta name=\"robots\" content=\"index, follow, max-snippet:-1, max-image-preview:large, max-video-preview:-1\" \/>\n<link rel=\"canonical\" href=\"https:\/\/vinilozona.lt\/en\/parduotuve\/rock-pop\/earth-wind-fire-\u200e-spirit\/\" \/>\n<meta property=\"og:locale\" content=\"en_GB\" \/>\n<meta property=\"og:type\" content=\"article\" \/>\n<meta property=\"og:title\" content=\"Earth, Wind &amp; Fire \u200e\u2013 All &#039;N All + Spirit Vinilin\u0117 Plok\u0161tel\u0117 | Vinilozona.lt\" \/>\n<meta property=\"og:description\" content=\"CBS \u2013 CBS 465209 1 Series: Two Originals Format:  2 x Vinyl, LP, Compilation Country: Netherlands Released: 1989\" \/>\n<meta property=\"og:url\" content=\"https:\/\/vinilozona.lt\/en\/parduotuve\/rock-pop\/earth-wind-fire-\u200e-spirit\/\" \/>\n<meta property=\"og:site_name\" content=\"Vinilo Zona\" \/>\n<meta property=\"article:modified_time\" content=\"2024-09-15T18:35:50+00:00\" \/>\n<meta property=\"og:image\" content=\"https:\/\/vinilozona.lt\/wp-content\/uploads\/2021\/05\/R-2184277-1268559743.jpg\" \/>\n\t<meta property=\"og:image:width\" content=\"389\" \/>\n\t<meta property=\"og:image:height\" content=\"400\" \/>\n\t<meta property=\"og:image:type\" content=\"image\/jpeg\" \/>\n<meta name=\"twitter:card\" content=\"summary_large_image\" \/>\n<script type=\"application\/ld+json\" class=\"yoast-schema-graph\">{\"@context\":\"https:\/\/schema.org\",\"@graph\":[{\"@type\":\"WebPage\",\"@id\":\"https:\/\/vinilozona.lt\/parduotuve\/rock-pop\/earth-wind-fire-%e2%80%8e-spirit\/\",\"url\":\"https:\/\/vinilozona.lt\/parduotuve\/rock-pop\/earth-wind-fire-%e2%80%8e-spirit\/\",\"name\":\"Earth, Wind & Fire \u200e\u2013 All 'N All + Spirit Vinilin\u0117 Plok\u0161tel\u0117 | Vinilozona.lt\",\"isPartOf\":{\"@id\":\"https:\/\/vinilozona.lt\/#website\"},\"primaryImageOfPage\":{\"@id\":\"https:\/\/vinilozona.lt\/parduotuve\/rock-pop\/earth-wind-fire-%e2%80%8e-spirit\/#primaryimage\"},\"image\":{\"@id\":\"https:\/\/vinilozona.lt\/parduotuve\/rock-pop\/earth-wind-fire-%e2%80%8e-spirit\/#primaryimage\"},\"thumbnailUrl\":\"https:\/\/vinilozona.lt\/wp-content\/uploads\/2021\/05\/R-2184277-1268559743.jpg\",\"datePublished\":\"2023-11-07T03:06:41+00:00\",\"dateModified\":\"2024-09-15T18:35:50+00:00\",\"breadcrumb\":{\"@id\":\"https:\/\/vinilozona.lt\/parduotuve\/rock-pop\/earth-wind-fire-%e2%80%8e-spirit\/#breadcrumb\"},\"inLanguage\":\"en-GB\",\"potentialAction\":[{\"@type\":\"ReadAction\",\"target\":[\"https:\/\/vinilozona.lt\/parduotuve\/rock-pop\/earth-wind-fire-%e2%80%8e-spirit\/\"]}]},{\"@type\":\"ImageObject\",\"inLanguage\":\"en-GB\",\"@id\":\"https:\/\/vinilozona.lt\/parduotuve\/rock-pop\/earth-wind-fire-%e2%80%8e-spirit\/#primaryimage\",\"url\":\"https:\/\/vinilozona.lt\/wp-content\/uploads\/2021\/05\/R-2184277-1268559743.jpg\",\"contentUrl\":\"https:\/\/vinilozona.lt\/wp-content\/uploads\/2021\/05\/R-2184277-1268559743.jpg\",\"width\":389,\"height\":400},{\"@type\":\"BreadcrumbList\",\"@id\":\"https:\/\/vinilozona.lt\/parduotuve\/rock-pop\/earth-wind-fire-%e2%80%8e-spirit\/#breadcrumb\",\"itemListElement\":[{\"@type\":\"ListItem\",\"position\":1,\"name\":\"Home\",\"item\":\"https:\/\/vinilozona.lt\/\"},{\"@type\":\"ListItem\",\"position\":2,\"name\":\"Parduotuv\u0117\",\"item\":\"https:\/\/vinilozona.lt\/parduotuve\/\"},{\"@type\":\"ListItem\",\"position\":3,\"name\":\"Earth, Wind &#038; Fire \u200e\u2013 All &#8216;N All + Spirit\"}]},{\"@type\":\"WebSite\",\"@id\":\"https:\/\/vinilozona.lt\/#website\",\"url\":\"https:\/\/vinilozona.lt\/\",\"name\":\"Vinilo Zona\",\"description\":\"Nup\u016bsk dulkes ir klausyk LP\",\"potentialAction\":[{\"@type\":\"SearchAction\",\"target\":{\"@type\":\"EntryPoint\",\"urlTemplate\":\"https:\/\/vinilozona.lt\/?s={search_term_string}\"},\"query-input\":{\"@type\":\"PropertyValueSpecification\",\"valueRequired\":true,\"valueName\":\"search_term_string\"}}],\"inLanguage\":\"en-GB\"}]}<\/script>\n<!-- \/ Yoast SEO plugin. -->","yoast_head_json":{"title":"Earth, Wind & Fire \u200e\u2013 All 'N All + Spirit Vinilin\u0117 Plok\u0161tel\u0117 | Vinilozona.lt","robots":{"index":"index","follow":"follow","max-snippet":"max-snippet:-1","max-image-preview":"max-image-preview:large","max-video-preview":"max-video-preview:-1"},"canonical":"https:\/\/vinilozona.lt\/en\/parduotuve\/rock-pop\/earth-wind-fire-\u200e-spirit\/","og_locale":"en_GB","og_type":"article","og_title":"Earth, Wind & Fire \u200e\u2013 All 'N All + Spirit Vinilin\u0117 Plok\u0161tel\u0117 | Vinilozona.lt","og_description":"CBS \u2013 CBS 465209 1 Series: Two Originals Format:  2 x Vinyl, LP, Compilation Country: Netherlands Released: 1989","og_url":"https:\/\/vinilozona.lt\/en\/parduotuve\/rock-pop\/earth-wind-fire-\u200e-spirit\/","og_site_name":"Vinilo Zona","article_modified_time":"2024-09-15T18:35:50+00:00","og_image":[{"width":389,"height":400,"url":"https:\/\/vinilozona.lt\/wp-content\/uploads\/2021\/05\/R-2184277-1268559743.jpg","type":"image\/jpeg"}],"twitter_card":"summary_large_image","schema":{"@context":"https:\/\/schema.org","@graph":[{"@type":"WebPage","@id":"https:\/\/vinilozona.lt\/parduotuve\/rock-pop\/earth-wind-fire-%e2%80%8e-spirit\/","url":"https:\/\/vinilozona.lt\/parduotuve\/rock-pop\/earth-wind-fire-%e2%80%8e-spirit\/","name":"Earth, Wind & Fire \u200e\u2013 All 'N All + Spirit Vinilin\u0117 Plok\u0161tel\u0117 | Vinilozona.lt","isPartOf":{"@id":"https:\/\/vinilozona.lt\/#website"},"primaryImageOfPage":{"@id":"https:\/\/vinilozona.lt\/parduotuve\/rock-pop\/earth-wind-fire-%e2%80%8e-spirit\/#primaryimage"},"image":{"@id":"https:\/\/vinilozona.lt\/parduotuve\/rock-pop\/earth-wind-fire-%e2%80%8e-spirit\/#primaryimage"},"thumbnailUrl":"https:\/\/vinilozona.lt\/wp-content\/uploads\/2021\/05\/R-2184277-1268559743.jpg","datePublished":"2023-11-07T03:06:41+00:00","dateModified":"2024-09-15T18:35:50+00:00","breadcrumb":{"@id":"https:\/\/vinilozona.lt\/parduotuve\/rock-pop\/earth-wind-fire-%e2%80%8e-spirit\/#breadcrumb"},"inLanguage":"en-GB","potentialAction":[{"@type":"ReadAction","target":["https:\/\/vinilozona.lt\/parduotuve\/rock-pop\/earth-wind-fire-%e2%80%8e-spirit\/"]}]},{"@type":"ImageObject","inLanguage":"en-GB","@id":"https:\/\/vinilozona.lt\/parduotuve\/rock-pop\/earth-wind-fire-%e2%80%8e-spirit\/#primaryimage","url":"https:\/\/vinilozona.lt\/wp-content\/uploads\/2021\/05\/R-2184277-1268559743.jpg","contentUrl":"https:\/\/vinilozona.lt\/wp-content\/uploads\/2021\/05\/R-2184277-1268559743.jpg","width":389,"height":400},{"@type":"BreadcrumbList","@id":"https:\/\/vinilozona.lt\/parduotuve\/rock-pop\/earth-wind-fire-%e2%80%8e-spirit\/#breadcrumb","itemListElement":[{"@type":"ListItem","position":1,"name":"Home","item":"https:\/\/vinilozona.lt\/"},{"@type":"ListItem","position":2,"name":"Parduotuv\u0117","item":"https:\/\/vinilozona.lt\/parduotuve\/"},{"@type":"ListItem","position":3,"name":"Earth, Wind &#038; Fire \u200e\u2013 All &#8216;N All + Spirit"}]},{"@type":"WebSite","@id":"https:\/\/vinilozona.lt\/#website","url":"https:\/\/vinilozona.lt\/","name":"Vinilo Zona","description":"Nup\u016bsk dulkes ir klausyk LP","potentialAction":[{"@type":"SearchAction","target":{"@type":"EntryPoint","urlTemplate":"https:\/\/vinilozona.lt\/?s={search_term_string}"},"query-input":{"@type":"PropertyValueSpecification","valueRequired":true,"valueName":"search_term_string"}}],"inLanguage":"en-GB"}]}},"_links":{"self":[{"href":"https:\/\/vinilozona.lt\/en\/wp-json\/wp\/v2\/product\/15011"}],"collection":[{"href":"https:\/\/vinilozona.lt\/en\/wp-json\/wp\/v2\/product"}],"about":[{"href":"https:\/\/vinilozona.lt\/en\/wp-json\/wp\/v2\/types\/product"}],"wp:featuredmedia":[{"embeddable":true,"href":"https:\/\/vinilozona.lt\/en\/wp-json\/wp\/v2\/media\/23405"}],"wp:attachment":[{"href":"https:\/\/vinilozona.lt\/en\/wp-json\/wp\/v2\/media?parent=15011"}],"wp:term":[{"taxonomy":"product_cat","embeddable":true,"href":"https:\/\/vinilozona.lt\/en\/wp-json\/wp\/v2\/product_cat?post=15011"},{"taxonomy":"product_tag","embeddable":true,"href":"https:\/\/vinilozona.lt\/en\/wp-json\/wp\/v2\/product_tag?post=15011"}],"curies":[{"name":"wp","href":"https:\/\/api.w.org\/{rel}","templated":true}]}}