{"id":14913,"date":"2021-04-25T18:53:47","date_gmt":"2021-04-25T15:53:47","guid":{"rendered":"https:\/\/vinilozona.lt\/?post_type=product&#038;p=14913"},"modified":"2021-04-25T20:14:08","modified_gmt":"2021-04-25T17:14:08","slug":"bruce-hornsby-and-the-range-the-way-it-is","status":"publish","type":"product","link":"https:\/\/vinilozona.lt\/en\/parduotuve\/rock-pop\/bruce-hornsby-and-the-range-the-way-it-is\/","title":{"rendered":"Bruce Hornsby And The Range \u2013 The Way It Is"},"content":{"rendered":"<p>A1\tOn The Western Skyline\t4:39<br \/>\nA2\tEvery Little Kiss\t5:46<br \/>\nA3\tMandolin Rain\t5:21<br \/>\nA4\tThe Long Race\t4:28<br \/>\nB1\tThe Way It Is\t4:57<br \/>\nB2\tDown The Road Tonight\t4:32<br \/>\nB3\tThe Wild Frontier\t4:01<br \/>\nB4\tThe River Runs Low\t4:31<br \/>\nB5\tThe Red Plains\t5:08<\/p>","protected":false},"excerpt":{"rendered":"<p>PL89901<\/p>","protected":false},"featured_media":14914,"template":"","meta":[],"product_cat":[15],"product_tag":[55],"yoast_head":"<!-- This site is optimized with the Yoast SEO plugin v23.5 - https:\/\/yoast.com\/wordpress\/plugins\/seo\/ -->\n<title>Bruce Hornsby And The Range \u2013 The Way It Is Vinilin\u0117 Plok\u0161tel\u0117 | Vinilozona.lt<\/title>\n<meta name=\"robots\" content=\"index, follow, max-snippet:-1, max-image-preview:large, max-video-preview:-1\" \/>\n<link rel=\"canonical\" href=\"https:\/\/vinilozona.lt\/en\/parduotuve\/rock-pop\/bruce-hornsby-and-the-range-the-way-it-is\/\" \/>\n<meta property=\"og:locale\" content=\"en_GB\" \/>\n<meta property=\"og:type\" content=\"article\" \/>\n<meta property=\"og:title\" content=\"Bruce Hornsby And The Range \u2013 The Way It Is Vinilin\u0117 Plok\u0161tel\u0117 | Vinilozona.lt\" \/>\n<meta property=\"og:description\" content=\"PL89901\" \/>\n<meta property=\"og:url\" content=\"https:\/\/vinilozona.lt\/en\/parduotuve\/rock-pop\/bruce-hornsby-and-the-range-the-way-it-is\/\" \/>\n<meta property=\"og:site_name\" content=\"Vinilo Zona\" \/>\n<meta property=\"article:modified_time\" content=\"2021-04-25T17:14:08+00:00\" \/>\n<meta property=\"og:image\" content=\"https:\/\/vinilozona.lt\/wp-content\/uploads\/2021\/04\/R-5976262-1407855939-1097.jpeg.jpg\" \/>\n\t<meta property=\"og:image:width\" content=\"600\" \/>\n\t<meta property=\"og:image:height\" content=\"607\" \/>\n\t<meta property=\"og:image:type\" content=\"image\/jpeg\" \/>\n<meta name=\"twitter:card\" content=\"summary_large_image\" \/>\n<script type=\"application\/ld+json\" class=\"yoast-schema-graph\">{\"@context\":\"https:\/\/schema.org\",\"@graph\":[{\"@type\":\"WebPage\",\"@id\":\"https:\/\/vinilozona.lt\/parduotuve\/rock-pop\/bruce-hornsby-and-the-range-the-way-it-is\/\",\"url\":\"https:\/\/vinilozona.lt\/parduotuve\/rock-pop\/bruce-hornsby-and-the-range-the-way-it-is\/\",\"name\":\"Bruce Hornsby And The Range \u2013 The Way It Is Vinilin\u0117 Plok\u0161tel\u0117 | Vinilozona.lt\",\"isPartOf\":{\"@id\":\"https:\/\/vinilozona.lt\/#website\"},\"primaryImageOfPage\":{\"@id\":\"https:\/\/vinilozona.lt\/parduotuve\/rock-pop\/bruce-hornsby-and-the-range-the-way-it-is\/#primaryimage\"},\"image\":{\"@id\":\"https:\/\/vinilozona.lt\/parduotuve\/rock-pop\/bruce-hornsby-and-the-range-the-way-it-is\/#primaryimage\"},\"thumbnailUrl\":\"https:\/\/vinilozona.lt\/wp-content\/uploads\/2021\/04\/R-5976262-1407855939-1097.jpeg.jpg\",\"datePublished\":\"2021-04-25T15:53:47+00:00\",\"dateModified\":\"2021-04-25T17:14:08+00:00\",\"breadcrumb\":{\"@id\":\"https:\/\/vinilozona.lt\/parduotuve\/rock-pop\/bruce-hornsby-and-the-range-the-way-it-is\/#breadcrumb\"},\"inLanguage\":\"en-GB\",\"potentialAction\":[{\"@type\":\"ReadAction\",\"target\":[\"https:\/\/vinilozona.lt\/parduotuve\/rock-pop\/bruce-hornsby-and-the-range-the-way-it-is\/\"]}]},{\"@type\":\"ImageObject\",\"inLanguage\":\"en-GB\",\"@id\":\"https:\/\/vinilozona.lt\/parduotuve\/rock-pop\/bruce-hornsby-and-the-range-the-way-it-is\/#primaryimage\",\"url\":\"https:\/\/vinilozona.lt\/wp-content\/uploads\/2021\/04\/R-5976262-1407855939-1097.jpeg.jpg\",\"contentUrl\":\"https:\/\/vinilozona.lt\/wp-content\/uploads\/2021\/04\/R-5976262-1407855939-1097.jpeg.jpg\",\"width\":600,\"height\":607},{\"@type\":\"BreadcrumbList\",\"@id\":\"https:\/\/vinilozona.lt\/parduotuve\/rock-pop\/bruce-hornsby-and-the-range-the-way-it-is\/#breadcrumb\",\"itemListElement\":[{\"@type\":\"ListItem\",\"position\":1,\"name\":\"Home\",\"item\":\"https:\/\/vinilozona.lt\/\"},{\"@type\":\"ListItem\",\"position\":2,\"name\":\"Parduotuv\u0117\",\"item\":\"https:\/\/vinilozona.lt\/parduotuve\/\"},{\"@type\":\"ListItem\",\"position\":3,\"name\":\"Bruce Hornsby And The Range \u2013 The Way It Is\"}]},{\"@type\":\"WebSite\",\"@id\":\"https:\/\/vinilozona.lt\/#website\",\"url\":\"https:\/\/vinilozona.lt\/\",\"name\":\"Vinilo Zona\",\"description\":\"Nup\u016bsk dulkes ir klausyk LP\",\"potentialAction\":[{\"@type\":\"SearchAction\",\"target\":{\"@type\":\"EntryPoint\",\"urlTemplate\":\"https:\/\/vinilozona.lt\/?s={search_term_string}\"},\"query-input\":{\"@type\":\"PropertyValueSpecification\",\"valueRequired\":true,\"valueName\":\"search_term_string\"}}],\"inLanguage\":\"en-GB\"}]}<\/script>\n<!-- \/ Yoast SEO plugin. -->","yoast_head_json":{"title":"Bruce Hornsby And The Range \u2013 The Way It Is Vinilin\u0117 Plok\u0161tel\u0117 | Vinilozona.lt","robots":{"index":"index","follow":"follow","max-snippet":"max-snippet:-1","max-image-preview":"max-image-preview:large","max-video-preview":"max-video-preview:-1"},"canonical":"https:\/\/vinilozona.lt\/en\/parduotuve\/rock-pop\/bruce-hornsby-and-the-range-the-way-it-is\/","og_locale":"en_GB","og_type":"article","og_title":"Bruce Hornsby And The Range \u2013 The Way It Is Vinilin\u0117 Plok\u0161tel\u0117 | Vinilozona.lt","og_description":"PL89901","og_url":"https:\/\/vinilozona.lt\/en\/parduotuve\/rock-pop\/bruce-hornsby-and-the-range-the-way-it-is\/","og_site_name":"Vinilo Zona","article_modified_time":"2021-04-25T17:14:08+00:00","og_image":[{"width":600,"height":607,"url":"https:\/\/vinilozona.lt\/wp-content\/uploads\/2021\/04\/R-5976262-1407855939-1097.jpeg.jpg","type":"image\/jpeg"}],"twitter_card":"summary_large_image","schema":{"@context":"https:\/\/schema.org","@graph":[{"@type":"WebPage","@id":"https:\/\/vinilozona.lt\/parduotuve\/rock-pop\/bruce-hornsby-and-the-range-the-way-it-is\/","url":"https:\/\/vinilozona.lt\/parduotuve\/rock-pop\/bruce-hornsby-and-the-range-the-way-it-is\/","name":"Bruce Hornsby And The Range \u2013 The Way It Is Vinilin\u0117 Plok\u0161tel\u0117 | Vinilozona.lt","isPartOf":{"@id":"https:\/\/vinilozona.lt\/#website"},"primaryImageOfPage":{"@id":"https:\/\/vinilozona.lt\/parduotuve\/rock-pop\/bruce-hornsby-and-the-range-the-way-it-is\/#primaryimage"},"image":{"@id":"https:\/\/vinilozona.lt\/parduotuve\/rock-pop\/bruce-hornsby-and-the-range-the-way-it-is\/#primaryimage"},"thumbnailUrl":"https:\/\/vinilozona.lt\/wp-content\/uploads\/2021\/04\/R-5976262-1407855939-1097.jpeg.jpg","datePublished":"2021-04-25T15:53:47+00:00","dateModified":"2021-04-25T17:14:08+00:00","breadcrumb":{"@id":"https:\/\/vinilozona.lt\/parduotuve\/rock-pop\/bruce-hornsby-and-the-range-the-way-it-is\/#breadcrumb"},"inLanguage":"en-GB","potentialAction":[{"@type":"ReadAction","target":["https:\/\/vinilozona.lt\/parduotuve\/rock-pop\/bruce-hornsby-and-the-range-the-way-it-is\/"]}]},{"@type":"ImageObject","inLanguage":"en-GB","@id":"https:\/\/vinilozona.lt\/parduotuve\/rock-pop\/bruce-hornsby-and-the-range-the-way-it-is\/#primaryimage","url":"https:\/\/vinilozona.lt\/wp-content\/uploads\/2021\/04\/R-5976262-1407855939-1097.jpeg.jpg","contentUrl":"https:\/\/vinilozona.lt\/wp-content\/uploads\/2021\/04\/R-5976262-1407855939-1097.jpeg.jpg","width":600,"height":607},{"@type":"BreadcrumbList","@id":"https:\/\/vinilozona.lt\/parduotuve\/rock-pop\/bruce-hornsby-and-the-range-the-way-it-is\/#breadcrumb","itemListElement":[{"@type":"ListItem","position":1,"name":"Home","item":"https:\/\/vinilozona.lt\/"},{"@type":"ListItem","position":2,"name":"Parduotuv\u0117","item":"https:\/\/vinilozona.lt\/parduotuve\/"},{"@type":"ListItem","position":3,"name":"Bruce Hornsby And The Range \u2013 The Way It Is"}]},{"@type":"WebSite","@id":"https:\/\/vinilozona.lt\/#website","url":"https:\/\/vinilozona.lt\/","name":"Vinilo Zona","description":"Nup\u016bsk dulkes ir klausyk LP","potentialAction":[{"@type":"SearchAction","target":{"@type":"EntryPoint","urlTemplate":"https:\/\/vinilozona.lt\/?s={search_term_string}"},"query-input":{"@type":"PropertyValueSpecification","valueRequired":true,"valueName":"search_term_string"}}],"inLanguage":"en-GB"}]}},"_links":{"self":[{"href":"https:\/\/vinilozona.lt\/en\/wp-json\/wp\/v2\/product\/14913"}],"collection":[{"href":"https:\/\/vinilozona.lt\/en\/wp-json\/wp\/v2\/product"}],"about":[{"href":"https:\/\/vinilozona.lt\/en\/wp-json\/wp\/v2\/types\/product"}],"wp:featuredmedia":[{"embeddable":true,"href":"https:\/\/vinilozona.lt\/en\/wp-json\/wp\/v2\/media\/14914"}],"wp:attachment":[{"href":"https:\/\/vinilozona.lt\/en\/wp-json\/wp\/v2\/media?parent=14913"}],"wp:term":[{"taxonomy":"product_cat","embeddable":true,"href":"https:\/\/vinilozona.lt\/en\/wp-json\/wp\/v2\/product_cat?post=14913"},{"taxonomy":"product_tag","embeddable":true,"href":"https:\/\/vinilozona.lt\/en\/wp-json\/wp\/v2\/product_tag?post=14913"}],"curies":[{"name":"wp","href":"https:\/\/api.w.org\/{rel}","templated":true}]}}