{"id":14828,"date":"2021-04-08T15:16:30","date_gmt":"2021-04-08T12:16:30","guid":{"rendered":"https:\/\/vinilozona.lt\/?post_type=product&#038;p=14828"},"modified":"2022-08-27T16:40:11","modified_gmt":"2022-08-27T13:40:11","slug":"jeff-beck-group-%e2%80%8e-rough-and-ready","status":"publish","type":"product","link":"https:\/\/vinilozona.lt\/en\/parduotuve\/rock-pop\/jeff-beck-group-%e2%80%8e-rough-and-ready\/","title":{"rendered":"Jeff Beck Group \u200e\u2013 Rough And Ready"},"content":{"rendered":"<p>A1\tGot The Feeling\t4:38<br \/>\nA2\tSituation\t5:04<br \/>\nA3\tShort Business\t2:30<br \/>\nA4\tMax&#8217;s Tune 8:25<br \/>\nB1\tI&#8217;ve Been Used\t3:38<br \/>\nB2\tNew Ways\/Train Train\t5:50<br \/>\nB3\tJody 6:06<\/p>","protected":false},"excerpt":{"rendered":"<p>Embassy \u200e\u2013 EMB 31546<\/p>","protected":false},"featured_media":14829,"template":"","meta":[],"product_cat":[15],"product_tag":[44],"yoast_head":"<!-- This site is optimized with the Yoast SEO plugin v23.5 - https:\/\/yoast.com\/wordpress\/plugins\/seo\/ -->\n<title>Jeff Beck Group \u200e\u2013 Rough And Ready Vinilin\u0117 Plok\u0161tel\u0117 | Vinilozona.lt<\/title>\n<meta name=\"robots\" content=\"index, follow, max-snippet:-1, max-image-preview:large, max-video-preview:-1\" \/>\n<link rel=\"canonical\" href=\"https:\/\/vinilozona.lt\/en\/parduotuve\/rock-pop\/jeff-beck-group-\u200e-rough-and-ready\/\" \/>\n<meta property=\"og:locale\" content=\"en_GB\" \/>\n<meta property=\"og:type\" content=\"article\" \/>\n<meta property=\"og:title\" content=\"Jeff Beck Group \u200e\u2013 Rough And Ready Vinilin\u0117 Plok\u0161tel\u0117 | Vinilozona.lt\" \/>\n<meta property=\"og:description\" content=\"Embassy \u200e\u2013 EMB 31546\" \/>\n<meta property=\"og:url\" content=\"https:\/\/vinilozona.lt\/en\/parduotuve\/rock-pop\/jeff-beck-group-\u200e-rough-and-ready\/\" \/>\n<meta property=\"og:site_name\" content=\"Vinilo Zona\" \/>\n<meta property=\"article:modified_time\" content=\"2022-08-27T13:40:11+00:00\" \/>\n<meta property=\"og:image\" content=\"https:\/\/vinilozona.lt\/wp-content\/uploads\/2021\/04\/R-1126619-1347002096-5506.jpeg.jpg\" \/>\n\t<meta property=\"og:image:width\" content=\"400\" \/>\n\t<meta property=\"og:image:height\" content=\"422\" \/>\n\t<meta property=\"og:image:type\" content=\"image\/jpeg\" \/>\n<meta name=\"twitter:card\" content=\"summary_large_image\" \/>\n<script type=\"application\/ld+json\" class=\"yoast-schema-graph\">{\"@context\":\"https:\/\/schema.org\",\"@graph\":[{\"@type\":\"WebPage\",\"@id\":\"https:\/\/vinilozona.lt\/parduotuve\/rock-pop\/jeff-beck-group-%e2%80%8e-rough-and-ready\/\",\"url\":\"https:\/\/vinilozona.lt\/parduotuve\/rock-pop\/jeff-beck-group-%e2%80%8e-rough-and-ready\/\",\"name\":\"Jeff Beck Group \u200e\u2013 Rough And Ready Vinilin\u0117 Plok\u0161tel\u0117 | Vinilozona.lt\",\"isPartOf\":{\"@id\":\"https:\/\/vinilozona.lt\/#website\"},\"primaryImageOfPage\":{\"@id\":\"https:\/\/vinilozona.lt\/parduotuve\/rock-pop\/jeff-beck-group-%e2%80%8e-rough-and-ready\/#primaryimage\"},\"image\":{\"@id\":\"https:\/\/vinilozona.lt\/parduotuve\/rock-pop\/jeff-beck-group-%e2%80%8e-rough-and-ready\/#primaryimage\"},\"thumbnailUrl\":\"https:\/\/vinilozona.lt\/wp-content\/uploads\/2021\/04\/R-1126619-1347002096-5506.jpeg.jpg\",\"datePublished\":\"2021-04-08T12:16:30+00:00\",\"dateModified\":\"2022-08-27T13:40:11+00:00\",\"breadcrumb\":{\"@id\":\"https:\/\/vinilozona.lt\/parduotuve\/rock-pop\/jeff-beck-group-%e2%80%8e-rough-and-ready\/#breadcrumb\"},\"inLanguage\":\"en-GB\",\"potentialAction\":[{\"@type\":\"ReadAction\",\"target\":[\"https:\/\/vinilozona.lt\/parduotuve\/rock-pop\/jeff-beck-group-%e2%80%8e-rough-and-ready\/\"]}]},{\"@type\":\"ImageObject\",\"inLanguage\":\"en-GB\",\"@id\":\"https:\/\/vinilozona.lt\/parduotuve\/rock-pop\/jeff-beck-group-%e2%80%8e-rough-and-ready\/#primaryimage\",\"url\":\"https:\/\/vinilozona.lt\/wp-content\/uploads\/2021\/04\/R-1126619-1347002096-5506.jpeg.jpg\",\"contentUrl\":\"https:\/\/vinilozona.lt\/wp-content\/uploads\/2021\/04\/R-1126619-1347002096-5506.jpeg.jpg\",\"width\":400,\"height\":422},{\"@type\":\"BreadcrumbList\",\"@id\":\"https:\/\/vinilozona.lt\/parduotuve\/rock-pop\/jeff-beck-group-%e2%80%8e-rough-and-ready\/#breadcrumb\",\"itemListElement\":[{\"@type\":\"ListItem\",\"position\":1,\"name\":\"Home\",\"item\":\"https:\/\/vinilozona.lt\/\"},{\"@type\":\"ListItem\",\"position\":2,\"name\":\"Parduotuv\u0117\",\"item\":\"https:\/\/vinilozona.lt\/parduotuve\/\"},{\"@type\":\"ListItem\",\"position\":3,\"name\":\"Jeff Beck Group \u200e\u2013 Rough And Ready\"}]},{\"@type\":\"WebSite\",\"@id\":\"https:\/\/vinilozona.lt\/#website\",\"url\":\"https:\/\/vinilozona.lt\/\",\"name\":\"Vinilo Zona\",\"description\":\"Nup\u016bsk dulkes ir klausyk LP\",\"potentialAction\":[{\"@type\":\"SearchAction\",\"target\":{\"@type\":\"EntryPoint\",\"urlTemplate\":\"https:\/\/vinilozona.lt\/?s={search_term_string}\"},\"query-input\":{\"@type\":\"PropertyValueSpecification\",\"valueRequired\":true,\"valueName\":\"search_term_string\"}}],\"inLanguage\":\"en-GB\"}]}<\/script>\n<!-- \/ Yoast SEO plugin. -->","yoast_head_json":{"title":"Jeff Beck Group \u200e\u2013 Rough And Ready Vinilin\u0117 Plok\u0161tel\u0117 | Vinilozona.lt","robots":{"index":"index","follow":"follow","max-snippet":"max-snippet:-1","max-image-preview":"max-image-preview:large","max-video-preview":"max-video-preview:-1"},"canonical":"https:\/\/vinilozona.lt\/en\/parduotuve\/rock-pop\/jeff-beck-group-\u200e-rough-and-ready\/","og_locale":"en_GB","og_type":"article","og_title":"Jeff Beck Group \u200e\u2013 Rough And Ready Vinilin\u0117 Plok\u0161tel\u0117 | Vinilozona.lt","og_description":"Embassy \u200e\u2013 EMB 31546","og_url":"https:\/\/vinilozona.lt\/en\/parduotuve\/rock-pop\/jeff-beck-group-\u200e-rough-and-ready\/","og_site_name":"Vinilo Zona","article_modified_time":"2022-08-27T13:40:11+00:00","og_image":[{"width":400,"height":422,"url":"https:\/\/vinilozona.lt\/wp-content\/uploads\/2021\/04\/R-1126619-1347002096-5506.jpeg.jpg","type":"image\/jpeg"}],"twitter_card":"summary_large_image","schema":{"@context":"https:\/\/schema.org","@graph":[{"@type":"WebPage","@id":"https:\/\/vinilozona.lt\/parduotuve\/rock-pop\/jeff-beck-group-%e2%80%8e-rough-and-ready\/","url":"https:\/\/vinilozona.lt\/parduotuve\/rock-pop\/jeff-beck-group-%e2%80%8e-rough-and-ready\/","name":"Jeff Beck Group \u200e\u2013 Rough And Ready Vinilin\u0117 Plok\u0161tel\u0117 | Vinilozona.lt","isPartOf":{"@id":"https:\/\/vinilozona.lt\/#website"},"primaryImageOfPage":{"@id":"https:\/\/vinilozona.lt\/parduotuve\/rock-pop\/jeff-beck-group-%e2%80%8e-rough-and-ready\/#primaryimage"},"image":{"@id":"https:\/\/vinilozona.lt\/parduotuve\/rock-pop\/jeff-beck-group-%e2%80%8e-rough-and-ready\/#primaryimage"},"thumbnailUrl":"https:\/\/vinilozona.lt\/wp-content\/uploads\/2021\/04\/R-1126619-1347002096-5506.jpeg.jpg","datePublished":"2021-04-08T12:16:30+00:00","dateModified":"2022-08-27T13:40:11+00:00","breadcrumb":{"@id":"https:\/\/vinilozona.lt\/parduotuve\/rock-pop\/jeff-beck-group-%e2%80%8e-rough-and-ready\/#breadcrumb"},"inLanguage":"en-GB","potentialAction":[{"@type":"ReadAction","target":["https:\/\/vinilozona.lt\/parduotuve\/rock-pop\/jeff-beck-group-%e2%80%8e-rough-and-ready\/"]}]},{"@type":"ImageObject","inLanguage":"en-GB","@id":"https:\/\/vinilozona.lt\/parduotuve\/rock-pop\/jeff-beck-group-%e2%80%8e-rough-and-ready\/#primaryimage","url":"https:\/\/vinilozona.lt\/wp-content\/uploads\/2021\/04\/R-1126619-1347002096-5506.jpeg.jpg","contentUrl":"https:\/\/vinilozona.lt\/wp-content\/uploads\/2021\/04\/R-1126619-1347002096-5506.jpeg.jpg","width":400,"height":422},{"@type":"BreadcrumbList","@id":"https:\/\/vinilozona.lt\/parduotuve\/rock-pop\/jeff-beck-group-%e2%80%8e-rough-and-ready\/#breadcrumb","itemListElement":[{"@type":"ListItem","position":1,"name":"Home","item":"https:\/\/vinilozona.lt\/"},{"@type":"ListItem","position":2,"name":"Parduotuv\u0117","item":"https:\/\/vinilozona.lt\/parduotuve\/"},{"@type":"ListItem","position":3,"name":"Jeff Beck Group \u200e\u2013 Rough And Ready"}]},{"@type":"WebSite","@id":"https:\/\/vinilozona.lt\/#website","url":"https:\/\/vinilozona.lt\/","name":"Vinilo Zona","description":"Nup\u016bsk dulkes ir klausyk LP","potentialAction":[{"@type":"SearchAction","target":{"@type":"EntryPoint","urlTemplate":"https:\/\/vinilozona.lt\/?s={search_term_string}"},"query-input":{"@type":"PropertyValueSpecification","valueRequired":true,"valueName":"search_term_string"}}],"inLanguage":"en-GB"}]}},"_links":{"self":[{"href":"https:\/\/vinilozona.lt\/en\/wp-json\/wp\/v2\/product\/14828"}],"collection":[{"href":"https:\/\/vinilozona.lt\/en\/wp-json\/wp\/v2\/product"}],"about":[{"href":"https:\/\/vinilozona.lt\/en\/wp-json\/wp\/v2\/types\/product"}],"wp:featuredmedia":[{"embeddable":true,"href":"https:\/\/vinilozona.lt\/en\/wp-json\/wp\/v2\/media\/14829"}],"wp:attachment":[{"href":"https:\/\/vinilozona.lt\/en\/wp-json\/wp\/v2\/media?parent=14828"}],"wp:term":[{"taxonomy":"product_cat","embeddable":true,"href":"https:\/\/vinilozona.lt\/en\/wp-json\/wp\/v2\/product_cat?post=14828"},{"taxonomy":"product_tag","embeddable":true,"href":"https:\/\/vinilozona.lt\/en\/wp-json\/wp\/v2\/product_tag?post=14828"}],"curies":[{"name":"wp","href":"https:\/\/api.w.org\/{rel}","templated":true}]}}