{"id":14812,"date":"2023-03-06T07:04:31","date_gmt":"2023-03-06T05:04:31","guid":{"rendered":"https:\/\/vinilozona.lt\/?post_type=product&#038;p=14812"},"modified":"2023-03-06T11:37:35","modified_gmt":"2023-03-06T09:37:35","slug":"johnny-winter-%e2%80%8e-saints-sinners","status":"publish","type":"product","link":"https:\/\/vinilozona.lt\/en\/parduotuve\/rock-pop\/johnny-winter-%e2%80%8e-saints-sinners\/","title":{"rendered":"Johnny Winter \u200e\u2013 Saints &#038; Sinners"},"content":{"rendered":"<p>A1\tStone County\t3:31<br \/>\nA2\tBlinded By Love\t4:32<br \/>\nA3\tThirty Days\t3:01<br \/>\nA4\tStray Cat Blues\t4:18<br \/>\nA5\tBad Luck Situation\t2:51<br \/>\nB1\tRollin&#8217; &#8216;Cross The Country\t4:29<br \/>\nB2\tRiot In Cell Block #9\t3:11<br \/>\nB3\tHurtin&#8217; So Bad\t4:41<br \/>\nB4\tBoney Moroney\t2:38<br \/>\nB5\tFeedback On Highway 101\t4:27<\/p>","protected":false},"excerpt":{"rendered":"<p>Columbia \u2013 KC 32715<br \/>\nFormat:<br \/>\nVinyl, LP, Album<br \/>\nCountry:\tUS<br \/>\nReleased:\t1974<\/p>","protected":false},"featured_media":14813,"template":"","meta":[],"product_cat":[15],"product_tag":[44],"yoast_head":"<!-- This site is optimized with the Yoast SEO plugin v23.5 - https:\/\/yoast.com\/wordpress\/plugins\/seo\/ -->\n<title>Johnny Winter \u200e\u2013 Saints &amp; Sinners Vinilin\u0117 Plok\u0161tel\u0117 | Vinilozona.lt<\/title>\n<meta name=\"robots\" content=\"index, follow, max-snippet:-1, max-image-preview:large, max-video-preview:-1\" \/>\n<link rel=\"canonical\" href=\"https:\/\/vinilozona.lt\/en\/parduotuve\/rock-pop\/johnny-winter-\u200e-saints-sinners\/\" \/>\n<meta property=\"og:locale\" content=\"en_GB\" \/>\n<meta property=\"og:type\" content=\"article\" \/>\n<meta property=\"og:title\" content=\"Johnny Winter \u200e\u2013 Saints &amp; Sinners Vinilin\u0117 Plok\u0161tel\u0117 | Vinilozona.lt\" \/>\n<meta property=\"og:description\" content=\"Columbia \u2013 KC 32715 Format:  Vinyl, LP, Album Country: US Released: 1974\" \/>\n<meta property=\"og:url\" content=\"https:\/\/vinilozona.lt\/en\/parduotuve\/rock-pop\/johnny-winter-\u200e-saints-sinners\/\" \/>\n<meta property=\"og:site_name\" content=\"Vinilo Zona\" \/>\n<meta property=\"article:modified_time\" content=\"2023-03-06T09:37:35+00:00\" \/>\n<meta property=\"og:image\" content=\"https:\/\/vinilozona.lt\/wp-content\/uploads\/2021\/04\/R-2250364-1272333608.jpeg.jpg\" \/>\n\t<meta property=\"og:image:width\" content=\"500\" \/>\n\t<meta property=\"og:image:height\" content=\"500\" \/>\n\t<meta property=\"og:image:type\" content=\"image\/jpeg\" \/>\n<meta name=\"twitter:card\" content=\"summary_large_image\" \/>\n<script type=\"application\/ld+json\" class=\"yoast-schema-graph\">{\"@context\":\"https:\/\/schema.org\",\"@graph\":[{\"@type\":\"WebPage\",\"@id\":\"https:\/\/vinilozona.lt\/parduotuve\/rock-pop\/johnny-winter-%e2%80%8e-saints-sinners\/\",\"url\":\"https:\/\/vinilozona.lt\/parduotuve\/rock-pop\/johnny-winter-%e2%80%8e-saints-sinners\/\",\"name\":\"Johnny Winter \u200e\u2013 Saints & Sinners Vinilin\u0117 Plok\u0161tel\u0117 | Vinilozona.lt\",\"isPartOf\":{\"@id\":\"https:\/\/vinilozona.lt\/#website\"},\"primaryImageOfPage\":{\"@id\":\"https:\/\/vinilozona.lt\/parduotuve\/rock-pop\/johnny-winter-%e2%80%8e-saints-sinners\/#primaryimage\"},\"image\":{\"@id\":\"https:\/\/vinilozona.lt\/parduotuve\/rock-pop\/johnny-winter-%e2%80%8e-saints-sinners\/#primaryimage\"},\"thumbnailUrl\":\"https:\/\/vinilozona.lt\/wp-content\/uploads\/2021\/04\/R-2250364-1272333608.jpeg.jpg\",\"datePublished\":\"2023-03-06T05:04:31+00:00\",\"dateModified\":\"2023-03-06T09:37:35+00:00\",\"breadcrumb\":{\"@id\":\"https:\/\/vinilozona.lt\/parduotuve\/rock-pop\/johnny-winter-%e2%80%8e-saints-sinners\/#breadcrumb\"},\"inLanguage\":\"en-GB\",\"potentialAction\":[{\"@type\":\"ReadAction\",\"target\":[\"https:\/\/vinilozona.lt\/parduotuve\/rock-pop\/johnny-winter-%e2%80%8e-saints-sinners\/\"]}]},{\"@type\":\"ImageObject\",\"inLanguage\":\"en-GB\",\"@id\":\"https:\/\/vinilozona.lt\/parduotuve\/rock-pop\/johnny-winter-%e2%80%8e-saints-sinners\/#primaryimage\",\"url\":\"https:\/\/vinilozona.lt\/wp-content\/uploads\/2021\/04\/R-2250364-1272333608.jpeg.jpg\",\"contentUrl\":\"https:\/\/vinilozona.lt\/wp-content\/uploads\/2021\/04\/R-2250364-1272333608.jpeg.jpg\",\"width\":500,\"height\":500},{\"@type\":\"BreadcrumbList\",\"@id\":\"https:\/\/vinilozona.lt\/parduotuve\/rock-pop\/johnny-winter-%e2%80%8e-saints-sinners\/#breadcrumb\",\"itemListElement\":[{\"@type\":\"ListItem\",\"position\":1,\"name\":\"Home\",\"item\":\"https:\/\/vinilozona.lt\/\"},{\"@type\":\"ListItem\",\"position\":2,\"name\":\"Parduotuv\u0117\",\"item\":\"https:\/\/vinilozona.lt\/parduotuve\/\"},{\"@type\":\"ListItem\",\"position\":3,\"name\":\"Johnny Winter \u200e\u2013 Saints &#038; Sinners\"}]},{\"@type\":\"WebSite\",\"@id\":\"https:\/\/vinilozona.lt\/#website\",\"url\":\"https:\/\/vinilozona.lt\/\",\"name\":\"Vinilo Zona\",\"description\":\"Nup\u016bsk dulkes ir klausyk LP\",\"potentialAction\":[{\"@type\":\"SearchAction\",\"target\":{\"@type\":\"EntryPoint\",\"urlTemplate\":\"https:\/\/vinilozona.lt\/?s={search_term_string}\"},\"query-input\":{\"@type\":\"PropertyValueSpecification\",\"valueRequired\":true,\"valueName\":\"search_term_string\"}}],\"inLanguage\":\"en-GB\"}]}<\/script>\n<!-- \/ Yoast SEO plugin. -->","yoast_head_json":{"title":"Johnny Winter \u200e\u2013 Saints & Sinners Vinilin\u0117 Plok\u0161tel\u0117 | Vinilozona.lt","robots":{"index":"index","follow":"follow","max-snippet":"max-snippet:-1","max-image-preview":"max-image-preview:large","max-video-preview":"max-video-preview:-1"},"canonical":"https:\/\/vinilozona.lt\/en\/parduotuve\/rock-pop\/johnny-winter-\u200e-saints-sinners\/","og_locale":"en_GB","og_type":"article","og_title":"Johnny Winter \u200e\u2013 Saints & Sinners Vinilin\u0117 Plok\u0161tel\u0117 | Vinilozona.lt","og_description":"Columbia \u2013 KC 32715 Format:  Vinyl, LP, Album Country: US Released: 1974","og_url":"https:\/\/vinilozona.lt\/en\/parduotuve\/rock-pop\/johnny-winter-\u200e-saints-sinners\/","og_site_name":"Vinilo Zona","article_modified_time":"2023-03-06T09:37:35+00:00","og_image":[{"width":500,"height":500,"url":"https:\/\/vinilozona.lt\/wp-content\/uploads\/2021\/04\/R-2250364-1272333608.jpeg.jpg","type":"image\/jpeg"}],"twitter_card":"summary_large_image","schema":{"@context":"https:\/\/schema.org","@graph":[{"@type":"WebPage","@id":"https:\/\/vinilozona.lt\/parduotuve\/rock-pop\/johnny-winter-%e2%80%8e-saints-sinners\/","url":"https:\/\/vinilozona.lt\/parduotuve\/rock-pop\/johnny-winter-%e2%80%8e-saints-sinners\/","name":"Johnny Winter \u200e\u2013 Saints & Sinners Vinilin\u0117 Plok\u0161tel\u0117 | Vinilozona.lt","isPartOf":{"@id":"https:\/\/vinilozona.lt\/#website"},"primaryImageOfPage":{"@id":"https:\/\/vinilozona.lt\/parduotuve\/rock-pop\/johnny-winter-%e2%80%8e-saints-sinners\/#primaryimage"},"image":{"@id":"https:\/\/vinilozona.lt\/parduotuve\/rock-pop\/johnny-winter-%e2%80%8e-saints-sinners\/#primaryimage"},"thumbnailUrl":"https:\/\/vinilozona.lt\/wp-content\/uploads\/2021\/04\/R-2250364-1272333608.jpeg.jpg","datePublished":"2023-03-06T05:04:31+00:00","dateModified":"2023-03-06T09:37:35+00:00","breadcrumb":{"@id":"https:\/\/vinilozona.lt\/parduotuve\/rock-pop\/johnny-winter-%e2%80%8e-saints-sinners\/#breadcrumb"},"inLanguage":"en-GB","potentialAction":[{"@type":"ReadAction","target":["https:\/\/vinilozona.lt\/parduotuve\/rock-pop\/johnny-winter-%e2%80%8e-saints-sinners\/"]}]},{"@type":"ImageObject","inLanguage":"en-GB","@id":"https:\/\/vinilozona.lt\/parduotuve\/rock-pop\/johnny-winter-%e2%80%8e-saints-sinners\/#primaryimage","url":"https:\/\/vinilozona.lt\/wp-content\/uploads\/2021\/04\/R-2250364-1272333608.jpeg.jpg","contentUrl":"https:\/\/vinilozona.lt\/wp-content\/uploads\/2021\/04\/R-2250364-1272333608.jpeg.jpg","width":500,"height":500},{"@type":"BreadcrumbList","@id":"https:\/\/vinilozona.lt\/parduotuve\/rock-pop\/johnny-winter-%e2%80%8e-saints-sinners\/#breadcrumb","itemListElement":[{"@type":"ListItem","position":1,"name":"Home","item":"https:\/\/vinilozona.lt\/"},{"@type":"ListItem","position":2,"name":"Parduotuv\u0117","item":"https:\/\/vinilozona.lt\/parduotuve\/"},{"@type":"ListItem","position":3,"name":"Johnny Winter \u200e\u2013 Saints &#038; Sinners"}]},{"@type":"WebSite","@id":"https:\/\/vinilozona.lt\/#website","url":"https:\/\/vinilozona.lt\/","name":"Vinilo Zona","description":"Nup\u016bsk dulkes ir klausyk LP","potentialAction":[{"@type":"SearchAction","target":{"@type":"EntryPoint","urlTemplate":"https:\/\/vinilozona.lt\/?s={search_term_string}"},"query-input":{"@type":"PropertyValueSpecification","valueRequired":true,"valueName":"search_term_string"}}],"inLanguage":"en-GB"}]}},"_links":{"self":[{"href":"https:\/\/vinilozona.lt\/en\/wp-json\/wp\/v2\/product\/14812"}],"collection":[{"href":"https:\/\/vinilozona.lt\/en\/wp-json\/wp\/v2\/product"}],"about":[{"href":"https:\/\/vinilozona.lt\/en\/wp-json\/wp\/v2\/types\/product"}],"wp:featuredmedia":[{"embeddable":true,"href":"https:\/\/vinilozona.lt\/en\/wp-json\/wp\/v2\/media\/14813"}],"wp:attachment":[{"href":"https:\/\/vinilozona.lt\/en\/wp-json\/wp\/v2\/media?parent=14812"}],"wp:term":[{"taxonomy":"product_cat","embeddable":true,"href":"https:\/\/vinilozona.lt\/en\/wp-json\/wp\/v2\/product_cat?post=14812"},{"taxonomy":"product_tag","embeddable":true,"href":"https:\/\/vinilozona.lt\/en\/wp-json\/wp\/v2\/product_tag?post=14812"}],"curies":[{"name":"wp","href":"https:\/\/api.w.org\/{rel}","templated":true}]}}