{"id":14802,"date":"2021-04-08T11:56:44","date_gmt":"2021-04-08T08:56:44","guid":{"rendered":"https:\/\/vinilozona.lt\/?post_type=product&#038;p=14802"},"modified":"2023-01-19T17:12:49","modified_gmt":"2023-01-19T15:12:49","slug":"omega-%e2%80%8e-elo-omega-kisstadion-79","status":"publish","type":"product","link":"https:\/\/vinilozona.lt\/en\/parduotuve\/rock-pop\/omega-%e2%80%8e-elo-omega-kisstadion-79\/","title":{"rendered":"Omega  \u200e\u2013 \u00c9l\u0151 Omega Kisstadion &#8217;79"},"content":{"rendered":"<p>A1\tSze-Vosztok<br \/>\nA2\tGammapolis 1<br \/>\nA3\tNem Tudom A Neved<br \/>\nB1\tL\u00e9na<br \/>\nB2\tStart<br \/>\nB3\tId\u0151rabl\u00f3<br \/>\nB4\t\u00c9jf\u00e9li Koncert<br \/>\nC1\tEz\u00fcst Es\u0151<br \/>\nC2\tCsillagok \u00datj\u00e1n<br \/>\nD1\t\u0150r\u00fcltek \u00d3r\u00e1ja<br \/>\nD2\tMetamorf\u00f3zis II.<br \/>\nD3\tFinale<br \/>\nD4\tMetamorf\u00f3zis I.<\/p>","protected":false},"excerpt":{"rendered":"<p>Pepita \u200e\u2013 SLPX 17619-20<br \/>\nFormat:2 \u00d7 Vinyl, LP, Album, Stereo<br \/>\nCountry: Hungary<\/p>","protected":false},"featured_media":14803,"template":"","meta":[],"product_cat":[15],"product_tag":[44],"yoast_head":"<!-- This site is optimized with the Yoast SEO plugin v23.5 - https:\/\/yoast.com\/wordpress\/plugins\/seo\/ -->\n<title>Omega \u200e\u2013 \u00c9l\u0151 Omega Kisstadion &#039;79 Vinilin\u0117 Plok\u0161tel\u0117 | Vinilozona.lt<\/title>\n<meta name=\"robots\" content=\"index, follow, max-snippet:-1, max-image-preview:large, max-video-preview:-1\" \/>\n<link rel=\"canonical\" href=\"https:\/\/vinilozona.lt\/en\/parduotuve\/rock-pop\/omega-\u200e-elo-omega-kisstadion-79\/\" \/>\n<meta property=\"og:locale\" content=\"en_GB\" \/>\n<meta property=\"og:type\" content=\"article\" \/>\n<meta property=\"og:title\" content=\"Omega \u200e\u2013 \u00c9l\u0151 Omega Kisstadion &#039;79 Vinilin\u0117 Plok\u0161tel\u0117 | Vinilozona.lt\" \/>\n<meta property=\"og:description\" content=\"Pepita \u200e\u2013 SLPX 17619-20 Format:2 \u00d7 Vinyl, LP, Album, Stereo Country: Hungary\" \/>\n<meta property=\"og:url\" content=\"https:\/\/vinilozona.lt\/en\/parduotuve\/rock-pop\/omega-\u200e-elo-omega-kisstadion-79\/\" \/>\n<meta property=\"og:site_name\" content=\"Vinilo Zona\" \/>\n<meta property=\"article:modified_time\" content=\"2023-01-19T15:12:49+00:00\" \/>\n<meta property=\"og:image\" content=\"https:\/\/vinilozona.lt\/wp-content\/uploads\/2021\/04\/R-762066-1456172482-3890.jpeg.jpg\" \/>\n\t<meta property=\"og:image:width\" content=\"524\" \/>\n\t<meta property=\"og:image:height\" content=\"524\" \/>\n\t<meta property=\"og:image:type\" content=\"image\/jpeg\" \/>\n<meta name=\"twitter:card\" content=\"summary_large_image\" \/>\n<script type=\"application\/ld+json\" class=\"yoast-schema-graph\">{\"@context\":\"https:\/\/schema.org\",\"@graph\":[{\"@type\":\"WebPage\",\"@id\":\"https:\/\/vinilozona.lt\/parduotuve\/rock-pop\/omega-%e2%80%8e-elo-omega-kisstadion-79\/\",\"url\":\"https:\/\/vinilozona.lt\/parduotuve\/rock-pop\/omega-%e2%80%8e-elo-omega-kisstadion-79\/\",\"name\":\"Omega \u200e\u2013 \u00c9l\u0151 Omega Kisstadion '79 Vinilin\u0117 Plok\u0161tel\u0117 | Vinilozona.lt\",\"isPartOf\":{\"@id\":\"https:\/\/vinilozona.lt\/#website\"},\"primaryImageOfPage\":{\"@id\":\"https:\/\/vinilozona.lt\/parduotuve\/rock-pop\/omega-%e2%80%8e-elo-omega-kisstadion-79\/#primaryimage\"},\"image\":{\"@id\":\"https:\/\/vinilozona.lt\/parduotuve\/rock-pop\/omega-%e2%80%8e-elo-omega-kisstadion-79\/#primaryimage\"},\"thumbnailUrl\":\"https:\/\/vinilozona.lt\/wp-content\/uploads\/2021\/04\/R-762066-1456172482-3890.jpeg.jpg\",\"datePublished\":\"2021-04-08T08:56:44+00:00\",\"dateModified\":\"2023-01-19T15:12:49+00:00\",\"breadcrumb\":{\"@id\":\"https:\/\/vinilozona.lt\/parduotuve\/rock-pop\/omega-%e2%80%8e-elo-omega-kisstadion-79\/#breadcrumb\"},\"inLanguage\":\"en-GB\",\"potentialAction\":[{\"@type\":\"ReadAction\",\"target\":[\"https:\/\/vinilozona.lt\/parduotuve\/rock-pop\/omega-%e2%80%8e-elo-omega-kisstadion-79\/\"]}]},{\"@type\":\"ImageObject\",\"inLanguage\":\"en-GB\",\"@id\":\"https:\/\/vinilozona.lt\/parduotuve\/rock-pop\/omega-%e2%80%8e-elo-omega-kisstadion-79\/#primaryimage\",\"url\":\"https:\/\/vinilozona.lt\/wp-content\/uploads\/2021\/04\/R-762066-1456172482-3890.jpeg.jpg\",\"contentUrl\":\"https:\/\/vinilozona.lt\/wp-content\/uploads\/2021\/04\/R-762066-1456172482-3890.jpeg.jpg\",\"width\":524,\"height\":524},{\"@type\":\"BreadcrumbList\",\"@id\":\"https:\/\/vinilozona.lt\/parduotuve\/rock-pop\/omega-%e2%80%8e-elo-omega-kisstadion-79\/#breadcrumb\",\"itemListElement\":[{\"@type\":\"ListItem\",\"position\":1,\"name\":\"Home\",\"item\":\"https:\/\/vinilozona.lt\/\"},{\"@type\":\"ListItem\",\"position\":2,\"name\":\"Parduotuv\u0117\",\"item\":\"https:\/\/vinilozona.lt\/parduotuve\/\"},{\"@type\":\"ListItem\",\"position\":3,\"name\":\"Omega \u200e\u2013 \u00c9l\u0151 Omega Kisstadion &#8217;79\"}]},{\"@type\":\"WebSite\",\"@id\":\"https:\/\/vinilozona.lt\/#website\",\"url\":\"https:\/\/vinilozona.lt\/\",\"name\":\"Vinilo Zona\",\"description\":\"Nup\u016bsk dulkes ir klausyk LP\",\"potentialAction\":[{\"@type\":\"SearchAction\",\"target\":{\"@type\":\"EntryPoint\",\"urlTemplate\":\"https:\/\/vinilozona.lt\/?s={search_term_string}\"},\"query-input\":{\"@type\":\"PropertyValueSpecification\",\"valueRequired\":true,\"valueName\":\"search_term_string\"}}],\"inLanguage\":\"en-GB\"}]}<\/script>\n<!-- \/ Yoast SEO plugin. -->","yoast_head_json":{"title":"Omega \u200e\u2013 \u00c9l\u0151 Omega Kisstadion '79 Vinilin\u0117 Plok\u0161tel\u0117 | Vinilozona.lt","robots":{"index":"index","follow":"follow","max-snippet":"max-snippet:-1","max-image-preview":"max-image-preview:large","max-video-preview":"max-video-preview:-1"},"canonical":"https:\/\/vinilozona.lt\/en\/parduotuve\/rock-pop\/omega-\u200e-elo-omega-kisstadion-79\/","og_locale":"en_GB","og_type":"article","og_title":"Omega \u200e\u2013 \u00c9l\u0151 Omega Kisstadion '79 Vinilin\u0117 Plok\u0161tel\u0117 | Vinilozona.lt","og_description":"Pepita \u200e\u2013 SLPX 17619-20 Format:2 \u00d7 Vinyl, LP, Album, Stereo Country: Hungary","og_url":"https:\/\/vinilozona.lt\/en\/parduotuve\/rock-pop\/omega-\u200e-elo-omega-kisstadion-79\/","og_site_name":"Vinilo Zona","article_modified_time":"2023-01-19T15:12:49+00:00","og_image":[{"width":524,"height":524,"url":"https:\/\/vinilozona.lt\/wp-content\/uploads\/2021\/04\/R-762066-1456172482-3890.jpeg.jpg","type":"image\/jpeg"}],"twitter_card":"summary_large_image","schema":{"@context":"https:\/\/schema.org","@graph":[{"@type":"WebPage","@id":"https:\/\/vinilozona.lt\/parduotuve\/rock-pop\/omega-%e2%80%8e-elo-omega-kisstadion-79\/","url":"https:\/\/vinilozona.lt\/parduotuve\/rock-pop\/omega-%e2%80%8e-elo-omega-kisstadion-79\/","name":"Omega \u200e\u2013 \u00c9l\u0151 Omega Kisstadion '79 Vinilin\u0117 Plok\u0161tel\u0117 | Vinilozona.lt","isPartOf":{"@id":"https:\/\/vinilozona.lt\/#website"},"primaryImageOfPage":{"@id":"https:\/\/vinilozona.lt\/parduotuve\/rock-pop\/omega-%e2%80%8e-elo-omega-kisstadion-79\/#primaryimage"},"image":{"@id":"https:\/\/vinilozona.lt\/parduotuve\/rock-pop\/omega-%e2%80%8e-elo-omega-kisstadion-79\/#primaryimage"},"thumbnailUrl":"https:\/\/vinilozona.lt\/wp-content\/uploads\/2021\/04\/R-762066-1456172482-3890.jpeg.jpg","datePublished":"2021-04-08T08:56:44+00:00","dateModified":"2023-01-19T15:12:49+00:00","breadcrumb":{"@id":"https:\/\/vinilozona.lt\/parduotuve\/rock-pop\/omega-%e2%80%8e-elo-omega-kisstadion-79\/#breadcrumb"},"inLanguage":"en-GB","potentialAction":[{"@type":"ReadAction","target":["https:\/\/vinilozona.lt\/parduotuve\/rock-pop\/omega-%e2%80%8e-elo-omega-kisstadion-79\/"]}]},{"@type":"ImageObject","inLanguage":"en-GB","@id":"https:\/\/vinilozona.lt\/parduotuve\/rock-pop\/omega-%e2%80%8e-elo-omega-kisstadion-79\/#primaryimage","url":"https:\/\/vinilozona.lt\/wp-content\/uploads\/2021\/04\/R-762066-1456172482-3890.jpeg.jpg","contentUrl":"https:\/\/vinilozona.lt\/wp-content\/uploads\/2021\/04\/R-762066-1456172482-3890.jpeg.jpg","width":524,"height":524},{"@type":"BreadcrumbList","@id":"https:\/\/vinilozona.lt\/parduotuve\/rock-pop\/omega-%e2%80%8e-elo-omega-kisstadion-79\/#breadcrumb","itemListElement":[{"@type":"ListItem","position":1,"name":"Home","item":"https:\/\/vinilozona.lt\/"},{"@type":"ListItem","position":2,"name":"Parduotuv\u0117","item":"https:\/\/vinilozona.lt\/parduotuve\/"},{"@type":"ListItem","position":3,"name":"Omega \u200e\u2013 \u00c9l\u0151 Omega Kisstadion &#8217;79"}]},{"@type":"WebSite","@id":"https:\/\/vinilozona.lt\/#website","url":"https:\/\/vinilozona.lt\/","name":"Vinilo Zona","description":"Nup\u016bsk dulkes ir klausyk LP","potentialAction":[{"@type":"SearchAction","target":{"@type":"EntryPoint","urlTemplate":"https:\/\/vinilozona.lt\/?s={search_term_string}"},"query-input":{"@type":"PropertyValueSpecification","valueRequired":true,"valueName":"search_term_string"}}],"inLanguage":"en-GB"}]}},"_links":{"self":[{"href":"https:\/\/vinilozona.lt\/en\/wp-json\/wp\/v2\/product\/14802"}],"collection":[{"href":"https:\/\/vinilozona.lt\/en\/wp-json\/wp\/v2\/product"}],"about":[{"href":"https:\/\/vinilozona.lt\/en\/wp-json\/wp\/v2\/types\/product"}],"wp:featuredmedia":[{"embeddable":true,"href":"https:\/\/vinilozona.lt\/en\/wp-json\/wp\/v2\/media\/14803"}],"wp:attachment":[{"href":"https:\/\/vinilozona.lt\/en\/wp-json\/wp\/v2\/media?parent=14802"}],"wp:term":[{"taxonomy":"product_cat","embeddable":true,"href":"https:\/\/vinilozona.lt\/en\/wp-json\/wp\/v2\/product_cat?post=14802"},{"taxonomy":"product_tag","embeddable":true,"href":"https:\/\/vinilozona.lt\/en\/wp-json\/wp\/v2\/product_tag?post=14802"}],"curies":[{"name":"wp","href":"https:\/\/api.w.org\/{rel}","templated":true}]}}