{"id":14782,"date":"2021-04-02T22:32:24","date_gmt":"2021-04-02T19:32:24","guid":{"rendered":"https:\/\/vinilozona.lt\/?post_type=product&#038;p=14782"},"modified":"2023-09-11T15:55:56","modified_gmt":"2023-09-11T12:55:56","slug":"various-bop-city-straight-ahead","status":"publish","type":"product","link":"https:\/\/vinilozona.lt\/en\/parduotuve\/jazz\/various-bop-city-straight-ahead\/","title":{"rendered":"Various (Blakey, Davis, Nelson, Byrd, Coltrane, Rollins)\u2013 Bop City &#8211; Straight Ahead"},"content":{"rendered":"<p>A1\t\u2013Art Blakey &#038; The Jazz Messengers\tOne By One<br \/>\nA2\t\u2013Miles Davis\tIf I Were A Bell<br \/>\nA3\t\u2013Oliver Nelson\tStraight Ahead<br \/>\nB1\t\u2013Donald Byrd &#038; Art Farmer\tThe Third<br \/>\nB2\t\u2013John Coltrane\tTheme For Ernie<br \/>\nB3\t\u2013Sonny Rollins\tSt Thomas<\/p>","protected":false},"excerpt":{"rendered":"<p>BOPM 10<\/p>","protected":false},"featured_media":14783,"template":"","meta":[],"product_cat":[20,906],"product_tag":[55],"yoast_head":"<!-- This site is optimized with the Yoast SEO plugin v23.5 - https:\/\/yoast.com\/wordpress\/plugins\/seo\/ -->\n<title>Various (Blakey, Davis, Nelson, Byrd, Coltrane, Rollins)\u2013 Bop City - Straight Ahead Vinilin\u0117 Plok\u0161tel\u0117 | Vinilozona.lt<\/title>\n<meta name=\"robots\" content=\"index, follow, max-snippet:-1, max-image-preview:large, max-video-preview:-1\" \/>\n<link rel=\"canonical\" href=\"https:\/\/vinilozona.lt\/en\/parduotuve\/jazz\/various-bop-city-straight-ahead\/\" \/>\n<meta property=\"og:locale\" content=\"en_GB\" \/>\n<meta property=\"og:type\" content=\"article\" \/>\n<meta property=\"og:title\" content=\"Various (Blakey, Davis, Nelson, Byrd, Coltrane, Rollins)\u2013 Bop City - Straight Ahead Vinilin\u0117 Plok\u0161tel\u0117 | Vinilozona.lt\" \/>\n<meta property=\"og:description\" content=\"BOPM 10\" \/>\n<meta property=\"og:url\" content=\"https:\/\/vinilozona.lt\/en\/parduotuve\/jazz\/various-bop-city-straight-ahead\/\" \/>\n<meta property=\"og:site_name\" content=\"Vinilo Zona\" \/>\n<meta property=\"article:modified_time\" content=\"2023-09-11T12:55:56+00:00\" \/>\n<meta property=\"og:image\" content=\"https:\/\/vinilozona.lt\/wp-content\/uploads\/2021\/04\/R-3795873-1481991036-6279.jpeg.jpg\" \/>\n\t<meta property=\"og:image:width\" content=\"600\" \/>\n\t<meta property=\"og:image:height\" content=\"560\" \/>\n\t<meta property=\"og:image:type\" content=\"image\/jpeg\" \/>\n<meta name=\"twitter:card\" content=\"summary_large_image\" \/>\n<script type=\"application\/ld+json\" class=\"yoast-schema-graph\">{\"@context\":\"https:\/\/schema.org\",\"@graph\":[{\"@type\":\"WebPage\",\"@id\":\"https:\/\/vinilozona.lt\/parduotuve\/jazz\/various-bop-city-straight-ahead\/\",\"url\":\"https:\/\/vinilozona.lt\/parduotuve\/jazz\/various-bop-city-straight-ahead\/\",\"name\":\"Various (Blakey, Davis, Nelson, Byrd, Coltrane, Rollins)\u2013 Bop City - Straight Ahead Vinilin\u0117 Plok\u0161tel\u0117 | Vinilozona.lt\",\"isPartOf\":{\"@id\":\"https:\/\/vinilozona.lt\/#website\"},\"primaryImageOfPage\":{\"@id\":\"https:\/\/vinilozona.lt\/parduotuve\/jazz\/various-bop-city-straight-ahead\/#primaryimage\"},\"image\":{\"@id\":\"https:\/\/vinilozona.lt\/parduotuve\/jazz\/various-bop-city-straight-ahead\/#primaryimage\"},\"thumbnailUrl\":\"https:\/\/vinilozona.lt\/wp-content\/uploads\/2021\/04\/R-3795873-1481991036-6279.jpeg.jpg\",\"datePublished\":\"2021-04-02T19:32:24+00:00\",\"dateModified\":\"2023-09-11T12:55:56+00:00\",\"breadcrumb\":{\"@id\":\"https:\/\/vinilozona.lt\/parduotuve\/jazz\/various-bop-city-straight-ahead\/#breadcrumb\"},\"inLanguage\":\"en-GB\",\"potentialAction\":[{\"@type\":\"ReadAction\",\"target\":[\"https:\/\/vinilozona.lt\/parduotuve\/jazz\/various-bop-city-straight-ahead\/\"]}]},{\"@type\":\"ImageObject\",\"inLanguage\":\"en-GB\",\"@id\":\"https:\/\/vinilozona.lt\/parduotuve\/jazz\/various-bop-city-straight-ahead\/#primaryimage\",\"url\":\"https:\/\/vinilozona.lt\/wp-content\/uploads\/2021\/04\/R-3795873-1481991036-6279.jpeg.jpg\",\"contentUrl\":\"https:\/\/vinilozona.lt\/wp-content\/uploads\/2021\/04\/R-3795873-1481991036-6279.jpeg.jpg\",\"width\":600,\"height\":560},{\"@type\":\"BreadcrumbList\",\"@id\":\"https:\/\/vinilozona.lt\/parduotuve\/jazz\/various-bop-city-straight-ahead\/#breadcrumb\",\"itemListElement\":[{\"@type\":\"ListItem\",\"position\":1,\"name\":\"Home\",\"item\":\"https:\/\/vinilozona.lt\/\"},{\"@type\":\"ListItem\",\"position\":2,\"name\":\"Parduotuv\u0117\",\"item\":\"https:\/\/vinilozona.lt\/parduotuve\/\"},{\"@type\":\"ListItem\",\"position\":3,\"name\":\"Various (Blakey, Davis, Nelson, Byrd, Coltrane, Rollins)\u2013 Bop City &#8211; Straight Ahead\"}]},{\"@type\":\"WebSite\",\"@id\":\"https:\/\/vinilozona.lt\/#website\",\"url\":\"https:\/\/vinilozona.lt\/\",\"name\":\"Vinilo Zona\",\"description\":\"Nup\u016bsk dulkes ir klausyk LP\",\"potentialAction\":[{\"@type\":\"SearchAction\",\"target\":{\"@type\":\"EntryPoint\",\"urlTemplate\":\"https:\/\/vinilozona.lt\/?s={search_term_string}\"},\"query-input\":{\"@type\":\"PropertyValueSpecification\",\"valueRequired\":true,\"valueName\":\"search_term_string\"}}],\"inLanguage\":\"en-GB\"}]}<\/script>\n<!-- \/ Yoast SEO plugin. -->","yoast_head_json":{"title":"Various (Blakey, Davis, Nelson, Byrd, Coltrane, Rollins)\u2013 Bop City - Straight Ahead Vinilin\u0117 Plok\u0161tel\u0117 | Vinilozona.lt","robots":{"index":"index","follow":"follow","max-snippet":"max-snippet:-1","max-image-preview":"max-image-preview:large","max-video-preview":"max-video-preview:-1"},"canonical":"https:\/\/vinilozona.lt\/en\/parduotuve\/jazz\/various-bop-city-straight-ahead\/","og_locale":"en_GB","og_type":"article","og_title":"Various (Blakey, Davis, Nelson, Byrd, Coltrane, Rollins)\u2013 Bop City - Straight Ahead Vinilin\u0117 Plok\u0161tel\u0117 | Vinilozona.lt","og_description":"BOPM 10","og_url":"https:\/\/vinilozona.lt\/en\/parduotuve\/jazz\/various-bop-city-straight-ahead\/","og_site_name":"Vinilo Zona","article_modified_time":"2023-09-11T12:55:56+00:00","og_image":[{"width":600,"height":560,"url":"https:\/\/vinilozona.lt\/wp-content\/uploads\/2021\/04\/R-3795873-1481991036-6279.jpeg.jpg","type":"image\/jpeg"}],"twitter_card":"summary_large_image","schema":{"@context":"https:\/\/schema.org","@graph":[{"@type":"WebPage","@id":"https:\/\/vinilozona.lt\/parduotuve\/jazz\/various-bop-city-straight-ahead\/","url":"https:\/\/vinilozona.lt\/parduotuve\/jazz\/various-bop-city-straight-ahead\/","name":"Various (Blakey, Davis, Nelson, Byrd, Coltrane, Rollins)\u2013 Bop City - Straight Ahead Vinilin\u0117 Plok\u0161tel\u0117 | Vinilozona.lt","isPartOf":{"@id":"https:\/\/vinilozona.lt\/#website"},"primaryImageOfPage":{"@id":"https:\/\/vinilozona.lt\/parduotuve\/jazz\/various-bop-city-straight-ahead\/#primaryimage"},"image":{"@id":"https:\/\/vinilozona.lt\/parduotuve\/jazz\/various-bop-city-straight-ahead\/#primaryimage"},"thumbnailUrl":"https:\/\/vinilozona.lt\/wp-content\/uploads\/2021\/04\/R-3795873-1481991036-6279.jpeg.jpg","datePublished":"2021-04-02T19:32:24+00:00","dateModified":"2023-09-11T12:55:56+00:00","breadcrumb":{"@id":"https:\/\/vinilozona.lt\/parduotuve\/jazz\/various-bop-city-straight-ahead\/#breadcrumb"},"inLanguage":"en-GB","potentialAction":[{"@type":"ReadAction","target":["https:\/\/vinilozona.lt\/parduotuve\/jazz\/various-bop-city-straight-ahead\/"]}]},{"@type":"ImageObject","inLanguage":"en-GB","@id":"https:\/\/vinilozona.lt\/parduotuve\/jazz\/various-bop-city-straight-ahead\/#primaryimage","url":"https:\/\/vinilozona.lt\/wp-content\/uploads\/2021\/04\/R-3795873-1481991036-6279.jpeg.jpg","contentUrl":"https:\/\/vinilozona.lt\/wp-content\/uploads\/2021\/04\/R-3795873-1481991036-6279.jpeg.jpg","width":600,"height":560},{"@type":"BreadcrumbList","@id":"https:\/\/vinilozona.lt\/parduotuve\/jazz\/various-bop-city-straight-ahead\/#breadcrumb","itemListElement":[{"@type":"ListItem","position":1,"name":"Home","item":"https:\/\/vinilozona.lt\/"},{"@type":"ListItem","position":2,"name":"Parduotuv\u0117","item":"https:\/\/vinilozona.lt\/parduotuve\/"},{"@type":"ListItem","position":3,"name":"Various (Blakey, Davis, Nelson, Byrd, Coltrane, Rollins)\u2013 Bop City &#8211; Straight Ahead"}]},{"@type":"WebSite","@id":"https:\/\/vinilozona.lt\/#website","url":"https:\/\/vinilozona.lt\/","name":"Vinilo Zona","description":"Nup\u016bsk dulkes ir klausyk LP","potentialAction":[{"@type":"SearchAction","target":{"@type":"EntryPoint","urlTemplate":"https:\/\/vinilozona.lt\/?s={search_term_string}"},"query-input":{"@type":"PropertyValueSpecification","valueRequired":true,"valueName":"search_term_string"}}],"inLanguage":"en-GB"}]}},"_links":{"self":[{"href":"https:\/\/vinilozona.lt\/en\/wp-json\/wp\/v2\/product\/14782"}],"collection":[{"href":"https:\/\/vinilozona.lt\/en\/wp-json\/wp\/v2\/product"}],"about":[{"href":"https:\/\/vinilozona.lt\/en\/wp-json\/wp\/v2\/types\/product"}],"wp:featuredmedia":[{"embeddable":true,"href":"https:\/\/vinilozona.lt\/en\/wp-json\/wp\/v2\/media\/14783"}],"wp:attachment":[{"href":"https:\/\/vinilozona.lt\/en\/wp-json\/wp\/v2\/media?parent=14782"}],"wp:term":[{"taxonomy":"product_cat","embeddable":true,"href":"https:\/\/vinilozona.lt\/en\/wp-json\/wp\/v2\/product_cat?post=14782"},{"taxonomy":"product_tag","embeddable":true,"href":"https:\/\/vinilozona.lt\/en\/wp-json\/wp\/v2\/product_tag?post=14782"}],"curies":[{"name":"wp","href":"https:\/\/api.w.org\/{rel}","templated":true}]}}