{"id":14776,"date":"2024-02-06T05:03:37","date_gmt":"2024-02-06T03:03:37","guid":{"rendered":"https:\/\/vinilozona.lt\/?post_type=product&#038;p=14776"},"modified":"2024-02-05T06:45:59","modified_gmt":"2024-02-05T04:45:59","slug":"%d0%bf-%d1%87%d0%b0%d0%b9%d0%ba%d0%be%d0%b2%d1%81%d0%ba%d0%b8%d0%b9-%d0%bc%d0%b8%d1%85%d0%b0%d0%b8%d0%bb-%d0%bf%d0%bb%d0%b5%d1%82%d0%bd%d0%b5%d0%b2-p-tchaikovsky-mikhail-pletnev-%e2%80%8e","status":"publish","type":"product","link":"https:\/\/vinilozona.lt\/en\/parduotuve\/kita\/%d0%bf-%d1%87%d0%b0%d0%b9%d0%ba%d0%be%d0%b2%d1%81%d0%ba%d0%b8%d0%b9-%d0%bc%d0%b8%d1%85%d0%b0%d0%b8%d0%bb-%d0%bf%d0%bb%d0%b5%d1%82%d0%bd%d0%b5%d0%b2-p-tchaikovsky-mikhail-pletnev-%e2%80%8e\/","title":{"rendered":"\u0410\u0434\u0440\u0438\u0430\u043d\u043e \u0427\u0435\u043b\u0435\u043d\u0442\u0430\u043d\u043e* \u2013 \u041f\u043e\u0435\u0442 \u0410\u0434\u0440\u0438\u0430\u043d\u043e \u0427\u0435\u043b\u0435\u043d\u0442\u0430\u043d\u043e"},"content":{"rendered":"<p>A1\t\t\u041a\u043e\u0433\u0434\u0430 \u041b\u044e\u0431\u043e\u0432\u044c&#8230; = When Love\t6:47<br \/>\nA2\t\t\u0414\u0430 = Yes, I Do\t6:15<br \/>\nA3\t\t\u041c\u0435\u043b\u043e\u0434\u0438\u0438 \u0412\u043e\u0435\u043d\u043d\u043e\u0433\u043e \u0412\u0440\u0435\u043c\u0435\u043d\u0438 = Wartime Melodies\t5:30<br \/>\nB1\t\t\u0421\u043f\u0430\u0441\u0438\u0442\u0435 \u041c\u0435\u043d\u044f = Somebody Save Me\t6:43<br \/>\nB2\t\t\u041f\u043e\u0446\u0435\u043b\u0443\u0439 \u041c\u0435\u043d\u044f \u041d\u0430 \u041f\u0440\u043e\u0449\u0430\u043d\u044c\u0435 = Kiss Me Goodbye\t5:48<br \/>\nB3\t\t\u0422\u044b \u041c\u043e\u0436\u0435\u0448\u044c \u0411\u044b\u0442\u044c \u0421\u0447\u0430\u0441\u0442\u043b\u0438\u0432\u043e\u0439 = You Can Be Happy\t5:31<\/p>","protected":false},"excerpt":{"rendered":"<p>\u041c\u0435\u043b\u043e\u0434\u0438\u044f \u2013 \u0421 60\u201413867-8<br \/>\nFormat:<br \/>\nVinyl, LP, Album, Reissue, Repress<br \/>\nCountry:\tUSSR<br \/>\nReleased:\t1983<\/p>","protected":false},"featured_media":24132,"template":"","meta":[],"product_cat":[21],"product_tag":[44],"yoast_head":"<!-- This site is optimized with the Yoast SEO plugin v23.5 - https:\/\/yoast.com\/wordpress\/plugins\/seo\/ -->\n<title>\u0410\u0434\u0440\u0438\u0430\u043d\u043e \u0427\u0435\u043b\u0435\u043d\u0442\u0430\u043d\u043e* \u2013 \u041f\u043e\u0435\u0442 \u0410\u0434\u0440\u0438\u0430\u043d\u043e \u0427\u0435\u043b\u0435\u043d\u0442\u0430\u043d\u043e Vinilin\u0117 Plok\u0161tel\u0117 | Vinilozona.lt<\/title>\n<meta name=\"robots\" content=\"index, follow, max-snippet:-1, max-image-preview:large, max-video-preview:-1\" \/>\n<link rel=\"canonical\" href=\"https:\/\/vinilozona.lt\/en\/parduotuve\/kita\/\u043f-\u0447\u0430\u0439\u043a\u043e\u0432\u0441\u043a\u0438\u0439-\u043c\u0438\u0445\u0430\u0438\u043b-\u043f\u043b\u0435\u0442\u043d\u0435\u0432-p-tchaikovsky-mikhail-pletnev-\u200e\/\" \/>\n<meta property=\"og:locale\" content=\"en_GB\" \/>\n<meta property=\"og:type\" content=\"article\" \/>\n<meta property=\"og:title\" content=\"\u0410\u0434\u0440\u0438\u0430\u043d\u043e \u0427\u0435\u043b\u0435\u043d\u0442\u0430\u043d\u043e* \u2013 \u041f\u043e\u0435\u0442 \u0410\u0434\u0440\u0438\u0430\u043d\u043e \u0427\u0435\u043b\u0435\u043d\u0442\u0430\u043d\u043e Vinilin\u0117 Plok\u0161tel\u0117 | Vinilozona.lt\" \/>\n<meta property=\"og:description\" content=\"\u041c\u0435\u043b\u043e\u0434\u0438\u044f \u2013 \u0421 60\u201413867-8 Format:  Vinyl, LP, Album, Reissue, Repress Country: USSR Released: 1983\" \/>\n<meta property=\"og:url\" content=\"https:\/\/vinilozona.lt\/en\/parduotuve\/kita\/\u043f-\u0447\u0430\u0439\u043a\u043e\u0432\u0441\u043a\u0438\u0439-\u043c\u0438\u0445\u0430\u0438\u043b-\u043f\u043b\u0435\u0442\u043d\u0435\u0432-p-tchaikovsky-mikhail-pletnev-\u200e\/\" \/>\n<meta property=\"og:site_name\" content=\"Vinilo Zona\" \/>\n<meta property=\"article:modified_time\" content=\"2024-02-05T04:45:59+00:00\" \/>\n<meta property=\"og:image\" content=\"https:\/\/vinilozona.lt\/wp-content\/uploads\/2021\/04\/R-6175763-1415117593-9613.jpg\" \/>\n\t<meta property=\"og:image:width\" content=\"591\" \/>\n\t<meta property=\"og:image:height\" content=\"600\" \/>\n\t<meta property=\"og:image:type\" content=\"image\/jpeg\" \/>\n<meta name=\"twitter:card\" content=\"summary_large_image\" \/>\n<script type=\"application\/ld+json\" class=\"yoast-schema-graph\">{\"@context\":\"https:\/\/schema.org\",\"@graph\":[{\"@type\":\"WebPage\",\"@id\":\"https:\/\/vinilozona.lt\/parduotuve\/kita\/%d0%bf-%d1%87%d0%b0%d0%b9%d0%ba%d0%be%d0%b2%d1%81%d0%ba%d0%b8%d0%b9-%d0%bc%d0%b8%d1%85%d0%b0%d0%b8%d0%bb-%d0%bf%d0%bb%d0%b5%d1%82%d0%bd%d0%b5%d0%b2-p-tchaikovsky-mikhail-pletnev-%e2%80%8e\/\",\"url\":\"https:\/\/vinilozona.lt\/parduotuve\/kita\/%d0%bf-%d1%87%d0%b0%d0%b9%d0%ba%d0%be%d0%b2%d1%81%d0%ba%d0%b8%d0%b9-%d0%bc%d0%b8%d1%85%d0%b0%d0%b8%d0%bb-%d0%bf%d0%bb%d0%b5%d1%82%d0%bd%d0%b5%d0%b2-p-tchaikovsky-mikhail-pletnev-%e2%80%8e\/\",\"name\":\"\u0410\u0434\u0440\u0438\u0430\u043d\u043e \u0427\u0435\u043b\u0435\u043d\u0442\u0430\u043d\u043e* \u2013 \u041f\u043e\u0435\u0442 \u0410\u0434\u0440\u0438\u0430\u043d\u043e \u0427\u0435\u043b\u0435\u043d\u0442\u0430\u043d\u043e Vinilin\u0117 Plok\u0161tel\u0117 | Vinilozona.lt\",\"isPartOf\":{\"@id\":\"https:\/\/vinilozona.lt\/#website\"},\"primaryImageOfPage\":{\"@id\":\"https:\/\/vinilozona.lt\/parduotuve\/kita\/%d0%bf-%d1%87%d0%b0%d0%b9%d0%ba%d0%be%d0%b2%d1%81%d0%ba%d0%b8%d0%b9-%d0%bc%d0%b8%d1%85%d0%b0%d0%b8%d0%bb-%d0%bf%d0%bb%d0%b5%d1%82%d0%bd%d0%b5%d0%b2-p-tchaikovsky-mikhail-pletnev-%e2%80%8e\/#primaryimage\"},\"image\":{\"@id\":\"https:\/\/vinilozona.lt\/parduotuve\/kita\/%d0%bf-%d1%87%d0%b0%d0%b9%d0%ba%d0%be%d0%b2%d1%81%d0%ba%d0%b8%d0%b9-%d0%bc%d0%b8%d1%85%d0%b0%d0%b8%d0%bb-%d0%bf%d0%bb%d0%b5%d1%82%d0%bd%d0%b5%d0%b2-p-tchaikovsky-mikhail-pletnev-%e2%80%8e\/#primaryimage\"},\"thumbnailUrl\":\"https:\/\/vinilozona.lt\/wp-content\/uploads\/2021\/04\/R-6175763-1415117593-9613.jpg\",\"datePublished\":\"2024-02-06T03:03:37+00:00\",\"dateModified\":\"2024-02-05T04:45:59+00:00\",\"breadcrumb\":{\"@id\":\"https:\/\/vinilozona.lt\/parduotuve\/kita\/%d0%bf-%d1%87%d0%b0%d0%b9%d0%ba%d0%be%d0%b2%d1%81%d0%ba%d0%b8%d0%b9-%d0%bc%d0%b8%d1%85%d0%b0%d0%b8%d0%bb-%d0%bf%d0%bb%d0%b5%d1%82%d0%bd%d0%b5%d0%b2-p-tchaikovsky-mikhail-pletnev-%e2%80%8e\/#breadcrumb\"},\"inLanguage\":\"en-GB\",\"potentialAction\":[{\"@type\":\"ReadAction\",\"target\":[\"https:\/\/vinilozona.lt\/parduotuve\/kita\/%d0%bf-%d1%87%d0%b0%d0%b9%d0%ba%d0%be%d0%b2%d1%81%d0%ba%d0%b8%d0%b9-%d0%bc%d0%b8%d1%85%d0%b0%d0%b8%d0%bb-%d0%bf%d0%bb%d0%b5%d1%82%d0%bd%d0%b5%d0%b2-p-tchaikovsky-mikhail-pletnev-%e2%80%8e\/\"]}]},{\"@type\":\"ImageObject\",\"inLanguage\":\"en-GB\",\"@id\":\"https:\/\/vinilozona.lt\/parduotuve\/kita\/%d0%bf-%d1%87%d0%b0%d0%b9%d0%ba%d0%be%d0%b2%d1%81%d0%ba%d0%b8%d0%b9-%d0%bc%d0%b8%d1%85%d0%b0%d0%b8%d0%bb-%d0%bf%d0%bb%d0%b5%d1%82%d0%bd%d0%b5%d0%b2-p-tchaikovsky-mikhail-pletnev-%e2%80%8e\/#primaryimage\",\"url\":\"https:\/\/vinilozona.lt\/wp-content\/uploads\/2021\/04\/R-6175763-1415117593-9613.jpg\",\"contentUrl\":\"https:\/\/vinilozona.lt\/wp-content\/uploads\/2021\/04\/R-6175763-1415117593-9613.jpg\",\"width\":591,\"height\":600},{\"@type\":\"BreadcrumbList\",\"@id\":\"https:\/\/vinilozona.lt\/parduotuve\/kita\/%d0%bf-%d1%87%d0%b0%d0%b9%d0%ba%d0%be%d0%b2%d1%81%d0%ba%d0%b8%d0%b9-%d0%bc%d0%b8%d1%85%d0%b0%d0%b8%d0%bb-%d0%bf%d0%bb%d0%b5%d1%82%d0%bd%d0%b5%d0%b2-p-tchaikovsky-mikhail-pletnev-%e2%80%8e\/#breadcrumb\",\"itemListElement\":[{\"@type\":\"ListItem\",\"position\":1,\"name\":\"Home\",\"item\":\"https:\/\/vinilozona.lt\/\"},{\"@type\":\"ListItem\",\"position\":2,\"name\":\"Parduotuv\u0117\",\"item\":\"https:\/\/vinilozona.lt\/parduotuve\/\"},{\"@type\":\"ListItem\",\"position\":3,\"name\":\"\u0410\u0434\u0440\u0438\u0430\u043d\u043e \u0427\u0435\u043b\u0435\u043d\u0442\u0430\u043d\u043e* \u2013 \u041f\u043e\u0435\u0442 \u0410\u0434\u0440\u0438\u0430\u043d\u043e \u0427\u0435\u043b\u0435\u043d\u0442\u0430\u043d\u043e\"}]},{\"@type\":\"WebSite\",\"@id\":\"https:\/\/vinilozona.lt\/#website\",\"url\":\"https:\/\/vinilozona.lt\/\",\"name\":\"Vinilo Zona\",\"description\":\"Nup\u016bsk dulkes ir klausyk LP\",\"potentialAction\":[{\"@type\":\"SearchAction\",\"target\":{\"@type\":\"EntryPoint\",\"urlTemplate\":\"https:\/\/vinilozona.lt\/?s={search_term_string}\"},\"query-input\":{\"@type\":\"PropertyValueSpecification\",\"valueRequired\":true,\"valueName\":\"search_term_string\"}}],\"inLanguage\":\"en-GB\"}]}<\/script>\n<!-- \/ Yoast SEO plugin. -->","yoast_head_json":{"title":"\u0410\u0434\u0440\u0438\u0430\u043d\u043e \u0427\u0435\u043b\u0435\u043d\u0442\u0430\u043d\u043e* \u2013 \u041f\u043e\u0435\u0442 \u0410\u0434\u0440\u0438\u0430\u043d\u043e \u0427\u0435\u043b\u0435\u043d\u0442\u0430\u043d\u043e Vinilin\u0117 Plok\u0161tel\u0117 | Vinilozona.lt","robots":{"index":"index","follow":"follow","max-snippet":"max-snippet:-1","max-image-preview":"max-image-preview:large","max-video-preview":"max-video-preview:-1"},"canonical":"https:\/\/vinilozona.lt\/en\/parduotuve\/kita\/\u043f-\u0447\u0430\u0439\u043a\u043e\u0432\u0441\u043a\u0438\u0439-\u043c\u0438\u0445\u0430\u0438\u043b-\u043f\u043b\u0435\u0442\u043d\u0435\u0432-p-tchaikovsky-mikhail-pletnev-\u200e\/","og_locale":"en_GB","og_type":"article","og_title":"\u0410\u0434\u0440\u0438\u0430\u043d\u043e \u0427\u0435\u043b\u0435\u043d\u0442\u0430\u043d\u043e* \u2013 \u041f\u043e\u0435\u0442 \u0410\u0434\u0440\u0438\u0430\u043d\u043e \u0427\u0435\u043b\u0435\u043d\u0442\u0430\u043d\u043e Vinilin\u0117 Plok\u0161tel\u0117 | Vinilozona.lt","og_description":"\u041c\u0435\u043b\u043e\u0434\u0438\u044f \u2013 \u0421 60\u201413867-8 Format:  Vinyl, LP, Album, Reissue, Repress Country: USSR Released: 1983","og_url":"https:\/\/vinilozona.lt\/en\/parduotuve\/kita\/\u043f-\u0447\u0430\u0439\u043a\u043e\u0432\u0441\u043a\u0438\u0439-\u043c\u0438\u0445\u0430\u0438\u043b-\u043f\u043b\u0435\u0442\u043d\u0435\u0432-p-tchaikovsky-mikhail-pletnev-\u200e\/","og_site_name":"Vinilo Zona","article_modified_time":"2024-02-05T04:45:59+00:00","og_image":[{"width":591,"height":600,"url":"https:\/\/vinilozona.lt\/wp-content\/uploads\/2021\/04\/R-6175763-1415117593-9613.jpg","type":"image\/jpeg"}],"twitter_card":"summary_large_image","schema":{"@context":"https:\/\/schema.org","@graph":[{"@type":"WebPage","@id":"https:\/\/vinilozona.lt\/parduotuve\/kita\/%d0%bf-%d1%87%d0%b0%d0%b9%d0%ba%d0%be%d0%b2%d1%81%d0%ba%d0%b8%d0%b9-%d0%bc%d0%b8%d1%85%d0%b0%d0%b8%d0%bb-%d0%bf%d0%bb%d0%b5%d1%82%d0%bd%d0%b5%d0%b2-p-tchaikovsky-mikhail-pletnev-%e2%80%8e\/","url":"https:\/\/vinilozona.lt\/parduotuve\/kita\/%d0%bf-%d1%87%d0%b0%d0%b9%d0%ba%d0%be%d0%b2%d1%81%d0%ba%d0%b8%d0%b9-%d0%bc%d0%b8%d1%85%d0%b0%d0%b8%d0%bb-%d0%bf%d0%bb%d0%b5%d1%82%d0%bd%d0%b5%d0%b2-p-tchaikovsky-mikhail-pletnev-%e2%80%8e\/","name":"\u0410\u0434\u0440\u0438\u0430\u043d\u043e \u0427\u0435\u043b\u0435\u043d\u0442\u0430\u043d\u043e* \u2013 \u041f\u043e\u0435\u0442 \u0410\u0434\u0440\u0438\u0430\u043d\u043e \u0427\u0435\u043b\u0435\u043d\u0442\u0430\u043d\u043e Vinilin\u0117 Plok\u0161tel\u0117 | Vinilozona.lt","isPartOf":{"@id":"https:\/\/vinilozona.lt\/#website"},"primaryImageOfPage":{"@id":"https:\/\/vinilozona.lt\/parduotuve\/kita\/%d0%bf-%d1%87%d0%b0%d0%b9%d0%ba%d0%be%d0%b2%d1%81%d0%ba%d0%b8%d0%b9-%d0%bc%d0%b8%d1%85%d0%b0%d0%b8%d0%bb-%d0%bf%d0%bb%d0%b5%d1%82%d0%bd%d0%b5%d0%b2-p-tchaikovsky-mikhail-pletnev-%e2%80%8e\/#primaryimage"},"image":{"@id":"https:\/\/vinilozona.lt\/parduotuve\/kita\/%d0%bf-%d1%87%d0%b0%d0%b9%d0%ba%d0%be%d0%b2%d1%81%d0%ba%d0%b8%d0%b9-%d0%bc%d0%b8%d1%85%d0%b0%d0%b8%d0%bb-%d0%bf%d0%bb%d0%b5%d1%82%d0%bd%d0%b5%d0%b2-p-tchaikovsky-mikhail-pletnev-%e2%80%8e\/#primaryimage"},"thumbnailUrl":"https:\/\/vinilozona.lt\/wp-content\/uploads\/2021\/04\/R-6175763-1415117593-9613.jpg","datePublished":"2024-02-06T03:03:37+00:00","dateModified":"2024-02-05T04:45:59+00:00","breadcrumb":{"@id":"https:\/\/vinilozona.lt\/parduotuve\/kita\/%d0%bf-%d1%87%d0%b0%d0%b9%d0%ba%d0%be%d0%b2%d1%81%d0%ba%d0%b8%d0%b9-%d0%bc%d0%b8%d1%85%d0%b0%d0%b8%d0%bb-%d0%bf%d0%bb%d0%b5%d1%82%d0%bd%d0%b5%d0%b2-p-tchaikovsky-mikhail-pletnev-%e2%80%8e\/#breadcrumb"},"inLanguage":"en-GB","potentialAction":[{"@type":"ReadAction","target":["https:\/\/vinilozona.lt\/parduotuve\/kita\/%d0%bf-%d1%87%d0%b0%d0%b9%d0%ba%d0%be%d0%b2%d1%81%d0%ba%d0%b8%d0%b9-%d0%bc%d0%b8%d1%85%d0%b0%d0%b8%d0%bb-%d0%bf%d0%bb%d0%b5%d1%82%d0%bd%d0%b5%d0%b2-p-tchaikovsky-mikhail-pletnev-%e2%80%8e\/"]}]},{"@type":"ImageObject","inLanguage":"en-GB","@id":"https:\/\/vinilozona.lt\/parduotuve\/kita\/%d0%bf-%d1%87%d0%b0%d0%b9%d0%ba%d0%be%d0%b2%d1%81%d0%ba%d0%b8%d0%b9-%d0%bc%d0%b8%d1%85%d0%b0%d0%b8%d0%bb-%d0%bf%d0%bb%d0%b5%d1%82%d0%bd%d0%b5%d0%b2-p-tchaikovsky-mikhail-pletnev-%e2%80%8e\/#primaryimage","url":"https:\/\/vinilozona.lt\/wp-content\/uploads\/2021\/04\/R-6175763-1415117593-9613.jpg","contentUrl":"https:\/\/vinilozona.lt\/wp-content\/uploads\/2021\/04\/R-6175763-1415117593-9613.jpg","width":591,"height":600},{"@type":"BreadcrumbList","@id":"https:\/\/vinilozona.lt\/parduotuve\/kita\/%d0%bf-%d1%87%d0%b0%d0%b9%d0%ba%d0%be%d0%b2%d1%81%d0%ba%d0%b8%d0%b9-%d0%bc%d0%b8%d1%85%d0%b0%d0%b8%d0%bb-%d0%bf%d0%bb%d0%b5%d1%82%d0%bd%d0%b5%d0%b2-p-tchaikovsky-mikhail-pletnev-%e2%80%8e\/#breadcrumb","itemListElement":[{"@type":"ListItem","position":1,"name":"Home","item":"https:\/\/vinilozona.lt\/"},{"@type":"ListItem","position":2,"name":"Parduotuv\u0117","item":"https:\/\/vinilozona.lt\/parduotuve\/"},{"@type":"ListItem","position":3,"name":"\u0410\u0434\u0440\u0438\u0430\u043d\u043e \u0427\u0435\u043b\u0435\u043d\u0442\u0430\u043d\u043e* \u2013 \u041f\u043e\u0435\u0442 \u0410\u0434\u0440\u0438\u0430\u043d\u043e \u0427\u0435\u043b\u0435\u043d\u0442\u0430\u043d\u043e"}]},{"@type":"WebSite","@id":"https:\/\/vinilozona.lt\/#website","url":"https:\/\/vinilozona.lt\/","name":"Vinilo Zona","description":"Nup\u016bsk dulkes ir klausyk LP","potentialAction":[{"@type":"SearchAction","target":{"@type":"EntryPoint","urlTemplate":"https:\/\/vinilozona.lt\/?s={search_term_string}"},"query-input":{"@type":"PropertyValueSpecification","valueRequired":true,"valueName":"search_term_string"}}],"inLanguage":"en-GB"}]}},"_links":{"self":[{"href":"https:\/\/vinilozona.lt\/en\/wp-json\/wp\/v2\/product\/14776"}],"collection":[{"href":"https:\/\/vinilozona.lt\/en\/wp-json\/wp\/v2\/product"}],"about":[{"href":"https:\/\/vinilozona.lt\/en\/wp-json\/wp\/v2\/types\/product"}],"wp:featuredmedia":[{"embeddable":true,"href":"https:\/\/vinilozona.lt\/en\/wp-json\/wp\/v2\/media\/24132"}],"wp:attachment":[{"href":"https:\/\/vinilozona.lt\/en\/wp-json\/wp\/v2\/media?parent=14776"}],"wp:term":[{"taxonomy":"product_cat","embeddable":true,"href":"https:\/\/vinilozona.lt\/en\/wp-json\/wp\/v2\/product_cat?post=14776"},{"taxonomy":"product_tag","embeddable":true,"href":"https:\/\/vinilozona.lt\/en\/wp-json\/wp\/v2\/product_tag?post=14776"}],"curies":[{"name":"wp","href":"https:\/\/api.w.org\/{rel}","templated":true}]}}