{"id":14734,"date":"2021-04-02T21:21:06","date_gmt":"2021-04-02T18:21:06","guid":{"rendered":"https:\/\/vinilozona.lt\/?post_type=product&#038;p=14734"},"modified":"2021-04-09T13:34:55","modified_gmt":"2021-04-09T10:34:55","slug":"manfred-manns-earth-band-1971-1973","status":"publish","type":"product","link":"https:\/\/vinilozona.lt\/en\/parduotuve\/rock-pop\/manfred-manns-earth-band-1971-1973\/","title":{"rendered":"Manfred Mann&#8217;s Earth Band \u2013 1971 &#8211; 1973"},"content":{"rendered":"<p>A1\tBuddah\t7:00<br \/>\nA2\tI&#8217;m Gonna Have You All\t5:17<br \/>\nA3\tLook Around\t5:09<br \/>\nA4\tIt&#8217;s All Over Now, Baby Blue\t4:25<br \/>\nA5\tGlorified Magnified\t4:24<br \/>\nB1\tMessin\t9:52<br \/>\nB2\tMeat\t4:00<br \/>\nB3\tOne Way Glass\t4:06<br \/>\nB4\tJoybringer\t3:27<br \/>\nB5\tGet Your Rocks Off\t2:52<\/p>","protected":false},"excerpt":{"rendered":"<p>6438 085<\/p>","protected":false},"featured_media":14735,"template":"","meta":[],"product_cat":[15],"product_tag":[55],"yoast_head":"<!-- This site is optimized with the Yoast SEO plugin v23.5 - https:\/\/yoast.com\/wordpress\/plugins\/seo\/ -->\n<title>Manfred Mann&#039;s Earth Band \u2013 1971 - 1973 Vinilin\u0117 Plok\u0161tel\u0117 | Vinilozona.lt<\/title>\n<meta name=\"robots\" content=\"index, follow, max-snippet:-1, max-image-preview:large, max-video-preview:-1\" \/>\n<link rel=\"canonical\" href=\"https:\/\/vinilozona.lt\/en\/parduotuve\/rock-pop\/manfred-manns-earth-band-1971-1973\/\" \/>\n<meta property=\"og:locale\" content=\"en_GB\" \/>\n<meta property=\"og:type\" content=\"article\" \/>\n<meta property=\"og:title\" content=\"Manfred Mann&#039;s Earth Band \u2013 1971 - 1973 Vinilin\u0117 Plok\u0161tel\u0117 | Vinilozona.lt\" \/>\n<meta property=\"og:description\" content=\"6438 085\" \/>\n<meta property=\"og:url\" content=\"https:\/\/vinilozona.lt\/en\/parduotuve\/rock-pop\/manfred-manns-earth-band-1971-1973\/\" \/>\n<meta property=\"og:site_name\" content=\"Vinilo Zona\" \/>\n<meta property=\"article:modified_time\" content=\"2021-04-09T10:34:55+00:00\" \/>\n<meta property=\"og:image\" content=\"https:\/\/vinilozona.lt\/wp-content\/uploads\/2021\/04\/R-1929527-1282069447.jpeg.jpg\" \/>\n\t<meta property=\"og:image:width\" content=\"600\" \/>\n\t<meta property=\"og:image:height\" content=\"584\" \/>\n\t<meta property=\"og:image:type\" content=\"image\/jpeg\" \/>\n<meta name=\"twitter:card\" content=\"summary_large_image\" \/>\n<script type=\"application\/ld+json\" class=\"yoast-schema-graph\">{\"@context\":\"https:\/\/schema.org\",\"@graph\":[{\"@type\":\"WebPage\",\"@id\":\"https:\/\/vinilozona.lt\/parduotuve\/rock-pop\/manfred-manns-earth-band-1971-1973\/\",\"url\":\"https:\/\/vinilozona.lt\/parduotuve\/rock-pop\/manfred-manns-earth-band-1971-1973\/\",\"name\":\"Manfred Mann's Earth Band \u2013 1971 - 1973 Vinilin\u0117 Plok\u0161tel\u0117 | Vinilozona.lt\",\"isPartOf\":{\"@id\":\"https:\/\/vinilozona.lt\/#website\"},\"primaryImageOfPage\":{\"@id\":\"https:\/\/vinilozona.lt\/parduotuve\/rock-pop\/manfred-manns-earth-band-1971-1973\/#primaryimage\"},\"image\":{\"@id\":\"https:\/\/vinilozona.lt\/parduotuve\/rock-pop\/manfred-manns-earth-band-1971-1973\/#primaryimage\"},\"thumbnailUrl\":\"https:\/\/vinilozona.lt\/wp-content\/uploads\/2021\/04\/R-1929527-1282069447.jpeg.jpg\",\"datePublished\":\"2021-04-02T18:21:06+00:00\",\"dateModified\":\"2021-04-09T10:34:55+00:00\",\"breadcrumb\":{\"@id\":\"https:\/\/vinilozona.lt\/parduotuve\/rock-pop\/manfred-manns-earth-band-1971-1973\/#breadcrumb\"},\"inLanguage\":\"en-GB\",\"potentialAction\":[{\"@type\":\"ReadAction\",\"target\":[\"https:\/\/vinilozona.lt\/parduotuve\/rock-pop\/manfred-manns-earth-band-1971-1973\/\"]}]},{\"@type\":\"ImageObject\",\"inLanguage\":\"en-GB\",\"@id\":\"https:\/\/vinilozona.lt\/parduotuve\/rock-pop\/manfred-manns-earth-band-1971-1973\/#primaryimage\",\"url\":\"https:\/\/vinilozona.lt\/wp-content\/uploads\/2021\/04\/R-1929527-1282069447.jpeg.jpg\",\"contentUrl\":\"https:\/\/vinilozona.lt\/wp-content\/uploads\/2021\/04\/R-1929527-1282069447.jpeg.jpg\",\"width\":600,\"height\":584},{\"@type\":\"BreadcrumbList\",\"@id\":\"https:\/\/vinilozona.lt\/parduotuve\/rock-pop\/manfred-manns-earth-band-1971-1973\/#breadcrumb\",\"itemListElement\":[{\"@type\":\"ListItem\",\"position\":1,\"name\":\"Home\",\"item\":\"https:\/\/vinilozona.lt\/\"},{\"@type\":\"ListItem\",\"position\":2,\"name\":\"Parduotuv\u0117\",\"item\":\"https:\/\/vinilozona.lt\/parduotuve\/\"},{\"@type\":\"ListItem\",\"position\":3,\"name\":\"Manfred Mann&#8217;s Earth Band \u2013 1971 &#8211; 1973\"}]},{\"@type\":\"WebSite\",\"@id\":\"https:\/\/vinilozona.lt\/#website\",\"url\":\"https:\/\/vinilozona.lt\/\",\"name\":\"Vinilo Zona\",\"description\":\"Nup\u016bsk dulkes ir klausyk LP\",\"potentialAction\":[{\"@type\":\"SearchAction\",\"target\":{\"@type\":\"EntryPoint\",\"urlTemplate\":\"https:\/\/vinilozona.lt\/?s={search_term_string}\"},\"query-input\":{\"@type\":\"PropertyValueSpecification\",\"valueRequired\":true,\"valueName\":\"search_term_string\"}}],\"inLanguage\":\"en-GB\"}]}<\/script>\n<!-- \/ Yoast SEO plugin. -->","yoast_head_json":{"title":"Manfred Mann's Earth Band \u2013 1971 - 1973 Vinilin\u0117 Plok\u0161tel\u0117 | Vinilozona.lt","robots":{"index":"index","follow":"follow","max-snippet":"max-snippet:-1","max-image-preview":"max-image-preview:large","max-video-preview":"max-video-preview:-1"},"canonical":"https:\/\/vinilozona.lt\/en\/parduotuve\/rock-pop\/manfred-manns-earth-band-1971-1973\/","og_locale":"en_GB","og_type":"article","og_title":"Manfred Mann's Earth Band \u2013 1971 - 1973 Vinilin\u0117 Plok\u0161tel\u0117 | Vinilozona.lt","og_description":"6438 085","og_url":"https:\/\/vinilozona.lt\/en\/parduotuve\/rock-pop\/manfred-manns-earth-band-1971-1973\/","og_site_name":"Vinilo Zona","article_modified_time":"2021-04-09T10:34:55+00:00","og_image":[{"width":600,"height":584,"url":"https:\/\/vinilozona.lt\/wp-content\/uploads\/2021\/04\/R-1929527-1282069447.jpeg.jpg","type":"image\/jpeg"}],"twitter_card":"summary_large_image","schema":{"@context":"https:\/\/schema.org","@graph":[{"@type":"WebPage","@id":"https:\/\/vinilozona.lt\/parduotuve\/rock-pop\/manfred-manns-earth-band-1971-1973\/","url":"https:\/\/vinilozona.lt\/parduotuve\/rock-pop\/manfred-manns-earth-band-1971-1973\/","name":"Manfred Mann's Earth Band \u2013 1971 - 1973 Vinilin\u0117 Plok\u0161tel\u0117 | Vinilozona.lt","isPartOf":{"@id":"https:\/\/vinilozona.lt\/#website"},"primaryImageOfPage":{"@id":"https:\/\/vinilozona.lt\/parduotuve\/rock-pop\/manfred-manns-earth-band-1971-1973\/#primaryimage"},"image":{"@id":"https:\/\/vinilozona.lt\/parduotuve\/rock-pop\/manfred-manns-earth-band-1971-1973\/#primaryimage"},"thumbnailUrl":"https:\/\/vinilozona.lt\/wp-content\/uploads\/2021\/04\/R-1929527-1282069447.jpeg.jpg","datePublished":"2021-04-02T18:21:06+00:00","dateModified":"2021-04-09T10:34:55+00:00","breadcrumb":{"@id":"https:\/\/vinilozona.lt\/parduotuve\/rock-pop\/manfred-manns-earth-band-1971-1973\/#breadcrumb"},"inLanguage":"en-GB","potentialAction":[{"@type":"ReadAction","target":["https:\/\/vinilozona.lt\/parduotuve\/rock-pop\/manfred-manns-earth-band-1971-1973\/"]}]},{"@type":"ImageObject","inLanguage":"en-GB","@id":"https:\/\/vinilozona.lt\/parduotuve\/rock-pop\/manfred-manns-earth-band-1971-1973\/#primaryimage","url":"https:\/\/vinilozona.lt\/wp-content\/uploads\/2021\/04\/R-1929527-1282069447.jpeg.jpg","contentUrl":"https:\/\/vinilozona.lt\/wp-content\/uploads\/2021\/04\/R-1929527-1282069447.jpeg.jpg","width":600,"height":584},{"@type":"BreadcrumbList","@id":"https:\/\/vinilozona.lt\/parduotuve\/rock-pop\/manfred-manns-earth-band-1971-1973\/#breadcrumb","itemListElement":[{"@type":"ListItem","position":1,"name":"Home","item":"https:\/\/vinilozona.lt\/"},{"@type":"ListItem","position":2,"name":"Parduotuv\u0117","item":"https:\/\/vinilozona.lt\/parduotuve\/"},{"@type":"ListItem","position":3,"name":"Manfred Mann&#8217;s Earth Band \u2013 1971 &#8211; 1973"}]},{"@type":"WebSite","@id":"https:\/\/vinilozona.lt\/#website","url":"https:\/\/vinilozona.lt\/","name":"Vinilo Zona","description":"Nup\u016bsk dulkes ir klausyk LP","potentialAction":[{"@type":"SearchAction","target":{"@type":"EntryPoint","urlTemplate":"https:\/\/vinilozona.lt\/?s={search_term_string}"},"query-input":{"@type":"PropertyValueSpecification","valueRequired":true,"valueName":"search_term_string"}}],"inLanguage":"en-GB"}]}},"_links":{"self":[{"href":"https:\/\/vinilozona.lt\/en\/wp-json\/wp\/v2\/product\/14734"}],"collection":[{"href":"https:\/\/vinilozona.lt\/en\/wp-json\/wp\/v2\/product"}],"about":[{"href":"https:\/\/vinilozona.lt\/en\/wp-json\/wp\/v2\/types\/product"}],"wp:featuredmedia":[{"embeddable":true,"href":"https:\/\/vinilozona.lt\/en\/wp-json\/wp\/v2\/media\/14735"}],"wp:attachment":[{"href":"https:\/\/vinilozona.lt\/en\/wp-json\/wp\/v2\/media?parent=14734"}],"wp:term":[{"taxonomy":"product_cat","embeddable":true,"href":"https:\/\/vinilozona.lt\/en\/wp-json\/wp\/v2\/product_cat?post=14734"},{"taxonomy":"product_tag","embeddable":true,"href":"https:\/\/vinilozona.lt\/en\/wp-json\/wp\/v2\/product_tag?post=14734"}],"curies":[{"name":"wp","href":"https:\/\/api.w.org\/{rel}","templated":true}]}}