{"id":14730,"date":"2025-05-18T05:02:06","date_gmt":"2025-05-18T02:02:06","guid":{"rendered":"https:\/\/vinilozona.lt\/?post_type=product&#038;p=14730"},"modified":"2025-05-18T07:12:56","modified_gmt":"2025-05-18T04:12:56","slug":"maxwell-plumm-we-can-work-it-out","status":"publish","type":"product","link":"https:\/\/vinilozona.lt\/en\/parduotuve\/rock-pop\/maxwell-plumm-we-can-work-it-out\/","title":{"rendered":"Maxwell Plumm \u2013 We Can Work It Out"},"content":{"rendered":"<p>A1\tWe Can Work It Out<br \/>\nA2\tMake It With You<br \/>\nA3\tAlbatross<br \/>\nA4\tMan Who Sold The World<br \/>\nA5\tI&#8217;m Stone In Love With You<br \/>\nA6\tFor The Good Times<br \/>\nB1\tHelen Wheels<br \/>\nB2\tGirl From The Isle Of Wight<br \/>\nB3\tHide Away Girl<br \/>\nB4\tFlyin Hi<br \/>\nB5\tHey Tonight<\/p>","protected":false},"excerpt":{"rendered":"<p>Raven Records \u2013 KS 1007<br \/>\nFormat:<br \/>\nVinyl, LP, Album<br \/>\nCountry:<br \/>\nUK<br \/>\nReleased:<br \/>\n1975<\/p>","protected":false},"featured_media":14731,"template":"","meta":[],"product_cat":[15],"product_tag":[55],"yoast_head":"<!-- This site is optimized with the Yoast SEO plugin v23.5 - https:\/\/yoast.com\/wordpress\/plugins\/seo\/ -->\n<title>Maxwell Plumm \u2013 We Can Work It Out Vinilin\u0117 Plok\u0161tel\u0117 | Vinilozona.lt<\/title>\n<meta name=\"robots\" content=\"index, follow, max-snippet:-1, max-image-preview:large, max-video-preview:-1\" \/>\n<link rel=\"canonical\" href=\"https:\/\/vinilozona.lt\/en\/parduotuve\/rock-pop\/maxwell-plumm-we-can-work-it-out\/\" \/>\n<meta property=\"og:locale\" content=\"en_GB\" \/>\n<meta property=\"og:type\" content=\"article\" \/>\n<meta property=\"og:title\" content=\"Maxwell Plumm \u2013 We Can Work It Out Vinilin\u0117 Plok\u0161tel\u0117 | Vinilozona.lt\" \/>\n<meta property=\"og:description\" content=\"Raven Records \u2013 KS 1007 Format: Vinyl, LP, Album Country: UK Released: 1975\" \/>\n<meta property=\"og:url\" content=\"https:\/\/vinilozona.lt\/en\/parduotuve\/rock-pop\/maxwell-plumm-we-can-work-it-out\/\" \/>\n<meta property=\"og:site_name\" content=\"Vinilo Zona\" \/>\n<meta property=\"article:modified_time\" content=\"2025-05-18T04:12:56+00:00\" \/>\n<meta property=\"og:image\" content=\"https:\/\/vinilozona.lt\/wp-content\/uploads\/2021\/04\/R-2031997-1259756314.jpeg.jpg\" \/>\n\t<meta property=\"og:image:width\" content=\"479\" \/>\n\t<meta property=\"og:image:height\" content=\"480\" \/>\n\t<meta property=\"og:image:type\" content=\"image\/jpeg\" \/>\n<meta name=\"twitter:card\" content=\"summary_large_image\" \/>\n<meta name=\"twitter:label1\" content=\"Estimated reading time\" \/>\n\t<meta name=\"twitter:data1\" content=\"1 minute\" \/>\n<script type=\"application\/ld+json\" class=\"yoast-schema-graph\">{\"@context\":\"https:\/\/schema.org\",\"@graph\":[{\"@type\":\"WebPage\",\"@id\":\"https:\/\/vinilozona.lt\/parduotuve\/rock-pop\/maxwell-plumm-we-can-work-it-out\/\",\"url\":\"https:\/\/vinilozona.lt\/parduotuve\/rock-pop\/maxwell-plumm-we-can-work-it-out\/\",\"name\":\"Maxwell Plumm \u2013 We Can Work It Out Vinilin\u0117 Plok\u0161tel\u0117 | Vinilozona.lt\",\"isPartOf\":{\"@id\":\"https:\/\/vinilozona.lt\/#website\"},\"primaryImageOfPage\":{\"@id\":\"https:\/\/vinilozona.lt\/parduotuve\/rock-pop\/maxwell-plumm-we-can-work-it-out\/#primaryimage\"},\"image\":{\"@id\":\"https:\/\/vinilozona.lt\/parduotuve\/rock-pop\/maxwell-plumm-we-can-work-it-out\/#primaryimage\"},\"thumbnailUrl\":\"https:\/\/vinilozona.lt\/wp-content\/uploads\/2021\/04\/R-2031997-1259756314.jpeg.jpg\",\"datePublished\":\"2025-05-18T02:02:06+00:00\",\"dateModified\":\"2025-05-18T04:12:56+00:00\",\"breadcrumb\":{\"@id\":\"https:\/\/vinilozona.lt\/parduotuve\/rock-pop\/maxwell-plumm-we-can-work-it-out\/#breadcrumb\"},\"inLanguage\":\"en-GB\",\"potentialAction\":[{\"@type\":\"ReadAction\",\"target\":[\"https:\/\/vinilozona.lt\/parduotuve\/rock-pop\/maxwell-plumm-we-can-work-it-out\/\"]}]},{\"@type\":\"ImageObject\",\"inLanguage\":\"en-GB\",\"@id\":\"https:\/\/vinilozona.lt\/parduotuve\/rock-pop\/maxwell-plumm-we-can-work-it-out\/#primaryimage\",\"url\":\"https:\/\/vinilozona.lt\/wp-content\/uploads\/2021\/04\/R-2031997-1259756314.jpeg.jpg\",\"contentUrl\":\"https:\/\/vinilozona.lt\/wp-content\/uploads\/2021\/04\/R-2031997-1259756314.jpeg.jpg\",\"width\":479,\"height\":480},{\"@type\":\"BreadcrumbList\",\"@id\":\"https:\/\/vinilozona.lt\/parduotuve\/rock-pop\/maxwell-plumm-we-can-work-it-out\/#breadcrumb\",\"itemListElement\":[{\"@type\":\"ListItem\",\"position\":1,\"name\":\"Home\",\"item\":\"https:\/\/vinilozona.lt\/\"},{\"@type\":\"ListItem\",\"position\":2,\"name\":\"Parduotuv\u0117\",\"item\":\"https:\/\/vinilozona.lt\/parduotuve\/\"},{\"@type\":\"ListItem\",\"position\":3,\"name\":\"Maxwell Plumm \u2013 We Can Work It Out\"}]},{\"@type\":\"WebSite\",\"@id\":\"https:\/\/vinilozona.lt\/#website\",\"url\":\"https:\/\/vinilozona.lt\/\",\"name\":\"Vinilo Zona\",\"description\":\"Nup\u016bsk dulkes ir klausyk LP\",\"potentialAction\":[{\"@type\":\"SearchAction\",\"target\":{\"@type\":\"EntryPoint\",\"urlTemplate\":\"https:\/\/vinilozona.lt\/?s={search_term_string}\"},\"query-input\":{\"@type\":\"PropertyValueSpecification\",\"valueRequired\":true,\"valueName\":\"search_term_string\"}}],\"inLanguage\":\"en-GB\"}]}<\/script>\n<!-- \/ Yoast SEO plugin. -->","yoast_head_json":{"title":"Maxwell Plumm \u2013 We Can Work It Out Vinilin\u0117 Plok\u0161tel\u0117 | Vinilozona.lt","robots":{"index":"index","follow":"follow","max-snippet":"max-snippet:-1","max-image-preview":"max-image-preview:large","max-video-preview":"max-video-preview:-1"},"canonical":"https:\/\/vinilozona.lt\/en\/parduotuve\/rock-pop\/maxwell-plumm-we-can-work-it-out\/","og_locale":"en_GB","og_type":"article","og_title":"Maxwell Plumm \u2013 We Can Work It Out Vinilin\u0117 Plok\u0161tel\u0117 | Vinilozona.lt","og_description":"Raven Records \u2013 KS 1007 Format: Vinyl, LP, Album Country: UK Released: 1975","og_url":"https:\/\/vinilozona.lt\/en\/parduotuve\/rock-pop\/maxwell-plumm-we-can-work-it-out\/","og_site_name":"Vinilo Zona","article_modified_time":"2025-05-18T04:12:56+00:00","og_image":[{"width":479,"height":480,"url":"https:\/\/vinilozona.lt\/wp-content\/uploads\/2021\/04\/R-2031997-1259756314.jpeg.jpg","type":"image\/jpeg"}],"twitter_card":"summary_large_image","twitter_misc":{"Estimated reading time":"1 minute"},"schema":{"@context":"https:\/\/schema.org","@graph":[{"@type":"WebPage","@id":"https:\/\/vinilozona.lt\/parduotuve\/rock-pop\/maxwell-plumm-we-can-work-it-out\/","url":"https:\/\/vinilozona.lt\/parduotuve\/rock-pop\/maxwell-plumm-we-can-work-it-out\/","name":"Maxwell Plumm \u2013 We Can Work It Out Vinilin\u0117 Plok\u0161tel\u0117 | Vinilozona.lt","isPartOf":{"@id":"https:\/\/vinilozona.lt\/#website"},"primaryImageOfPage":{"@id":"https:\/\/vinilozona.lt\/parduotuve\/rock-pop\/maxwell-plumm-we-can-work-it-out\/#primaryimage"},"image":{"@id":"https:\/\/vinilozona.lt\/parduotuve\/rock-pop\/maxwell-plumm-we-can-work-it-out\/#primaryimage"},"thumbnailUrl":"https:\/\/vinilozona.lt\/wp-content\/uploads\/2021\/04\/R-2031997-1259756314.jpeg.jpg","datePublished":"2025-05-18T02:02:06+00:00","dateModified":"2025-05-18T04:12:56+00:00","breadcrumb":{"@id":"https:\/\/vinilozona.lt\/parduotuve\/rock-pop\/maxwell-plumm-we-can-work-it-out\/#breadcrumb"},"inLanguage":"en-GB","potentialAction":[{"@type":"ReadAction","target":["https:\/\/vinilozona.lt\/parduotuve\/rock-pop\/maxwell-plumm-we-can-work-it-out\/"]}]},{"@type":"ImageObject","inLanguage":"en-GB","@id":"https:\/\/vinilozona.lt\/parduotuve\/rock-pop\/maxwell-plumm-we-can-work-it-out\/#primaryimage","url":"https:\/\/vinilozona.lt\/wp-content\/uploads\/2021\/04\/R-2031997-1259756314.jpeg.jpg","contentUrl":"https:\/\/vinilozona.lt\/wp-content\/uploads\/2021\/04\/R-2031997-1259756314.jpeg.jpg","width":479,"height":480},{"@type":"BreadcrumbList","@id":"https:\/\/vinilozona.lt\/parduotuve\/rock-pop\/maxwell-plumm-we-can-work-it-out\/#breadcrumb","itemListElement":[{"@type":"ListItem","position":1,"name":"Home","item":"https:\/\/vinilozona.lt\/"},{"@type":"ListItem","position":2,"name":"Parduotuv\u0117","item":"https:\/\/vinilozona.lt\/parduotuve\/"},{"@type":"ListItem","position":3,"name":"Maxwell Plumm \u2013 We Can Work It Out"}]},{"@type":"WebSite","@id":"https:\/\/vinilozona.lt\/#website","url":"https:\/\/vinilozona.lt\/","name":"Vinilo Zona","description":"Nup\u016bsk dulkes ir klausyk LP","potentialAction":[{"@type":"SearchAction","target":{"@type":"EntryPoint","urlTemplate":"https:\/\/vinilozona.lt\/?s={search_term_string}"},"query-input":{"@type":"PropertyValueSpecification","valueRequired":true,"valueName":"search_term_string"}}],"inLanguage":"en-GB"}]}},"_links":{"self":[{"href":"https:\/\/vinilozona.lt\/en\/wp-json\/wp\/v2\/product\/14730"}],"collection":[{"href":"https:\/\/vinilozona.lt\/en\/wp-json\/wp\/v2\/product"}],"about":[{"href":"https:\/\/vinilozona.lt\/en\/wp-json\/wp\/v2\/types\/product"}],"wp:featuredmedia":[{"embeddable":true,"href":"https:\/\/vinilozona.lt\/en\/wp-json\/wp\/v2\/media\/14731"}],"wp:attachment":[{"href":"https:\/\/vinilozona.lt\/en\/wp-json\/wp\/v2\/media?parent=14730"}],"wp:term":[{"taxonomy":"product_cat","embeddable":true,"href":"https:\/\/vinilozona.lt\/en\/wp-json\/wp\/v2\/product_cat?post=14730"},{"taxonomy":"product_tag","embeddable":true,"href":"https:\/\/vinilozona.lt\/en\/wp-json\/wp\/v2\/product_tag?post=14730"}],"curies":[{"name":"wp","href":"https:\/\/api.w.org\/{rel}","templated":true}]}}