{"id":14697,"date":"2023-03-12T20:37:51","date_gmt":"2023-03-12T18:37:51","guid":{"rendered":"https:\/\/vinilozona.lt\/?post_type=product&#038;p=14697"},"modified":"2023-08-05T16:44:09","modified_gmt":"2023-08-05T13:44:09","slug":"elvis-costello-and-the-attractions-armed-forces","status":"publish","type":"product","link":"https:\/\/vinilozona.lt\/en\/parduotuve\/rock-pop\/elvis-costello-and-the-attractions-armed-forces\/","title":{"rendered":"Elvis Costello And The Attractions \u2013 Armed Forces"},"content":{"rendered":"<p>A1\tAccidents Will Happen\t3:00<br \/>\nA2\tSenior Service\t2:17<br \/>\nA3\tOliver&#8217;s Army\t2:57<br \/>\nA4\tBig Boys\t2:55<br \/>\nA5\tGreen Shirt\t2:42<br \/>\nA6\tParty Girl\t3:20<br \/>\nB1\tGoon Squad\t3:15<br \/>\nB2\tBusy Bodies\t3:33<br \/>\nB3\tSunday&#8217;s Best\t3:23<br \/>\nB4\tMoods For Moderns\t2:49<br \/>\nB5\tChemistry Class\t2:55<br \/>\nB6\tTwo Little Hitlers\t3:10<\/p>","protected":false},"excerpt":{"rendered":"<p>RAD 14<\/p>","protected":false},"featured_media":14698,"template":"","meta":[],"product_cat":[15],"product_tag":[55],"yoast_head":"<!-- This site is optimized with the Yoast SEO plugin v23.5 - https:\/\/yoast.com\/wordpress\/plugins\/seo\/ -->\n<title>Elvis Costello And The Attractions \u2013 Armed Forces Vinilin\u0117 Plok\u0161tel\u0117 | Vinilozona.lt<\/title>\n<meta name=\"robots\" content=\"index, follow, max-snippet:-1, max-image-preview:large, max-video-preview:-1\" \/>\n<link rel=\"canonical\" href=\"https:\/\/vinilozona.lt\/en\/parduotuve\/rock-pop\/elvis-costello-and-the-attractions-armed-forces\/\" \/>\n<meta property=\"og:locale\" content=\"en_GB\" \/>\n<meta property=\"og:type\" content=\"article\" \/>\n<meta property=\"og:title\" content=\"Elvis Costello And The Attractions \u2013 Armed Forces Vinilin\u0117 Plok\u0161tel\u0117 | Vinilozona.lt\" \/>\n<meta property=\"og:description\" content=\"RAD 14\" \/>\n<meta property=\"og:url\" content=\"https:\/\/vinilozona.lt\/en\/parduotuve\/rock-pop\/elvis-costello-and-the-attractions-armed-forces\/\" \/>\n<meta property=\"og:site_name\" content=\"Vinilo Zona\" \/>\n<meta property=\"article:modified_time\" content=\"2023-08-05T13:44:09+00:00\" \/>\n<meta property=\"og:image\" content=\"https:\/\/vinilozona.lt\/wp-content\/uploads\/2021\/04\/R-387257-1346509113-1321.jpeg.jpg\" \/>\n\t<meta property=\"og:image:width\" content=\"598\" \/>\n\t<meta property=\"og:image:height\" content=\"598\" \/>\n\t<meta property=\"og:image:type\" content=\"image\/jpeg\" \/>\n<meta name=\"twitter:card\" content=\"summary_large_image\" \/>\n<script type=\"application\/ld+json\" class=\"yoast-schema-graph\">{\"@context\":\"https:\/\/schema.org\",\"@graph\":[{\"@type\":\"WebPage\",\"@id\":\"https:\/\/vinilozona.lt\/parduotuve\/rock-pop\/elvis-costello-and-the-attractions-armed-forces\/\",\"url\":\"https:\/\/vinilozona.lt\/parduotuve\/rock-pop\/elvis-costello-and-the-attractions-armed-forces\/\",\"name\":\"Elvis Costello And The Attractions \u2013 Armed Forces Vinilin\u0117 Plok\u0161tel\u0117 | Vinilozona.lt\",\"isPartOf\":{\"@id\":\"https:\/\/vinilozona.lt\/#website\"},\"primaryImageOfPage\":{\"@id\":\"https:\/\/vinilozona.lt\/parduotuve\/rock-pop\/elvis-costello-and-the-attractions-armed-forces\/#primaryimage\"},\"image\":{\"@id\":\"https:\/\/vinilozona.lt\/parduotuve\/rock-pop\/elvis-costello-and-the-attractions-armed-forces\/#primaryimage\"},\"thumbnailUrl\":\"https:\/\/vinilozona.lt\/wp-content\/uploads\/2021\/04\/R-387257-1346509113-1321.jpeg.jpg\",\"datePublished\":\"2023-03-12T18:37:51+00:00\",\"dateModified\":\"2023-08-05T13:44:09+00:00\",\"breadcrumb\":{\"@id\":\"https:\/\/vinilozona.lt\/parduotuve\/rock-pop\/elvis-costello-and-the-attractions-armed-forces\/#breadcrumb\"},\"inLanguage\":\"en-GB\",\"potentialAction\":[{\"@type\":\"ReadAction\",\"target\":[\"https:\/\/vinilozona.lt\/parduotuve\/rock-pop\/elvis-costello-and-the-attractions-armed-forces\/\"]}]},{\"@type\":\"ImageObject\",\"inLanguage\":\"en-GB\",\"@id\":\"https:\/\/vinilozona.lt\/parduotuve\/rock-pop\/elvis-costello-and-the-attractions-armed-forces\/#primaryimage\",\"url\":\"https:\/\/vinilozona.lt\/wp-content\/uploads\/2021\/04\/R-387257-1346509113-1321.jpeg.jpg\",\"contentUrl\":\"https:\/\/vinilozona.lt\/wp-content\/uploads\/2021\/04\/R-387257-1346509113-1321.jpeg.jpg\",\"width\":598,\"height\":598},{\"@type\":\"BreadcrumbList\",\"@id\":\"https:\/\/vinilozona.lt\/parduotuve\/rock-pop\/elvis-costello-and-the-attractions-armed-forces\/#breadcrumb\",\"itemListElement\":[{\"@type\":\"ListItem\",\"position\":1,\"name\":\"Home\",\"item\":\"https:\/\/vinilozona.lt\/\"},{\"@type\":\"ListItem\",\"position\":2,\"name\":\"Parduotuv\u0117\",\"item\":\"https:\/\/vinilozona.lt\/parduotuve\/\"},{\"@type\":\"ListItem\",\"position\":3,\"name\":\"Elvis Costello And The Attractions \u2013 Armed Forces\"}]},{\"@type\":\"WebSite\",\"@id\":\"https:\/\/vinilozona.lt\/#website\",\"url\":\"https:\/\/vinilozona.lt\/\",\"name\":\"Vinilo Zona\",\"description\":\"Nup\u016bsk dulkes ir klausyk LP\",\"potentialAction\":[{\"@type\":\"SearchAction\",\"target\":{\"@type\":\"EntryPoint\",\"urlTemplate\":\"https:\/\/vinilozona.lt\/?s={search_term_string}\"},\"query-input\":{\"@type\":\"PropertyValueSpecification\",\"valueRequired\":true,\"valueName\":\"search_term_string\"}}],\"inLanguage\":\"en-GB\"}]}<\/script>\n<!-- \/ Yoast SEO plugin. -->","yoast_head_json":{"title":"Elvis Costello And The Attractions \u2013 Armed Forces Vinilin\u0117 Plok\u0161tel\u0117 | Vinilozona.lt","robots":{"index":"index","follow":"follow","max-snippet":"max-snippet:-1","max-image-preview":"max-image-preview:large","max-video-preview":"max-video-preview:-1"},"canonical":"https:\/\/vinilozona.lt\/en\/parduotuve\/rock-pop\/elvis-costello-and-the-attractions-armed-forces\/","og_locale":"en_GB","og_type":"article","og_title":"Elvis Costello And The Attractions \u2013 Armed Forces Vinilin\u0117 Plok\u0161tel\u0117 | Vinilozona.lt","og_description":"RAD 14","og_url":"https:\/\/vinilozona.lt\/en\/parduotuve\/rock-pop\/elvis-costello-and-the-attractions-armed-forces\/","og_site_name":"Vinilo Zona","article_modified_time":"2023-08-05T13:44:09+00:00","og_image":[{"width":598,"height":598,"url":"https:\/\/vinilozona.lt\/wp-content\/uploads\/2021\/04\/R-387257-1346509113-1321.jpeg.jpg","type":"image\/jpeg"}],"twitter_card":"summary_large_image","schema":{"@context":"https:\/\/schema.org","@graph":[{"@type":"WebPage","@id":"https:\/\/vinilozona.lt\/parduotuve\/rock-pop\/elvis-costello-and-the-attractions-armed-forces\/","url":"https:\/\/vinilozona.lt\/parduotuve\/rock-pop\/elvis-costello-and-the-attractions-armed-forces\/","name":"Elvis Costello And The Attractions \u2013 Armed Forces Vinilin\u0117 Plok\u0161tel\u0117 | Vinilozona.lt","isPartOf":{"@id":"https:\/\/vinilozona.lt\/#website"},"primaryImageOfPage":{"@id":"https:\/\/vinilozona.lt\/parduotuve\/rock-pop\/elvis-costello-and-the-attractions-armed-forces\/#primaryimage"},"image":{"@id":"https:\/\/vinilozona.lt\/parduotuve\/rock-pop\/elvis-costello-and-the-attractions-armed-forces\/#primaryimage"},"thumbnailUrl":"https:\/\/vinilozona.lt\/wp-content\/uploads\/2021\/04\/R-387257-1346509113-1321.jpeg.jpg","datePublished":"2023-03-12T18:37:51+00:00","dateModified":"2023-08-05T13:44:09+00:00","breadcrumb":{"@id":"https:\/\/vinilozona.lt\/parduotuve\/rock-pop\/elvis-costello-and-the-attractions-armed-forces\/#breadcrumb"},"inLanguage":"en-GB","potentialAction":[{"@type":"ReadAction","target":["https:\/\/vinilozona.lt\/parduotuve\/rock-pop\/elvis-costello-and-the-attractions-armed-forces\/"]}]},{"@type":"ImageObject","inLanguage":"en-GB","@id":"https:\/\/vinilozona.lt\/parduotuve\/rock-pop\/elvis-costello-and-the-attractions-armed-forces\/#primaryimage","url":"https:\/\/vinilozona.lt\/wp-content\/uploads\/2021\/04\/R-387257-1346509113-1321.jpeg.jpg","contentUrl":"https:\/\/vinilozona.lt\/wp-content\/uploads\/2021\/04\/R-387257-1346509113-1321.jpeg.jpg","width":598,"height":598},{"@type":"BreadcrumbList","@id":"https:\/\/vinilozona.lt\/parduotuve\/rock-pop\/elvis-costello-and-the-attractions-armed-forces\/#breadcrumb","itemListElement":[{"@type":"ListItem","position":1,"name":"Home","item":"https:\/\/vinilozona.lt\/"},{"@type":"ListItem","position":2,"name":"Parduotuv\u0117","item":"https:\/\/vinilozona.lt\/parduotuve\/"},{"@type":"ListItem","position":3,"name":"Elvis Costello And The Attractions \u2013 Armed Forces"}]},{"@type":"WebSite","@id":"https:\/\/vinilozona.lt\/#website","url":"https:\/\/vinilozona.lt\/","name":"Vinilo Zona","description":"Nup\u016bsk dulkes ir klausyk LP","potentialAction":[{"@type":"SearchAction","target":{"@type":"EntryPoint","urlTemplate":"https:\/\/vinilozona.lt\/?s={search_term_string}"},"query-input":{"@type":"PropertyValueSpecification","valueRequired":true,"valueName":"search_term_string"}}],"inLanguage":"en-GB"}]}},"_links":{"self":[{"href":"https:\/\/vinilozona.lt\/en\/wp-json\/wp\/v2\/product\/14697"}],"collection":[{"href":"https:\/\/vinilozona.lt\/en\/wp-json\/wp\/v2\/product"}],"about":[{"href":"https:\/\/vinilozona.lt\/en\/wp-json\/wp\/v2\/types\/product"}],"wp:featuredmedia":[{"embeddable":true,"href":"https:\/\/vinilozona.lt\/en\/wp-json\/wp\/v2\/media\/14698"}],"wp:attachment":[{"href":"https:\/\/vinilozona.lt\/en\/wp-json\/wp\/v2\/media?parent=14697"}],"wp:term":[{"taxonomy":"product_cat","embeddable":true,"href":"https:\/\/vinilozona.lt\/en\/wp-json\/wp\/v2\/product_cat?post=14697"},{"taxonomy":"product_tag","embeddable":true,"href":"https:\/\/vinilozona.lt\/en\/wp-json\/wp\/v2\/product_tag?post=14697"}],"curies":[{"name":"wp","href":"https:\/\/api.w.org\/{rel}","templated":true}]}}