{"id":14668,"date":"2021-04-02T13:46:11","date_gmt":"2021-04-02T10:46:11","guid":{"rendered":"https:\/\/vinilozona.lt\/?post_type=product&#038;p=14668"},"modified":"2021-04-02T14:24:01","modified_gmt":"2021-04-02T11:24:01","slug":"joe-bonamassa-%e2%80%8e-live-at-radio-city-music-hall","status":"publish","type":"product","link":"https:\/\/vinilozona.lt\/en\/parduotuve\/rock-pop\/joe-bonamassa-%e2%80%8e-live-at-radio-city-music-hall\/","title":{"rendered":"Joe Bonamassa \u200e\u2013 Live At Radio City Music Hall"},"content":{"rendered":"<p>I Can&#8217;t Be Satisfied<br \/>\nOne Less Cross To Bear<br \/>\nLiving On The Moon<br \/>\nI Gave Up Everything For You, &#8216;Cept The Blues<br \/>\nDust Bowl<br \/>\nTrouble Town<br \/>\nStill Water<br \/>\nDifferent Shades Of Blue<br \/>\nHappier Times<br \/>\nNever Give All Your Heart<br \/>\nHidden Charms<br \/>\nLove Ain&#8217;t A Love Song<br \/>\nSo, What Would I Do<\/p>","protected":false},"excerpt":{"rendered":"<p>Provogue \u200e\u2013 PRD 7471 1, Mascot Label Group \u200e\u2013 PRD 7471 1<br \/>\nFormat:<br \/>\n2 \u00d7 Vinyl, LP, Album, 180 Gr.<\/p>","protected":false},"featured_media":14670,"template":"","meta":[],"product_cat":[15,23],"product_tag":[74],"yoast_head":"<!-- This site is optimized with the Yoast SEO plugin v23.5 - https:\/\/yoast.com\/wordpress\/plugins\/seo\/ -->\n<title>Joe Bonamassa \u200e\u2013 Live At Radio City Music Hall Vinilin\u0117 Plok\u0161tel\u0117 | Vinilozona.lt<\/title>\n<meta name=\"robots\" content=\"index, follow, max-snippet:-1, max-image-preview:large, max-video-preview:-1\" \/>\n<link rel=\"canonical\" href=\"https:\/\/vinilozona.lt\/en\/parduotuve\/rock-pop\/joe-bonamassa-\u200e-live-at-radio-city-music-hall\/\" \/>\n<meta property=\"og:locale\" content=\"en_GB\" \/>\n<meta property=\"og:type\" content=\"article\" \/>\n<meta property=\"og:title\" content=\"Joe Bonamassa \u200e\u2013 Live At Radio City Music Hall Vinilin\u0117 Plok\u0161tel\u0117 | Vinilozona.lt\" \/>\n<meta property=\"og:description\" content=\"Provogue \u200e\u2013 PRD 7471 1, Mascot Label Group \u200e\u2013 PRD 7471 1 Format: 2 \u00d7 Vinyl, LP, Album, 180 Gr.\" \/>\n<meta property=\"og:url\" content=\"https:\/\/vinilozona.lt\/en\/parduotuve\/rock-pop\/joe-bonamassa-\u200e-live-at-radio-city-music-hall\/\" \/>\n<meta property=\"og:site_name\" content=\"Vinilo Zona\" \/>\n<meta property=\"article:modified_time\" content=\"2021-04-02T11:24:01+00:00\" \/>\n<meta property=\"og:image\" content=\"https:\/\/vinilozona.lt\/wp-content\/uploads\/2021\/04\/R-7519465-1443171265-4819.jpeg.jpg\" \/>\n\t<meta property=\"og:image:width\" content=\"600\" \/>\n\t<meta property=\"og:image:height\" content=\"600\" \/>\n\t<meta property=\"og:image:type\" content=\"image\/jpeg\" \/>\n<meta name=\"twitter:card\" content=\"summary_large_image\" \/>\n<script type=\"application\/ld+json\" class=\"yoast-schema-graph\">{\"@context\":\"https:\/\/schema.org\",\"@graph\":[{\"@type\":\"WebPage\",\"@id\":\"https:\/\/vinilozona.lt\/parduotuve\/rock-pop\/joe-bonamassa-%e2%80%8e-live-at-radio-city-music-hall\/\",\"url\":\"https:\/\/vinilozona.lt\/parduotuve\/rock-pop\/joe-bonamassa-%e2%80%8e-live-at-radio-city-music-hall\/\",\"name\":\"Joe Bonamassa \u200e\u2013 Live At Radio City Music Hall Vinilin\u0117 Plok\u0161tel\u0117 | Vinilozona.lt\",\"isPartOf\":{\"@id\":\"https:\/\/vinilozona.lt\/#website\"},\"primaryImageOfPage\":{\"@id\":\"https:\/\/vinilozona.lt\/parduotuve\/rock-pop\/joe-bonamassa-%e2%80%8e-live-at-radio-city-music-hall\/#primaryimage\"},\"image\":{\"@id\":\"https:\/\/vinilozona.lt\/parduotuve\/rock-pop\/joe-bonamassa-%e2%80%8e-live-at-radio-city-music-hall\/#primaryimage\"},\"thumbnailUrl\":\"https:\/\/vinilozona.lt\/wp-content\/uploads\/2021\/04\/R-7519465-1443171265-4819.jpeg.jpg\",\"datePublished\":\"2021-04-02T10:46:11+00:00\",\"dateModified\":\"2021-04-02T11:24:01+00:00\",\"breadcrumb\":{\"@id\":\"https:\/\/vinilozona.lt\/parduotuve\/rock-pop\/joe-bonamassa-%e2%80%8e-live-at-radio-city-music-hall\/#breadcrumb\"},\"inLanguage\":\"en-GB\",\"potentialAction\":[{\"@type\":\"ReadAction\",\"target\":[\"https:\/\/vinilozona.lt\/parduotuve\/rock-pop\/joe-bonamassa-%e2%80%8e-live-at-radio-city-music-hall\/\"]}]},{\"@type\":\"ImageObject\",\"inLanguage\":\"en-GB\",\"@id\":\"https:\/\/vinilozona.lt\/parduotuve\/rock-pop\/joe-bonamassa-%e2%80%8e-live-at-radio-city-music-hall\/#primaryimage\",\"url\":\"https:\/\/vinilozona.lt\/wp-content\/uploads\/2021\/04\/R-7519465-1443171265-4819.jpeg.jpg\",\"contentUrl\":\"https:\/\/vinilozona.lt\/wp-content\/uploads\/2021\/04\/R-7519465-1443171265-4819.jpeg.jpg\",\"width\":600,\"height\":600},{\"@type\":\"BreadcrumbList\",\"@id\":\"https:\/\/vinilozona.lt\/parduotuve\/rock-pop\/joe-bonamassa-%e2%80%8e-live-at-radio-city-music-hall\/#breadcrumb\",\"itemListElement\":[{\"@type\":\"ListItem\",\"position\":1,\"name\":\"Home\",\"item\":\"https:\/\/vinilozona.lt\/\"},{\"@type\":\"ListItem\",\"position\":2,\"name\":\"Parduotuv\u0117\",\"item\":\"https:\/\/vinilozona.lt\/parduotuve\/\"},{\"@type\":\"ListItem\",\"position\":3,\"name\":\"Joe Bonamassa \u200e\u2013 Live At Radio City Music Hall\"}]},{\"@type\":\"WebSite\",\"@id\":\"https:\/\/vinilozona.lt\/#website\",\"url\":\"https:\/\/vinilozona.lt\/\",\"name\":\"Vinilo Zona\",\"description\":\"Nup\u016bsk dulkes ir klausyk LP\",\"potentialAction\":[{\"@type\":\"SearchAction\",\"target\":{\"@type\":\"EntryPoint\",\"urlTemplate\":\"https:\/\/vinilozona.lt\/?s={search_term_string}\"},\"query-input\":{\"@type\":\"PropertyValueSpecification\",\"valueRequired\":true,\"valueName\":\"search_term_string\"}}],\"inLanguage\":\"en-GB\"}]}<\/script>\n<!-- \/ Yoast SEO plugin. -->","yoast_head_json":{"title":"Joe Bonamassa \u200e\u2013 Live At Radio City Music Hall Vinilin\u0117 Plok\u0161tel\u0117 | Vinilozona.lt","robots":{"index":"index","follow":"follow","max-snippet":"max-snippet:-1","max-image-preview":"max-image-preview:large","max-video-preview":"max-video-preview:-1"},"canonical":"https:\/\/vinilozona.lt\/en\/parduotuve\/rock-pop\/joe-bonamassa-\u200e-live-at-radio-city-music-hall\/","og_locale":"en_GB","og_type":"article","og_title":"Joe Bonamassa \u200e\u2013 Live At Radio City Music Hall Vinilin\u0117 Plok\u0161tel\u0117 | Vinilozona.lt","og_description":"Provogue \u200e\u2013 PRD 7471 1, Mascot Label Group \u200e\u2013 PRD 7471 1 Format: 2 \u00d7 Vinyl, LP, Album, 180 Gr.","og_url":"https:\/\/vinilozona.lt\/en\/parduotuve\/rock-pop\/joe-bonamassa-\u200e-live-at-radio-city-music-hall\/","og_site_name":"Vinilo Zona","article_modified_time":"2021-04-02T11:24:01+00:00","og_image":[{"width":600,"height":600,"url":"https:\/\/vinilozona.lt\/wp-content\/uploads\/2021\/04\/R-7519465-1443171265-4819.jpeg.jpg","type":"image\/jpeg"}],"twitter_card":"summary_large_image","schema":{"@context":"https:\/\/schema.org","@graph":[{"@type":"WebPage","@id":"https:\/\/vinilozona.lt\/parduotuve\/rock-pop\/joe-bonamassa-%e2%80%8e-live-at-radio-city-music-hall\/","url":"https:\/\/vinilozona.lt\/parduotuve\/rock-pop\/joe-bonamassa-%e2%80%8e-live-at-radio-city-music-hall\/","name":"Joe Bonamassa \u200e\u2013 Live At Radio City Music Hall Vinilin\u0117 Plok\u0161tel\u0117 | Vinilozona.lt","isPartOf":{"@id":"https:\/\/vinilozona.lt\/#website"},"primaryImageOfPage":{"@id":"https:\/\/vinilozona.lt\/parduotuve\/rock-pop\/joe-bonamassa-%e2%80%8e-live-at-radio-city-music-hall\/#primaryimage"},"image":{"@id":"https:\/\/vinilozona.lt\/parduotuve\/rock-pop\/joe-bonamassa-%e2%80%8e-live-at-radio-city-music-hall\/#primaryimage"},"thumbnailUrl":"https:\/\/vinilozona.lt\/wp-content\/uploads\/2021\/04\/R-7519465-1443171265-4819.jpeg.jpg","datePublished":"2021-04-02T10:46:11+00:00","dateModified":"2021-04-02T11:24:01+00:00","breadcrumb":{"@id":"https:\/\/vinilozona.lt\/parduotuve\/rock-pop\/joe-bonamassa-%e2%80%8e-live-at-radio-city-music-hall\/#breadcrumb"},"inLanguage":"en-GB","potentialAction":[{"@type":"ReadAction","target":["https:\/\/vinilozona.lt\/parduotuve\/rock-pop\/joe-bonamassa-%e2%80%8e-live-at-radio-city-music-hall\/"]}]},{"@type":"ImageObject","inLanguage":"en-GB","@id":"https:\/\/vinilozona.lt\/parduotuve\/rock-pop\/joe-bonamassa-%e2%80%8e-live-at-radio-city-music-hall\/#primaryimage","url":"https:\/\/vinilozona.lt\/wp-content\/uploads\/2021\/04\/R-7519465-1443171265-4819.jpeg.jpg","contentUrl":"https:\/\/vinilozona.lt\/wp-content\/uploads\/2021\/04\/R-7519465-1443171265-4819.jpeg.jpg","width":600,"height":600},{"@type":"BreadcrumbList","@id":"https:\/\/vinilozona.lt\/parduotuve\/rock-pop\/joe-bonamassa-%e2%80%8e-live-at-radio-city-music-hall\/#breadcrumb","itemListElement":[{"@type":"ListItem","position":1,"name":"Home","item":"https:\/\/vinilozona.lt\/"},{"@type":"ListItem","position":2,"name":"Parduotuv\u0117","item":"https:\/\/vinilozona.lt\/parduotuve\/"},{"@type":"ListItem","position":3,"name":"Joe Bonamassa \u200e\u2013 Live At Radio City Music Hall"}]},{"@type":"WebSite","@id":"https:\/\/vinilozona.lt\/#website","url":"https:\/\/vinilozona.lt\/","name":"Vinilo Zona","description":"Nup\u016bsk dulkes ir klausyk LP","potentialAction":[{"@type":"SearchAction","target":{"@type":"EntryPoint","urlTemplate":"https:\/\/vinilozona.lt\/?s={search_term_string}"},"query-input":{"@type":"PropertyValueSpecification","valueRequired":true,"valueName":"search_term_string"}}],"inLanguage":"en-GB"}]}},"_links":{"self":[{"href":"https:\/\/vinilozona.lt\/en\/wp-json\/wp\/v2\/product\/14668"}],"collection":[{"href":"https:\/\/vinilozona.lt\/en\/wp-json\/wp\/v2\/product"}],"about":[{"href":"https:\/\/vinilozona.lt\/en\/wp-json\/wp\/v2\/types\/product"}],"wp:featuredmedia":[{"embeddable":true,"href":"https:\/\/vinilozona.lt\/en\/wp-json\/wp\/v2\/media\/14670"}],"wp:attachment":[{"href":"https:\/\/vinilozona.lt\/en\/wp-json\/wp\/v2\/media?parent=14668"}],"wp:term":[{"taxonomy":"product_cat","embeddable":true,"href":"https:\/\/vinilozona.lt\/en\/wp-json\/wp\/v2\/product_cat?post=14668"},{"taxonomy":"product_tag","embeddable":true,"href":"https:\/\/vinilozona.lt\/en\/wp-json\/wp\/v2\/product_tag?post=14668"}],"curies":[{"name":"wp","href":"https:\/\/api.w.org\/{rel}","templated":true}]}}