{"id":14640,"date":"2021-03-23T13:41:25","date_gmt":"2021-03-23T11:41:25","guid":{"rendered":"https:\/\/vinilozona.lt\/?post_type=product&#038;p=14640"},"modified":"2021-03-28T21:40:44","modified_gmt":"2021-03-28T18:40:44","slug":"caravan-the-new-symphonia-%e2%80%8e-caravan-the-new-symphonia","status":"publish","type":"product","link":"https:\/\/vinilozona.lt\/en\/parduotuve\/rock-pop\/caravan-the-new-symphonia-%e2%80%8e-caravan-the-new-symphonia\/","title":{"rendered":"Caravan &#038; The New Symphonia \u200e\u2013 Caravan &#038; The New Symphonia"},"content":{"rendered":"<p>Introduction\t6:55<br \/>\nMirror For The Day\t4:19<br \/>\nThe Love In Your Eye\t12:02<br \/>\nVirgin On The Ridiculous\t6:53<br \/>\nFor Richard\t13:48<\/p>","protected":false},"excerpt":{"rendered":"<p>Kingdom Records \u200e\u2013 506008, Kingdom Records \u200e\u2013 KV. 6008<\/p>","protected":false},"featured_media":14642,"template":"","meta":[],"product_cat":[15],"product_tag":[44],"yoast_head":"<!-- This site is optimized with the Yoast SEO plugin v23.5 - https:\/\/yoast.com\/wordpress\/plugins\/seo\/ -->\n<title>Caravan &amp; The New Symphonia \u200e\u2013 Caravan &amp; The New Symphonia Vinilin\u0117 Plok\u0161tel\u0117 | Vinilozona.lt<\/title>\n<meta name=\"robots\" content=\"index, follow, max-snippet:-1, max-image-preview:large, max-video-preview:-1\" \/>\n<link rel=\"canonical\" href=\"https:\/\/vinilozona.lt\/en\/parduotuve\/rock-pop\/caravan-the-new-symphonia-\u200e-caravan-the-new-symphonia\/\" \/>\n<meta property=\"og:locale\" content=\"en_GB\" \/>\n<meta property=\"og:type\" content=\"article\" \/>\n<meta property=\"og:title\" content=\"Caravan &amp; The New Symphonia \u200e\u2013 Caravan &amp; The New Symphonia Vinilin\u0117 Plok\u0161tel\u0117 | Vinilozona.lt\" \/>\n<meta property=\"og:description\" content=\"Kingdom Records \u200e\u2013 506008, Kingdom Records \u200e\u2013 KV. 6008\" \/>\n<meta property=\"og:url\" content=\"https:\/\/vinilozona.lt\/en\/parduotuve\/rock-pop\/caravan-the-new-symphonia-\u200e-caravan-the-new-symphonia\/\" \/>\n<meta property=\"og:site_name\" content=\"Vinilo Zona\" \/>\n<meta property=\"article:modified_time\" content=\"2021-03-28T18:40:44+00:00\" \/>\n<meta property=\"og:image\" content=\"https:\/\/vinilozona.lt\/wp-content\/uploads\/2021\/03\/R-7422370-1441210148-3060.jpeg.jpg\" \/>\n\t<meta property=\"og:image:width\" content=\"600\" \/>\n\t<meta property=\"og:image:height\" content=\"600\" \/>\n\t<meta property=\"og:image:type\" content=\"image\/jpeg\" \/>\n<meta name=\"twitter:card\" content=\"summary_large_image\" \/>\n<script type=\"application\/ld+json\" class=\"yoast-schema-graph\">{\"@context\":\"https:\/\/schema.org\",\"@graph\":[{\"@type\":\"WebPage\",\"@id\":\"https:\/\/vinilozona.lt\/parduotuve\/rock-pop\/caravan-the-new-symphonia-%e2%80%8e-caravan-the-new-symphonia\/\",\"url\":\"https:\/\/vinilozona.lt\/parduotuve\/rock-pop\/caravan-the-new-symphonia-%e2%80%8e-caravan-the-new-symphonia\/\",\"name\":\"Caravan & The New Symphonia \u200e\u2013 Caravan & The New Symphonia Vinilin\u0117 Plok\u0161tel\u0117 | Vinilozona.lt\",\"isPartOf\":{\"@id\":\"https:\/\/vinilozona.lt\/#website\"},\"primaryImageOfPage\":{\"@id\":\"https:\/\/vinilozona.lt\/parduotuve\/rock-pop\/caravan-the-new-symphonia-%e2%80%8e-caravan-the-new-symphonia\/#primaryimage\"},\"image\":{\"@id\":\"https:\/\/vinilozona.lt\/parduotuve\/rock-pop\/caravan-the-new-symphonia-%e2%80%8e-caravan-the-new-symphonia\/#primaryimage\"},\"thumbnailUrl\":\"https:\/\/vinilozona.lt\/wp-content\/uploads\/2021\/03\/R-7422370-1441210148-3060.jpeg.jpg\",\"datePublished\":\"2021-03-23T11:41:25+00:00\",\"dateModified\":\"2021-03-28T18:40:44+00:00\",\"breadcrumb\":{\"@id\":\"https:\/\/vinilozona.lt\/parduotuve\/rock-pop\/caravan-the-new-symphonia-%e2%80%8e-caravan-the-new-symphonia\/#breadcrumb\"},\"inLanguage\":\"en-GB\",\"potentialAction\":[{\"@type\":\"ReadAction\",\"target\":[\"https:\/\/vinilozona.lt\/parduotuve\/rock-pop\/caravan-the-new-symphonia-%e2%80%8e-caravan-the-new-symphonia\/\"]}]},{\"@type\":\"ImageObject\",\"inLanguage\":\"en-GB\",\"@id\":\"https:\/\/vinilozona.lt\/parduotuve\/rock-pop\/caravan-the-new-symphonia-%e2%80%8e-caravan-the-new-symphonia\/#primaryimage\",\"url\":\"https:\/\/vinilozona.lt\/wp-content\/uploads\/2021\/03\/R-7422370-1441210148-3060.jpeg.jpg\",\"contentUrl\":\"https:\/\/vinilozona.lt\/wp-content\/uploads\/2021\/03\/R-7422370-1441210148-3060.jpeg.jpg\",\"width\":600,\"height\":600},{\"@type\":\"BreadcrumbList\",\"@id\":\"https:\/\/vinilozona.lt\/parduotuve\/rock-pop\/caravan-the-new-symphonia-%e2%80%8e-caravan-the-new-symphonia\/#breadcrumb\",\"itemListElement\":[{\"@type\":\"ListItem\",\"position\":1,\"name\":\"Home\",\"item\":\"https:\/\/vinilozona.lt\/\"},{\"@type\":\"ListItem\",\"position\":2,\"name\":\"Parduotuv\u0117\",\"item\":\"https:\/\/vinilozona.lt\/parduotuve\/\"},{\"@type\":\"ListItem\",\"position\":3,\"name\":\"Caravan &#038; The New Symphonia \u200e\u2013 Caravan &#038; The New Symphonia\"}]},{\"@type\":\"WebSite\",\"@id\":\"https:\/\/vinilozona.lt\/#website\",\"url\":\"https:\/\/vinilozona.lt\/\",\"name\":\"Vinilo Zona\",\"description\":\"Nup\u016bsk dulkes ir klausyk LP\",\"potentialAction\":[{\"@type\":\"SearchAction\",\"target\":{\"@type\":\"EntryPoint\",\"urlTemplate\":\"https:\/\/vinilozona.lt\/?s={search_term_string}\"},\"query-input\":{\"@type\":\"PropertyValueSpecification\",\"valueRequired\":true,\"valueName\":\"search_term_string\"}}],\"inLanguage\":\"en-GB\"}]}<\/script>\n<!-- \/ Yoast SEO plugin. -->","yoast_head_json":{"title":"Caravan & The New Symphonia \u200e\u2013 Caravan & The New Symphonia Vinilin\u0117 Plok\u0161tel\u0117 | Vinilozona.lt","robots":{"index":"index","follow":"follow","max-snippet":"max-snippet:-1","max-image-preview":"max-image-preview:large","max-video-preview":"max-video-preview:-1"},"canonical":"https:\/\/vinilozona.lt\/en\/parduotuve\/rock-pop\/caravan-the-new-symphonia-\u200e-caravan-the-new-symphonia\/","og_locale":"en_GB","og_type":"article","og_title":"Caravan & The New Symphonia \u200e\u2013 Caravan & The New Symphonia Vinilin\u0117 Plok\u0161tel\u0117 | Vinilozona.lt","og_description":"Kingdom Records \u200e\u2013 506008, Kingdom Records \u200e\u2013 KV. 6008","og_url":"https:\/\/vinilozona.lt\/en\/parduotuve\/rock-pop\/caravan-the-new-symphonia-\u200e-caravan-the-new-symphonia\/","og_site_name":"Vinilo Zona","article_modified_time":"2021-03-28T18:40:44+00:00","og_image":[{"width":600,"height":600,"url":"https:\/\/vinilozona.lt\/wp-content\/uploads\/2021\/03\/R-7422370-1441210148-3060.jpeg.jpg","type":"image\/jpeg"}],"twitter_card":"summary_large_image","schema":{"@context":"https:\/\/schema.org","@graph":[{"@type":"WebPage","@id":"https:\/\/vinilozona.lt\/parduotuve\/rock-pop\/caravan-the-new-symphonia-%e2%80%8e-caravan-the-new-symphonia\/","url":"https:\/\/vinilozona.lt\/parduotuve\/rock-pop\/caravan-the-new-symphonia-%e2%80%8e-caravan-the-new-symphonia\/","name":"Caravan & The New Symphonia \u200e\u2013 Caravan & The New Symphonia Vinilin\u0117 Plok\u0161tel\u0117 | Vinilozona.lt","isPartOf":{"@id":"https:\/\/vinilozona.lt\/#website"},"primaryImageOfPage":{"@id":"https:\/\/vinilozona.lt\/parduotuve\/rock-pop\/caravan-the-new-symphonia-%e2%80%8e-caravan-the-new-symphonia\/#primaryimage"},"image":{"@id":"https:\/\/vinilozona.lt\/parduotuve\/rock-pop\/caravan-the-new-symphonia-%e2%80%8e-caravan-the-new-symphonia\/#primaryimage"},"thumbnailUrl":"https:\/\/vinilozona.lt\/wp-content\/uploads\/2021\/03\/R-7422370-1441210148-3060.jpeg.jpg","datePublished":"2021-03-23T11:41:25+00:00","dateModified":"2021-03-28T18:40:44+00:00","breadcrumb":{"@id":"https:\/\/vinilozona.lt\/parduotuve\/rock-pop\/caravan-the-new-symphonia-%e2%80%8e-caravan-the-new-symphonia\/#breadcrumb"},"inLanguage":"en-GB","potentialAction":[{"@type":"ReadAction","target":["https:\/\/vinilozona.lt\/parduotuve\/rock-pop\/caravan-the-new-symphonia-%e2%80%8e-caravan-the-new-symphonia\/"]}]},{"@type":"ImageObject","inLanguage":"en-GB","@id":"https:\/\/vinilozona.lt\/parduotuve\/rock-pop\/caravan-the-new-symphonia-%e2%80%8e-caravan-the-new-symphonia\/#primaryimage","url":"https:\/\/vinilozona.lt\/wp-content\/uploads\/2021\/03\/R-7422370-1441210148-3060.jpeg.jpg","contentUrl":"https:\/\/vinilozona.lt\/wp-content\/uploads\/2021\/03\/R-7422370-1441210148-3060.jpeg.jpg","width":600,"height":600},{"@type":"BreadcrumbList","@id":"https:\/\/vinilozona.lt\/parduotuve\/rock-pop\/caravan-the-new-symphonia-%e2%80%8e-caravan-the-new-symphonia\/#breadcrumb","itemListElement":[{"@type":"ListItem","position":1,"name":"Home","item":"https:\/\/vinilozona.lt\/"},{"@type":"ListItem","position":2,"name":"Parduotuv\u0117","item":"https:\/\/vinilozona.lt\/parduotuve\/"},{"@type":"ListItem","position":3,"name":"Caravan &#038; The New Symphonia \u200e\u2013 Caravan &#038; The New Symphonia"}]},{"@type":"WebSite","@id":"https:\/\/vinilozona.lt\/#website","url":"https:\/\/vinilozona.lt\/","name":"Vinilo Zona","description":"Nup\u016bsk dulkes ir klausyk LP","potentialAction":[{"@type":"SearchAction","target":{"@type":"EntryPoint","urlTemplate":"https:\/\/vinilozona.lt\/?s={search_term_string}"},"query-input":{"@type":"PropertyValueSpecification","valueRequired":true,"valueName":"search_term_string"}}],"inLanguage":"en-GB"}]}},"_links":{"self":[{"href":"https:\/\/vinilozona.lt\/en\/wp-json\/wp\/v2\/product\/14640"}],"collection":[{"href":"https:\/\/vinilozona.lt\/en\/wp-json\/wp\/v2\/product"}],"about":[{"href":"https:\/\/vinilozona.lt\/en\/wp-json\/wp\/v2\/types\/product"}],"wp:featuredmedia":[{"embeddable":true,"href":"https:\/\/vinilozona.lt\/en\/wp-json\/wp\/v2\/media\/14642"}],"wp:attachment":[{"href":"https:\/\/vinilozona.lt\/en\/wp-json\/wp\/v2\/media?parent=14640"}],"wp:term":[{"taxonomy":"product_cat","embeddable":true,"href":"https:\/\/vinilozona.lt\/en\/wp-json\/wp\/v2\/product_cat?post=14640"},{"taxonomy":"product_tag","embeddable":true,"href":"https:\/\/vinilozona.lt\/en\/wp-json\/wp\/v2\/product_tag?post=14640"}],"curies":[{"name":"wp","href":"https:\/\/api.w.org\/{rel}","templated":true}]}}