{"id":14605,"date":"2021-03-18T13:43:19","date_gmt":"2021-03-18T11:43:19","guid":{"rendered":"https:\/\/vinilozona.lt\/?post_type=product&#038;p=14605"},"modified":"2026-03-05T11:51:31","modified_gmt":"2026-03-05T09:51:31","slug":"%d0%b0%d0%bb%d0%bb%d0%b0-%d0%bf%d1%83%d0%b3%d0%b0%d1%87%d0%b5%d0%b2%d0%b0-%d0%b8-%d1%80%d0%b5%d1%86%d0%b8%d1%82%d0%b0%d0%bb-%e2%80%8e-%d0%ba%d0%b0%d0%ba-%d1%82%d1%80%d0%b5%d0%b2%d0%be%d0%b6","status":"publish","type":"product","link":"https:\/\/vinilozona.lt\/en\/parduotuve\/kita\/%d0%b0%d0%bb%d0%bb%d0%b0-%d0%bf%d1%83%d0%b3%d0%b0%d1%87%d0%b5%d0%b2%d0%b0-%d0%b8-%d1%80%d0%b5%d1%86%d0%b8%d1%82%d0%b0%d0%bb-%e2%80%8e-%d0%ba%d0%b0%d0%ba-%d1%82%d1%80%d0%b5%d0%b2%d0%be%d0%b6\/","title":{"rendered":"\u0410\u043b\u043b\u0430 \u041f\u0443\u0433\u0430\u0447\u0435\u0432\u0430 \u0418 \u0420\u0435\u0446\u0438\u0442\u0430\u043b \u200e\u2013 \u041a\u0430\u043a \u0422\u0440\u0435\u0432\u043e\u0436\u0435\u043d \u042d\u0442\u043e\u0442 \u041f\u0443\u0442\u044c"},"content":{"rendered":"<p>A1\t\u041b\u044e\u0434\u0438, \u041b\u044e\u0434\u0438 \u00b7 People, People 4:34<br \/>\nA2\t\u0423\u0441\u0442\u0430\u043b\u043e\u0441\u0442\u044c \u00b7 Tiredness\t4:30<br \/>\nA3\t\u042f \u0411\u043e\u043b\u044c\u0448\u0435 \u041d\u0435 \u0420\u0435\u0432\u043d\u0443\u044e \u00b7 I&#8217;m Not Jealous Anymore 5:15<br \/>\nA4\t\u0414\u0435\u0436\u0443\u0440\u043d\u044b\u0439 \u0410\u043d\u0433\u0435\u043b \u00b7 The Angel On Duty\t4:33<br \/>\nB1\t\u0411\u0435\u0434\u0430 \u00b7 Trouble 5:07<br \/>\nB2\t\u041b\u0435\u0441\u0442\u043d\u0438\u0446\u0430 \u00b7 A Staircase\t3:50<br \/>\nB3\t\u041a\u0430\u043a \u0422\u0440\u0435\u0432\u043e\u0436\u0435\u043d \u042d\u0442\u043e\u0442 \u041f\u0443\u0442\u044c \u00b7 How Disturbing Is This Way\t4:57<br \/>\nB4\t\u0414\u0435\u0440\u0436\u0438 \u041c\u0435\u043d\u044f, \u0421\u043e\u043b\u043e\u043c\u0438\u043d\u043a\u0430 \u00b7 Catching At A Straw 4:20<\/p>","protected":false},"excerpt":{"rendered":"<p>\u041c\u0435\u043b\u043e\u0434\u0438\u044f \u200e\u2013 C60-17663-4<\/p>","protected":false},"featured_media":14606,"template":"","meta":[],"product_cat":[21],"product_tag":[44],"yoast_head":"<!-- This site is optimized with the Yoast SEO plugin v23.5 - https:\/\/yoast.com\/wordpress\/plugins\/seo\/ -->\n<title>\u0410\u043b\u043b\u0430 \u041f\u0443\u0433\u0430\u0447\u0435\u0432\u0430 \u0418 \u0420\u0435\u0446\u0438\u0442\u0430\u043b \u200e\u2013 \u041a\u0430\u043a \u0422\u0440\u0435\u0432\u043e\u0436\u0435\u043d \u042d\u0442\u043e\u0442 \u041f\u0443\u0442\u044c Vinilin\u0117 Plok\u0161tel\u0117 | Vinilozona.lt<\/title>\n<meta name=\"robots\" content=\"index, follow, max-snippet:-1, max-image-preview:large, max-video-preview:-1\" \/>\n<link rel=\"canonical\" href=\"https:\/\/vinilozona.lt\/en\/parduotuve\/kita\/\u0430\u043b\u043b\u0430-\u043f\u0443\u0433\u0430\u0447\u0435\u0432\u0430-\u0438-\u0440\u0435\u0446\u0438\u0442\u0430\u043b-\u200e-\u043a\u0430\u043a-\u0442\u0440\u0435\u0432\u043e\u0436\/\" \/>\n<meta property=\"og:locale\" content=\"en_GB\" \/>\n<meta property=\"og:type\" content=\"article\" \/>\n<meta property=\"og:title\" content=\"\u0410\u043b\u043b\u0430 \u041f\u0443\u0433\u0430\u0447\u0435\u0432\u0430 \u0418 \u0420\u0435\u0446\u0438\u0442\u0430\u043b \u200e\u2013 \u041a\u0430\u043a \u0422\u0440\u0435\u0432\u043e\u0436\u0435\u043d \u042d\u0442\u043e\u0442 \u041f\u0443\u0442\u044c Vinilin\u0117 Plok\u0161tel\u0117 | Vinilozona.lt\" \/>\n<meta property=\"og:description\" content=\"\u041c\u0435\u043b\u043e\u0434\u0438\u044f \u200e\u2013 C60-17663-4\" \/>\n<meta property=\"og:url\" content=\"https:\/\/vinilozona.lt\/en\/parduotuve\/kita\/\u0430\u043b\u043b\u0430-\u043f\u0443\u0433\u0430\u0447\u0435\u0432\u0430-\u0438-\u0440\u0435\u0446\u0438\u0442\u0430\u043b-\u200e-\u043a\u0430\u043a-\u0442\u0440\u0435\u0432\u043e\u0436\/\" \/>\n<meta property=\"og:site_name\" content=\"Vinilo Zona\" \/>\n<meta property=\"article:modified_time\" content=\"2026-03-05T09:51:31+00:00\" \/>\n<meta property=\"og:image\" content=\"https:\/\/vinilozona.lt\/wp-content\/uploads\/2021\/03\/R-1210133-1319974491.jpeg.jpg\" \/>\n\t<meta property=\"og:image:width\" content=\"600\" \/>\n\t<meta property=\"og:image:height\" content=\"600\" \/>\n\t<meta property=\"og:image:type\" content=\"image\/jpeg\" \/>\n<meta name=\"twitter:card\" content=\"summary_large_image\" \/>\n<script type=\"application\/ld+json\" class=\"yoast-schema-graph\">{\"@context\":\"https:\/\/schema.org\",\"@graph\":[{\"@type\":\"WebPage\",\"@id\":\"https:\/\/vinilozona.lt\/parduotuve\/kita\/%d0%b0%d0%bb%d0%bb%d0%b0-%d0%bf%d1%83%d0%b3%d0%b0%d1%87%d0%b5%d0%b2%d0%b0-%d0%b8-%d1%80%d0%b5%d1%86%d0%b8%d1%82%d0%b0%d0%bb-%e2%80%8e-%d0%ba%d0%b0%d0%ba-%d1%82%d1%80%d0%b5%d0%b2%d0%be%d0%b6\/\",\"url\":\"https:\/\/vinilozona.lt\/parduotuve\/kita\/%d0%b0%d0%bb%d0%bb%d0%b0-%d0%bf%d1%83%d0%b3%d0%b0%d1%87%d0%b5%d0%b2%d0%b0-%d0%b8-%d1%80%d0%b5%d1%86%d0%b8%d1%82%d0%b0%d0%bb-%e2%80%8e-%d0%ba%d0%b0%d0%ba-%d1%82%d1%80%d0%b5%d0%b2%d0%be%d0%b6\/\",\"name\":\"\u0410\u043b\u043b\u0430 \u041f\u0443\u0433\u0430\u0447\u0435\u0432\u0430 \u0418 \u0420\u0435\u0446\u0438\u0442\u0430\u043b \u200e\u2013 \u041a\u0430\u043a \u0422\u0440\u0435\u0432\u043e\u0436\u0435\u043d \u042d\u0442\u043e\u0442 \u041f\u0443\u0442\u044c Vinilin\u0117 Plok\u0161tel\u0117 | Vinilozona.lt\",\"isPartOf\":{\"@id\":\"https:\/\/vinilozona.lt\/#website\"},\"primaryImageOfPage\":{\"@id\":\"https:\/\/vinilozona.lt\/parduotuve\/kita\/%d0%b0%d0%bb%d0%bb%d0%b0-%d0%bf%d1%83%d0%b3%d0%b0%d1%87%d0%b5%d0%b2%d0%b0-%d0%b8-%d1%80%d0%b5%d1%86%d0%b8%d1%82%d0%b0%d0%bb-%e2%80%8e-%d0%ba%d0%b0%d0%ba-%d1%82%d1%80%d0%b5%d0%b2%d0%be%d0%b6\/#primaryimage\"},\"image\":{\"@id\":\"https:\/\/vinilozona.lt\/parduotuve\/kita\/%d0%b0%d0%bb%d0%bb%d0%b0-%d0%bf%d1%83%d0%b3%d0%b0%d1%87%d0%b5%d0%b2%d0%b0-%d0%b8-%d1%80%d0%b5%d1%86%d0%b8%d1%82%d0%b0%d0%bb-%e2%80%8e-%d0%ba%d0%b0%d0%ba-%d1%82%d1%80%d0%b5%d0%b2%d0%be%d0%b6\/#primaryimage\"},\"thumbnailUrl\":\"https:\/\/vinilozona.lt\/wp-content\/uploads\/2021\/03\/R-1210133-1319974491.jpeg.jpg\",\"datePublished\":\"2021-03-18T11:43:19+00:00\",\"dateModified\":\"2026-03-05T09:51:31+00:00\",\"breadcrumb\":{\"@id\":\"https:\/\/vinilozona.lt\/parduotuve\/kita\/%d0%b0%d0%bb%d0%bb%d0%b0-%d0%bf%d1%83%d0%b3%d0%b0%d1%87%d0%b5%d0%b2%d0%b0-%d0%b8-%d1%80%d0%b5%d1%86%d0%b8%d1%82%d0%b0%d0%bb-%e2%80%8e-%d0%ba%d0%b0%d0%ba-%d1%82%d1%80%d0%b5%d0%b2%d0%be%d0%b6\/#breadcrumb\"},\"inLanguage\":\"en-GB\",\"potentialAction\":[{\"@type\":\"ReadAction\",\"target\":[\"https:\/\/vinilozona.lt\/parduotuve\/kita\/%d0%b0%d0%bb%d0%bb%d0%b0-%d0%bf%d1%83%d0%b3%d0%b0%d1%87%d0%b5%d0%b2%d0%b0-%d0%b8-%d1%80%d0%b5%d1%86%d0%b8%d1%82%d0%b0%d0%bb-%e2%80%8e-%d0%ba%d0%b0%d0%ba-%d1%82%d1%80%d0%b5%d0%b2%d0%be%d0%b6\/\"]}]},{\"@type\":\"ImageObject\",\"inLanguage\":\"en-GB\",\"@id\":\"https:\/\/vinilozona.lt\/parduotuve\/kita\/%d0%b0%d0%bb%d0%bb%d0%b0-%d0%bf%d1%83%d0%b3%d0%b0%d1%87%d0%b5%d0%b2%d0%b0-%d0%b8-%d1%80%d0%b5%d1%86%d0%b8%d1%82%d0%b0%d0%bb-%e2%80%8e-%d0%ba%d0%b0%d0%ba-%d1%82%d1%80%d0%b5%d0%b2%d0%be%d0%b6\/#primaryimage\",\"url\":\"https:\/\/vinilozona.lt\/wp-content\/uploads\/2021\/03\/R-1210133-1319974491.jpeg.jpg\",\"contentUrl\":\"https:\/\/vinilozona.lt\/wp-content\/uploads\/2021\/03\/R-1210133-1319974491.jpeg.jpg\",\"width\":600,\"height\":600},{\"@type\":\"BreadcrumbList\",\"@id\":\"https:\/\/vinilozona.lt\/parduotuve\/kita\/%d0%b0%d0%bb%d0%bb%d0%b0-%d0%bf%d1%83%d0%b3%d0%b0%d1%87%d0%b5%d0%b2%d0%b0-%d0%b8-%d1%80%d0%b5%d1%86%d0%b8%d1%82%d0%b0%d0%bb-%e2%80%8e-%d0%ba%d0%b0%d0%ba-%d1%82%d1%80%d0%b5%d0%b2%d0%be%d0%b6\/#breadcrumb\",\"itemListElement\":[{\"@type\":\"ListItem\",\"position\":1,\"name\":\"Home\",\"item\":\"https:\/\/vinilozona.lt\/\"},{\"@type\":\"ListItem\",\"position\":2,\"name\":\"Parduotuv\u0117\",\"item\":\"https:\/\/vinilozona.lt\/parduotuve\/\"},{\"@type\":\"ListItem\",\"position\":3,\"name\":\"\u0410\u043b\u043b\u0430 \u041f\u0443\u0433\u0430\u0447\u0435\u0432\u0430 \u0418 \u0420\u0435\u0446\u0438\u0442\u0430\u043b \u200e\u2013 \u041a\u0430\u043a \u0422\u0440\u0435\u0432\u043e\u0436\u0435\u043d \u042d\u0442\u043e\u0442 \u041f\u0443\u0442\u044c\"}]},{\"@type\":\"WebSite\",\"@id\":\"https:\/\/vinilozona.lt\/#website\",\"url\":\"https:\/\/vinilozona.lt\/\",\"name\":\"Vinilo Zona\",\"description\":\"Nup\u016bsk dulkes ir klausyk LP\",\"potentialAction\":[{\"@type\":\"SearchAction\",\"target\":{\"@type\":\"EntryPoint\",\"urlTemplate\":\"https:\/\/vinilozona.lt\/?s={search_term_string}\"},\"query-input\":{\"@type\":\"PropertyValueSpecification\",\"valueRequired\":true,\"valueName\":\"search_term_string\"}}],\"inLanguage\":\"en-GB\"}]}<\/script>\n<!-- \/ Yoast SEO plugin. -->","yoast_head_json":{"title":"\u0410\u043b\u043b\u0430 \u041f\u0443\u0433\u0430\u0447\u0435\u0432\u0430 \u0418 \u0420\u0435\u0446\u0438\u0442\u0430\u043b \u200e\u2013 \u041a\u0430\u043a \u0422\u0440\u0435\u0432\u043e\u0436\u0435\u043d \u042d\u0442\u043e\u0442 \u041f\u0443\u0442\u044c Vinilin\u0117 Plok\u0161tel\u0117 | Vinilozona.lt","robots":{"index":"index","follow":"follow","max-snippet":"max-snippet:-1","max-image-preview":"max-image-preview:large","max-video-preview":"max-video-preview:-1"},"canonical":"https:\/\/vinilozona.lt\/en\/parduotuve\/kita\/\u0430\u043b\u043b\u0430-\u043f\u0443\u0433\u0430\u0447\u0435\u0432\u0430-\u0438-\u0440\u0435\u0446\u0438\u0442\u0430\u043b-\u200e-\u043a\u0430\u043a-\u0442\u0440\u0435\u0432\u043e\u0436\/","og_locale":"en_GB","og_type":"article","og_title":"\u0410\u043b\u043b\u0430 \u041f\u0443\u0433\u0430\u0447\u0435\u0432\u0430 \u0418 \u0420\u0435\u0446\u0438\u0442\u0430\u043b \u200e\u2013 \u041a\u0430\u043a \u0422\u0440\u0435\u0432\u043e\u0436\u0435\u043d \u042d\u0442\u043e\u0442 \u041f\u0443\u0442\u044c Vinilin\u0117 Plok\u0161tel\u0117 | Vinilozona.lt","og_description":"\u041c\u0435\u043b\u043e\u0434\u0438\u044f \u200e\u2013 C60-17663-4","og_url":"https:\/\/vinilozona.lt\/en\/parduotuve\/kita\/\u0430\u043b\u043b\u0430-\u043f\u0443\u0433\u0430\u0447\u0435\u0432\u0430-\u0438-\u0440\u0435\u0446\u0438\u0442\u0430\u043b-\u200e-\u043a\u0430\u043a-\u0442\u0440\u0435\u0432\u043e\u0436\/","og_site_name":"Vinilo Zona","article_modified_time":"2026-03-05T09:51:31+00:00","og_image":[{"width":600,"height":600,"url":"https:\/\/vinilozona.lt\/wp-content\/uploads\/2021\/03\/R-1210133-1319974491.jpeg.jpg","type":"image\/jpeg"}],"twitter_card":"summary_large_image","schema":{"@context":"https:\/\/schema.org","@graph":[{"@type":"WebPage","@id":"https:\/\/vinilozona.lt\/parduotuve\/kita\/%d0%b0%d0%bb%d0%bb%d0%b0-%d0%bf%d1%83%d0%b3%d0%b0%d1%87%d0%b5%d0%b2%d0%b0-%d0%b8-%d1%80%d0%b5%d1%86%d0%b8%d1%82%d0%b0%d0%bb-%e2%80%8e-%d0%ba%d0%b0%d0%ba-%d1%82%d1%80%d0%b5%d0%b2%d0%be%d0%b6\/","url":"https:\/\/vinilozona.lt\/parduotuve\/kita\/%d0%b0%d0%bb%d0%bb%d0%b0-%d0%bf%d1%83%d0%b3%d0%b0%d1%87%d0%b5%d0%b2%d0%b0-%d0%b8-%d1%80%d0%b5%d1%86%d0%b8%d1%82%d0%b0%d0%bb-%e2%80%8e-%d0%ba%d0%b0%d0%ba-%d1%82%d1%80%d0%b5%d0%b2%d0%be%d0%b6\/","name":"\u0410\u043b\u043b\u0430 \u041f\u0443\u0433\u0430\u0447\u0435\u0432\u0430 \u0418 \u0420\u0435\u0446\u0438\u0442\u0430\u043b \u200e\u2013 \u041a\u0430\u043a \u0422\u0440\u0435\u0432\u043e\u0436\u0435\u043d \u042d\u0442\u043e\u0442 \u041f\u0443\u0442\u044c Vinilin\u0117 Plok\u0161tel\u0117 | Vinilozona.lt","isPartOf":{"@id":"https:\/\/vinilozona.lt\/#website"},"primaryImageOfPage":{"@id":"https:\/\/vinilozona.lt\/parduotuve\/kita\/%d0%b0%d0%bb%d0%bb%d0%b0-%d0%bf%d1%83%d0%b3%d0%b0%d1%87%d0%b5%d0%b2%d0%b0-%d0%b8-%d1%80%d0%b5%d1%86%d0%b8%d1%82%d0%b0%d0%bb-%e2%80%8e-%d0%ba%d0%b0%d0%ba-%d1%82%d1%80%d0%b5%d0%b2%d0%be%d0%b6\/#primaryimage"},"image":{"@id":"https:\/\/vinilozona.lt\/parduotuve\/kita\/%d0%b0%d0%bb%d0%bb%d0%b0-%d0%bf%d1%83%d0%b3%d0%b0%d1%87%d0%b5%d0%b2%d0%b0-%d0%b8-%d1%80%d0%b5%d1%86%d0%b8%d1%82%d0%b0%d0%bb-%e2%80%8e-%d0%ba%d0%b0%d0%ba-%d1%82%d1%80%d0%b5%d0%b2%d0%be%d0%b6\/#primaryimage"},"thumbnailUrl":"https:\/\/vinilozona.lt\/wp-content\/uploads\/2021\/03\/R-1210133-1319974491.jpeg.jpg","datePublished":"2021-03-18T11:43:19+00:00","dateModified":"2026-03-05T09:51:31+00:00","breadcrumb":{"@id":"https:\/\/vinilozona.lt\/parduotuve\/kita\/%d0%b0%d0%bb%d0%bb%d0%b0-%d0%bf%d1%83%d0%b3%d0%b0%d1%87%d0%b5%d0%b2%d0%b0-%d0%b8-%d1%80%d0%b5%d1%86%d0%b8%d1%82%d0%b0%d0%bb-%e2%80%8e-%d0%ba%d0%b0%d0%ba-%d1%82%d1%80%d0%b5%d0%b2%d0%be%d0%b6\/#breadcrumb"},"inLanguage":"en-GB","potentialAction":[{"@type":"ReadAction","target":["https:\/\/vinilozona.lt\/parduotuve\/kita\/%d0%b0%d0%bb%d0%bb%d0%b0-%d0%bf%d1%83%d0%b3%d0%b0%d1%87%d0%b5%d0%b2%d0%b0-%d0%b8-%d1%80%d0%b5%d1%86%d0%b8%d1%82%d0%b0%d0%bb-%e2%80%8e-%d0%ba%d0%b0%d0%ba-%d1%82%d1%80%d0%b5%d0%b2%d0%be%d0%b6\/"]}]},{"@type":"ImageObject","inLanguage":"en-GB","@id":"https:\/\/vinilozona.lt\/parduotuve\/kita\/%d0%b0%d0%bb%d0%bb%d0%b0-%d0%bf%d1%83%d0%b3%d0%b0%d1%87%d0%b5%d0%b2%d0%b0-%d0%b8-%d1%80%d0%b5%d1%86%d0%b8%d1%82%d0%b0%d0%bb-%e2%80%8e-%d0%ba%d0%b0%d0%ba-%d1%82%d1%80%d0%b5%d0%b2%d0%be%d0%b6\/#primaryimage","url":"https:\/\/vinilozona.lt\/wp-content\/uploads\/2021\/03\/R-1210133-1319974491.jpeg.jpg","contentUrl":"https:\/\/vinilozona.lt\/wp-content\/uploads\/2021\/03\/R-1210133-1319974491.jpeg.jpg","width":600,"height":600},{"@type":"BreadcrumbList","@id":"https:\/\/vinilozona.lt\/parduotuve\/kita\/%d0%b0%d0%bb%d0%bb%d0%b0-%d0%bf%d1%83%d0%b3%d0%b0%d1%87%d0%b5%d0%b2%d0%b0-%d0%b8-%d1%80%d0%b5%d1%86%d0%b8%d1%82%d0%b0%d0%bb-%e2%80%8e-%d0%ba%d0%b0%d0%ba-%d1%82%d1%80%d0%b5%d0%b2%d0%be%d0%b6\/#breadcrumb","itemListElement":[{"@type":"ListItem","position":1,"name":"Home","item":"https:\/\/vinilozona.lt\/"},{"@type":"ListItem","position":2,"name":"Parduotuv\u0117","item":"https:\/\/vinilozona.lt\/parduotuve\/"},{"@type":"ListItem","position":3,"name":"\u0410\u043b\u043b\u0430 \u041f\u0443\u0433\u0430\u0447\u0435\u0432\u0430 \u0418 \u0420\u0435\u0446\u0438\u0442\u0430\u043b \u200e\u2013 \u041a\u0430\u043a \u0422\u0440\u0435\u0432\u043e\u0436\u0435\u043d \u042d\u0442\u043e\u0442 \u041f\u0443\u0442\u044c"}]},{"@type":"WebSite","@id":"https:\/\/vinilozona.lt\/#website","url":"https:\/\/vinilozona.lt\/","name":"Vinilo Zona","description":"Nup\u016bsk dulkes ir klausyk LP","potentialAction":[{"@type":"SearchAction","target":{"@type":"EntryPoint","urlTemplate":"https:\/\/vinilozona.lt\/?s={search_term_string}"},"query-input":{"@type":"PropertyValueSpecification","valueRequired":true,"valueName":"search_term_string"}}],"inLanguage":"en-GB"}]}},"_links":{"self":[{"href":"https:\/\/vinilozona.lt\/en\/wp-json\/wp\/v2\/product\/14605"}],"collection":[{"href":"https:\/\/vinilozona.lt\/en\/wp-json\/wp\/v2\/product"}],"about":[{"href":"https:\/\/vinilozona.lt\/en\/wp-json\/wp\/v2\/types\/product"}],"wp:featuredmedia":[{"embeddable":true,"href":"https:\/\/vinilozona.lt\/en\/wp-json\/wp\/v2\/media\/14606"}],"wp:attachment":[{"href":"https:\/\/vinilozona.lt\/en\/wp-json\/wp\/v2\/media?parent=14605"}],"wp:term":[{"taxonomy":"product_cat","embeddable":true,"href":"https:\/\/vinilozona.lt\/en\/wp-json\/wp\/v2\/product_cat?post=14605"},{"taxonomy":"product_tag","embeddable":true,"href":"https:\/\/vinilozona.lt\/en\/wp-json\/wp\/v2\/product_tag?post=14605"}],"curies":[{"name":"wp","href":"https:\/\/api.w.org\/{rel}","templated":true}]}}