{"id":14597,"date":"2026-02-26T05:35:55","date_gmt":"2026-02-26T03:35:55","guid":{"rendered":"https:\/\/vinilozona.lt\/?post_type=product&#038;p=14597"},"modified":"2026-03-12T16:47:58","modified_gmt":"2026-03-12T14:47:58","slug":"brahms-staatskapelle-berlin-otmar-suitner-%e2%80%8e-sinfonie-nr-2","status":"publish","type":"product","link":"https:\/\/vinilozona.lt\/en\/parduotuve\/classic\/brahms-staatskapelle-berlin-otmar-suitner-%e2%80%8e-sinfonie-nr-2\/","title":{"rendered":"\u0420\u0435\u043d\u0430\u0442\u0430 \u0421\u043a\u043e\u0442\u0442\u043e &#8211; \u041f\u0443\u0447\u0447\u0438\u043d\u0438, \u041c\u0430\u0441\u043a\u0430\u043d\u044c\u0438, \u0427\u0438\u043b\u0435\u0430, \u041a\u0430\u0442\u0430\u043b\u0430\u043d\u0438 \u2013 \u0410\u0440\u0438\u0438 \u0418\u0437 \u041e\u043f\u0435\u0440"},"content":{"rendered":"<p>A1\t\t\u0410\u0440\u0438\u044f \u0410\u043d\u043d\u044b (\u00ab\u0412\u0438\u043b\u043b\u0438\u0441\u044b\u00bb, 1 \u0414.)  5:13<br \/>\nA2\t\t\u0410\u0440\u0438\u044f \u041c\u0430\u043d\u043e\u043d (\u00ab\u041c\u0430\u043d\u043e\u043d \u041b\u0435\u0441\u043a\u043e\u00bb, 2 \u0414.)  2:26<br \/>\nA3\t\t\u0410\u0440\u0438\u044f \u041c\u0430\u043d\u043e\u043d (\u00ab\u041c\u0430\u043d\u043e\u043d \u041b\u0435\u0441\u043a\u043e\u00bb, 4 \u0414.)  4:08<br \/>\nA4\t\t\u0410\u0440\u0438\u044f \u041c\u044e\u0437\u0435\u0442\u0442\u044b (\u00ab\u0411\u043e\u0433\u0435\u043c\u0430\u00bb, 2 \u0414.)  2:23<br \/>\nA5\t\t\u0410\u0440\u0438\u044f \u0410\u043d\u0434\u0436\u0435\u043b\u0438\u043a\u0438 (\u00ab\u0421\u0435\u0441\u0442\u0440\u0430 \u0410\u043d\u0434\u0436\u0435\u043b\u0438\u043a\u0430\u00bb)  4:11<br \/>\nA6\t\t\u0410\u0440\u0438\u044f \u041b\u0430\u0443\u0440\u0435\u0442\u0442\u044b (\u00ab\u0414\u0436\u0430\u043d\u043d\u0438 \u0421\u043a\u0438\u043a\u043a\u0438\u00bb)  2:02<br \/>\nB1\t\t\u0410\u0440\u0438\u044f \u0412\u0430\u043b\u043b\u0438 (\u00ab\u0412\u0430\u043b\u043b\u0438\u00bb, 1 \u0414.)  4:00<br \/>\nB2\t\t\u0410\u0440\u0438\u044f \u0410\u0434\u0440\u0438\u0435\u043d\u043d\u044b (\u00ab\u0410\u0434\u0440\u0438\u0435\u043d\u043d\u0430 \u041b\u0435\u043a\u0443\u0432\u0440\u0435\u0440\u00bb, 1 \u0414.)  3:12<br \/>\nB3\t\t\u0410\u0440\u0438\u044f \u0410\u0434\u0440\u0438\u0435\u043d\u043d\u044b (\u00ab\u0410\u0434\u0440\u0438\u0435\u043d\u043d\u0430 \u041b\u0435\u043a\u0443\u0432\u0440\u0435\u0440\u00bb, 4 \u0414.)\t3:01<br \/>\nB4\t\t\u0420\u0435\u0447\u0438\u0442\u0430\u0442\u0438\u0432 \u0418 \u0410\u0440\u0438\u044f \u041c\u0430\u0433\u0434\u044b (\u00ab\u041b\u0430\u0441\u0442\u043e\u0447\u043a\u0430\u00bb, 1 \u0414.)  3:02<br \/>\nB5\t\t\u0420\u0435\u0447\u0438\u0442\u0430\u0442\u0438\u0432 \u0418 \u0410\u0440\u0438\u044f \u041b\u043e\u0434\u043e\u043b\u0435\u0442\u0442\u044b (\u00ab\u041b\u043e\u0434\u043e\u043b\u0435\u0442\u0442\u0430\u00bb, 3 \u0414.)  4:21<br \/>\nB6\t\t\u0410\u0440\u0438\u044f \u0418\u0440\u0438\u0441 (\u00ab\u0418\u0440\u0438\u0441\u00bb, 2 \u0414.)  3:45<\/p>","protected":false},"excerpt":{"rendered":"<p>\u041c\u0435\u043b\u043e\u0434\u0438\u044f \u2013 33 \u0421 10\u201408455-6<br \/>\nFormat:<br \/>\nVinyl, LP, Stereo<br \/>\nCountry:  USSR<br \/>\nReleased:  1977<br \/>\nGenre:  Classical<br \/>\nStyle:<br \/>\nOpera<\/p>","protected":false},"featured_media":30649,"template":"","meta":[],"product_cat":[22],"product_tag":[44],"yoast_head":"<!-- This site is optimized with the Yoast SEO plugin v23.5 - https:\/\/yoast.com\/wordpress\/plugins\/seo\/ -->\n<title>\u0420\u0435\u043d\u0430\u0442\u0430 \u0421\u043a\u043e\u0442\u0442\u043e - \u041f\u0443\u0447\u0447\u0438\u043d\u0438, \u041c\u0430\u0441\u043a\u0430\u043d\u044c\u0438, \u0427\u0438\u043b\u0435\u0430, \u041a\u0430\u0442\u0430\u043b\u0430\u043d\u0438 \u2013 \u0410\u0440\u0438\u0438 \u0418\u0437 \u041e\u043f\u0435\u0440 Vinilin\u0117 Plok\u0161tel\u0117 | Vinilozona.lt<\/title>\n<meta name=\"robots\" content=\"index, follow, max-snippet:-1, max-image-preview:large, max-video-preview:-1\" \/>\n<link rel=\"canonical\" href=\"https:\/\/vinilozona.lt\/en\/parduotuve\/classic\/brahms-staatskapelle-berlin-otmar-suitner-\u200e-sinfonie-nr-2\/\" \/>\n<meta property=\"og:locale\" content=\"en_GB\" \/>\n<meta property=\"og:type\" content=\"article\" \/>\n<meta property=\"og:title\" content=\"\u0420\u0435\u043d\u0430\u0442\u0430 \u0421\u043a\u043e\u0442\u0442\u043e - \u041f\u0443\u0447\u0447\u0438\u043d\u0438, \u041c\u0430\u0441\u043a\u0430\u043d\u044c\u0438, \u0427\u0438\u043b\u0435\u0430, \u041a\u0430\u0442\u0430\u043b\u0430\u043d\u0438 \u2013 \u0410\u0440\u0438\u0438 \u0418\u0437 \u041e\u043f\u0435\u0440 Vinilin\u0117 Plok\u0161tel\u0117 | Vinilozona.lt\" \/>\n<meta property=\"og:description\" content=\"\u041c\u0435\u043b\u043e\u0434\u0438\u044f \u2013 33 \u0421 10\u201408455-6 Format: Vinyl, LP, Stereo Country: USSR Released: 1977 Genre: Classical Style: Opera\" \/>\n<meta property=\"og:url\" content=\"https:\/\/vinilozona.lt\/en\/parduotuve\/classic\/brahms-staatskapelle-berlin-otmar-suitner-\u200e-sinfonie-nr-2\/\" \/>\n<meta property=\"og:site_name\" content=\"Vinilo Zona\" \/>\n<meta property=\"article:modified_time\" content=\"2026-03-12T14:47:58+00:00\" \/>\n<meta property=\"og:image\" content=\"https:\/\/vinilozona.lt\/wp-content\/uploads\/2023\/02\/R-10097147-1644245728-7822.jpg\" \/>\n\t<meta property=\"og:image:width\" content=\"597\" \/>\n\t<meta property=\"og:image:height\" content=\"600\" \/>\n\t<meta property=\"og:image:type\" content=\"image\/jpeg\" \/>\n<meta name=\"twitter:card\" content=\"summary_large_image\" \/>\n<meta name=\"twitter:label1\" content=\"Estimated reading time\" \/>\n\t<meta name=\"twitter:data1\" content=\"1 minute\" \/>\n<script type=\"application\/ld+json\" class=\"yoast-schema-graph\">{\"@context\":\"https:\/\/schema.org\",\"@graph\":[{\"@type\":\"WebPage\",\"@id\":\"https:\/\/vinilozona.lt\/parduotuve\/classic\/brahms-staatskapelle-berlin-otmar-suitner-%e2%80%8e-sinfonie-nr-2\/\",\"url\":\"https:\/\/vinilozona.lt\/parduotuve\/classic\/brahms-staatskapelle-berlin-otmar-suitner-%e2%80%8e-sinfonie-nr-2\/\",\"name\":\"\u0420\u0435\u043d\u0430\u0442\u0430 \u0421\u043a\u043e\u0442\u0442\u043e - \u041f\u0443\u0447\u0447\u0438\u043d\u0438, \u041c\u0430\u0441\u043a\u0430\u043d\u044c\u0438, \u0427\u0438\u043b\u0435\u0430, \u041a\u0430\u0442\u0430\u043b\u0430\u043d\u0438 \u2013 \u0410\u0440\u0438\u0438 \u0418\u0437 \u041e\u043f\u0435\u0440 Vinilin\u0117 Plok\u0161tel\u0117 | Vinilozona.lt\",\"isPartOf\":{\"@id\":\"https:\/\/vinilozona.lt\/#website\"},\"primaryImageOfPage\":{\"@id\":\"https:\/\/vinilozona.lt\/parduotuve\/classic\/brahms-staatskapelle-berlin-otmar-suitner-%e2%80%8e-sinfonie-nr-2\/#primaryimage\"},\"image\":{\"@id\":\"https:\/\/vinilozona.lt\/parduotuve\/classic\/brahms-staatskapelle-berlin-otmar-suitner-%e2%80%8e-sinfonie-nr-2\/#primaryimage\"},\"thumbnailUrl\":\"https:\/\/vinilozona.lt\/wp-content\/uploads\/2023\/02\/R-10097147-1644245728-7822.jpg\",\"datePublished\":\"2026-02-26T03:35:55+00:00\",\"dateModified\":\"2026-03-12T14:47:58+00:00\",\"breadcrumb\":{\"@id\":\"https:\/\/vinilozona.lt\/parduotuve\/classic\/brahms-staatskapelle-berlin-otmar-suitner-%e2%80%8e-sinfonie-nr-2\/#breadcrumb\"},\"inLanguage\":\"en-GB\",\"potentialAction\":[{\"@type\":\"ReadAction\",\"target\":[\"https:\/\/vinilozona.lt\/parduotuve\/classic\/brahms-staatskapelle-berlin-otmar-suitner-%e2%80%8e-sinfonie-nr-2\/\"]}]},{\"@type\":\"ImageObject\",\"inLanguage\":\"en-GB\",\"@id\":\"https:\/\/vinilozona.lt\/parduotuve\/classic\/brahms-staatskapelle-berlin-otmar-suitner-%e2%80%8e-sinfonie-nr-2\/#primaryimage\",\"url\":\"https:\/\/vinilozona.lt\/wp-content\/uploads\/2023\/02\/R-10097147-1644245728-7822.jpg\",\"contentUrl\":\"https:\/\/vinilozona.lt\/wp-content\/uploads\/2023\/02\/R-10097147-1644245728-7822.jpg\",\"width\":597,\"height\":600},{\"@type\":\"BreadcrumbList\",\"@id\":\"https:\/\/vinilozona.lt\/parduotuve\/classic\/brahms-staatskapelle-berlin-otmar-suitner-%e2%80%8e-sinfonie-nr-2\/#breadcrumb\",\"itemListElement\":[{\"@type\":\"ListItem\",\"position\":1,\"name\":\"Home\",\"item\":\"https:\/\/vinilozona.lt\/\"},{\"@type\":\"ListItem\",\"position\":2,\"name\":\"Parduotuv\u0117\",\"item\":\"https:\/\/vinilozona.lt\/parduotuve\/\"},{\"@type\":\"ListItem\",\"position\":3,\"name\":\"\u0420\u0435\u043d\u0430\u0442\u0430 \u0421\u043a\u043e\u0442\u0442\u043e &#8211; \u041f\u0443\u0447\u0447\u0438\u043d\u0438, \u041c\u0430\u0441\u043a\u0430\u043d\u044c\u0438, \u0427\u0438\u043b\u0435\u0430, \u041a\u0430\u0442\u0430\u043b\u0430\u043d\u0438 \u2013 \u0410\u0440\u0438\u0438 \u0418\u0437 \u041e\u043f\u0435\u0440\"}]},{\"@type\":\"WebSite\",\"@id\":\"https:\/\/vinilozona.lt\/#website\",\"url\":\"https:\/\/vinilozona.lt\/\",\"name\":\"Vinilo Zona\",\"description\":\"Nup\u016bsk dulkes ir klausyk LP\",\"potentialAction\":[{\"@type\":\"SearchAction\",\"target\":{\"@type\":\"EntryPoint\",\"urlTemplate\":\"https:\/\/vinilozona.lt\/?s={search_term_string}\"},\"query-input\":{\"@type\":\"PropertyValueSpecification\",\"valueRequired\":true,\"valueName\":\"search_term_string\"}}],\"inLanguage\":\"en-GB\"}]}<\/script>\n<!-- \/ Yoast SEO plugin. -->","yoast_head_json":{"title":"\u0420\u0435\u043d\u0430\u0442\u0430 \u0421\u043a\u043e\u0442\u0442\u043e - \u041f\u0443\u0447\u0447\u0438\u043d\u0438, \u041c\u0430\u0441\u043a\u0430\u043d\u044c\u0438, \u0427\u0438\u043b\u0435\u0430, \u041a\u0430\u0442\u0430\u043b\u0430\u043d\u0438 \u2013 \u0410\u0440\u0438\u0438 \u0418\u0437 \u041e\u043f\u0435\u0440 Vinilin\u0117 Plok\u0161tel\u0117 | Vinilozona.lt","robots":{"index":"index","follow":"follow","max-snippet":"max-snippet:-1","max-image-preview":"max-image-preview:large","max-video-preview":"max-video-preview:-1"},"canonical":"https:\/\/vinilozona.lt\/en\/parduotuve\/classic\/brahms-staatskapelle-berlin-otmar-suitner-\u200e-sinfonie-nr-2\/","og_locale":"en_GB","og_type":"article","og_title":"\u0420\u0435\u043d\u0430\u0442\u0430 \u0421\u043a\u043e\u0442\u0442\u043e - \u041f\u0443\u0447\u0447\u0438\u043d\u0438, \u041c\u0430\u0441\u043a\u0430\u043d\u044c\u0438, \u0427\u0438\u043b\u0435\u0430, \u041a\u0430\u0442\u0430\u043b\u0430\u043d\u0438 \u2013 \u0410\u0440\u0438\u0438 \u0418\u0437 \u041e\u043f\u0435\u0440 Vinilin\u0117 Plok\u0161tel\u0117 | Vinilozona.lt","og_description":"\u041c\u0435\u043b\u043e\u0434\u0438\u044f \u2013 33 \u0421 10\u201408455-6 Format: Vinyl, LP, Stereo Country: USSR Released: 1977 Genre: Classical Style: Opera","og_url":"https:\/\/vinilozona.lt\/en\/parduotuve\/classic\/brahms-staatskapelle-berlin-otmar-suitner-\u200e-sinfonie-nr-2\/","og_site_name":"Vinilo Zona","article_modified_time":"2026-03-12T14:47:58+00:00","og_image":[{"width":597,"height":600,"url":"https:\/\/vinilozona.lt\/wp-content\/uploads\/2023\/02\/R-10097147-1644245728-7822.jpg","type":"image\/jpeg"}],"twitter_card":"summary_large_image","twitter_misc":{"Estimated reading time":"1 minute"},"schema":{"@context":"https:\/\/schema.org","@graph":[{"@type":"WebPage","@id":"https:\/\/vinilozona.lt\/parduotuve\/classic\/brahms-staatskapelle-berlin-otmar-suitner-%e2%80%8e-sinfonie-nr-2\/","url":"https:\/\/vinilozona.lt\/parduotuve\/classic\/brahms-staatskapelle-berlin-otmar-suitner-%e2%80%8e-sinfonie-nr-2\/","name":"\u0420\u0435\u043d\u0430\u0442\u0430 \u0421\u043a\u043e\u0442\u0442\u043e - \u041f\u0443\u0447\u0447\u0438\u043d\u0438, \u041c\u0430\u0441\u043a\u0430\u043d\u044c\u0438, \u0427\u0438\u043b\u0435\u0430, \u041a\u0430\u0442\u0430\u043b\u0430\u043d\u0438 \u2013 \u0410\u0440\u0438\u0438 \u0418\u0437 \u041e\u043f\u0435\u0440 Vinilin\u0117 Plok\u0161tel\u0117 | Vinilozona.lt","isPartOf":{"@id":"https:\/\/vinilozona.lt\/#website"},"primaryImageOfPage":{"@id":"https:\/\/vinilozona.lt\/parduotuve\/classic\/brahms-staatskapelle-berlin-otmar-suitner-%e2%80%8e-sinfonie-nr-2\/#primaryimage"},"image":{"@id":"https:\/\/vinilozona.lt\/parduotuve\/classic\/brahms-staatskapelle-berlin-otmar-suitner-%e2%80%8e-sinfonie-nr-2\/#primaryimage"},"thumbnailUrl":"https:\/\/vinilozona.lt\/wp-content\/uploads\/2023\/02\/R-10097147-1644245728-7822.jpg","datePublished":"2026-02-26T03:35:55+00:00","dateModified":"2026-03-12T14:47:58+00:00","breadcrumb":{"@id":"https:\/\/vinilozona.lt\/parduotuve\/classic\/brahms-staatskapelle-berlin-otmar-suitner-%e2%80%8e-sinfonie-nr-2\/#breadcrumb"},"inLanguage":"en-GB","potentialAction":[{"@type":"ReadAction","target":["https:\/\/vinilozona.lt\/parduotuve\/classic\/brahms-staatskapelle-berlin-otmar-suitner-%e2%80%8e-sinfonie-nr-2\/"]}]},{"@type":"ImageObject","inLanguage":"en-GB","@id":"https:\/\/vinilozona.lt\/parduotuve\/classic\/brahms-staatskapelle-berlin-otmar-suitner-%e2%80%8e-sinfonie-nr-2\/#primaryimage","url":"https:\/\/vinilozona.lt\/wp-content\/uploads\/2023\/02\/R-10097147-1644245728-7822.jpg","contentUrl":"https:\/\/vinilozona.lt\/wp-content\/uploads\/2023\/02\/R-10097147-1644245728-7822.jpg","width":597,"height":600},{"@type":"BreadcrumbList","@id":"https:\/\/vinilozona.lt\/parduotuve\/classic\/brahms-staatskapelle-berlin-otmar-suitner-%e2%80%8e-sinfonie-nr-2\/#breadcrumb","itemListElement":[{"@type":"ListItem","position":1,"name":"Home","item":"https:\/\/vinilozona.lt\/"},{"@type":"ListItem","position":2,"name":"Parduotuv\u0117","item":"https:\/\/vinilozona.lt\/parduotuve\/"},{"@type":"ListItem","position":3,"name":"\u0420\u0435\u043d\u0430\u0442\u0430 \u0421\u043a\u043e\u0442\u0442\u043e &#8211; \u041f\u0443\u0447\u0447\u0438\u043d\u0438, \u041c\u0430\u0441\u043a\u0430\u043d\u044c\u0438, \u0427\u0438\u043b\u0435\u0430, \u041a\u0430\u0442\u0430\u043b\u0430\u043d\u0438 \u2013 \u0410\u0440\u0438\u0438 \u0418\u0437 \u041e\u043f\u0435\u0440"}]},{"@type":"WebSite","@id":"https:\/\/vinilozona.lt\/#website","url":"https:\/\/vinilozona.lt\/","name":"Vinilo Zona","description":"Nup\u016bsk dulkes ir klausyk LP","potentialAction":[{"@type":"SearchAction","target":{"@type":"EntryPoint","urlTemplate":"https:\/\/vinilozona.lt\/?s={search_term_string}"},"query-input":{"@type":"PropertyValueSpecification","valueRequired":true,"valueName":"search_term_string"}}],"inLanguage":"en-GB"}]}},"_links":{"self":[{"href":"https:\/\/vinilozona.lt\/en\/wp-json\/wp\/v2\/product\/14597"}],"collection":[{"href":"https:\/\/vinilozona.lt\/en\/wp-json\/wp\/v2\/product"}],"about":[{"href":"https:\/\/vinilozona.lt\/en\/wp-json\/wp\/v2\/types\/product"}],"wp:featuredmedia":[{"embeddable":true,"href":"https:\/\/vinilozona.lt\/en\/wp-json\/wp\/v2\/media\/30649"}],"wp:attachment":[{"href":"https:\/\/vinilozona.lt\/en\/wp-json\/wp\/v2\/media?parent=14597"}],"wp:term":[{"taxonomy":"product_cat","embeddable":true,"href":"https:\/\/vinilozona.lt\/en\/wp-json\/wp\/v2\/product_cat?post=14597"},{"taxonomy":"product_tag","embeddable":true,"href":"https:\/\/vinilozona.lt\/en\/wp-json\/wp\/v2\/product_tag?post=14597"}],"curies":[{"name":"wp","href":"https:\/\/api.w.org\/{rel}","templated":true}]}}