{"id":14593,"date":"2021-03-18T13:04:07","date_gmt":"2021-03-18T11:04:07","guid":{"rendered":"https:\/\/vinilozona.lt\/?post_type=product&#038;p=14593"},"modified":"2021-03-18T13:04:08","modified_gmt":"2021-03-18T11:04:08","slug":"peter-schreier-bach-theo-adam-lucia-popp-marjana-lipovsek-eberhard-buchner-robert-holl-dresdner-kapellknaben-rundfunkchor-leipzig-staatskapelle-dresden-%e2%80%8e-matthaus-passion-bwv","status":"publish","type":"product","link":"https:\/\/vinilozona.lt\/en\/parduotuve\/classic\/peter-schreier-bach-theo-adam-lucia-popp-marjana-lipovsek-eberhard-buchner-robert-holl-dresdner-kapellknaben-rundfunkchor-leipzig-staatskapelle-dresden-%e2%80%8e-matthaus-passion-bwv\/","title":{"rendered":"Peter Schreier, Bach, Theo Adam, Lucia Popp, Marjana Lipov\u0161ek, Eberhard B\u00fcchner, Robert Holl, Dresdner Kapellknaben, Rundfunkchor Leipzig, Staatskapelle Dresden \u200e\u2013 Matth\u00e4us-Passion BWV 244"},"content":{"rendered":"<p>A1\tTeil Nr. 1-11<br \/>\nB1\tTeil Nr. 12-25<br \/>\nC1\tTeil Nr. 26-35<br \/>\nD1\tTeil Nr. 36-49<br \/>\nE1\tTeil Nr. 50-60<br \/>\nF1\tTeil Nr. 61-68<\/p>","protected":false},"excerpt":{"rendered":"<p>ETERNA \u200e\u2013 7 29 113-115<br \/>\nFormat:<br \/>\n3 \u00d7 Vinyl, LP, Album BOX<\/p>","protected":false},"featured_media":14594,"template":"","meta":[],"product_cat":[22,54],"product_tag":[44],"yoast_head":"<!-- This site is optimized with the Yoast SEO plugin v23.5 - https:\/\/yoast.com\/wordpress\/plugins\/seo\/ -->\n<title>Peter Schreier, Bach, Theo Adam, Lucia Popp, Marjana Lipov\u0161ek, Eberhard B\u00fcchner, Robert Holl, Dresdner Kapellknaben, Rundfunkchor Leipzig, Staatskapelle Dresden \u200e\u2013 Matth\u00e4us-Passion BWV 244 Vinilin\u0117 Plok\u0161tel\u0117 | Vinilozona.lt<\/title>\n<meta name=\"robots\" content=\"index, follow, max-snippet:-1, max-image-preview:large, max-video-preview:-1\" \/>\n<link rel=\"canonical\" href=\"https:\/\/vinilozona.lt\/en\/parduotuve\/classic\/peter-schreier-bach-theo-adam-lucia-popp-marjana-lipovsek-eberhard-buchner-robert-holl-dresdner-kapellknaben-rundfunkchor-leipzig-staatskapelle-dresden-\u200e-matthaus-passion-bwv\/\" \/>\n<meta property=\"og:locale\" content=\"en_GB\" \/>\n<meta property=\"og:type\" content=\"article\" \/>\n<meta property=\"og:title\" content=\"Peter Schreier, Bach, Theo Adam, Lucia Popp, Marjana Lipov\u0161ek, Eberhard B\u00fcchner, Robert Holl, Dresdner Kapellknaben, Rundfunkchor Leipzig, Staatskapelle Dresden \u200e\u2013 Matth\u00e4us-Passion BWV 244 Vinilin\u0117 Plok\u0161tel\u0117 | Vinilozona.lt\" \/>\n<meta property=\"og:description\" content=\"ETERNA \u200e\u2013 7 29 113-115 Format: 3 \u00d7 Vinyl, LP, Album BOX\" \/>\n<meta property=\"og:url\" content=\"https:\/\/vinilozona.lt\/en\/parduotuve\/classic\/peter-schreier-bach-theo-adam-lucia-popp-marjana-lipovsek-eberhard-buchner-robert-holl-dresdner-kapellknaben-rundfunkchor-leipzig-staatskapelle-dresden-\u200e-matthaus-passion-bwv\/\" \/>\n<meta property=\"og:site_name\" content=\"Vinilo Zona\" \/>\n<meta property=\"article:modified_time\" content=\"2021-03-18T11:04:08+00:00\" \/>\n<meta property=\"og:image\" content=\"https:\/\/vinilozona.lt\/wp-content\/uploads\/2021\/03\/R-9230554-1477056077-9453.jpeg.jpg\" \/>\n\t<meta property=\"og:image:width\" content=\"480\" \/>\n\t<meta property=\"og:image:height\" content=\"475\" \/>\n\t<meta property=\"og:image:type\" content=\"image\/jpeg\" \/>\n<meta name=\"twitter:card\" content=\"summary_large_image\" \/>\n<script type=\"application\/ld+json\" class=\"yoast-schema-graph\">{\"@context\":\"https:\/\/schema.org\",\"@graph\":[{\"@type\":\"WebPage\",\"@id\":\"https:\/\/vinilozona.lt\/parduotuve\/classic\/peter-schreier-bach-theo-adam-lucia-popp-marjana-lipovsek-eberhard-buchner-robert-holl-dresdner-kapellknaben-rundfunkchor-leipzig-staatskapelle-dresden-%e2%80%8e-matthaus-passion-bwv\/\",\"url\":\"https:\/\/vinilozona.lt\/parduotuve\/classic\/peter-schreier-bach-theo-adam-lucia-popp-marjana-lipovsek-eberhard-buchner-robert-holl-dresdner-kapellknaben-rundfunkchor-leipzig-staatskapelle-dresden-%e2%80%8e-matthaus-passion-bwv\/\",\"name\":\"Peter Schreier, Bach, Theo Adam, Lucia Popp, Marjana Lipov\u0161ek, Eberhard B\u00fcchner, Robert Holl, Dresdner Kapellknaben, Rundfunkchor Leipzig, Staatskapelle Dresden \u200e\u2013 Matth\u00e4us-Passion BWV 244 Vinilin\u0117 Plok\u0161tel\u0117 | Vinilozona.lt\",\"isPartOf\":{\"@id\":\"https:\/\/vinilozona.lt\/#website\"},\"primaryImageOfPage\":{\"@id\":\"https:\/\/vinilozona.lt\/parduotuve\/classic\/peter-schreier-bach-theo-adam-lucia-popp-marjana-lipovsek-eberhard-buchner-robert-holl-dresdner-kapellknaben-rundfunkchor-leipzig-staatskapelle-dresden-%e2%80%8e-matthaus-passion-bwv\/#primaryimage\"},\"image\":{\"@id\":\"https:\/\/vinilozona.lt\/parduotuve\/classic\/peter-schreier-bach-theo-adam-lucia-popp-marjana-lipovsek-eberhard-buchner-robert-holl-dresdner-kapellknaben-rundfunkchor-leipzig-staatskapelle-dresden-%e2%80%8e-matthaus-passion-bwv\/#primaryimage\"},\"thumbnailUrl\":\"https:\/\/vinilozona.lt\/wp-content\/uploads\/2021\/03\/R-9230554-1477056077-9453.jpeg.jpg\",\"datePublished\":\"2021-03-18T11:04:07+00:00\",\"dateModified\":\"2021-03-18T11:04:08+00:00\",\"breadcrumb\":{\"@id\":\"https:\/\/vinilozona.lt\/parduotuve\/classic\/peter-schreier-bach-theo-adam-lucia-popp-marjana-lipovsek-eberhard-buchner-robert-holl-dresdner-kapellknaben-rundfunkchor-leipzig-staatskapelle-dresden-%e2%80%8e-matthaus-passion-bwv\/#breadcrumb\"},\"inLanguage\":\"en-GB\",\"potentialAction\":[{\"@type\":\"ReadAction\",\"target\":[\"https:\/\/vinilozona.lt\/parduotuve\/classic\/peter-schreier-bach-theo-adam-lucia-popp-marjana-lipovsek-eberhard-buchner-robert-holl-dresdner-kapellknaben-rundfunkchor-leipzig-staatskapelle-dresden-%e2%80%8e-matthaus-passion-bwv\/\"]}]},{\"@type\":\"ImageObject\",\"inLanguage\":\"en-GB\",\"@id\":\"https:\/\/vinilozona.lt\/parduotuve\/classic\/peter-schreier-bach-theo-adam-lucia-popp-marjana-lipovsek-eberhard-buchner-robert-holl-dresdner-kapellknaben-rundfunkchor-leipzig-staatskapelle-dresden-%e2%80%8e-matthaus-passion-bwv\/#primaryimage\",\"url\":\"https:\/\/vinilozona.lt\/wp-content\/uploads\/2021\/03\/R-9230554-1477056077-9453.jpeg.jpg\",\"contentUrl\":\"https:\/\/vinilozona.lt\/wp-content\/uploads\/2021\/03\/R-9230554-1477056077-9453.jpeg.jpg\",\"width\":480,\"height\":475},{\"@type\":\"BreadcrumbList\",\"@id\":\"https:\/\/vinilozona.lt\/parduotuve\/classic\/peter-schreier-bach-theo-adam-lucia-popp-marjana-lipovsek-eberhard-buchner-robert-holl-dresdner-kapellknaben-rundfunkchor-leipzig-staatskapelle-dresden-%e2%80%8e-matthaus-passion-bwv\/#breadcrumb\",\"itemListElement\":[{\"@type\":\"ListItem\",\"position\":1,\"name\":\"Home\",\"item\":\"https:\/\/vinilozona.lt\/\"},{\"@type\":\"ListItem\",\"position\":2,\"name\":\"Parduotuv\u0117\",\"item\":\"https:\/\/vinilozona.lt\/parduotuve\/\"},{\"@type\":\"ListItem\",\"position\":3,\"name\":\"Peter Schreier, Bach, Theo Adam, Lucia Popp, Marjana Lipov\u0161ek, Eberhard B\u00fcchner, Robert Holl, Dresdner Kapellknaben, Rundfunkchor Leipzig, Staatskapelle Dresden \u200e\u2013 Matth\u00e4us-Passion BWV 244\"}]},{\"@type\":\"WebSite\",\"@id\":\"https:\/\/vinilozona.lt\/#website\",\"url\":\"https:\/\/vinilozona.lt\/\",\"name\":\"Vinilo Zona\",\"description\":\"Nup\u016bsk dulkes ir klausyk LP\",\"potentialAction\":[{\"@type\":\"SearchAction\",\"target\":{\"@type\":\"EntryPoint\",\"urlTemplate\":\"https:\/\/vinilozona.lt\/?s={search_term_string}\"},\"query-input\":{\"@type\":\"PropertyValueSpecification\",\"valueRequired\":true,\"valueName\":\"search_term_string\"}}],\"inLanguage\":\"en-GB\"}]}<\/script>\n<!-- \/ Yoast SEO plugin. -->","yoast_head_json":{"title":"Peter Schreier, Bach, Theo Adam, Lucia Popp, Marjana Lipov\u0161ek, Eberhard B\u00fcchner, Robert Holl, Dresdner Kapellknaben, Rundfunkchor Leipzig, Staatskapelle Dresden \u200e\u2013 Matth\u00e4us-Passion BWV 244 Vinilin\u0117 Plok\u0161tel\u0117 | Vinilozona.lt","robots":{"index":"index","follow":"follow","max-snippet":"max-snippet:-1","max-image-preview":"max-image-preview:large","max-video-preview":"max-video-preview:-1"},"canonical":"https:\/\/vinilozona.lt\/en\/parduotuve\/classic\/peter-schreier-bach-theo-adam-lucia-popp-marjana-lipovsek-eberhard-buchner-robert-holl-dresdner-kapellknaben-rundfunkchor-leipzig-staatskapelle-dresden-\u200e-matthaus-passion-bwv\/","og_locale":"en_GB","og_type":"article","og_title":"Peter Schreier, Bach, Theo Adam, Lucia Popp, Marjana Lipov\u0161ek, Eberhard B\u00fcchner, Robert Holl, Dresdner Kapellknaben, Rundfunkchor Leipzig, Staatskapelle Dresden \u200e\u2013 Matth\u00e4us-Passion BWV 244 Vinilin\u0117 Plok\u0161tel\u0117 | Vinilozona.lt","og_description":"ETERNA \u200e\u2013 7 29 113-115 Format: 3 \u00d7 Vinyl, LP, Album BOX","og_url":"https:\/\/vinilozona.lt\/en\/parduotuve\/classic\/peter-schreier-bach-theo-adam-lucia-popp-marjana-lipovsek-eberhard-buchner-robert-holl-dresdner-kapellknaben-rundfunkchor-leipzig-staatskapelle-dresden-\u200e-matthaus-passion-bwv\/","og_site_name":"Vinilo Zona","article_modified_time":"2021-03-18T11:04:08+00:00","og_image":[{"width":480,"height":475,"url":"https:\/\/vinilozona.lt\/wp-content\/uploads\/2021\/03\/R-9230554-1477056077-9453.jpeg.jpg","type":"image\/jpeg"}],"twitter_card":"summary_large_image","schema":{"@context":"https:\/\/schema.org","@graph":[{"@type":"WebPage","@id":"https:\/\/vinilozona.lt\/parduotuve\/classic\/peter-schreier-bach-theo-adam-lucia-popp-marjana-lipovsek-eberhard-buchner-robert-holl-dresdner-kapellknaben-rundfunkchor-leipzig-staatskapelle-dresden-%e2%80%8e-matthaus-passion-bwv\/","url":"https:\/\/vinilozona.lt\/parduotuve\/classic\/peter-schreier-bach-theo-adam-lucia-popp-marjana-lipovsek-eberhard-buchner-robert-holl-dresdner-kapellknaben-rundfunkchor-leipzig-staatskapelle-dresden-%e2%80%8e-matthaus-passion-bwv\/","name":"Peter Schreier, Bach, Theo Adam, Lucia Popp, Marjana Lipov\u0161ek, Eberhard B\u00fcchner, Robert Holl, Dresdner Kapellknaben, Rundfunkchor Leipzig, Staatskapelle Dresden \u200e\u2013 Matth\u00e4us-Passion BWV 244 Vinilin\u0117 Plok\u0161tel\u0117 | Vinilozona.lt","isPartOf":{"@id":"https:\/\/vinilozona.lt\/#website"},"primaryImageOfPage":{"@id":"https:\/\/vinilozona.lt\/parduotuve\/classic\/peter-schreier-bach-theo-adam-lucia-popp-marjana-lipovsek-eberhard-buchner-robert-holl-dresdner-kapellknaben-rundfunkchor-leipzig-staatskapelle-dresden-%e2%80%8e-matthaus-passion-bwv\/#primaryimage"},"image":{"@id":"https:\/\/vinilozona.lt\/parduotuve\/classic\/peter-schreier-bach-theo-adam-lucia-popp-marjana-lipovsek-eberhard-buchner-robert-holl-dresdner-kapellknaben-rundfunkchor-leipzig-staatskapelle-dresden-%e2%80%8e-matthaus-passion-bwv\/#primaryimage"},"thumbnailUrl":"https:\/\/vinilozona.lt\/wp-content\/uploads\/2021\/03\/R-9230554-1477056077-9453.jpeg.jpg","datePublished":"2021-03-18T11:04:07+00:00","dateModified":"2021-03-18T11:04:08+00:00","breadcrumb":{"@id":"https:\/\/vinilozona.lt\/parduotuve\/classic\/peter-schreier-bach-theo-adam-lucia-popp-marjana-lipovsek-eberhard-buchner-robert-holl-dresdner-kapellknaben-rundfunkchor-leipzig-staatskapelle-dresden-%e2%80%8e-matthaus-passion-bwv\/#breadcrumb"},"inLanguage":"en-GB","potentialAction":[{"@type":"ReadAction","target":["https:\/\/vinilozona.lt\/parduotuve\/classic\/peter-schreier-bach-theo-adam-lucia-popp-marjana-lipovsek-eberhard-buchner-robert-holl-dresdner-kapellknaben-rundfunkchor-leipzig-staatskapelle-dresden-%e2%80%8e-matthaus-passion-bwv\/"]}]},{"@type":"ImageObject","inLanguage":"en-GB","@id":"https:\/\/vinilozona.lt\/parduotuve\/classic\/peter-schreier-bach-theo-adam-lucia-popp-marjana-lipovsek-eberhard-buchner-robert-holl-dresdner-kapellknaben-rundfunkchor-leipzig-staatskapelle-dresden-%e2%80%8e-matthaus-passion-bwv\/#primaryimage","url":"https:\/\/vinilozona.lt\/wp-content\/uploads\/2021\/03\/R-9230554-1477056077-9453.jpeg.jpg","contentUrl":"https:\/\/vinilozona.lt\/wp-content\/uploads\/2021\/03\/R-9230554-1477056077-9453.jpeg.jpg","width":480,"height":475},{"@type":"BreadcrumbList","@id":"https:\/\/vinilozona.lt\/parduotuve\/classic\/peter-schreier-bach-theo-adam-lucia-popp-marjana-lipovsek-eberhard-buchner-robert-holl-dresdner-kapellknaben-rundfunkchor-leipzig-staatskapelle-dresden-%e2%80%8e-matthaus-passion-bwv\/#breadcrumb","itemListElement":[{"@type":"ListItem","position":1,"name":"Home","item":"https:\/\/vinilozona.lt\/"},{"@type":"ListItem","position":2,"name":"Parduotuv\u0117","item":"https:\/\/vinilozona.lt\/parduotuve\/"},{"@type":"ListItem","position":3,"name":"Peter Schreier, Bach, Theo Adam, Lucia Popp, Marjana Lipov\u0161ek, Eberhard B\u00fcchner, Robert Holl, Dresdner Kapellknaben, Rundfunkchor Leipzig, Staatskapelle Dresden \u200e\u2013 Matth\u00e4us-Passion BWV 244"}]},{"@type":"WebSite","@id":"https:\/\/vinilozona.lt\/#website","url":"https:\/\/vinilozona.lt\/","name":"Vinilo Zona","description":"Nup\u016bsk dulkes ir klausyk LP","potentialAction":[{"@type":"SearchAction","target":{"@type":"EntryPoint","urlTemplate":"https:\/\/vinilozona.lt\/?s={search_term_string}"},"query-input":{"@type":"PropertyValueSpecification","valueRequired":true,"valueName":"search_term_string"}}],"inLanguage":"en-GB"}]}},"_links":{"self":[{"href":"https:\/\/vinilozona.lt\/en\/wp-json\/wp\/v2\/product\/14593"}],"collection":[{"href":"https:\/\/vinilozona.lt\/en\/wp-json\/wp\/v2\/product"}],"about":[{"href":"https:\/\/vinilozona.lt\/en\/wp-json\/wp\/v2\/types\/product"}],"wp:featuredmedia":[{"embeddable":true,"href":"https:\/\/vinilozona.lt\/en\/wp-json\/wp\/v2\/media\/14594"}],"wp:attachment":[{"href":"https:\/\/vinilozona.lt\/en\/wp-json\/wp\/v2\/media?parent=14593"}],"wp:term":[{"taxonomy":"product_cat","embeddable":true,"href":"https:\/\/vinilozona.lt\/en\/wp-json\/wp\/v2\/product_cat?post=14593"},{"taxonomy":"product_tag","embeddable":true,"href":"https:\/\/vinilozona.lt\/en\/wp-json\/wp\/v2\/product_tag?post=14593"}],"curies":[{"name":"wp","href":"https:\/\/api.w.org\/{rel}","templated":true}]}}