{"id":14583,"date":"2021-03-29T09:37:00","date_gmt":"2021-03-29T06:37:00","guid":{"rendered":"https:\/\/vinilozona.lt\/?post_type=product&#038;p=14583"},"modified":"2022-06-17T14:43:46","modified_gmt":"2022-06-17T11:43:46","slug":"%d0%ba%d0%b8%d0%bd%d0%be-%e2%80%8e-%d0%bd%d0%be%d1%87%d1%8c","status":"publish","type":"product","link":"https:\/\/vinilozona.lt\/en\/parduotuve\/rock-pop\/%d0%ba%d0%b8%d0%bd%d0%be-%e2%80%8e-%d0%bd%d0%be%d1%87%d1%8c\/","title":{"rendered":"Kino \/ \u041a\u0438\u043d\u043e \u200e\u2013 \u041d\u043e\u0447\u044c"},"content":{"rendered":"<p>A1\t\u0412\u0438\u0434\u0435\u043b\u0438 \u041d\u043e\u0447\u044c (We Saw The Night)\t3:06<br \/>\nA2\t\u0424\u0438\u043b\u044c\u043c\u044b (Films)\t4:52<br \/>\nA3\t\u0422\u0432\u043e\u0439 \u041d\u043e\u043c\u0435\u0440 (Your Phone Number)\t3:26<br \/>\nA4\t\u0422\u0430\u043d\u0435\u0446 (Dance)\t4:32<br \/>\nA5\t\u041d\u043e\u0447\u044c (Night)\t5:26<br \/>\nB1\t\u041f\u043e\u0441\u043b\u0435\u0434\u043d\u0438\u0439 \u0413\u0435\u0440\u043e\u0439 (The Last Hero)\t2:12<br \/>\nB2\t\u0416\u0438\u0437\u043d\u044c \u0412 \u0421\u0442\u0435\u043a\u043b\u0430\u0445 (Just Reflection Of Life)\t3:32<br \/>\nB3\t\u0410\u043d\u0430\u0440\u0445\u0438\u044f (\u041f\u0430\u0440\u043e\u0434\u0438\u044f \u041d\u0430 \u0417\u0430\u043f\u0430\u0434\u043d\u044b\u0435 \u041f\u0430\u043d\u043a-\u0413\u0440\u0443\u043f\u043f\u044b) (Anarchy (Parody On Western Punk Groups))\t2:40<br \/>\nB4\t\u0417\u0432\u0435\u0437\u0434\u044b \u041e\u0441\u0442\u0430\u043d\u0443\u0442\u0441\u044f \u0417\u0434\u0435\u0441\u044c (Stars Will Stay Here)\t3:35<br \/>\nB5\t\u0418\u0433\u0440\u0430 (Game)\t5:01<br \/>\nB6\t\u041c\u044b \u0425\u043e\u0442\u0438\u043c \u0422\u0430\u043d\u0446\u0435\u0432\u0430\u0442\u044c (We Want Dancing)4:00<\/p>","protected":false},"excerpt":{"rendered":"<p>\u041c\u0435\u043b\u043e\u0434\u0438\u044f \u200e\u2013 \u042190 26795 003<\/p>","protected":false},"featured_media":14584,"template":"","meta":[],"product_cat":[15,21],"product_tag":[55],"yoast_head":"<!-- This site is optimized with the Yoast SEO plugin v23.5 - https:\/\/yoast.com\/wordpress\/plugins\/seo\/ -->\n<title>Kino \/ \u041a\u0438\u043d\u043e \u200e\u2013 \u041d\u043e\u0447\u044c Vinilin\u0117 Plok\u0161tel\u0117 | Vinilozona.lt<\/title>\n<meta name=\"robots\" content=\"index, follow, max-snippet:-1, max-image-preview:large, max-video-preview:-1\" \/>\n<link rel=\"canonical\" href=\"https:\/\/vinilozona.lt\/en\/parduotuve\/rock-pop\/\u043a\u0438\u043d\u043e-\u200e-\u043d\u043e\u0447\u044c\/\" \/>\n<meta property=\"og:locale\" content=\"en_GB\" \/>\n<meta property=\"og:type\" content=\"article\" \/>\n<meta property=\"og:title\" content=\"Kino \/ \u041a\u0438\u043d\u043e \u200e\u2013 \u041d\u043e\u0447\u044c Vinilin\u0117 Plok\u0161tel\u0117 | Vinilozona.lt\" \/>\n<meta property=\"og:description\" content=\"\u041c\u0435\u043b\u043e\u0434\u0438\u044f \u200e\u2013 \u042190 26795 003\" \/>\n<meta property=\"og:url\" content=\"https:\/\/vinilozona.lt\/en\/parduotuve\/rock-pop\/\u043a\u0438\u043d\u043e-\u200e-\u043d\u043e\u0447\u044c\/\" \/>\n<meta property=\"og:site_name\" content=\"Vinilo Zona\" \/>\n<meta property=\"article:modified_time\" content=\"2022-06-17T11:43:46+00:00\" \/>\n<meta property=\"og:image\" content=\"https:\/\/vinilozona.lt\/wp-content\/uploads\/2021\/03\/R-1886613-1250166304.jpeg.jpg\" \/>\n\t<meta property=\"og:image:width\" content=\"600\" \/>\n\t<meta property=\"og:image:height\" content=\"600\" \/>\n\t<meta property=\"og:image:type\" content=\"image\/jpeg\" \/>\n<meta name=\"twitter:card\" content=\"summary_large_image\" \/>\n<script type=\"application\/ld+json\" class=\"yoast-schema-graph\">{\"@context\":\"https:\/\/schema.org\",\"@graph\":[{\"@type\":\"WebPage\",\"@id\":\"https:\/\/vinilozona.lt\/parduotuve\/rock-pop\/%d0%ba%d0%b8%d0%bd%d0%be-%e2%80%8e-%d0%bd%d0%be%d1%87%d1%8c\/\",\"url\":\"https:\/\/vinilozona.lt\/parduotuve\/rock-pop\/%d0%ba%d0%b8%d0%bd%d0%be-%e2%80%8e-%d0%bd%d0%be%d1%87%d1%8c\/\",\"name\":\"Kino \/ \u041a\u0438\u043d\u043e \u200e\u2013 \u041d\u043e\u0447\u044c Vinilin\u0117 Plok\u0161tel\u0117 | Vinilozona.lt\",\"isPartOf\":{\"@id\":\"https:\/\/vinilozona.lt\/#website\"},\"primaryImageOfPage\":{\"@id\":\"https:\/\/vinilozona.lt\/parduotuve\/rock-pop\/%d0%ba%d0%b8%d0%bd%d0%be-%e2%80%8e-%d0%bd%d0%be%d1%87%d1%8c\/#primaryimage\"},\"image\":{\"@id\":\"https:\/\/vinilozona.lt\/parduotuve\/rock-pop\/%d0%ba%d0%b8%d0%bd%d0%be-%e2%80%8e-%d0%bd%d0%be%d1%87%d1%8c\/#primaryimage\"},\"thumbnailUrl\":\"https:\/\/vinilozona.lt\/wp-content\/uploads\/2021\/03\/R-1886613-1250166304.jpeg.jpg\",\"datePublished\":\"2021-03-29T06:37:00+00:00\",\"dateModified\":\"2022-06-17T11:43:46+00:00\",\"breadcrumb\":{\"@id\":\"https:\/\/vinilozona.lt\/parduotuve\/rock-pop\/%d0%ba%d0%b8%d0%bd%d0%be-%e2%80%8e-%d0%bd%d0%be%d1%87%d1%8c\/#breadcrumb\"},\"inLanguage\":\"en-GB\",\"potentialAction\":[{\"@type\":\"ReadAction\",\"target\":[\"https:\/\/vinilozona.lt\/parduotuve\/rock-pop\/%d0%ba%d0%b8%d0%bd%d0%be-%e2%80%8e-%d0%bd%d0%be%d1%87%d1%8c\/\"]}]},{\"@type\":\"ImageObject\",\"inLanguage\":\"en-GB\",\"@id\":\"https:\/\/vinilozona.lt\/parduotuve\/rock-pop\/%d0%ba%d0%b8%d0%bd%d0%be-%e2%80%8e-%d0%bd%d0%be%d1%87%d1%8c\/#primaryimage\",\"url\":\"https:\/\/vinilozona.lt\/wp-content\/uploads\/2021\/03\/R-1886613-1250166304.jpeg.jpg\",\"contentUrl\":\"https:\/\/vinilozona.lt\/wp-content\/uploads\/2021\/03\/R-1886613-1250166304.jpeg.jpg\",\"width\":600,\"height\":600},{\"@type\":\"BreadcrumbList\",\"@id\":\"https:\/\/vinilozona.lt\/parduotuve\/rock-pop\/%d0%ba%d0%b8%d0%bd%d0%be-%e2%80%8e-%d0%bd%d0%be%d1%87%d1%8c\/#breadcrumb\",\"itemListElement\":[{\"@type\":\"ListItem\",\"position\":1,\"name\":\"Home\",\"item\":\"https:\/\/vinilozona.lt\/\"},{\"@type\":\"ListItem\",\"position\":2,\"name\":\"Parduotuv\u0117\",\"item\":\"https:\/\/vinilozona.lt\/parduotuve\/\"},{\"@type\":\"ListItem\",\"position\":3,\"name\":\"Kino \/ \u041a\u0438\u043d\u043e \u200e\u2013 \u041d\u043e\u0447\u044c\"}]},{\"@type\":\"WebSite\",\"@id\":\"https:\/\/vinilozona.lt\/#website\",\"url\":\"https:\/\/vinilozona.lt\/\",\"name\":\"Vinilo Zona\",\"description\":\"Nup\u016bsk dulkes ir klausyk LP\",\"potentialAction\":[{\"@type\":\"SearchAction\",\"target\":{\"@type\":\"EntryPoint\",\"urlTemplate\":\"https:\/\/vinilozona.lt\/?s={search_term_string}\"},\"query-input\":{\"@type\":\"PropertyValueSpecification\",\"valueRequired\":true,\"valueName\":\"search_term_string\"}}],\"inLanguage\":\"en-GB\"}]}<\/script>\n<!-- \/ Yoast SEO plugin. -->","yoast_head_json":{"title":"Kino \/ \u041a\u0438\u043d\u043e \u200e\u2013 \u041d\u043e\u0447\u044c Vinilin\u0117 Plok\u0161tel\u0117 | Vinilozona.lt","robots":{"index":"index","follow":"follow","max-snippet":"max-snippet:-1","max-image-preview":"max-image-preview:large","max-video-preview":"max-video-preview:-1"},"canonical":"https:\/\/vinilozona.lt\/en\/parduotuve\/rock-pop\/\u043a\u0438\u043d\u043e-\u200e-\u043d\u043e\u0447\u044c\/","og_locale":"en_GB","og_type":"article","og_title":"Kino \/ \u041a\u0438\u043d\u043e \u200e\u2013 \u041d\u043e\u0447\u044c Vinilin\u0117 Plok\u0161tel\u0117 | Vinilozona.lt","og_description":"\u041c\u0435\u043b\u043e\u0434\u0438\u044f \u200e\u2013 \u042190 26795 003","og_url":"https:\/\/vinilozona.lt\/en\/parduotuve\/rock-pop\/\u043a\u0438\u043d\u043e-\u200e-\u043d\u043e\u0447\u044c\/","og_site_name":"Vinilo Zona","article_modified_time":"2022-06-17T11:43:46+00:00","og_image":[{"width":600,"height":600,"url":"https:\/\/vinilozona.lt\/wp-content\/uploads\/2021\/03\/R-1886613-1250166304.jpeg.jpg","type":"image\/jpeg"}],"twitter_card":"summary_large_image","schema":{"@context":"https:\/\/schema.org","@graph":[{"@type":"WebPage","@id":"https:\/\/vinilozona.lt\/parduotuve\/rock-pop\/%d0%ba%d0%b8%d0%bd%d0%be-%e2%80%8e-%d0%bd%d0%be%d1%87%d1%8c\/","url":"https:\/\/vinilozona.lt\/parduotuve\/rock-pop\/%d0%ba%d0%b8%d0%bd%d0%be-%e2%80%8e-%d0%bd%d0%be%d1%87%d1%8c\/","name":"Kino \/ \u041a\u0438\u043d\u043e \u200e\u2013 \u041d\u043e\u0447\u044c Vinilin\u0117 Plok\u0161tel\u0117 | Vinilozona.lt","isPartOf":{"@id":"https:\/\/vinilozona.lt\/#website"},"primaryImageOfPage":{"@id":"https:\/\/vinilozona.lt\/parduotuve\/rock-pop\/%d0%ba%d0%b8%d0%bd%d0%be-%e2%80%8e-%d0%bd%d0%be%d1%87%d1%8c\/#primaryimage"},"image":{"@id":"https:\/\/vinilozona.lt\/parduotuve\/rock-pop\/%d0%ba%d0%b8%d0%bd%d0%be-%e2%80%8e-%d0%bd%d0%be%d1%87%d1%8c\/#primaryimage"},"thumbnailUrl":"https:\/\/vinilozona.lt\/wp-content\/uploads\/2021\/03\/R-1886613-1250166304.jpeg.jpg","datePublished":"2021-03-29T06:37:00+00:00","dateModified":"2022-06-17T11:43:46+00:00","breadcrumb":{"@id":"https:\/\/vinilozona.lt\/parduotuve\/rock-pop\/%d0%ba%d0%b8%d0%bd%d0%be-%e2%80%8e-%d0%bd%d0%be%d1%87%d1%8c\/#breadcrumb"},"inLanguage":"en-GB","potentialAction":[{"@type":"ReadAction","target":["https:\/\/vinilozona.lt\/parduotuve\/rock-pop\/%d0%ba%d0%b8%d0%bd%d0%be-%e2%80%8e-%d0%bd%d0%be%d1%87%d1%8c\/"]}]},{"@type":"ImageObject","inLanguage":"en-GB","@id":"https:\/\/vinilozona.lt\/parduotuve\/rock-pop\/%d0%ba%d0%b8%d0%bd%d0%be-%e2%80%8e-%d0%bd%d0%be%d1%87%d1%8c\/#primaryimage","url":"https:\/\/vinilozona.lt\/wp-content\/uploads\/2021\/03\/R-1886613-1250166304.jpeg.jpg","contentUrl":"https:\/\/vinilozona.lt\/wp-content\/uploads\/2021\/03\/R-1886613-1250166304.jpeg.jpg","width":600,"height":600},{"@type":"BreadcrumbList","@id":"https:\/\/vinilozona.lt\/parduotuve\/rock-pop\/%d0%ba%d0%b8%d0%bd%d0%be-%e2%80%8e-%d0%bd%d0%be%d1%87%d1%8c\/#breadcrumb","itemListElement":[{"@type":"ListItem","position":1,"name":"Home","item":"https:\/\/vinilozona.lt\/"},{"@type":"ListItem","position":2,"name":"Parduotuv\u0117","item":"https:\/\/vinilozona.lt\/parduotuve\/"},{"@type":"ListItem","position":3,"name":"Kino \/ \u041a\u0438\u043d\u043e \u200e\u2013 \u041d\u043e\u0447\u044c"}]},{"@type":"WebSite","@id":"https:\/\/vinilozona.lt\/#website","url":"https:\/\/vinilozona.lt\/","name":"Vinilo Zona","description":"Nup\u016bsk dulkes ir klausyk LP","potentialAction":[{"@type":"SearchAction","target":{"@type":"EntryPoint","urlTemplate":"https:\/\/vinilozona.lt\/?s={search_term_string}"},"query-input":{"@type":"PropertyValueSpecification","valueRequired":true,"valueName":"search_term_string"}}],"inLanguage":"en-GB"}]}},"_links":{"self":[{"href":"https:\/\/vinilozona.lt\/en\/wp-json\/wp\/v2\/product\/14583"}],"collection":[{"href":"https:\/\/vinilozona.lt\/en\/wp-json\/wp\/v2\/product"}],"about":[{"href":"https:\/\/vinilozona.lt\/en\/wp-json\/wp\/v2\/types\/product"}],"wp:featuredmedia":[{"embeddable":true,"href":"https:\/\/vinilozona.lt\/en\/wp-json\/wp\/v2\/media\/14584"}],"wp:attachment":[{"href":"https:\/\/vinilozona.lt\/en\/wp-json\/wp\/v2\/media?parent=14583"}],"wp:term":[{"taxonomy":"product_cat","embeddable":true,"href":"https:\/\/vinilozona.lt\/en\/wp-json\/wp\/v2\/product_cat?post=14583"},{"taxonomy":"product_tag","embeddable":true,"href":"https:\/\/vinilozona.lt\/en\/wp-json\/wp\/v2\/product_tag?post=14583"}],"curies":[{"name":"wp","href":"https:\/\/api.w.org\/{rel}","templated":true}]}}