{"id":14573,"date":"2021-03-15T14:16:07","date_gmt":"2021-03-15T12:16:07","guid":{"rendered":"https:\/\/vinilozona.lt\/?post_type=product&#038;p=14573"},"modified":"2021-03-15T16:14:32","modified_gmt":"2021-03-15T14:14:32","slug":"lenny-kravitz-%e2%80%8e-let-love-rule","status":"publish","type":"product","link":"https:\/\/vinilozona.lt\/en\/parduotuve\/rock-pop\/lenny-kravitz-%e2%80%8e-let-love-rule\/","title":{"rendered":"Lenny Kravitz \u200e\u2013 Let Love Rule"},"content":{"rendered":"<p>Sittin&#8217; On Top Of The World\t3:16<br \/>\nLet Love Rule\t5:42<br \/>\nFreedom Train\t2:50<br \/>\nMy Precious Love\t5:15<br \/>\nI Build This Garden For Us\t6:16<br \/>\nFear\t5:25<br \/>\nDoes Anybody Out There Even Care\t3:42<br \/>\nMr. Cab Driver\t3:49<br \/>\nRosemary\t5:27<br \/>\nBe\t3:16<br \/>\nBlues For Sister Someone\t2:51<br \/>\nEmpty Hands\t4:42<br \/>\nFlower Child\t2:56<\/p>","protected":false},"excerpt":{"rendered":"<p>Virgin America \u200e\u2013 210 257, Virgin America \u200e\u2013 VUSLP 10<\/p>","protected":false},"featured_media":14574,"template":"","meta":[],"product_cat":[15],"product_tag":[44],"yoast_head":"<!-- This site is optimized with the Yoast SEO plugin v23.5 - https:\/\/yoast.com\/wordpress\/plugins\/seo\/ -->\n<title>Lenny Kravitz \u200e\u2013 Let Love Rule Vinilin\u0117 Plok\u0161tel\u0117 | Vinilozona.lt<\/title>\n<meta name=\"robots\" content=\"index, follow, max-snippet:-1, max-image-preview:large, max-video-preview:-1\" \/>\n<link rel=\"canonical\" href=\"https:\/\/vinilozona.lt\/en\/parduotuve\/rock-pop\/lenny-kravitz-\u200e-let-love-rule\/\" \/>\n<meta property=\"og:locale\" content=\"en_GB\" \/>\n<meta property=\"og:type\" content=\"article\" \/>\n<meta property=\"og:title\" content=\"Lenny Kravitz \u200e\u2013 Let Love Rule Vinilin\u0117 Plok\u0161tel\u0117 | Vinilozona.lt\" \/>\n<meta property=\"og:description\" content=\"Virgin America \u200e\u2013 210 257, Virgin America \u200e\u2013 VUSLP 10\" \/>\n<meta property=\"og:url\" content=\"https:\/\/vinilozona.lt\/en\/parduotuve\/rock-pop\/lenny-kravitz-\u200e-let-love-rule\/\" \/>\n<meta property=\"og:site_name\" content=\"Vinilo Zona\" \/>\n<meta property=\"article:modified_time\" content=\"2021-03-15T14:14:32+00:00\" \/>\n<meta property=\"og:image\" content=\"https:\/\/vinilozona.lt\/wp-content\/uploads\/2021\/03\/R-715454-1389447756-1691.jpeg.jpg\" \/>\n\t<meta property=\"og:image:width\" content=\"600\" \/>\n\t<meta property=\"og:image:height\" content=\"591\" \/>\n\t<meta property=\"og:image:type\" content=\"image\/jpeg\" \/>\n<meta name=\"twitter:card\" content=\"summary_large_image\" \/>\n<script type=\"application\/ld+json\" class=\"yoast-schema-graph\">{\"@context\":\"https:\/\/schema.org\",\"@graph\":[{\"@type\":\"WebPage\",\"@id\":\"https:\/\/vinilozona.lt\/parduotuve\/rock-pop\/lenny-kravitz-%e2%80%8e-let-love-rule\/\",\"url\":\"https:\/\/vinilozona.lt\/parduotuve\/rock-pop\/lenny-kravitz-%e2%80%8e-let-love-rule\/\",\"name\":\"Lenny Kravitz \u200e\u2013 Let Love Rule Vinilin\u0117 Plok\u0161tel\u0117 | Vinilozona.lt\",\"isPartOf\":{\"@id\":\"https:\/\/vinilozona.lt\/#website\"},\"primaryImageOfPage\":{\"@id\":\"https:\/\/vinilozona.lt\/parduotuve\/rock-pop\/lenny-kravitz-%e2%80%8e-let-love-rule\/#primaryimage\"},\"image\":{\"@id\":\"https:\/\/vinilozona.lt\/parduotuve\/rock-pop\/lenny-kravitz-%e2%80%8e-let-love-rule\/#primaryimage\"},\"thumbnailUrl\":\"https:\/\/vinilozona.lt\/wp-content\/uploads\/2021\/03\/R-715454-1389447756-1691.jpeg.jpg\",\"datePublished\":\"2021-03-15T12:16:07+00:00\",\"dateModified\":\"2021-03-15T14:14:32+00:00\",\"breadcrumb\":{\"@id\":\"https:\/\/vinilozona.lt\/parduotuve\/rock-pop\/lenny-kravitz-%e2%80%8e-let-love-rule\/#breadcrumb\"},\"inLanguage\":\"en-GB\",\"potentialAction\":[{\"@type\":\"ReadAction\",\"target\":[\"https:\/\/vinilozona.lt\/parduotuve\/rock-pop\/lenny-kravitz-%e2%80%8e-let-love-rule\/\"]}]},{\"@type\":\"ImageObject\",\"inLanguage\":\"en-GB\",\"@id\":\"https:\/\/vinilozona.lt\/parduotuve\/rock-pop\/lenny-kravitz-%e2%80%8e-let-love-rule\/#primaryimage\",\"url\":\"https:\/\/vinilozona.lt\/wp-content\/uploads\/2021\/03\/R-715454-1389447756-1691.jpeg.jpg\",\"contentUrl\":\"https:\/\/vinilozona.lt\/wp-content\/uploads\/2021\/03\/R-715454-1389447756-1691.jpeg.jpg\",\"width\":600,\"height\":591},{\"@type\":\"BreadcrumbList\",\"@id\":\"https:\/\/vinilozona.lt\/parduotuve\/rock-pop\/lenny-kravitz-%e2%80%8e-let-love-rule\/#breadcrumb\",\"itemListElement\":[{\"@type\":\"ListItem\",\"position\":1,\"name\":\"Home\",\"item\":\"https:\/\/vinilozona.lt\/\"},{\"@type\":\"ListItem\",\"position\":2,\"name\":\"Parduotuv\u0117\",\"item\":\"https:\/\/vinilozona.lt\/parduotuve\/\"},{\"@type\":\"ListItem\",\"position\":3,\"name\":\"Lenny Kravitz \u200e\u2013 Let Love Rule\"}]},{\"@type\":\"WebSite\",\"@id\":\"https:\/\/vinilozona.lt\/#website\",\"url\":\"https:\/\/vinilozona.lt\/\",\"name\":\"Vinilo Zona\",\"description\":\"Nup\u016bsk dulkes ir klausyk LP\",\"potentialAction\":[{\"@type\":\"SearchAction\",\"target\":{\"@type\":\"EntryPoint\",\"urlTemplate\":\"https:\/\/vinilozona.lt\/?s={search_term_string}\"},\"query-input\":{\"@type\":\"PropertyValueSpecification\",\"valueRequired\":true,\"valueName\":\"search_term_string\"}}],\"inLanguage\":\"en-GB\"}]}<\/script>\n<!-- \/ Yoast SEO plugin. -->","yoast_head_json":{"title":"Lenny Kravitz \u200e\u2013 Let Love Rule Vinilin\u0117 Plok\u0161tel\u0117 | Vinilozona.lt","robots":{"index":"index","follow":"follow","max-snippet":"max-snippet:-1","max-image-preview":"max-image-preview:large","max-video-preview":"max-video-preview:-1"},"canonical":"https:\/\/vinilozona.lt\/en\/parduotuve\/rock-pop\/lenny-kravitz-\u200e-let-love-rule\/","og_locale":"en_GB","og_type":"article","og_title":"Lenny Kravitz \u200e\u2013 Let Love Rule Vinilin\u0117 Plok\u0161tel\u0117 | Vinilozona.lt","og_description":"Virgin America \u200e\u2013 210 257, Virgin America \u200e\u2013 VUSLP 10","og_url":"https:\/\/vinilozona.lt\/en\/parduotuve\/rock-pop\/lenny-kravitz-\u200e-let-love-rule\/","og_site_name":"Vinilo Zona","article_modified_time":"2021-03-15T14:14:32+00:00","og_image":[{"width":600,"height":591,"url":"https:\/\/vinilozona.lt\/wp-content\/uploads\/2021\/03\/R-715454-1389447756-1691.jpeg.jpg","type":"image\/jpeg"}],"twitter_card":"summary_large_image","schema":{"@context":"https:\/\/schema.org","@graph":[{"@type":"WebPage","@id":"https:\/\/vinilozona.lt\/parduotuve\/rock-pop\/lenny-kravitz-%e2%80%8e-let-love-rule\/","url":"https:\/\/vinilozona.lt\/parduotuve\/rock-pop\/lenny-kravitz-%e2%80%8e-let-love-rule\/","name":"Lenny Kravitz \u200e\u2013 Let Love Rule Vinilin\u0117 Plok\u0161tel\u0117 | Vinilozona.lt","isPartOf":{"@id":"https:\/\/vinilozona.lt\/#website"},"primaryImageOfPage":{"@id":"https:\/\/vinilozona.lt\/parduotuve\/rock-pop\/lenny-kravitz-%e2%80%8e-let-love-rule\/#primaryimage"},"image":{"@id":"https:\/\/vinilozona.lt\/parduotuve\/rock-pop\/lenny-kravitz-%e2%80%8e-let-love-rule\/#primaryimage"},"thumbnailUrl":"https:\/\/vinilozona.lt\/wp-content\/uploads\/2021\/03\/R-715454-1389447756-1691.jpeg.jpg","datePublished":"2021-03-15T12:16:07+00:00","dateModified":"2021-03-15T14:14:32+00:00","breadcrumb":{"@id":"https:\/\/vinilozona.lt\/parduotuve\/rock-pop\/lenny-kravitz-%e2%80%8e-let-love-rule\/#breadcrumb"},"inLanguage":"en-GB","potentialAction":[{"@type":"ReadAction","target":["https:\/\/vinilozona.lt\/parduotuve\/rock-pop\/lenny-kravitz-%e2%80%8e-let-love-rule\/"]}]},{"@type":"ImageObject","inLanguage":"en-GB","@id":"https:\/\/vinilozona.lt\/parduotuve\/rock-pop\/lenny-kravitz-%e2%80%8e-let-love-rule\/#primaryimage","url":"https:\/\/vinilozona.lt\/wp-content\/uploads\/2021\/03\/R-715454-1389447756-1691.jpeg.jpg","contentUrl":"https:\/\/vinilozona.lt\/wp-content\/uploads\/2021\/03\/R-715454-1389447756-1691.jpeg.jpg","width":600,"height":591},{"@type":"BreadcrumbList","@id":"https:\/\/vinilozona.lt\/parduotuve\/rock-pop\/lenny-kravitz-%e2%80%8e-let-love-rule\/#breadcrumb","itemListElement":[{"@type":"ListItem","position":1,"name":"Home","item":"https:\/\/vinilozona.lt\/"},{"@type":"ListItem","position":2,"name":"Parduotuv\u0117","item":"https:\/\/vinilozona.lt\/parduotuve\/"},{"@type":"ListItem","position":3,"name":"Lenny Kravitz \u200e\u2013 Let Love Rule"}]},{"@type":"WebSite","@id":"https:\/\/vinilozona.lt\/#website","url":"https:\/\/vinilozona.lt\/","name":"Vinilo Zona","description":"Nup\u016bsk dulkes ir klausyk LP","potentialAction":[{"@type":"SearchAction","target":{"@type":"EntryPoint","urlTemplate":"https:\/\/vinilozona.lt\/?s={search_term_string}"},"query-input":{"@type":"PropertyValueSpecification","valueRequired":true,"valueName":"search_term_string"}}],"inLanguage":"en-GB"}]}},"_links":{"self":[{"href":"https:\/\/vinilozona.lt\/en\/wp-json\/wp\/v2\/product\/14573"}],"collection":[{"href":"https:\/\/vinilozona.lt\/en\/wp-json\/wp\/v2\/product"}],"about":[{"href":"https:\/\/vinilozona.lt\/en\/wp-json\/wp\/v2\/types\/product"}],"wp:featuredmedia":[{"embeddable":true,"href":"https:\/\/vinilozona.lt\/en\/wp-json\/wp\/v2\/media\/14574"}],"wp:attachment":[{"href":"https:\/\/vinilozona.lt\/en\/wp-json\/wp\/v2\/media?parent=14573"}],"wp:term":[{"taxonomy":"product_cat","embeddable":true,"href":"https:\/\/vinilozona.lt\/en\/wp-json\/wp\/v2\/product_cat?post=14573"},{"taxonomy":"product_tag","embeddable":true,"href":"https:\/\/vinilozona.lt\/en\/wp-json\/wp\/v2\/product_tag?post=14573"}],"curies":[{"name":"wp","href":"https:\/\/api.w.org\/{rel}","templated":true}]}}