{"id":14549,"date":"2021-03-15T09:27:03","date_gmt":"2021-03-15T07:27:03","guid":{"rendered":"https:\/\/vinilozona.lt\/?post_type=product&#038;p=14549"},"modified":"2022-12-25T11:03:39","modified_gmt":"2022-12-25T09:03:39","slug":"grand-funk-%e2%80%8e-shinin-on","status":"publish","type":"product","link":"https:\/\/vinilozona.lt\/en\/parduotuve\/rock-pop\/grand-funk-%e2%80%8e-shinin-on\/","title":{"rendered":"Grand Funk \u200e\u2013 Shinin&#8217; On"},"content":{"rendered":"<p>Shinin&#8217; On\t5:56<br \/>\nTo Get Back In\t3:53<br \/>\nThe Loco-Motion\t2:45<br \/>\nCarry Me Through\t5:27<br \/>\nPlease Me\t3:35<br \/>\nMr. Pretty Boy\t3:04<br \/>\nGettin&#8217; Over You\t3:55<br \/>\nLittle Johnny Hooker\t4:56<\/p>","protected":false},"excerpt":{"rendered":"<p>Capitol Records \u200e\u2013 SWAE-11278<br \/>\nFeaturing 3D gimmick cover with 3D glasses affixed<br \/>\nN\u0117ra vieno akini\u0173 &#8216;stikliuko&#8217;<\/p>","protected":false},"featured_media":14550,"template":"","meta":[],"product_cat":[15],"product_tag":[44],"yoast_head":"<!-- This site is optimized with the Yoast SEO plugin v23.5 - https:\/\/yoast.com\/wordpress\/plugins\/seo\/ -->\n<title>Grand Funk \u200e\u2013 Shinin&#039; On Vinilin\u0117 Plok\u0161tel\u0117 | Vinilozona.lt<\/title>\n<meta name=\"robots\" content=\"index, follow, max-snippet:-1, max-image-preview:large, max-video-preview:-1\" \/>\n<link rel=\"canonical\" href=\"https:\/\/vinilozona.lt\/en\/parduotuve\/rock-pop\/grand-funk-\u200e-shinin-on\/\" \/>\n<meta property=\"og:locale\" content=\"en_GB\" \/>\n<meta property=\"og:type\" content=\"article\" \/>\n<meta property=\"og:title\" content=\"Grand Funk \u200e\u2013 Shinin&#039; On Vinilin\u0117 Plok\u0161tel\u0117 | Vinilozona.lt\" \/>\n<meta property=\"og:description\" content=\"Capitol Records \u200e\u2013 SWAE-11278 Featuring 3D gimmick cover with 3D glasses affixed N\u0117ra vieno akini\u0173 &#039;stikliuko&#039;\" \/>\n<meta property=\"og:url\" content=\"https:\/\/vinilozona.lt\/en\/parduotuve\/rock-pop\/grand-funk-\u200e-shinin-on\/\" \/>\n<meta property=\"og:site_name\" content=\"Vinilo Zona\" \/>\n<meta property=\"article:modified_time\" content=\"2022-12-25T09:03:39+00:00\" \/>\n<meta property=\"og:image\" content=\"https:\/\/vinilozona.lt\/wp-content\/uploads\/2021\/03\/R-1560269-1549404158-6686.jpeg.jpg\" \/>\n\t<meta property=\"og:image:width\" content=\"599\" \/>\n\t<meta property=\"og:image:height\" content=\"604\" \/>\n\t<meta property=\"og:image:type\" content=\"image\/jpeg\" \/>\n<meta name=\"twitter:card\" content=\"summary_large_image\" \/>\n<script type=\"application\/ld+json\" class=\"yoast-schema-graph\">{\"@context\":\"https:\/\/schema.org\",\"@graph\":[{\"@type\":\"WebPage\",\"@id\":\"https:\/\/vinilozona.lt\/parduotuve\/rock-pop\/grand-funk-%e2%80%8e-shinin-on\/\",\"url\":\"https:\/\/vinilozona.lt\/parduotuve\/rock-pop\/grand-funk-%e2%80%8e-shinin-on\/\",\"name\":\"Grand Funk \u200e\u2013 Shinin' On Vinilin\u0117 Plok\u0161tel\u0117 | Vinilozona.lt\",\"isPartOf\":{\"@id\":\"https:\/\/vinilozona.lt\/#website\"},\"primaryImageOfPage\":{\"@id\":\"https:\/\/vinilozona.lt\/parduotuve\/rock-pop\/grand-funk-%e2%80%8e-shinin-on\/#primaryimage\"},\"image\":{\"@id\":\"https:\/\/vinilozona.lt\/parduotuve\/rock-pop\/grand-funk-%e2%80%8e-shinin-on\/#primaryimage\"},\"thumbnailUrl\":\"https:\/\/vinilozona.lt\/wp-content\/uploads\/2021\/03\/R-1560269-1549404158-6686.jpeg.jpg\",\"datePublished\":\"2021-03-15T07:27:03+00:00\",\"dateModified\":\"2022-12-25T09:03:39+00:00\",\"breadcrumb\":{\"@id\":\"https:\/\/vinilozona.lt\/parduotuve\/rock-pop\/grand-funk-%e2%80%8e-shinin-on\/#breadcrumb\"},\"inLanguage\":\"en-GB\",\"potentialAction\":[{\"@type\":\"ReadAction\",\"target\":[\"https:\/\/vinilozona.lt\/parduotuve\/rock-pop\/grand-funk-%e2%80%8e-shinin-on\/\"]}]},{\"@type\":\"ImageObject\",\"inLanguage\":\"en-GB\",\"@id\":\"https:\/\/vinilozona.lt\/parduotuve\/rock-pop\/grand-funk-%e2%80%8e-shinin-on\/#primaryimage\",\"url\":\"https:\/\/vinilozona.lt\/wp-content\/uploads\/2021\/03\/R-1560269-1549404158-6686.jpeg.jpg\",\"contentUrl\":\"https:\/\/vinilozona.lt\/wp-content\/uploads\/2021\/03\/R-1560269-1549404158-6686.jpeg.jpg\",\"width\":599,\"height\":604},{\"@type\":\"BreadcrumbList\",\"@id\":\"https:\/\/vinilozona.lt\/parduotuve\/rock-pop\/grand-funk-%e2%80%8e-shinin-on\/#breadcrumb\",\"itemListElement\":[{\"@type\":\"ListItem\",\"position\":1,\"name\":\"Home\",\"item\":\"https:\/\/vinilozona.lt\/\"},{\"@type\":\"ListItem\",\"position\":2,\"name\":\"Parduotuv\u0117\",\"item\":\"https:\/\/vinilozona.lt\/parduotuve\/\"},{\"@type\":\"ListItem\",\"position\":3,\"name\":\"Grand Funk \u200e\u2013 Shinin&#8217; On\"}]},{\"@type\":\"WebSite\",\"@id\":\"https:\/\/vinilozona.lt\/#website\",\"url\":\"https:\/\/vinilozona.lt\/\",\"name\":\"Vinilo Zona\",\"description\":\"Nup\u016bsk dulkes ir klausyk LP\",\"potentialAction\":[{\"@type\":\"SearchAction\",\"target\":{\"@type\":\"EntryPoint\",\"urlTemplate\":\"https:\/\/vinilozona.lt\/?s={search_term_string}\"},\"query-input\":{\"@type\":\"PropertyValueSpecification\",\"valueRequired\":true,\"valueName\":\"search_term_string\"}}],\"inLanguage\":\"en-GB\"}]}<\/script>\n<!-- \/ Yoast SEO plugin. -->","yoast_head_json":{"title":"Grand Funk \u200e\u2013 Shinin' On Vinilin\u0117 Plok\u0161tel\u0117 | Vinilozona.lt","robots":{"index":"index","follow":"follow","max-snippet":"max-snippet:-1","max-image-preview":"max-image-preview:large","max-video-preview":"max-video-preview:-1"},"canonical":"https:\/\/vinilozona.lt\/en\/parduotuve\/rock-pop\/grand-funk-\u200e-shinin-on\/","og_locale":"en_GB","og_type":"article","og_title":"Grand Funk \u200e\u2013 Shinin' On Vinilin\u0117 Plok\u0161tel\u0117 | Vinilozona.lt","og_description":"Capitol Records \u200e\u2013 SWAE-11278 Featuring 3D gimmick cover with 3D glasses affixed N\u0117ra vieno akini\u0173 'stikliuko'","og_url":"https:\/\/vinilozona.lt\/en\/parduotuve\/rock-pop\/grand-funk-\u200e-shinin-on\/","og_site_name":"Vinilo Zona","article_modified_time":"2022-12-25T09:03:39+00:00","og_image":[{"width":599,"height":604,"url":"https:\/\/vinilozona.lt\/wp-content\/uploads\/2021\/03\/R-1560269-1549404158-6686.jpeg.jpg","type":"image\/jpeg"}],"twitter_card":"summary_large_image","schema":{"@context":"https:\/\/schema.org","@graph":[{"@type":"WebPage","@id":"https:\/\/vinilozona.lt\/parduotuve\/rock-pop\/grand-funk-%e2%80%8e-shinin-on\/","url":"https:\/\/vinilozona.lt\/parduotuve\/rock-pop\/grand-funk-%e2%80%8e-shinin-on\/","name":"Grand Funk \u200e\u2013 Shinin' On Vinilin\u0117 Plok\u0161tel\u0117 | Vinilozona.lt","isPartOf":{"@id":"https:\/\/vinilozona.lt\/#website"},"primaryImageOfPage":{"@id":"https:\/\/vinilozona.lt\/parduotuve\/rock-pop\/grand-funk-%e2%80%8e-shinin-on\/#primaryimage"},"image":{"@id":"https:\/\/vinilozona.lt\/parduotuve\/rock-pop\/grand-funk-%e2%80%8e-shinin-on\/#primaryimage"},"thumbnailUrl":"https:\/\/vinilozona.lt\/wp-content\/uploads\/2021\/03\/R-1560269-1549404158-6686.jpeg.jpg","datePublished":"2021-03-15T07:27:03+00:00","dateModified":"2022-12-25T09:03:39+00:00","breadcrumb":{"@id":"https:\/\/vinilozona.lt\/parduotuve\/rock-pop\/grand-funk-%e2%80%8e-shinin-on\/#breadcrumb"},"inLanguage":"en-GB","potentialAction":[{"@type":"ReadAction","target":["https:\/\/vinilozona.lt\/parduotuve\/rock-pop\/grand-funk-%e2%80%8e-shinin-on\/"]}]},{"@type":"ImageObject","inLanguage":"en-GB","@id":"https:\/\/vinilozona.lt\/parduotuve\/rock-pop\/grand-funk-%e2%80%8e-shinin-on\/#primaryimage","url":"https:\/\/vinilozona.lt\/wp-content\/uploads\/2021\/03\/R-1560269-1549404158-6686.jpeg.jpg","contentUrl":"https:\/\/vinilozona.lt\/wp-content\/uploads\/2021\/03\/R-1560269-1549404158-6686.jpeg.jpg","width":599,"height":604},{"@type":"BreadcrumbList","@id":"https:\/\/vinilozona.lt\/parduotuve\/rock-pop\/grand-funk-%e2%80%8e-shinin-on\/#breadcrumb","itemListElement":[{"@type":"ListItem","position":1,"name":"Home","item":"https:\/\/vinilozona.lt\/"},{"@type":"ListItem","position":2,"name":"Parduotuv\u0117","item":"https:\/\/vinilozona.lt\/parduotuve\/"},{"@type":"ListItem","position":3,"name":"Grand Funk \u200e\u2013 Shinin&#8217; On"}]},{"@type":"WebSite","@id":"https:\/\/vinilozona.lt\/#website","url":"https:\/\/vinilozona.lt\/","name":"Vinilo Zona","description":"Nup\u016bsk dulkes ir klausyk LP","potentialAction":[{"@type":"SearchAction","target":{"@type":"EntryPoint","urlTemplate":"https:\/\/vinilozona.lt\/?s={search_term_string}"},"query-input":{"@type":"PropertyValueSpecification","valueRequired":true,"valueName":"search_term_string"}}],"inLanguage":"en-GB"}]}},"_links":{"self":[{"href":"https:\/\/vinilozona.lt\/en\/wp-json\/wp\/v2\/product\/14549"}],"collection":[{"href":"https:\/\/vinilozona.lt\/en\/wp-json\/wp\/v2\/product"}],"about":[{"href":"https:\/\/vinilozona.lt\/en\/wp-json\/wp\/v2\/types\/product"}],"wp:featuredmedia":[{"embeddable":true,"href":"https:\/\/vinilozona.lt\/en\/wp-json\/wp\/v2\/media\/14550"}],"wp:attachment":[{"href":"https:\/\/vinilozona.lt\/en\/wp-json\/wp\/v2\/media?parent=14549"}],"wp:term":[{"taxonomy":"product_cat","embeddable":true,"href":"https:\/\/vinilozona.lt\/en\/wp-json\/wp\/v2\/product_cat?post=14549"},{"taxonomy":"product_tag","embeddable":true,"href":"https:\/\/vinilozona.lt\/en\/wp-json\/wp\/v2\/product_tag?post=14549"}],"curies":[{"name":"wp","href":"https:\/\/api.w.org\/{rel}","templated":true}]}}