{"id":14508,"date":"2021-03-14T18:40:23","date_gmt":"2021-03-14T16:40:23","guid":{"rendered":"https:\/\/vinilozona.lt\/?post_type=product&#038;p=14508"},"modified":"2023-02-28T09:45:25","modified_gmt":"2023-02-28T07:45:25","slug":"jesse-fuller-jazz-folk-songs-spirituals-blues","status":"publish","type":"product","link":"https:\/\/vinilozona.lt\/en\/parduotuve\/rock-pop\/jesse-fuller-jazz-folk-songs-spirituals-blues\/","title":{"rendered":"Jesse Fuller \u2013 Jazz, Folk Songs, Spirituals, &#038; Blues"},"content":{"rendered":"","protected":false},"excerpt":{"rendered":"<p>DOY676<\/p>","protected":false},"featured_media":14509,"template":"","meta":[],"product_cat":[20,15],"product_tag":[55],"yoast_head":"<!-- This site is optimized with the Yoast SEO plugin v23.5 - https:\/\/yoast.com\/wordpress\/plugins\/seo\/ -->\n<title>Jesse Fuller \u2013 Jazz, Folk Songs, Spirituals, &amp; Blues Vinilin\u0117 Plok\u0161tel\u0117 | Vinilozona.lt<\/title>\n<meta name=\"robots\" content=\"index, follow, max-snippet:-1, max-image-preview:large, max-video-preview:-1\" \/>\n<link rel=\"canonical\" href=\"https:\/\/vinilozona.lt\/en\/parduotuve\/rock-pop\/jesse-fuller-jazz-folk-songs-spirituals-blues\/\" \/>\n<meta property=\"og:locale\" content=\"en_GB\" \/>\n<meta property=\"og:type\" content=\"article\" \/>\n<meta property=\"og:title\" content=\"Jesse Fuller \u2013 Jazz, Folk Songs, Spirituals, &amp; Blues Vinilin\u0117 Plok\u0161tel\u0117 | Vinilozona.lt\" \/>\n<meta property=\"og:description\" content=\"DOY676\" \/>\n<meta property=\"og:url\" content=\"https:\/\/vinilozona.lt\/en\/parduotuve\/rock-pop\/jesse-fuller-jazz-folk-songs-spirituals-blues\/\" \/>\n<meta property=\"og:site_name\" content=\"Vinilo Zona\" \/>\n<meta property=\"article:modified_time\" content=\"2023-02-28T07:45:25+00:00\" \/>\n<meta property=\"og:image\" content=\"https:\/\/vinilozona.lt\/wp-content\/uploads\/2021\/03\/R-4384106-1363527350-5552.jpeg.jpg\" \/>\n\t<meta property=\"og:image:width\" content=\"226\" \/>\n\t<meta property=\"og:image:height\" content=\"223\" \/>\n\t<meta property=\"og:image:type\" content=\"image\/jpeg\" \/>\n<meta name=\"twitter:card\" content=\"summary_large_image\" \/>\n<script type=\"application\/ld+json\" class=\"yoast-schema-graph\">{\"@context\":\"https:\/\/schema.org\",\"@graph\":[{\"@type\":\"WebPage\",\"@id\":\"https:\/\/vinilozona.lt\/parduotuve\/rock-pop\/jesse-fuller-jazz-folk-songs-spirituals-blues\/\",\"url\":\"https:\/\/vinilozona.lt\/parduotuve\/rock-pop\/jesse-fuller-jazz-folk-songs-spirituals-blues\/\",\"name\":\"Jesse Fuller \u2013 Jazz, Folk Songs, Spirituals, & Blues Vinilin\u0117 Plok\u0161tel\u0117 | Vinilozona.lt\",\"isPartOf\":{\"@id\":\"https:\/\/vinilozona.lt\/#website\"},\"primaryImageOfPage\":{\"@id\":\"https:\/\/vinilozona.lt\/parduotuve\/rock-pop\/jesse-fuller-jazz-folk-songs-spirituals-blues\/#primaryimage\"},\"image\":{\"@id\":\"https:\/\/vinilozona.lt\/parduotuve\/rock-pop\/jesse-fuller-jazz-folk-songs-spirituals-blues\/#primaryimage\"},\"thumbnailUrl\":\"https:\/\/vinilozona.lt\/wp-content\/uploads\/2021\/03\/R-4384106-1363527350-5552.jpeg.jpg\",\"datePublished\":\"2021-03-14T16:40:23+00:00\",\"dateModified\":\"2023-02-28T07:45:25+00:00\",\"breadcrumb\":{\"@id\":\"https:\/\/vinilozona.lt\/parduotuve\/rock-pop\/jesse-fuller-jazz-folk-songs-spirituals-blues\/#breadcrumb\"},\"inLanguage\":\"en-GB\",\"potentialAction\":[{\"@type\":\"ReadAction\",\"target\":[\"https:\/\/vinilozona.lt\/parduotuve\/rock-pop\/jesse-fuller-jazz-folk-songs-spirituals-blues\/\"]}]},{\"@type\":\"ImageObject\",\"inLanguage\":\"en-GB\",\"@id\":\"https:\/\/vinilozona.lt\/parduotuve\/rock-pop\/jesse-fuller-jazz-folk-songs-spirituals-blues\/#primaryimage\",\"url\":\"https:\/\/vinilozona.lt\/wp-content\/uploads\/2021\/03\/R-4384106-1363527350-5552.jpeg.jpg\",\"contentUrl\":\"https:\/\/vinilozona.lt\/wp-content\/uploads\/2021\/03\/R-4384106-1363527350-5552.jpeg.jpg\",\"width\":226,\"height\":223},{\"@type\":\"BreadcrumbList\",\"@id\":\"https:\/\/vinilozona.lt\/parduotuve\/rock-pop\/jesse-fuller-jazz-folk-songs-spirituals-blues\/#breadcrumb\",\"itemListElement\":[{\"@type\":\"ListItem\",\"position\":1,\"name\":\"Home\",\"item\":\"https:\/\/vinilozona.lt\/\"},{\"@type\":\"ListItem\",\"position\":2,\"name\":\"Parduotuv\u0117\",\"item\":\"https:\/\/vinilozona.lt\/parduotuve\/\"},{\"@type\":\"ListItem\",\"position\":3,\"name\":\"Jesse Fuller \u2013 Jazz, Folk Songs, Spirituals, &#038; Blues\"}]},{\"@type\":\"WebSite\",\"@id\":\"https:\/\/vinilozona.lt\/#website\",\"url\":\"https:\/\/vinilozona.lt\/\",\"name\":\"Vinilo Zona\",\"description\":\"Nup\u016bsk dulkes ir klausyk LP\",\"potentialAction\":[{\"@type\":\"SearchAction\",\"target\":{\"@type\":\"EntryPoint\",\"urlTemplate\":\"https:\/\/vinilozona.lt\/?s={search_term_string}\"},\"query-input\":{\"@type\":\"PropertyValueSpecification\",\"valueRequired\":true,\"valueName\":\"search_term_string\"}}],\"inLanguage\":\"en-GB\"}]}<\/script>\n<!-- \/ Yoast SEO plugin. -->","yoast_head_json":{"title":"Jesse Fuller \u2013 Jazz, Folk Songs, Spirituals, & Blues Vinilin\u0117 Plok\u0161tel\u0117 | Vinilozona.lt","robots":{"index":"index","follow":"follow","max-snippet":"max-snippet:-1","max-image-preview":"max-image-preview:large","max-video-preview":"max-video-preview:-1"},"canonical":"https:\/\/vinilozona.lt\/en\/parduotuve\/rock-pop\/jesse-fuller-jazz-folk-songs-spirituals-blues\/","og_locale":"en_GB","og_type":"article","og_title":"Jesse Fuller \u2013 Jazz, Folk Songs, Spirituals, & Blues Vinilin\u0117 Plok\u0161tel\u0117 | Vinilozona.lt","og_description":"DOY676","og_url":"https:\/\/vinilozona.lt\/en\/parduotuve\/rock-pop\/jesse-fuller-jazz-folk-songs-spirituals-blues\/","og_site_name":"Vinilo Zona","article_modified_time":"2023-02-28T07:45:25+00:00","og_image":[{"width":226,"height":223,"url":"https:\/\/vinilozona.lt\/wp-content\/uploads\/2021\/03\/R-4384106-1363527350-5552.jpeg.jpg","type":"image\/jpeg"}],"twitter_card":"summary_large_image","schema":{"@context":"https:\/\/schema.org","@graph":[{"@type":"WebPage","@id":"https:\/\/vinilozona.lt\/parduotuve\/rock-pop\/jesse-fuller-jazz-folk-songs-spirituals-blues\/","url":"https:\/\/vinilozona.lt\/parduotuve\/rock-pop\/jesse-fuller-jazz-folk-songs-spirituals-blues\/","name":"Jesse Fuller \u2013 Jazz, Folk Songs, Spirituals, & Blues Vinilin\u0117 Plok\u0161tel\u0117 | Vinilozona.lt","isPartOf":{"@id":"https:\/\/vinilozona.lt\/#website"},"primaryImageOfPage":{"@id":"https:\/\/vinilozona.lt\/parduotuve\/rock-pop\/jesse-fuller-jazz-folk-songs-spirituals-blues\/#primaryimage"},"image":{"@id":"https:\/\/vinilozona.lt\/parduotuve\/rock-pop\/jesse-fuller-jazz-folk-songs-spirituals-blues\/#primaryimage"},"thumbnailUrl":"https:\/\/vinilozona.lt\/wp-content\/uploads\/2021\/03\/R-4384106-1363527350-5552.jpeg.jpg","datePublished":"2021-03-14T16:40:23+00:00","dateModified":"2023-02-28T07:45:25+00:00","breadcrumb":{"@id":"https:\/\/vinilozona.lt\/parduotuve\/rock-pop\/jesse-fuller-jazz-folk-songs-spirituals-blues\/#breadcrumb"},"inLanguage":"en-GB","potentialAction":[{"@type":"ReadAction","target":["https:\/\/vinilozona.lt\/parduotuve\/rock-pop\/jesse-fuller-jazz-folk-songs-spirituals-blues\/"]}]},{"@type":"ImageObject","inLanguage":"en-GB","@id":"https:\/\/vinilozona.lt\/parduotuve\/rock-pop\/jesse-fuller-jazz-folk-songs-spirituals-blues\/#primaryimage","url":"https:\/\/vinilozona.lt\/wp-content\/uploads\/2021\/03\/R-4384106-1363527350-5552.jpeg.jpg","contentUrl":"https:\/\/vinilozona.lt\/wp-content\/uploads\/2021\/03\/R-4384106-1363527350-5552.jpeg.jpg","width":226,"height":223},{"@type":"BreadcrumbList","@id":"https:\/\/vinilozona.lt\/parduotuve\/rock-pop\/jesse-fuller-jazz-folk-songs-spirituals-blues\/#breadcrumb","itemListElement":[{"@type":"ListItem","position":1,"name":"Home","item":"https:\/\/vinilozona.lt\/"},{"@type":"ListItem","position":2,"name":"Parduotuv\u0117","item":"https:\/\/vinilozona.lt\/parduotuve\/"},{"@type":"ListItem","position":3,"name":"Jesse Fuller \u2013 Jazz, Folk Songs, Spirituals, &#038; Blues"}]},{"@type":"WebSite","@id":"https:\/\/vinilozona.lt\/#website","url":"https:\/\/vinilozona.lt\/","name":"Vinilo Zona","description":"Nup\u016bsk dulkes ir klausyk LP","potentialAction":[{"@type":"SearchAction","target":{"@type":"EntryPoint","urlTemplate":"https:\/\/vinilozona.lt\/?s={search_term_string}"},"query-input":{"@type":"PropertyValueSpecification","valueRequired":true,"valueName":"search_term_string"}}],"inLanguage":"en-GB"}]}},"_links":{"self":[{"href":"https:\/\/vinilozona.lt\/en\/wp-json\/wp\/v2\/product\/14508"}],"collection":[{"href":"https:\/\/vinilozona.lt\/en\/wp-json\/wp\/v2\/product"}],"about":[{"href":"https:\/\/vinilozona.lt\/en\/wp-json\/wp\/v2\/types\/product"}],"wp:featuredmedia":[{"embeddable":true,"href":"https:\/\/vinilozona.lt\/en\/wp-json\/wp\/v2\/media\/14509"}],"wp:attachment":[{"href":"https:\/\/vinilozona.lt\/en\/wp-json\/wp\/v2\/media?parent=14508"}],"wp:term":[{"taxonomy":"product_cat","embeddable":true,"href":"https:\/\/vinilozona.lt\/en\/wp-json\/wp\/v2\/product_cat?post=14508"},{"taxonomy":"product_tag","embeddable":true,"href":"https:\/\/vinilozona.lt\/en\/wp-json\/wp\/v2\/product_tag?post=14508"}],"curies":[{"name":"wp","href":"https:\/\/api.w.org\/{rel}","templated":true}]}}