{"id":14474,"date":"2024-05-31T05:13:52","date_gmt":"2024-05-31T02:13:52","guid":{"rendered":"https:\/\/vinilozona.lt\/?post_type=product&#038;p=14474"},"modified":"2024-06-08T16:11:18","modified_gmt":"2024-06-08T13:11:18","slug":"apocalyptica-%e2%80%8e-worlds-collide-7th-symphony-2-lp","status":"publish","type":"product","link":"https:\/\/vinilozona.lt\/en\/parduotuve\/naujos-lp\/apocalyptica-%e2%80%8e-worlds-collide-7th-symphony-2-lp\/","title":{"rendered":"Apocalyptica \u2013 Cult 2 LP"},"content":{"rendered":"<p>A1\t\tPath\t3:08<br \/>\nA2\t\tStruggle\t3:26<br \/>\nA3\t\tRomance\t3:27<br \/>\nA4\t\tPray!\t4:22<br \/>\nB1\t\tIn Memoriam\t4:41<br \/>\nB2\t\tHyperventilation\t4:25<br \/>\nB3\t\tBeyond Time\t3:57<br \/>\nB4\t\tHope\t3:25<br \/>\nC1\t\tKaamos\t4:41<br \/>\nC2\t\tComa\t6:46<br \/>\nC3\t\tHall of the Mountain King  3:27<br \/>\nD1\t\tUntil It Sleeps  3:14<br \/>\nD2\t\tFight Fire With Fire  3:25<br \/>\nD3\t\tPath Vol. 2  3:23<br \/>\nD4\t\tHope Vol. 2  4:01<\/p>","protected":false},"excerpt":{"rendered":"<p>Harmageddon Records \u2013 OMN14060<br \/>\nFormat:<br \/>\n2 x Vinyl, LP, Album, Limited Edition<br \/>\nCountry:\tEurope<br \/>\nReleased:\t2014<\/p>","protected":false},"featured_media":25039,"template":"","meta":[],"product_cat":[23],"product_tag":[44],"yoast_head":"<!-- This site is optimized with the Yoast SEO plugin v23.5 - https:\/\/yoast.com\/wordpress\/plugins\/seo\/ -->\n<title>Apocalyptica \u2013 Cult 2 LP Vinilin\u0117 Plok\u0161tel\u0117 | Vinilozona.lt<\/title>\n<meta name=\"robots\" content=\"index, follow, max-snippet:-1, max-image-preview:large, max-video-preview:-1\" \/>\n<link rel=\"canonical\" href=\"https:\/\/vinilozona.lt\/en\/parduotuve\/naujos-lp\/apocalyptica-\u200e-worlds-collide-7th-symphony-2-lp\/\" \/>\n<meta property=\"og:locale\" content=\"en_GB\" \/>\n<meta property=\"og:type\" content=\"article\" \/>\n<meta property=\"og:title\" content=\"Apocalyptica \u2013 Cult 2 LP Vinilin\u0117 Plok\u0161tel\u0117 | Vinilozona.lt\" \/>\n<meta property=\"og:description\" content=\"Harmageddon Records \u2013 OMN14060 Format:  2 x Vinyl, LP, Album, Limited Edition Country: Europe Released: 2014\" \/>\n<meta property=\"og:url\" content=\"https:\/\/vinilozona.lt\/en\/parduotuve\/naujos-lp\/apocalyptica-\u200e-worlds-collide-7th-symphony-2-lp\/\" \/>\n<meta property=\"og:site_name\" content=\"Vinilo Zona\" \/>\n<meta property=\"article:modified_time\" content=\"2024-06-08T13:11:18+00:00\" \/>\n<meta property=\"og:image\" content=\"https:\/\/vinilozona.lt\/wp-content\/uploads\/2021\/03\/R-6961928-1430491093-8584.jpg\" \/>\n\t<meta property=\"og:image:width\" content=\"600\" \/>\n\t<meta property=\"og:image:height\" content=\"600\" \/>\n\t<meta property=\"og:image:type\" content=\"image\/jpeg\" \/>\n<meta name=\"twitter:card\" content=\"summary_large_image\" \/>\n<script type=\"application\/ld+json\" class=\"yoast-schema-graph\">{\"@context\":\"https:\/\/schema.org\",\"@graph\":[{\"@type\":\"WebPage\",\"@id\":\"https:\/\/vinilozona.lt\/parduotuve\/naujos-lp\/apocalyptica-%e2%80%8e-worlds-collide-7th-symphony-2-lp\/\",\"url\":\"https:\/\/vinilozona.lt\/parduotuve\/naujos-lp\/apocalyptica-%e2%80%8e-worlds-collide-7th-symphony-2-lp\/\",\"name\":\"Apocalyptica \u2013 Cult 2 LP Vinilin\u0117 Plok\u0161tel\u0117 | Vinilozona.lt\",\"isPartOf\":{\"@id\":\"https:\/\/vinilozona.lt\/#website\"},\"primaryImageOfPage\":{\"@id\":\"https:\/\/vinilozona.lt\/parduotuve\/naujos-lp\/apocalyptica-%e2%80%8e-worlds-collide-7th-symphony-2-lp\/#primaryimage\"},\"image\":{\"@id\":\"https:\/\/vinilozona.lt\/parduotuve\/naujos-lp\/apocalyptica-%e2%80%8e-worlds-collide-7th-symphony-2-lp\/#primaryimage\"},\"thumbnailUrl\":\"https:\/\/vinilozona.lt\/wp-content\/uploads\/2021\/03\/R-6961928-1430491093-8584.jpg\",\"datePublished\":\"2024-05-31T02:13:52+00:00\",\"dateModified\":\"2024-06-08T13:11:18+00:00\",\"breadcrumb\":{\"@id\":\"https:\/\/vinilozona.lt\/parduotuve\/naujos-lp\/apocalyptica-%e2%80%8e-worlds-collide-7th-symphony-2-lp\/#breadcrumb\"},\"inLanguage\":\"en-GB\",\"potentialAction\":[{\"@type\":\"ReadAction\",\"target\":[\"https:\/\/vinilozona.lt\/parduotuve\/naujos-lp\/apocalyptica-%e2%80%8e-worlds-collide-7th-symphony-2-lp\/\"]}]},{\"@type\":\"ImageObject\",\"inLanguage\":\"en-GB\",\"@id\":\"https:\/\/vinilozona.lt\/parduotuve\/naujos-lp\/apocalyptica-%e2%80%8e-worlds-collide-7th-symphony-2-lp\/#primaryimage\",\"url\":\"https:\/\/vinilozona.lt\/wp-content\/uploads\/2021\/03\/R-6961928-1430491093-8584.jpg\",\"contentUrl\":\"https:\/\/vinilozona.lt\/wp-content\/uploads\/2021\/03\/R-6961928-1430491093-8584.jpg\",\"width\":600,\"height\":600},{\"@type\":\"BreadcrumbList\",\"@id\":\"https:\/\/vinilozona.lt\/parduotuve\/naujos-lp\/apocalyptica-%e2%80%8e-worlds-collide-7th-symphony-2-lp\/#breadcrumb\",\"itemListElement\":[{\"@type\":\"ListItem\",\"position\":1,\"name\":\"Home\",\"item\":\"https:\/\/vinilozona.lt\/\"},{\"@type\":\"ListItem\",\"position\":2,\"name\":\"Parduotuv\u0117\",\"item\":\"https:\/\/vinilozona.lt\/parduotuve\/\"},{\"@type\":\"ListItem\",\"position\":3,\"name\":\"Apocalyptica \u2013 Cult 2 LP\"}]},{\"@type\":\"WebSite\",\"@id\":\"https:\/\/vinilozona.lt\/#website\",\"url\":\"https:\/\/vinilozona.lt\/\",\"name\":\"Vinilo Zona\",\"description\":\"Nup\u016bsk dulkes ir klausyk LP\",\"potentialAction\":[{\"@type\":\"SearchAction\",\"target\":{\"@type\":\"EntryPoint\",\"urlTemplate\":\"https:\/\/vinilozona.lt\/?s={search_term_string}\"},\"query-input\":{\"@type\":\"PropertyValueSpecification\",\"valueRequired\":true,\"valueName\":\"search_term_string\"}}],\"inLanguage\":\"en-GB\"}]}<\/script>\n<!-- \/ Yoast SEO plugin. -->","yoast_head_json":{"title":"Apocalyptica \u2013 Cult 2 LP Vinilin\u0117 Plok\u0161tel\u0117 | Vinilozona.lt","robots":{"index":"index","follow":"follow","max-snippet":"max-snippet:-1","max-image-preview":"max-image-preview:large","max-video-preview":"max-video-preview:-1"},"canonical":"https:\/\/vinilozona.lt\/en\/parduotuve\/naujos-lp\/apocalyptica-\u200e-worlds-collide-7th-symphony-2-lp\/","og_locale":"en_GB","og_type":"article","og_title":"Apocalyptica \u2013 Cult 2 LP Vinilin\u0117 Plok\u0161tel\u0117 | Vinilozona.lt","og_description":"Harmageddon Records \u2013 OMN14060 Format:  2 x Vinyl, LP, Album, Limited Edition Country: Europe Released: 2014","og_url":"https:\/\/vinilozona.lt\/en\/parduotuve\/naujos-lp\/apocalyptica-\u200e-worlds-collide-7th-symphony-2-lp\/","og_site_name":"Vinilo Zona","article_modified_time":"2024-06-08T13:11:18+00:00","og_image":[{"width":600,"height":600,"url":"https:\/\/vinilozona.lt\/wp-content\/uploads\/2021\/03\/R-6961928-1430491093-8584.jpg","type":"image\/jpeg"}],"twitter_card":"summary_large_image","schema":{"@context":"https:\/\/schema.org","@graph":[{"@type":"WebPage","@id":"https:\/\/vinilozona.lt\/parduotuve\/naujos-lp\/apocalyptica-%e2%80%8e-worlds-collide-7th-symphony-2-lp\/","url":"https:\/\/vinilozona.lt\/parduotuve\/naujos-lp\/apocalyptica-%e2%80%8e-worlds-collide-7th-symphony-2-lp\/","name":"Apocalyptica \u2013 Cult 2 LP Vinilin\u0117 Plok\u0161tel\u0117 | Vinilozona.lt","isPartOf":{"@id":"https:\/\/vinilozona.lt\/#website"},"primaryImageOfPage":{"@id":"https:\/\/vinilozona.lt\/parduotuve\/naujos-lp\/apocalyptica-%e2%80%8e-worlds-collide-7th-symphony-2-lp\/#primaryimage"},"image":{"@id":"https:\/\/vinilozona.lt\/parduotuve\/naujos-lp\/apocalyptica-%e2%80%8e-worlds-collide-7th-symphony-2-lp\/#primaryimage"},"thumbnailUrl":"https:\/\/vinilozona.lt\/wp-content\/uploads\/2021\/03\/R-6961928-1430491093-8584.jpg","datePublished":"2024-05-31T02:13:52+00:00","dateModified":"2024-06-08T13:11:18+00:00","breadcrumb":{"@id":"https:\/\/vinilozona.lt\/parduotuve\/naujos-lp\/apocalyptica-%e2%80%8e-worlds-collide-7th-symphony-2-lp\/#breadcrumb"},"inLanguage":"en-GB","potentialAction":[{"@type":"ReadAction","target":["https:\/\/vinilozona.lt\/parduotuve\/naujos-lp\/apocalyptica-%e2%80%8e-worlds-collide-7th-symphony-2-lp\/"]}]},{"@type":"ImageObject","inLanguage":"en-GB","@id":"https:\/\/vinilozona.lt\/parduotuve\/naujos-lp\/apocalyptica-%e2%80%8e-worlds-collide-7th-symphony-2-lp\/#primaryimage","url":"https:\/\/vinilozona.lt\/wp-content\/uploads\/2021\/03\/R-6961928-1430491093-8584.jpg","contentUrl":"https:\/\/vinilozona.lt\/wp-content\/uploads\/2021\/03\/R-6961928-1430491093-8584.jpg","width":600,"height":600},{"@type":"BreadcrumbList","@id":"https:\/\/vinilozona.lt\/parduotuve\/naujos-lp\/apocalyptica-%e2%80%8e-worlds-collide-7th-symphony-2-lp\/#breadcrumb","itemListElement":[{"@type":"ListItem","position":1,"name":"Home","item":"https:\/\/vinilozona.lt\/"},{"@type":"ListItem","position":2,"name":"Parduotuv\u0117","item":"https:\/\/vinilozona.lt\/parduotuve\/"},{"@type":"ListItem","position":3,"name":"Apocalyptica \u2013 Cult 2 LP"}]},{"@type":"WebSite","@id":"https:\/\/vinilozona.lt\/#website","url":"https:\/\/vinilozona.lt\/","name":"Vinilo Zona","description":"Nup\u016bsk dulkes ir klausyk LP","potentialAction":[{"@type":"SearchAction","target":{"@type":"EntryPoint","urlTemplate":"https:\/\/vinilozona.lt\/?s={search_term_string}"},"query-input":{"@type":"PropertyValueSpecification","valueRequired":true,"valueName":"search_term_string"}}],"inLanguage":"en-GB"}]}},"_links":{"self":[{"href":"https:\/\/vinilozona.lt\/en\/wp-json\/wp\/v2\/product\/14474"}],"collection":[{"href":"https:\/\/vinilozona.lt\/en\/wp-json\/wp\/v2\/product"}],"about":[{"href":"https:\/\/vinilozona.lt\/en\/wp-json\/wp\/v2\/types\/product"}],"wp:featuredmedia":[{"embeddable":true,"href":"https:\/\/vinilozona.lt\/en\/wp-json\/wp\/v2\/media\/25039"}],"wp:attachment":[{"href":"https:\/\/vinilozona.lt\/en\/wp-json\/wp\/v2\/media?parent=14474"}],"wp:term":[{"taxonomy":"product_cat","embeddable":true,"href":"https:\/\/vinilozona.lt\/en\/wp-json\/wp\/v2\/product_cat?post=14474"},{"taxonomy":"product_tag","embeddable":true,"href":"https:\/\/vinilozona.lt\/en\/wp-json\/wp\/v2\/product_tag?post=14474"}],"curies":[{"name":"wp","href":"https:\/\/api.w.org\/{rel}","templated":true}]}}