{"id":14444,"date":"2021-03-08T13:05:40","date_gmt":"2021-03-08T11:05:40","guid":{"rendered":"https:\/\/vinilozona.lt\/?post_type=product&#038;p=14444"},"modified":"2021-12-06T11:32:46","modified_gmt":"2021-12-06T09:32:46","slug":"earl-hines-%e2%80%8e-solo-walk-in-tokyo","status":"publish","type":"product","link":"https:\/\/vinilozona.lt\/en\/parduotuve\/jazz\/earl-hines-%e2%80%8e-solo-walk-in-tokyo\/","title":{"rendered":"Earl Hines \u200e\u2013 Solo Walk In Tokyo"},"content":{"rendered":"<p>A1\tS&#8217;Wonderful\t3:47<br \/>\nA2\tOh, Lady Be Good\t4:35<br \/>\nA3\tNigh In Trinidad\t3:28<br \/>\nA4\tMy Ship\t5:35<br \/>\nA5\tHoneysuckle Rose\t5:07<br \/>\nB1\tAin&#8217;t Misbehavin&#8217;\t3:35<br \/>\nB2\tI&#8217;ll Follow You\t1:47<br \/>\nB3\tMy Blues\t6:17<br \/>\nB4\tTea For Two\t5:24<br \/>\nB5\tEmbraceable You\t4:30<\/p>","protected":false},"excerpt":{"rendered":"<p>Denon \u200e\u2013 NCP-8502-N<\/p>","protected":false},"featured_media":14445,"template":"","meta":[],"product_cat":[20,39],"product_tag":[239],"yoast_head":"<!-- This site is optimized with the Yoast SEO plugin v23.5 - https:\/\/yoast.com\/wordpress\/plugins\/seo\/ -->\n<title>Earl Hines \u200e\u2013 Solo Walk In Tokyo Vinilin\u0117 Plok\u0161tel\u0117 | Vinilozona.lt<\/title>\n<meta name=\"robots\" content=\"index, follow, max-snippet:-1, max-image-preview:large, max-video-preview:-1\" \/>\n<link rel=\"canonical\" href=\"https:\/\/vinilozona.lt\/en\/parduotuve\/jazz\/earl-hines-\u200e-solo-walk-in-tokyo\/\" \/>\n<meta property=\"og:locale\" content=\"en_GB\" \/>\n<meta property=\"og:type\" content=\"article\" \/>\n<meta property=\"og:title\" content=\"Earl Hines \u200e\u2013 Solo Walk In Tokyo Vinilin\u0117 Plok\u0161tel\u0117 | Vinilozona.lt\" \/>\n<meta property=\"og:description\" content=\"Denon \u200e\u2013 NCP-8502-N\" \/>\n<meta property=\"og:url\" content=\"https:\/\/vinilozona.lt\/en\/parduotuve\/jazz\/earl-hines-\u200e-solo-walk-in-tokyo\/\" \/>\n<meta property=\"og:site_name\" content=\"Vinilo Zona\" \/>\n<meta property=\"article:modified_time\" content=\"2021-12-06T09:32:46+00:00\" \/>\n<meta property=\"og:image\" content=\"https:\/\/vinilozona.lt\/wp-content\/uploads\/2021\/03\/R-6708222-1425059471-3667.jpeg.jpg\" \/>\n\t<meta property=\"og:image:width\" content=\"590\" \/>\n\t<meta property=\"og:image:height\" content=\"589\" \/>\n\t<meta property=\"og:image:type\" content=\"image\/jpeg\" \/>\n<meta name=\"twitter:card\" content=\"summary_large_image\" \/>\n<script type=\"application\/ld+json\" class=\"yoast-schema-graph\">{\"@context\":\"https:\/\/schema.org\",\"@graph\":[{\"@type\":\"WebPage\",\"@id\":\"https:\/\/vinilozona.lt\/parduotuve\/jazz\/earl-hines-%e2%80%8e-solo-walk-in-tokyo\/\",\"url\":\"https:\/\/vinilozona.lt\/parduotuve\/jazz\/earl-hines-%e2%80%8e-solo-walk-in-tokyo\/\",\"name\":\"Earl Hines \u200e\u2013 Solo Walk In Tokyo Vinilin\u0117 Plok\u0161tel\u0117 | Vinilozona.lt\",\"isPartOf\":{\"@id\":\"https:\/\/vinilozona.lt\/#website\"},\"primaryImageOfPage\":{\"@id\":\"https:\/\/vinilozona.lt\/parduotuve\/jazz\/earl-hines-%e2%80%8e-solo-walk-in-tokyo\/#primaryimage\"},\"image\":{\"@id\":\"https:\/\/vinilozona.lt\/parduotuve\/jazz\/earl-hines-%e2%80%8e-solo-walk-in-tokyo\/#primaryimage\"},\"thumbnailUrl\":\"https:\/\/vinilozona.lt\/wp-content\/uploads\/2021\/03\/R-6708222-1425059471-3667.jpeg.jpg\",\"datePublished\":\"2021-03-08T11:05:40+00:00\",\"dateModified\":\"2021-12-06T09:32:46+00:00\",\"breadcrumb\":{\"@id\":\"https:\/\/vinilozona.lt\/parduotuve\/jazz\/earl-hines-%e2%80%8e-solo-walk-in-tokyo\/#breadcrumb\"},\"inLanguage\":\"en-GB\",\"potentialAction\":[{\"@type\":\"ReadAction\",\"target\":[\"https:\/\/vinilozona.lt\/parduotuve\/jazz\/earl-hines-%e2%80%8e-solo-walk-in-tokyo\/\"]}]},{\"@type\":\"ImageObject\",\"inLanguage\":\"en-GB\",\"@id\":\"https:\/\/vinilozona.lt\/parduotuve\/jazz\/earl-hines-%e2%80%8e-solo-walk-in-tokyo\/#primaryimage\",\"url\":\"https:\/\/vinilozona.lt\/wp-content\/uploads\/2021\/03\/R-6708222-1425059471-3667.jpeg.jpg\",\"contentUrl\":\"https:\/\/vinilozona.lt\/wp-content\/uploads\/2021\/03\/R-6708222-1425059471-3667.jpeg.jpg\",\"width\":590,\"height\":589},{\"@type\":\"BreadcrumbList\",\"@id\":\"https:\/\/vinilozona.lt\/parduotuve\/jazz\/earl-hines-%e2%80%8e-solo-walk-in-tokyo\/#breadcrumb\",\"itemListElement\":[{\"@type\":\"ListItem\",\"position\":1,\"name\":\"Home\",\"item\":\"https:\/\/vinilozona.lt\/\"},{\"@type\":\"ListItem\",\"position\":2,\"name\":\"Parduotuv\u0117\",\"item\":\"https:\/\/vinilozona.lt\/parduotuve\/\"},{\"@type\":\"ListItem\",\"position\":3,\"name\":\"Earl Hines \u200e\u2013 Solo Walk In Tokyo\"}]},{\"@type\":\"WebSite\",\"@id\":\"https:\/\/vinilozona.lt\/#website\",\"url\":\"https:\/\/vinilozona.lt\/\",\"name\":\"Vinilo Zona\",\"description\":\"Nup\u016bsk dulkes ir klausyk LP\",\"potentialAction\":[{\"@type\":\"SearchAction\",\"target\":{\"@type\":\"EntryPoint\",\"urlTemplate\":\"https:\/\/vinilozona.lt\/?s={search_term_string}\"},\"query-input\":{\"@type\":\"PropertyValueSpecification\",\"valueRequired\":true,\"valueName\":\"search_term_string\"}}],\"inLanguage\":\"en-GB\"}]}<\/script>\n<!-- \/ Yoast SEO plugin. -->","yoast_head_json":{"title":"Earl Hines \u200e\u2013 Solo Walk In Tokyo Vinilin\u0117 Plok\u0161tel\u0117 | Vinilozona.lt","robots":{"index":"index","follow":"follow","max-snippet":"max-snippet:-1","max-image-preview":"max-image-preview:large","max-video-preview":"max-video-preview:-1"},"canonical":"https:\/\/vinilozona.lt\/en\/parduotuve\/jazz\/earl-hines-\u200e-solo-walk-in-tokyo\/","og_locale":"en_GB","og_type":"article","og_title":"Earl Hines \u200e\u2013 Solo Walk In Tokyo Vinilin\u0117 Plok\u0161tel\u0117 | Vinilozona.lt","og_description":"Denon \u200e\u2013 NCP-8502-N","og_url":"https:\/\/vinilozona.lt\/en\/parduotuve\/jazz\/earl-hines-\u200e-solo-walk-in-tokyo\/","og_site_name":"Vinilo Zona","article_modified_time":"2021-12-06T09:32:46+00:00","og_image":[{"width":590,"height":589,"url":"https:\/\/vinilozona.lt\/wp-content\/uploads\/2021\/03\/R-6708222-1425059471-3667.jpeg.jpg","type":"image\/jpeg"}],"twitter_card":"summary_large_image","schema":{"@context":"https:\/\/schema.org","@graph":[{"@type":"WebPage","@id":"https:\/\/vinilozona.lt\/parduotuve\/jazz\/earl-hines-%e2%80%8e-solo-walk-in-tokyo\/","url":"https:\/\/vinilozona.lt\/parduotuve\/jazz\/earl-hines-%e2%80%8e-solo-walk-in-tokyo\/","name":"Earl Hines \u200e\u2013 Solo Walk In Tokyo Vinilin\u0117 Plok\u0161tel\u0117 | Vinilozona.lt","isPartOf":{"@id":"https:\/\/vinilozona.lt\/#website"},"primaryImageOfPage":{"@id":"https:\/\/vinilozona.lt\/parduotuve\/jazz\/earl-hines-%e2%80%8e-solo-walk-in-tokyo\/#primaryimage"},"image":{"@id":"https:\/\/vinilozona.lt\/parduotuve\/jazz\/earl-hines-%e2%80%8e-solo-walk-in-tokyo\/#primaryimage"},"thumbnailUrl":"https:\/\/vinilozona.lt\/wp-content\/uploads\/2021\/03\/R-6708222-1425059471-3667.jpeg.jpg","datePublished":"2021-03-08T11:05:40+00:00","dateModified":"2021-12-06T09:32:46+00:00","breadcrumb":{"@id":"https:\/\/vinilozona.lt\/parduotuve\/jazz\/earl-hines-%e2%80%8e-solo-walk-in-tokyo\/#breadcrumb"},"inLanguage":"en-GB","potentialAction":[{"@type":"ReadAction","target":["https:\/\/vinilozona.lt\/parduotuve\/jazz\/earl-hines-%e2%80%8e-solo-walk-in-tokyo\/"]}]},{"@type":"ImageObject","inLanguage":"en-GB","@id":"https:\/\/vinilozona.lt\/parduotuve\/jazz\/earl-hines-%e2%80%8e-solo-walk-in-tokyo\/#primaryimage","url":"https:\/\/vinilozona.lt\/wp-content\/uploads\/2021\/03\/R-6708222-1425059471-3667.jpeg.jpg","contentUrl":"https:\/\/vinilozona.lt\/wp-content\/uploads\/2021\/03\/R-6708222-1425059471-3667.jpeg.jpg","width":590,"height":589},{"@type":"BreadcrumbList","@id":"https:\/\/vinilozona.lt\/parduotuve\/jazz\/earl-hines-%e2%80%8e-solo-walk-in-tokyo\/#breadcrumb","itemListElement":[{"@type":"ListItem","position":1,"name":"Home","item":"https:\/\/vinilozona.lt\/"},{"@type":"ListItem","position":2,"name":"Parduotuv\u0117","item":"https:\/\/vinilozona.lt\/parduotuve\/"},{"@type":"ListItem","position":3,"name":"Earl Hines \u200e\u2013 Solo Walk In Tokyo"}]},{"@type":"WebSite","@id":"https:\/\/vinilozona.lt\/#website","url":"https:\/\/vinilozona.lt\/","name":"Vinilo Zona","description":"Nup\u016bsk dulkes ir klausyk LP","potentialAction":[{"@type":"SearchAction","target":{"@type":"EntryPoint","urlTemplate":"https:\/\/vinilozona.lt\/?s={search_term_string}"},"query-input":{"@type":"PropertyValueSpecification","valueRequired":true,"valueName":"search_term_string"}}],"inLanguage":"en-GB"}]}},"_links":{"self":[{"href":"https:\/\/vinilozona.lt\/en\/wp-json\/wp\/v2\/product\/14444"}],"collection":[{"href":"https:\/\/vinilozona.lt\/en\/wp-json\/wp\/v2\/product"}],"about":[{"href":"https:\/\/vinilozona.lt\/en\/wp-json\/wp\/v2\/types\/product"}],"wp:featuredmedia":[{"embeddable":true,"href":"https:\/\/vinilozona.lt\/en\/wp-json\/wp\/v2\/media\/14445"}],"wp:attachment":[{"href":"https:\/\/vinilozona.lt\/en\/wp-json\/wp\/v2\/media?parent=14444"}],"wp:term":[{"taxonomy":"product_cat","embeddable":true,"href":"https:\/\/vinilozona.lt\/en\/wp-json\/wp\/v2\/product_cat?post=14444"},{"taxonomy":"product_tag","embeddable":true,"href":"https:\/\/vinilozona.lt\/en\/wp-json\/wp\/v2\/product_tag?post=14444"}],"curies":[{"name":"wp","href":"https:\/\/api.w.org\/{rel}","templated":true}]}}