{"id":14442,"date":"2021-03-08T13:01:27","date_gmt":"2021-03-08T11:01:27","guid":{"rendered":"https:\/\/vinilozona.lt\/?post_type=product&#038;p=14442"},"modified":"2021-03-18T15:48:33","modified_gmt":"2021-03-18T13:48:33","slug":"chick-corea-and-gary-burton-%e2%80%8e-in-concert-zurich-october-28-1979","status":"publish","type":"product","link":"https:\/\/vinilozona.lt\/en\/parduotuve\/jazz\/chick-corea-and-gary-burton-%e2%80%8e-in-concert-zurich-october-28-1979\/","title":{"rendered":"Chick Corea And Gary Burton \u200e\u2013 In Concert, Z\u00fcrich, October 28, 1979"},"content":{"rendered":"<p>Se\u00f1or Mouse\t9:51<br \/>\nBud Powell\t8:30<br \/>\nCrystal Silence\t11:52<br \/>\nTweak\t5:58<br \/>\nI&#8217;m Your Pal \/ Hullo, Bolinas\t6:58<br \/>\nLove Castle\t14:35<br \/>\nFalling Grace\t5:04<br \/>\nMirror, Mirror\t5:26<br \/>\nSong To Gayle\t6:57<br \/>\nEndless Trouble, Endless Pleasure\t4:48<\/p>","protected":false},"excerpt":{"rendered":"<p>ECM Records \u200e\u2013 PA-6125~26, Trio Records \u200e\u2013 PA-6125~26<br \/>\nFormat:<br \/>\n2 \u00d7 Vinyl, LP, Album<\/p>","protected":false},"featured_media":14443,"template":"","meta":[],"product_cat":[20,39],"product_tag":[239],"yoast_head":"<!-- This site is optimized with the Yoast SEO plugin v23.5 - https:\/\/yoast.com\/wordpress\/plugins\/seo\/ -->\n<title>Chick Corea And Gary Burton \u200e\u2013 In Concert, Z\u00fcrich, October 28, 1979 Vinilin\u0117 Plok\u0161tel\u0117 | Vinilozona.lt<\/title>\n<meta name=\"robots\" content=\"index, follow, max-snippet:-1, max-image-preview:large, max-video-preview:-1\" \/>\n<link rel=\"canonical\" href=\"https:\/\/vinilozona.lt\/en\/parduotuve\/jazz\/chick-corea-and-gary-burton-\u200e-in-concert-zurich-october-28-1979\/\" \/>\n<meta property=\"og:locale\" content=\"en_GB\" \/>\n<meta property=\"og:type\" content=\"article\" \/>\n<meta property=\"og:title\" content=\"Chick Corea And Gary Burton \u200e\u2013 In Concert, Z\u00fcrich, October 28, 1979 Vinilin\u0117 Plok\u0161tel\u0117 | Vinilozona.lt\" \/>\n<meta property=\"og:description\" content=\"ECM Records \u200e\u2013 PA-6125~26, Trio Records \u200e\u2013 PA-6125~26 Format: 2 \u00d7 Vinyl, LP, Album\" \/>\n<meta property=\"og:url\" content=\"https:\/\/vinilozona.lt\/en\/parduotuve\/jazz\/chick-corea-and-gary-burton-\u200e-in-concert-zurich-october-28-1979\/\" \/>\n<meta property=\"og:site_name\" content=\"Vinilo Zona\" \/>\n<meta property=\"article:modified_time\" content=\"2021-03-18T13:48:33+00:00\" \/>\n<meta property=\"og:image\" content=\"https:\/\/vinilozona.lt\/wp-content\/uploads\/2021\/03\/R-4011829-1427605745-1854.jpeg.jpg\" \/>\n\t<meta property=\"og:image:width\" content=\"600\" \/>\n\t<meta property=\"og:image:height\" content=\"592\" \/>\n\t<meta property=\"og:image:type\" content=\"image\/jpeg\" \/>\n<meta name=\"twitter:card\" content=\"summary_large_image\" \/>\n<script type=\"application\/ld+json\" class=\"yoast-schema-graph\">{\"@context\":\"https:\/\/schema.org\",\"@graph\":[{\"@type\":\"WebPage\",\"@id\":\"https:\/\/vinilozona.lt\/parduotuve\/jazz\/chick-corea-and-gary-burton-%e2%80%8e-in-concert-zurich-october-28-1979\/\",\"url\":\"https:\/\/vinilozona.lt\/parduotuve\/jazz\/chick-corea-and-gary-burton-%e2%80%8e-in-concert-zurich-october-28-1979\/\",\"name\":\"Chick Corea And Gary Burton \u200e\u2013 In Concert, Z\u00fcrich, October 28, 1979 Vinilin\u0117 Plok\u0161tel\u0117 | Vinilozona.lt\",\"isPartOf\":{\"@id\":\"https:\/\/vinilozona.lt\/#website\"},\"primaryImageOfPage\":{\"@id\":\"https:\/\/vinilozona.lt\/parduotuve\/jazz\/chick-corea-and-gary-burton-%e2%80%8e-in-concert-zurich-october-28-1979\/#primaryimage\"},\"image\":{\"@id\":\"https:\/\/vinilozona.lt\/parduotuve\/jazz\/chick-corea-and-gary-burton-%e2%80%8e-in-concert-zurich-october-28-1979\/#primaryimage\"},\"thumbnailUrl\":\"https:\/\/vinilozona.lt\/wp-content\/uploads\/2021\/03\/R-4011829-1427605745-1854.jpeg.jpg\",\"datePublished\":\"2021-03-08T11:01:27+00:00\",\"dateModified\":\"2021-03-18T13:48:33+00:00\",\"breadcrumb\":{\"@id\":\"https:\/\/vinilozona.lt\/parduotuve\/jazz\/chick-corea-and-gary-burton-%e2%80%8e-in-concert-zurich-october-28-1979\/#breadcrumb\"},\"inLanguage\":\"en-GB\",\"potentialAction\":[{\"@type\":\"ReadAction\",\"target\":[\"https:\/\/vinilozona.lt\/parduotuve\/jazz\/chick-corea-and-gary-burton-%e2%80%8e-in-concert-zurich-october-28-1979\/\"]}]},{\"@type\":\"ImageObject\",\"inLanguage\":\"en-GB\",\"@id\":\"https:\/\/vinilozona.lt\/parduotuve\/jazz\/chick-corea-and-gary-burton-%e2%80%8e-in-concert-zurich-october-28-1979\/#primaryimage\",\"url\":\"https:\/\/vinilozona.lt\/wp-content\/uploads\/2021\/03\/R-4011829-1427605745-1854.jpeg.jpg\",\"contentUrl\":\"https:\/\/vinilozona.lt\/wp-content\/uploads\/2021\/03\/R-4011829-1427605745-1854.jpeg.jpg\",\"width\":600,\"height\":592},{\"@type\":\"BreadcrumbList\",\"@id\":\"https:\/\/vinilozona.lt\/parduotuve\/jazz\/chick-corea-and-gary-burton-%e2%80%8e-in-concert-zurich-october-28-1979\/#breadcrumb\",\"itemListElement\":[{\"@type\":\"ListItem\",\"position\":1,\"name\":\"Home\",\"item\":\"https:\/\/vinilozona.lt\/\"},{\"@type\":\"ListItem\",\"position\":2,\"name\":\"Parduotuv\u0117\",\"item\":\"https:\/\/vinilozona.lt\/parduotuve\/\"},{\"@type\":\"ListItem\",\"position\":3,\"name\":\"Chick Corea And Gary Burton \u200e\u2013 In Concert, Z\u00fcrich, October 28, 1979\"}]},{\"@type\":\"WebSite\",\"@id\":\"https:\/\/vinilozona.lt\/#website\",\"url\":\"https:\/\/vinilozona.lt\/\",\"name\":\"Vinilo Zona\",\"description\":\"Nup\u016bsk dulkes ir klausyk LP\",\"potentialAction\":[{\"@type\":\"SearchAction\",\"target\":{\"@type\":\"EntryPoint\",\"urlTemplate\":\"https:\/\/vinilozona.lt\/?s={search_term_string}\"},\"query-input\":{\"@type\":\"PropertyValueSpecification\",\"valueRequired\":true,\"valueName\":\"search_term_string\"}}],\"inLanguage\":\"en-GB\"}]}<\/script>\n<!-- \/ Yoast SEO plugin. -->","yoast_head_json":{"title":"Chick Corea And Gary Burton \u200e\u2013 In Concert, Z\u00fcrich, October 28, 1979 Vinilin\u0117 Plok\u0161tel\u0117 | Vinilozona.lt","robots":{"index":"index","follow":"follow","max-snippet":"max-snippet:-1","max-image-preview":"max-image-preview:large","max-video-preview":"max-video-preview:-1"},"canonical":"https:\/\/vinilozona.lt\/en\/parduotuve\/jazz\/chick-corea-and-gary-burton-\u200e-in-concert-zurich-october-28-1979\/","og_locale":"en_GB","og_type":"article","og_title":"Chick Corea And Gary Burton \u200e\u2013 In Concert, Z\u00fcrich, October 28, 1979 Vinilin\u0117 Plok\u0161tel\u0117 | Vinilozona.lt","og_description":"ECM Records \u200e\u2013 PA-6125~26, Trio Records \u200e\u2013 PA-6125~26 Format: 2 \u00d7 Vinyl, LP, Album","og_url":"https:\/\/vinilozona.lt\/en\/parduotuve\/jazz\/chick-corea-and-gary-burton-\u200e-in-concert-zurich-october-28-1979\/","og_site_name":"Vinilo Zona","article_modified_time":"2021-03-18T13:48:33+00:00","og_image":[{"width":600,"height":592,"url":"https:\/\/vinilozona.lt\/wp-content\/uploads\/2021\/03\/R-4011829-1427605745-1854.jpeg.jpg","type":"image\/jpeg"}],"twitter_card":"summary_large_image","schema":{"@context":"https:\/\/schema.org","@graph":[{"@type":"WebPage","@id":"https:\/\/vinilozona.lt\/parduotuve\/jazz\/chick-corea-and-gary-burton-%e2%80%8e-in-concert-zurich-october-28-1979\/","url":"https:\/\/vinilozona.lt\/parduotuve\/jazz\/chick-corea-and-gary-burton-%e2%80%8e-in-concert-zurich-october-28-1979\/","name":"Chick Corea And Gary Burton \u200e\u2013 In Concert, Z\u00fcrich, October 28, 1979 Vinilin\u0117 Plok\u0161tel\u0117 | Vinilozona.lt","isPartOf":{"@id":"https:\/\/vinilozona.lt\/#website"},"primaryImageOfPage":{"@id":"https:\/\/vinilozona.lt\/parduotuve\/jazz\/chick-corea-and-gary-burton-%e2%80%8e-in-concert-zurich-october-28-1979\/#primaryimage"},"image":{"@id":"https:\/\/vinilozona.lt\/parduotuve\/jazz\/chick-corea-and-gary-burton-%e2%80%8e-in-concert-zurich-october-28-1979\/#primaryimage"},"thumbnailUrl":"https:\/\/vinilozona.lt\/wp-content\/uploads\/2021\/03\/R-4011829-1427605745-1854.jpeg.jpg","datePublished":"2021-03-08T11:01:27+00:00","dateModified":"2021-03-18T13:48:33+00:00","breadcrumb":{"@id":"https:\/\/vinilozona.lt\/parduotuve\/jazz\/chick-corea-and-gary-burton-%e2%80%8e-in-concert-zurich-october-28-1979\/#breadcrumb"},"inLanguage":"en-GB","potentialAction":[{"@type":"ReadAction","target":["https:\/\/vinilozona.lt\/parduotuve\/jazz\/chick-corea-and-gary-burton-%e2%80%8e-in-concert-zurich-october-28-1979\/"]}]},{"@type":"ImageObject","inLanguage":"en-GB","@id":"https:\/\/vinilozona.lt\/parduotuve\/jazz\/chick-corea-and-gary-burton-%e2%80%8e-in-concert-zurich-october-28-1979\/#primaryimage","url":"https:\/\/vinilozona.lt\/wp-content\/uploads\/2021\/03\/R-4011829-1427605745-1854.jpeg.jpg","contentUrl":"https:\/\/vinilozona.lt\/wp-content\/uploads\/2021\/03\/R-4011829-1427605745-1854.jpeg.jpg","width":600,"height":592},{"@type":"BreadcrumbList","@id":"https:\/\/vinilozona.lt\/parduotuve\/jazz\/chick-corea-and-gary-burton-%e2%80%8e-in-concert-zurich-october-28-1979\/#breadcrumb","itemListElement":[{"@type":"ListItem","position":1,"name":"Home","item":"https:\/\/vinilozona.lt\/"},{"@type":"ListItem","position":2,"name":"Parduotuv\u0117","item":"https:\/\/vinilozona.lt\/parduotuve\/"},{"@type":"ListItem","position":3,"name":"Chick Corea And Gary Burton \u200e\u2013 In Concert, Z\u00fcrich, October 28, 1979"}]},{"@type":"WebSite","@id":"https:\/\/vinilozona.lt\/#website","url":"https:\/\/vinilozona.lt\/","name":"Vinilo Zona","description":"Nup\u016bsk dulkes ir klausyk LP","potentialAction":[{"@type":"SearchAction","target":{"@type":"EntryPoint","urlTemplate":"https:\/\/vinilozona.lt\/?s={search_term_string}"},"query-input":{"@type":"PropertyValueSpecification","valueRequired":true,"valueName":"search_term_string"}}],"inLanguage":"en-GB"}]}},"_links":{"self":[{"href":"https:\/\/vinilozona.lt\/en\/wp-json\/wp\/v2\/product\/14442"}],"collection":[{"href":"https:\/\/vinilozona.lt\/en\/wp-json\/wp\/v2\/product"}],"about":[{"href":"https:\/\/vinilozona.lt\/en\/wp-json\/wp\/v2\/types\/product"}],"wp:featuredmedia":[{"embeddable":true,"href":"https:\/\/vinilozona.lt\/en\/wp-json\/wp\/v2\/media\/14443"}],"wp:attachment":[{"href":"https:\/\/vinilozona.lt\/en\/wp-json\/wp\/v2\/media?parent=14442"}],"wp:term":[{"taxonomy":"product_cat","embeddable":true,"href":"https:\/\/vinilozona.lt\/en\/wp-json\/wp\/v2\/product_cat?post=14442"},{"taxonomy":"product_tag","embeddable":true,"href":"https:\/\/vinilozona.lt\/en\/wp-json\/wp\/v2\/product_tag?post=14442"}],"curies":[{"name":"wp","href":"https:\/\/api.w.org\/{rel}","templated":true}]}}