{"id":14419,"date":"2021-03-08T11:22:09","date_gmt":"2021-03-08T09:22:09","guid":{"rendered":"https:\/\/vinilozona.lt\/?post_type=product&#038;p=14419"},"modified":"2021-03-08T11:22:09","modified_gmt":"2021-03-08T09:22:09","slug":"earl-hines-%e2%80%8e-spontaneous-explorations","status":"publish","type":"product","link":"https:\/\/vinilozona.lt\/en\/parduotuve\/jazz\/earl-hines-%e2%80%8e-spontaneous-explorations\/","title":{"rendered":"Earl Hines \u200e\u2013 Spontaneous Explorations"},"content":{"rendered":"<p>A1\tUndecided<br \/>\nA2\tFatha&#8217;s Blues<br \/>\nA3\tA Sunday Kind Of Love<br \/>\nA4\tI&#8217;ve Found A New Baby<br \/>\nB1\tSqueeze Me<br \/>\nB2\tTosca&#8217;s Dance<br \/>\nB3\tJim<br \/>\nB4\tBlack Coffee<br \/>\nB5\tYou Always Hurt The One You Love<\/p>","protected":false},"excerpt":{"rendered":"<p>Flying Dutchman \u200e\u2013 SR-3141, Contact \u200e\u2013 SR-3141<\/p>","protected":false},"featured_media":14420,"template":"","meta":[],"product_cat":[20,39],"product_tag":[239],"yoast_head":"<!-- This site is optimized with the Yoast SEO plugin v23.5 - https:\/\/yoast.com\/wordpress\/plugins\/seo\/ -->\n<title>Earl Hines \u200e\u2013 Spontaneous Explorations Vinilin\u0117 Plok\u0161tel\u0117 | Vinilozona.lt<\/title>\n<meta name=\"robots\" content=\"index, follow, max-snippet:-1, max-image-preview:large, max-video-preview:-1\" \/>\n<link rel=\"canonical\" href=\"https:\/\/vinilozona.lt\/en\/parduotuve\/jazz\/earl-hines-\u200e-spontaneous-explorations\/\" \/>\n<meta property=\"og:locale\" content=\"en_GB\" \/>\n<meta property=\"og:type\" content=\"article\" \/>\n<meta property=\"og:title\" content=\"Earl Hines \u200e\u2013 Spontaneous Explorations Vinilin\u0117 Plok\u0161tel\u0117 | Vinilozona.lt\" \/>\n<meta property=\"og:description\" content=\"Flying Dutchman \u200e\u2013 SR-3141, Contact \u200e\u2013 SR-3141\" \/>\n<meta property=\"og:url\" content=\"https:\/\/vinilozona.lt\/en\/parduotuve\/jazz\/earl-hines-\u200e-spontaneous-explorations\/\" \/>\n<meta property=\"og:site_name\" content=\"Vinilo Zona\" \/>\n<meta property=\"og:image\" content=\"https:\/\/vinilozona.lt\/wp-content\/uploads\/2021\/03\/R-14752837-1581336852-2320.jpeg.jpg\" \/>\n\t<meta property=\"og:image:width\" content=\"600\" \/>\n\t<meta property=\"og:image:height\" content=\"591\" \/>\n\t<meta property=\"og:image:type\" content=\"image\/jpeg\" \/>\n<meta name=\"twitter:card\" content=\"summary_large_image\" \/>\n<script type=\"application\/ld+json\" class=\"yoast-schema-graph\">{\"@context\":\"https:\/\/schema.org\",\"@graph\":[{\"@type\":\"WebPage\",\"@id\":\"https:\/\/vinilozona.lt\/parduotuve\/jazz\/earl-hines-%e2%80%8e-spontaneous-explorations\/\",\"url\":\"https:\/\/vinilozona.lt\/parduotuve\/jazz\/earl-hines-%e2%80%8e-spontaneous-explorations\/\",\"name\":\"Earl Hines \u200e\u2013 Spontaneous Explorations Vinilin\u0117 Plok\u0161tel\u0117 | Vinilozona.lt\",\"isPartOf\":{\"@id\":\"https:\/\/vinilozona.lt\/#website\"},\"primaryImageOfPage\":{\"@id\":\"https:\/\/vinilozona.lt\/parduotuve\/jazz\/earl-hines-%e2%80%8e-spontaneous-explorations\/#primaryimage\"},\"image\":{\"@id\":\"https:\/\/vinilozona.lt\/parduotuve\/jazz\/earl-hines-%e2%80%8e-spontaneous-explorations\/#primaryimage\"},\"thumbnailUrl\":\"https:\/\/vinilozona.lt\/wp-content\/uploads\/2021\/03\/R-14752837-1581336852-2320.jpeg.jpg\",\"datePublished\":\"2021-03-08T09:22:09+00:00\",\"dateModified\":\"2021-03-08T09:22:09+00:00\",\"breadcrumb\":{\"@id\":\"https:\/\/vinilozona.lt\/parduotuve\/jazz\/earl-hines-%e2%80%8e-spontaneous-explorations\/#breadcrumb\"},\"inLanguage\":\"en-GB\",\"potentialAction\":[{\"@type\":\"ReadAction\",\"target\":[\"https:\/\/vinilozona.lt\/parduotuve\/jazz\/earl-hines-%e2%80%8e-spontaneous-explorations\/\"]}]},{\"@type\":\"ImageObject\",\"inLanguage\":\"en-GB\",\"@id\":\"https:\/\/vinilozona.lt\/parduotuve\/jazz\/earl-hines-%e2%80%8e-spontaneous-explorations\/#primaryimage\",\"url\":\"https:\/\/vinilozona.lt\/wp-content\/uploads\/2021\/03\/R-14752837-1581336852-2320.jpeg.jpg\",\"contentUrl\":\"https:\/\/vinilozona.lt\/wp-content\/uploads\/2021\/03\/R-14752837-1581336852-2320.jpeg.jpg\",\"width\":600,\"height\":591},{\"@type\":\"BreadcrumbList\",\"@id\":\"https:\/\/vinilozona.lt\/parduotuve\/jazz\/earl-hines-%e2%80%8e-spontaneous-explorations\/#breadcrumb\",\"itemListElement\":[{\"@type\":\"ListItem\",\"position\":1,\"name\":\"Home\",\"item\":\"https:\/\/vinilozona.lt\/\"},{\"@type\":\"ListItem\",\"position\":2,\"name\":\"Parduotuv\u0117\",\"item\":\"https:\/\/vinilozona.lt\/parduotuve\/\"},{\"@type\":\"ListItem\",\"position\":3,\"name\":\"Earl Hines \u200e\u2013 Spontaneous Explorations\"}]},{\"@type\":\"WebSite\",\"@id\":\"https:\/\/vinilozona.lt\/#website\",\"url\":\"https:\/\/vinilozona.lt\/\",\"name\":\"Vinilo Zona\",\"description\":\"Nup\u016bsk dulkes ir klausyk LP\",\"potentialAction\":[{\"@type\":\"SearchAction\",\"target\":{\"@type\":\"EntryPoint\",\"urlTemplate\":\"https:\/\/vinilozona.lt\/?s={search_term_string}\"},\"query-input\":{\"@type\":\"PropertyValueSpecification\",\"valueRequired\":true,\"valueName\":\"search_term_string\"}}],\"inLanguage\":\"en-GB\"}]}<\/script>\n<!-- \/ Yoast SEO plugin. -->","yoast_head_json":{"title":"Earl Hines \u200e\u2013 Spontaneous Explorations Vinilin\u0117 Plok\u0161tel\u0117 | Vinilozona.lt","robots":{"index":"index","follow":"follow","max-snippet":"max-snippet:-1","max-image-preview":"max-image-preview:large","max-video-preview":"max-video-preview:-1"},"canonical":"https:\/\/vinilozona.lt\/en\/parduotuve\/jazz\/earl-hines-\u200e-spontaneous-explorations\/","og_locale":"en_GB","og_type":"article","og_title":"Earl Hines \u200e\u2013 Spontaneous Explorations Vinilin\u0117 Plok\u0161tel\u0117 | Vinilozona.lt","og_description":"Flying Dutchman \u200e\u2013 SR-3141, Contact \u200e\u2013 SR-3141","og_url":"https:\/\/vinilozona.lt\/en\/parduotuve\/jazz\/earl-hines-\u200e-spontaneous-explorations\/","og_site_name":"Vinilo Zona","og_image":[{"width":600,"height":591,"url":"https:\/\/vinilozona.lt\/wp-content\/uploads\/2021\/03\/R-14752837-1581336852-2320.jpeg.jpg","type":"image\/jpeg"}],"twitter_card":"summary_large_image","schema":{"@context":"https:\/\/schema.org","@graph":[{"@type":"WebPage","@id":"https:\/\/vinilozona.lt\/parduotuve\/jazz\/earl-hines-%e2%80%8e-spontaneous-explorations\/","url":"https:\/\/vinilozona.lt\/parduotuve\/jazz\/earl-hines-%e2%80%8e-spontaneous-explorations\/","name":"Earl Hines \u200e\u2013 Spontaneous Explorations Vinilin\u0117 Plok\u0161tel\u0117 | Vinilozona.lt","isPartOf":{"@id":"https:\/\/vinilozona.lt\/#website"},"primaryImageOfPage":{"@id":"https:\/\/vinilozona.lt\/parduotuve\/jazz\/earl-hines-%e2%80%8e-spontaneous-explorations\/#primaryimage"},"image":{"@id":"https:\/\/vinilozona.lt\/parduotuve\/jazz\/earl-hines-%e2%80%8e-spontaneous-explorations\/#primaryimage"},"thumbnailUrl":"https:\/\/vinilozona.lt\/wp-content\/uploads\/2021\/03\/R-14752837-1581336852-2320.jpeg.jpg","datePublished":"2021-03-08T09:22:09+00:00","dateModified":"2021-03-08T09:22:09+00:00","breadcrumb":{"@id":"https:\/\/vinilozona.lt\/parduotuve\/jazz\/earl-hines-%e2%80%8e-spontaneous-explorations\/#breadcrumb"},"inLanguage":"en-GB","potentialAction":[{"@type":"ReadAction","target":["https:\/\/vinilozona.lt\/parduotuve\/jazz\/earl-hines-%e2%80%8e-spontaneous-explorations\/"]}]},{"@type":"ImageObject","inLanguage":"en-GB","@id":"https:\/\/vinilozona.lt\/parduotuve\/jazz\/earl-hines-%e2%80%8e-spontaneous-explorations\/#primaryimage","url":"https:\/\/vinilozona.lt\/wp-content\/uploads\/2021\/03\/R-14752837-1581336852-2320.jpeg.jpg","contentUrl":"https:\/\/vinilozona.lt\/wp-content\/uploads\/2021\/03\/R-14752837-1581336852-2320.jpeg.jpg","width":600,"height":591},{"@type":"BreadcrumbList","@id":"https:\/\/vinilozona.lt\/parduotuve\/jazz\/earl-hines-%e2%80%8e-spontaneous-explorations\/#breadcrumb","itemListElement":[{"@type":"ListItem","position":1,"name":"Home","item":"https:\/\/vinilozona.lt\/"},{"@type":"ListItem","position":2,"name":"Parduotuv\u0117","item":"https:\/\/vinilozona.lt\/parduotuve\/"},{"@type":"ListItem","position":3,"name":"Earl Hines \u200e\u2013 Spontaneous Explorations"}]},{"@type":"WebSite","@id":"https:\/\/vinilozona.lt\/#website","url":"https:\/\/vinilozona.lt\/","name":"Vinilo Zona","description":"Nup\u016bsk dulkes ir klausyk LP","potentialAction":[{"@type":"SearchAction","target":{"@type":"EntryPoint","urlTemplate":"https:\/\/vinilozona.lt\/?s={search_term_string}"},"query-input":{"@type":"PropertyValueSpecification","valueRequired":true,"valueName":"search_term_string"}}],"inLanguage":"en-GB"}]}},"_links":{"self":[{"href":"https:\/\/vinilozona.lt\/en\/wp-json\/wp\/v2\/product\/14419"}],"collection":[{"href":"https:\/\/vinilozona.lt\/en\/wp-json\/wp\/v2\/product"}],"about":[{"href":"https:\/\/vinilozona.lt\/en\/wp-json\/wp\/v2\/types\/product"}],"wp:featuredmedia":[{"embeddable":true,"href":"https:\/\/vinilozona.lt\/en\/wp-json\/wp\/v2\/media\/14420"}],"wp:attachment":[{"href":"https:\/\/vinilozona.lt\/en\/wp-json\/wp\/v2\/media?parent=14419"}],"wp:term":[{"taxonomy":"product_cat","embeddable":true,"href":"https:\/\/vinilozona.lt\/en\/wp-json\/wp\/v2\/product_cat?post=14419"},{"taxonomy":"product_tag","embeddable":true,"href":"https:\/\/vinilozona.lt\/en\/wp-json\/wp\/v2\/product_tag?post=14419"}],"curies":[{"name":"wp","href":"https:\/\/api.w.org\/{rel}","templated":true}]}}