{"id":1440,"date":"2025-06-25T05:08:17","date_gmt":"2025-06-25T02:08:17","guid":{"rendered":"https:\/\/vinylhome.lt\/?post_type=product&#038;p=1440"},"modified":"2025-06-25T06:56:50","modified_gmt":"2025-06-25T03:56:50","slug":"bee-gees-%e2%80%8e-e%e2%80%a2s%e2%80%a2p","status":"publish","type":"product","link":"https:\/\/vinilozona.lt\/en\/parduotuve\/rock-pop\/bee-gees-%e2%80%8e-e%e2%80%a2s%e2%80%a2p\/","title":{"rendered":"Bee Gees \u200e\u2013 E\u2022S\u2022P"},"content":{"rendered":"<p>A1\t\tE\u2022S\u2022P  5:38<br \/>\nA2\t\tYou Win Again  4:02<br \/>\nA3\t\tLive Or Die (Hold Me Like A Child)  4:41<br \/>\nA4\t\tGiving Up The Ghost  4:26<br \/>\nA5\t\tThe Longest Night  5:07<br \/>\nB1\t\tThis Is Your Life  4:50<br \/>\nB2\t\tAngela  4:55<br \/>\nB3\t\tOvernight  4:20<br \/>\nB4\t\tCrazy For Your Love  4:40<br \/>\nB5\t\tBacktafunk  4:22<br \/>\nB6\t\tE\u2022S\u2022P (Vocal Reprise)\t0:34<\/p>","protected":false},"excerpt":{"rendered":"<p>Warner Bros. Records \u2013 WX 83, Warner Bros. Records \u2013 925 541-1<br \/>\nFormat:<br \/>\nVinyl, LP, Album, Stereo<br \/>\nCountry:\tEurope<br \/>\nReleased:\tOct 1987<\/p>","protected":false},"featured_media":1441,"template":"","meta":[],"product_cat":[15],"product_tag":[44],"yoast_head":"<!-- This site is optimized with the Yoast SEO plugin v23.5 - https:\/\/yoast.com\/wordpress\/plugins\/seo\/ -->\n<title>Bee Gees \u200e\u2013 E\u2022S\u2022P Vinilin\u0117 Plok\u0161tel\u0117 | Vinilozona.lt<\/title>\n<meta name=\"robots\" content=\"index, follow, max-snippet:-1, max-image-preview:large, max-video-preview:-1\" \/>\n<link rel=\"canonical\" href=\"https:\/\/vinilozona.lt\/en\/parduotuve\/rock-pop\/bee-gees-\u200e-e\u2022s\u2022p\/\" \/>\n<meta property=\"og:locale\" content=\"en_GB\" \/>\n<meta property=\"og:type\" content=\"article\" \/>\n<meta property=\"og:title\" content=\"Bee Gees \u200e\u2013 E\u2022S\u2022P Vinilin\u0117 Plok\u0161tel\u0117 | Vinilozona.lt\" \/>\n<meta property=\"og:description\" content=\"Warner Bros. Records \u2013 WX 83, Warner Bros. Records \u2013 925 541-1 Format:  Vinyl, LP, Album, Stereo Country: Europe Released: Oct 1987\" \/>\n<meta property=\"og:url\" content=\"https:\/\/vinilozona.lt\/en\/parduotuve\/rock-pop\/bee-gees-\u200e-e\u2022s\u2022p\/\" \/>\n<meta property=\"og:site_name\" content=\"Vinilo Zona\" \/>\n<meta property=\"article:modified_time\" content=\"2025-06-25T03:56:50+00:00\" \/>\n<meta property=\"og:image\" content=\"https:\/\/vinilozona.lt\/wp-content\/uploads\/2019\/12\/bee-gees-esp-3-1.jpg\" \/>\n\t<meta property=\"og:image:width\" content=\"693\" \/>\n\t<meta property=\"og:image:height\" content=\"520\" \/>\n\t<meta property=\"og:image:type\" content=\"image\/jpeg\" \/>\n<meta name=\"twitter:card\" content=\"summary_large_image\" \/>\n<meta name=\"twitter:label1\" content=\"Estimated reading time\" \/>\n\t<meta name=\"twitter:data1\" content=\"1 minute\" \/>\n<script type=\"application\/ld+json\" class=\"yoast-schema-graph\">{\"@context\":\"https:\/\/schema.org\",\"@graph\":[{\"@type\":\"WebPage\",\"@id\":\"https:\/\/vinilozona.lt\/parduotuve\/rock-pop\/bee-gees-%e2%80%8e-e%e2%80%a2s%e2%80%a2p\/\",\"url\":\"https:\/\/vinilozona.lt\/parduotuve\/rock-pop\/bee-gees-%e2%80%8e-e%e2%80%a2s%e2%80%a2p\/\",\"name\":\"Bee Gees \u200e\u2013 E\u2022S\u2022P Vinilin\u0117 Plok\u0161tel\u0117 | Vinilozona.lt\",\"isPartOf\":{\"@id\":\"https:\/\/vinilozona.lt\/#website\"},\"primaryImageOfPage\":{\"@id\":\"https:\/\/vinilozona.lt\/parduotuve\/rock-pop\/bee-gees-%e2%80%8e-e%e2%80%a2s%e2%80%a2p\/#primaryimage\"},\"image\":{\"@id\":\"https:\/\/vinilozona.lt\/parduotuve\/rock-pop\/bee-gees-%e2%80%8e-e%e2%80%a2s%e2%80%a2p\/#primaryimage\"},\"thumbnailUrl\":\"https:\/\/vinilozona.lt\/wp-content\/uploads\/2019\/12\/bee-gees-esp-3-1.jpg\",\"datePublished\":\"2025-06-25T02:08:17+00:00\",\"dateModified\":\"2025-06-25T03:56:50+00:00\",\"breadcrumb\":{\"@id\":\"https:\/\/vinilozona.lt\/parduotuve\/rock-pop\/bee-gees-%e2%80%8e-e%e2%80%a2s%e2%80%a2p\/#breadcrumb\"},\"inLanguage\":\"en-GB\",\"potentialAction\":[{\"@type\":\"ReadAction\",\"target\":[\"https:\/\/vinilozona.lt\/parduotuve\/rock-pop\/bee-gees-%e2%80%8e-e%e2%80%a2s%e2%80%a2p\/\"]}]},{\"@type\":\"ImageObject\",\"inLanguage\":\"en-GB\",\"@id\":\"https:\/\/vinilozona.lt\/parduotuve\/rock-pop\/bee-gees-%e2%80%8e-e%e2%80%a2s%e2%80%a2p\/#primaryimage\",\"url\":\"https:\/\/vinilozona.lt\/wp-content\/uploads\/2019\/12\/bee-gees-esp-3-1.jpg\",\"contentUrl\":\"https:\/\/vinilozona.lt\/wp-content\/uploads\/2019\/12\/bee-gees-esp-3-1.jpg\",\"width\":693,\"height\":520},{\"@type\":\"BreadcrumbList\",\"@id\":\"https:\/\/vinilozona.lt\/parduotuve\/rock-pop\/bee-gees-%e2%80%8e-e%e2%80%a2s%e2%80%a2p\/#breadcrumb\",\"itemListElement\":[{\"@type\":\"ListItem\",\"position\":1,\"name\":\"Home\",\"item\":\"https:\/\/vinilozona.lt\/\"},{\"@type\":\"ListItem\",\"position\":2,\"name\":\"Parduotuv\u0117\",\"item\":\"https:\/\/vinilozona.lt\/parduotuve\/\"},{\"@type\":\"ListItem\",\"position\":3,\"name\":\"Bee Gees \u200e\u2013 E\u2022S\u2022P\"}]},{\"@type\":\"WebSite\",\"@id\":\"https:\/\/vinilozona.lt\/#website\",\"url\":\"https:\/\/vinilozona.lt\/\",\"name\":\"Vinilo Zona\",\"description\":\"Nup\u016bsk dulkes ir klausyk LP\",\"potentialAction\":[{\"@type\":\"SearchAction\",\"target\":{\"@type\":\"EntryPoint\",\"urlTemplate\":\"https:\/\/vinilozona.lt\/?s={search_term_string}\"},\"query-input\":{\"@type\":\"PropertyValueSpecification\",\"valueRequired\":true,\"valueName\":\"search_term_string\"}}],\"inLanguage\":\"en-GB\"}]}<\/script>\n<!-- \/ Yoast SEO plugin. -->","yoast_head_json":{"title":"Bee Gees \u200e\u2013 E\u2022S\u2022P Vinilin\u0117 Plok\u0161tel\u0117 | Vinilozona.lt","robots":{"index":"index","follow":"follow","max-snippet":"max-snippet:-1","max-image-preview":"max-image-preview:large","max-video-preview":"max-video-preview:-1"},"canonical":"https:\/\/vinilozona.lt\/en\/parduotuve\/rock-pop\/bee-gees-\u200e-e\u2022s\u2022p\/","og_locale":"en_GB","og_type":"article","og_title":"Bee Gees \u200e\u2013 E\u2022S\u2022P Vinilin\u0117 Plok\u0161tel\u0117 | Vinilozona.lt","og_description":"Warner Bros. Records \u2013 WX 83, Warner Bros. Records \u2013 925 541-1 Format:  Vinyl, LP, Album, Stereo Country: Europe Released: Oct 1987","og_url":"https:\/\/vinilozona.lt\/en\/parduotuve\/rock-pop\/bee-gees-\u200e-e\u2022s\u2022p\/","og_site_name":"Vinilo Zona","article_modified_time":"2025-06-25T03:56:50+00:00","og_image":[{"width":693,"height":520,"url":"https:\/\/vinilozona.lt\/wp-content\/uploads\/2019\/12\/bee-gees-esp-3-1.jpg","type":"image\/jpeg"}],"twitter_card":"summary_large_image","twitter_misc":{"Estimated reading time":"1 minute"},"schema":{"@context":"https:\/\/schema.org","@graph":[{"@type":"WebPage","@id":"https:\/\/vinilozona.lt\/parduotuve\/rock-pop\/bee-gees-%e2%80%8e-e%e2%80%a2s%e2%80%a2p\/","url":"https:\/\/vinilozona.lt\/parduotuve\/rock-pop\/bee-gees-%e2%80%8e-e%e2%80%a2s%e2%80%a2p\/","name":"Bee Gees \u200e\u2013 E\u2022S\u2022P Vinilin\u0117 Plok\u0161tel\u0117 | Vinilozona.lt","isPartOf":{"@id":"https:\/\/vinilozona.lt\/#website"},"primaryImageOfPage":{"@id":"https:\/\/vinilozona.lt\/parduotuve\/rock-pop\/bee-gees-%e2%80%8e-e%e2%80%a2s%e2%80%a2p\/#primaryimage"},"image":{"@id":"https:\/\/vinilozona.lt\/parduotuve\/rock-pop\/bee-gees-%e2%80%8e-e%e2%80%a2s%e2%80%a2p\/#primaryimage"},"thumbnailUrl":"https:\/\/vinilozona.lt\/wp-content\/uploads\/2019\/12\/bee-gees-esp-3-1.jpg","datePublished":"2025-06-25T02:08:17+00:00","dateModified":"2025-06-25T03:56:50+00:00","breadcrumb":{"@id":"https:\/\/vinilozona.lt\/parduotuve\/rock-pop\/bee-gees-%e2%80%8e-e%e2%80%a2s%e2%80%a2p\/#breadcrumb"},"inLanguage":"en-GB","potentialAction":[{"@type":"ReadAction","target":["https:\/\/vinilozona.lt\/parduotuve\/rock-pop\/bee-gees-%e2%80%8e-e%e2%80%a2s%e2%80%a2p\/"]}]},{"@type":"ImageObject","inLanguage":"en-GB","@id":"https:\/\/vinilozona.lt\/parduotuve\/rock-pop\/bee-gees-%e2%80%8e-e%e2%80%a2s%e2%80%a2p\/#primaryimage","url":"https:\/\/vinilozona.lt\/wp-content\/uploads\/2019\/12\/bee-gees-esp-3-1.jpg","contentUrl":"https:\/\/vinilozona.lt\/wp-content\/uploads\/2019\/12\/bee-gees-esp-3-1.jpg","width":693,"height":520},{"@type":"BreadcrumbList","@id":"https:\/\/vinilozona.lt\/parduotuve\/rock-pop\/bee-gees-%e2%80%8e-e%e2%80%a2s%e2%80%a2p\/#breadcrumb","itemListElement":[{"@type":"ListItem","position":1,"name":"Home","item":"https:\/\/vinilozona.lt\/"},{"@type":"ListItem","position":2,"name":"Parduotuv\u0117","item":"https:\/\/vinilozona.lt\/parduotuve\/"},{"@type":"ListItem","position":3,"name":"Bee Gees \u200e\u2013 E\u2022S\u2022P"}]},{"@type":"WebSite","@id":"https:\/\/vinilozona.lt\/#website","url":"https:\/\/vinilozona.lt\/","name":"Vinilo Zona","description":"Nup\u016bsk dulkes ir klausyk LP","potentialAction":[{"@type":"SearchAction","target":{"@type":"EntryPoint","urlTemplate":"https:\/\/vinilozona.lt\/?s={search_term_string}"},"query-input":{"@type":"PropertyValueSpecification","valueRequired":true,"valueName":"search_term_string"}}],"inLanguage":"en-GB"}]}},"_links":{"self":[{"href":"https:\/\/vinilozona.lt\/en\/wp-json\/wp\/v2\/product\/1440"}],"collection":[{"href":"https:\/\/vinilozona.lt\/en\/wp-json\/wp\/v2\/product"}],"about":[{"href":"https:\/\/vinilozona.lt\/en\/wp-json\/wp\/v2\/types\/product"}],"wp:featuredmedia":[{"embeddable":true,"href":"https:\/\/vinilozona.lt\/en\/wp-json\/wp\/v2\/media\/1441"}],"wp:attachment":[{"href":"https:\/\/vinilozona.lt\/en\/wp-json\/wp\/v2\/media?parent=1440"}],"wp:term":[{"taxonomy":"product_cat","embeddable":true,"href":"https:\/\/vinilozona.lt\/en\/wp-json\/wp\/v2\/product_cat?post=1440"},{"taxonomy":"product_tag","embeddable":true,"href":"https:\/\/vinilozona.lt\/en\/wp-json\/wp\/v2\/product_tag?post=1440"}],"curies":[{"name":"wp","href":"https:\/\/api.w.org\/{rel}","templated":true}]}}