{"id":14383,"date":"2023-06-08T05:04:41","date_gmt":"2023-06-08T02:04:41","guid":{"rendered":"https:\/\/vinilozona.lt\/?post_type=product&#038;p=14383"},"modified":"2023-06-22T08:57:06","modified_gmt":"2023-06-22T05:57:06","slug":"dio-%e2%80%8e-live-in-london-hammersmith-apollo-1993","status":"publish","type":"product","link":"https:\/\/vinilozona.lt\/en\/parduotuve\/naujos-lp\/dio-%e2%80%8e-live-in-london-hammersmith-apollo-1993\/","title":{"rendered":"Dio  \u200e\u2013 Live In London: Hammersmith Apollo 1993"},"content":{"rendered":"<p>A1\tStand Up And Shout<br \/>\nA2\tStrange Highways<br \/>\nA3\tDon&#8217;t Talk To Strangers<br \/>\nA4\tEvilution<br \/>\nB1\tPain<br \/>\nB2\tThe Mob Rules<br \/>\nB3\tChildren Of The Sea<br \/>\nB4\tHoly Diver<br \/>\nB5\tHeaven And Hell<br \/>\nC1\tMan On The Silver Mountain<br \/>\nC2\tDrum Solo<br \/>\nC3\tHeaven And Hell (Reprise)<br \/>\nC4\tJesus Mary And The Holy Ghost<br \/>\nC5\tHollywood Black<br \/>\nD1\tThe Last In Line<br \/>\nD2\tRainbow In The Dark<br \/>\nD3\tWe Rock<br \/>\nD4\tHere&#8217;s To You<\/p>","protected":false},"excerpt":{"rendered":"<p>Ear Music \u200e\u2013 0213371EMX, Ear Music Classics \u200e\u2013 0213371EMX, Eagle Rock Entertainment \u200e\u2013 0213371EMX<br \/>\nFormat:<br \/>\n2 \u00d7 Vinyl, LP, Album,<\/p>","protected":false},"featured_media":14384,"template":"","meta":[],"product_cat":[23],"product_tag":[74],"yoast_head":"<!-- This site is optimized with the Yoast SEO plugin v23.5 - https:\/\/yoast.com\/wordpress\/plugins\/seo\/ -->\n<title>Dio \u200e\u2013 Live In London: Hammersmith Apollo 1993 Vinilin\u0117 Plok\u0161tel\u0117 | Vinilozona.lt<\/title>\n<meta name=\"robots\" content=\"index, follow, max-snippet:-1, max-image-preview:large, max-video-preview:-1\" \/>\n<link rel=\"canonical\" href=\"https:\/\/vinilozona.lt\/en\/parduotuve\/naujos-lp\/dio-\u200e-live-in-london-hammersmith-apollo-1993\/\" \/>\n<meta property=\"og:locale\" content=\"en_GB\" \/>\n<meta property=\"og:type\" content=\"article\" \/>\n<meta property=\"og:title\" content=\"Dio \u200e\u2013 Live In London: Hammersmith Apollo 1993 Vinilin\u0117 Plok\u0161tel\u0117 | Vinilozona.lt\" \/>\n<meta property=\"og:description\" content=\"Ear Music \u200e\u2013 0213371EMX, Ear Music Classics \u200e\u2013 0213371EMX, Eagle Rock Entertainment \u200e\u2013 0213371EMX Format: 2 \u00d7 Vinyl, LP, Album,\" \/>\n<meta property=\"og:url\" content=\"https:\/\/vinilozona.lt\/en\/parduotuve\/naujos-lp\/dio-\u200e-live-in-london-hammersmith-apollo-1993\/\" \/>\n<meta property=\"og:site_name\" content=\"Vinilo Zona\" \/>\n<meta property=\"article:modified_time\" content=\"2023-06-22T05:57:06+00:00\" \/>\n<meta property=\"og:image\" content=\"https:\/\/vinilozona.lt\/wp-content\/uploads\/2021\/03\/R-13188394-1566431352-3469.jpeg.jpg\" \/>\n\t<meta property=\"og:image:width\" content=\"600\" \/>\n\t<meta property=\"og:image:height\" content=\"591\" \/>\n\t<meta property=\"og:image:type\" content=\"image\/jpeg\" \/>\n<meta name=\"twitter:card\" content=\"summary_large_image\" \/>\n<script type=\"application\/ld+json\" class=\"yoast-schema-graph\">{\"@context\":\"https:\/\/schema.org\",\"@graph\":[{\"@type\":\"WebPage\",\"@id\":\"https:\/\/vinilozona.lt\/parduotuve\/naujos-lp\/dio-%e2%80%8e-live-in-london-hammersmith-apollo-1993\/\",\"url\":\"https:\/\/vinilozona.lt\/parduotuve\/naujos-lp\/dio-%e2%80%8e-live-in-london-hammersmith-apollo-1993\/\",\"name\":\"Dio \u200e\u2013 Live In London: Hammersmith Apollo 1993 Vinilin\u0117 Plok\u0161tel\u0117 | Vinilozona.lt\",\"isPartOf\":{\"@id\":\"https:\/\/vinilozona.lt\/#website\"},\"primaryImageOfPage\":{\"@id\":\"https:\/\/vinilozona.lt\/parduotuve\/naujos-lp\/dio-%e2%80%8e-live-in-london-hammersmith-apollo-1993\/#primaryimage\"},\"image\":{\"@id\":\"https:\/\/vinilozona.lt\/parduotuve\/naujos-lp\/dio-%e2%80%8e-live-in-london-hammersmith-apollo-1993\/#primaryimage\"},\"thumbnailUrl\":\"https:\/\/vinilozona.lt\/wp-content\/uploads\/2021\/03\/R-13188394-1566431352-3469.jpeg.jpg\",\"datePublished\":\"2023-06-08T02:04:41+00:00\",\"dateModified\":\"2023-06-22T05:57:06+00:00\",\"breadcrumb\":{\"@id\":\"https:\/\/vinilozona.lt\/parduotuve\/naujos-lp\/dio-%e2%80%8e-live-in-london-hammersmith-apollo-1993\/#breadcrumb\"},\"inLanguage\":\"en-GB\",\"potentialAction\":[{\"@type\":\"ReadAction\",\"target\":[\"https:\/\/vinilozona.lt\/parduotuve\/naujos-lp\/dio-%e2%80%8e-live-in-london-hammersmith-apollo-1993\/\"]}]},{\"@type\":\"ImageObject\",\"inLanguage\":\"en-GB\",\"@id\":\"https:\/\/vinilozona.lt\/parduotuve\/naujos-lp\/dio-%e2%80%8e-live-in-london-hammersmith-apollo-1993\/#primaryimage\",\"url\":\"https:\/\/vinilozona.lt\/wp-content\/uploads\/2021\/03\/R-13188394-1566431352-3469.jpeg.jpg\",\"contentUrl\":\"https:\/\/vinilozona.lt\/wp-content\/uploads\/2021\/03\/R-13188394-1566431352-3469.jpeg.jpg\",\"width\":600,\"height\":591},{\"@type\":\"BreadcrumbList\",\"@id\":\"https:\/\/vinilozona.lt\/parduotuve\/naujos-lp\/dio-%e2%80%8e-live-in-london-hammersmith-apollo-1993\/#breadcrumb\",\"itemListElement\":[{\"@type\":\"ListItem\",\"position\":1,\"name\":\"Home\",\"item\":\"https:\/\/vinilozona.lt\/\"},{\"@type\":\"ListItem\",\"position\":2,\"name\":\"Parduotuv\u0117\",\"item\":\"https:\/\/vinilozona.lt\/parduotuve\/\"},{\"@type\":\"ListItem\",\"position\":3,\"name\":\"Dio \u200e\u2013 Live In London: Hammersmith Apollo 1993\"}]},{\"@type\":\"WebSite\",\"@id\":\"https:\/\/vinilozona.lt\/#website\",\"url\":\"https:\/\/vinilozona.lt\/\",\"name\":\"Vinilo Zona\",\"description\":\"Nup\u016bsk dulkes ir klausyk LP\",\"potentialAction\":[{\"@type\":\"SearchAction\",\"target\":{\"@type\":\"EntryPoint\",\"urlTemplate\":\"https:\/\/vinilozona.lt\/?s={search_term_string}\"},\"query-input\":{\"@type\":\"PropertyValueSpecification\",\"valueRequired\":true,\"valueName\":\"search_term_string\"}}],\"inLanguage\":\"en-GB\"}]}<\/script>\n<!-- \/ Yoast SEO plugin. -->","yoast_head_json":{"title":"Dio \u200e\u2013 Live In London: Hammersmith Apollo 1993 Vinilin\u0117 Plok\u0161tel\u0117 | Vinilozona.lt","robots":{"index":"index","follow":"follow","max-snippet":"max-snippet:-1","max-image-preview":"max-image-preview:large","max-video-preview":"max-video-preview:-1"},"canonical":"https:\/\/vinilozona.lt\/en\/parduotuve\/naujos-lp\/dio-\u200e-live-in-london-hammersmith-apollo-1993\/","og_locale":"en_GB","og_type":"article","og_title":"Dio \u200e\u2013 Live In London: Hammersmith Apollo 1993 Vinilin\u0117 Plok\u0161tel\u0117 | Vinilozona.lt","og_description":"Ear Music \u200e\u2013 0213371EMX, Ear Music Classics \u200e\u2013 0213371EMX, Eagle Rock Entertainment \u200e\u2013 0213371EMX Format: 2 \u00d7 Vinyl, LP, Album,","og_url":"https:\/\/vinilozona.lt\/en\/parduotuve\/naujos-lp\/dio-\u200e-live-in-london-hammersmith-apollo-1993\/","og_site_name":"Vinilo Zona","article_modified_time":"2023-06-22T05:57:06+00:00","og_image":[{"width":600,"height":591,"url":"https:\/\/vinilozona.lt\/wp-content\/uploads\/2021\/03\/R-13188394-1566431352-3469.jpeg.jpg","type":"image\/jpeg"}],"twitter_card":"summary_large_image","schema":{"@context":"https:\/\/schema.org","@graph":[{"@type":"WebPage","@id":"https:\/\/vinilozona.lt\/parduotuve\/naujos-lp\/dio-%e2%80%8e-live-in-london-hammersmith-apollo-1993\/","url":"https:\/\/vinilozona.lt\/parduotuve\/naujos-lp\/dio-%e2%80%8e-live-in-london-hammersmith-apollo-1993\/","name":"Dio \u200e\u2013 Live In London: Hammersmith Apollo 1993 Vinilin\u0117 Plok\u0161tel\u0117 | Vinilozona.lt","isPartOf":{"@id":"https:\/\/vinilozona.lt\/#website"},"primaryImageOfPage":{"@id":"https:\/\/vinilozona.lt\/parduotuve\/naujos-lp\/dio-%e2%80%8e-live-in-london-hammersmith-apollo-1993\/#primaryimage"},"image":{"@id":"https:\/\/vinilozona.lt\/parduotuve\/naujos-lp\/dio-%e2%80%8e-live-in-london-hammersmith-apollo-1993\/#primaryimage"},"thumbnailUrl":"https:\/\/vinilozona.lt\/wp-content\/uploads\/2021\/03\/R-13188394-1566431352-3469.jpeg.jpg","datePublished":"2023-06-08T02:04:41+00:00","dateModified":"2023-06-22T05:57:06+00:00","breadcrumb":{"@id":"https:\/\/vinilozona.lt\/parduotuve\/naujos-lp\/dio-%e2%80%8e-live-in-london-hammersmith-apollo-1993\/#breadcrumb"},"inLanguage":"en-GB","potentialAction":[{"@type":"ReadAction","target":["https:\/\/vinilozona.lt\/parduotuve\/naujos-lp\/dio-%e2%80%8e-live-in-london-hammersmith-apollo-1993\/"]}]},{"@type":"ImageObject","inLanguage":"en-GB","@id":"https:\/\/vinilozona.lt\/parduotuve\/naujos-lp\/dio-%e2%80%8e-live-in-london-hammersmith-apollo-1993\/#primaryimage","url":"https:\/\/vinilozona.lt\/wp-content\/uploads\/2021\/03\/R-13188394-1566431352-3469.jpeg.jpg","contentUrl":"https:\/\/vinilozona.lt\/wp-content\/uploads\/2021\/03\/R-13188394-1566431352-3469.jpeg.jpg","width":600,"height":591},{"@type":"BreadcrumbList","@id":"https:\/\/vinilozona.lt\/parduotuve\/naujos-lp\/dio-%e2%80%8e-live-in-london-hammersmith-apollo-1993\/#breadcrumb","itemListElement":[{"@type":"ListItem","position":1,"name":"Home","item":"https:\/\/vinilozona.lt\/"},{"@type":"ListItem","position":2,"name":"Parduotuv\u0117","item":"https:\/\/vinilozona.lt\/parduotuve\/"},{"@type":"ListItem","position":3,"name":"Dio \u200e\u2013 Live In London: Hammersmith Apollo 1993"}]},{"@type":"WebSite","@id":"https:\/\/vinilozona.lt\/#website","url":"https:\/\/vinilozona.lt\/","name":"Vinilo Zona","description":"Nup\u016bsk dulkes ir klausyk LP","potentialAction":[{"@type":"SearchAction","target":{"@type":"EntryPoint","urlTemplate":"https:\/\/vinilozona.lt\/?s={search_term_string}"},"query-input":{"@type":"PropertyValueSpecification","valueRequired":true,"valueName":"search_term_string"}}],"inLanguage":"en-GB"}]}},"_links":{"self":[{"href":"https:\/\/vinilozona.lt\/en\/wp-json\/wp\/v2\/product\/14383"}],"collection":[{"href":"https:\/\/vinilozona.lt\/en\/wp-json\/wp\/v2\/product"}],"about":[{"href":"https:\/\/vinilozona.lt\/en\/wp-json\/wp\/v2\/types\/product"}],"wp:featuredmedia":[{"embeddable":true,"href":"https:\/\/vinilozona.lt\/en\/wp-json\/wp\/v2\/media\/14384"}],"wp:attachment":[{"href":"https:\/\/vinilozona.lt\/en\/wp-json\/wp\/v2\/media?parent=14383"}],"wp:term":[{"taxonomy":"product_cat","embeddable":true,"href":"https:\/\/vinilozona.lt\/en\/wp-json\/wp\/v2\/product_cat?post=14383"},{"taxonomy":"product_tag","embeddable":true,"href":"https:\/\/vinilozona.lt\/en\/wp-json\/wp\/v2\/product_tag?post=14383"}],"curies":[{"name":"wp","href":"https:\/\/api.w.org\/{rel}","templated":true}]}}