{"id":14345,"date":"2026-01-10T05:20:32","date_gmt":"2026-01-10T03:20:32","guid":{"rendered":"https:\/\/vinilozona.lt\/?post_type=product&#038;p=14345"},"modified":"2026-01-09T11:40:41","modified_gmt":"2026-01-09T09:40:41","slug":"andrew-lloyd-webber-and-tim-rice-%e2%80%8e-evita","status":"publish","type":"product","link":"https:\/\/vinilozona.lt\/en\/parduotuve\/rock-pop\/andrew-lloyd-webber-and-tim-rice-%e2%80%8e-evita\/","title":{"rendered":"Andrew Lloyd Webber And Tim Rice \u200e\u2013 Evita 2LP"},"content":{"rendered":"<p>A1\tA Cinema In Bueno Aires, 26 July 1952<br \/>\nA2\tRequiem For Evita<br \/>\nA3\tOh What A Circus<br \/>\nA4\tOn This Night Of A Thousand Stars<br \/>\nA5\tEva And Magaldi \/ Eva Beware Of The City<br \/>\nA6\tBuenos Aires<br \/>\nA7\tGoodnight And Thank You<br \/>\nB1\tThe Art Of The Possible<br \/>\nB2\tCharity Concert<br \/>\nB3\tI&#8217;d Be Surprisingly Good For You<br \/>\nB4\tAnother Suitcase In Another Hall<br \/>\nB5\tPeron&#8217;s Latest Flame<br \/>\nB6\tA New Argentina<br \/>\nC1\tOn The Balcony Of The Casa Rosada 1<br \/>\nC2\tDon&#8217;t Cry For Me Argentina<br \/>\nC3\tHigh Flying, Adored<br \/>\nC4\tRainbow High<br \/>\nC5\tRainbow Tour<br \/>\nC6\tThe Actress Hasn&#8217;t Learned The Lines (You&#8217;d Like To Hear)<br \/>\nC7\tAnd The Money Kept Rolling In (And Out)<br \/>\nD1\tSanta Evita<br \/>\nD2\tWaltz For Eva And Che<br \/>\nD3\tShe&#8217;s A Diamond<br \/>\nD4\tDice Are Rolling<br \/>\nD5\tEva&#8217;s Final Broadcast<br \/>\nD6\tMontage<br \/>\nD7\tLament<\/p>","protected":false},"excerpt":{"rendered":"<p>MCA Records \u200e\u2013 MCA2-11003<br \/>\nFormat:<br \/>\n2 \u00d7 Vinyl, LP, Album<br \/>\nCountry:<br \/>\nEU<\/p>","protected":false},"featured_media":14346,"template":"","meta":[],"product_cat":[15],"product_tag":[55],"yoast_head":"<!-- This site is optimized with the Yoast SEO plugin v23.5 - https:\/\/yoast.com\/wordpress\/plugins\/seo\/ -->\n<title>Andrew Lloyd Webber And Tim Rice \u200e\u2013 Evita 2LP Vinilin\u0117 Plok\u0161tel\u0117 | Vinilozona.lt<\/title>\n<meta name=\"robots\" content=\"index, follow, max-snippet:-1, max-image-preview:large, max-video-preview:-1\" \/>\n<link rel=\"canonical\" href=\"https:\/\/vinilozona.lt\/en\/parduotuve\/rock-pop\/andrew-lloyd-webber-and-tim-rice-\u200e-evita\/\" \/>\n<meta property=\"og:locale\" content=\"en_GB\" \/>\n<meta property=\"og:type\" content=\"article\" \/>\n<meta property=\"og:title\" content=\"Andrew Lloyd Webber And Tim Rice \u200e\u2013 Evita 2LP Vinilin\u0117 Plok\u0161tel\u0117 | Vinilozona.lt\" \/>\n<meta property=\"og:description\" content=\"MCA Records \u200e\u2013 MCA2-11003 Format: 2 \u00d7 Vinyl, LP, Album Country: EU\" \/>\n<meta property=\"og:url\" content=\"https:\/\/vinilozona.lt\/en\/parduotuve\/rock-pop\/andrew-lloyd-webber-and-tim-rice-\u200e-evita\/\" \/>\n<meta property=\"og:site_name\" content=\"Vinilo Zona\" \/>\n<meta property=\"article:modified_time\" content=\"2026-01-09T09:40:41+00:00\" \/>\n<meta property=\"og:image\" content=\"https:\/\/vinilozona.lt\/wp-content\/uploads\/2021\/03\/R-2587473-1417729863-8824.jpeg.jpg\" \/>\n\t<meta property=\"og:image:width\" content=\"600\" \/>\n\t<meta property=\"og:image:height\" content=\"597\" \/>\n\t<meta property=\"og:image:type\" content=\"image\/jpeg\" \/>\n<meta name=\"twitter:card\" content=\"summary_large_image\" \/>\n<meta name=\"twitter:label1\" content=\"Estimated reading time\" \/>\n\t<meta name=\"twitter:data1\" content=\"1 minute\" \/>\n<script type=\"application\/ld+json\" class=\"yoast-schema-graph\">{\"@context\":\"https:\/\/schema.org\",\"@graph\":[{\"@type\":\"WebPage\",\"@id\":\"https:\/\/vinilozona.lt\/parduotuve\/rock-pop\/andrew-lloyd-webber-and-tim-rice-%e2%80%8e-evita\/\",\"url\":\"https:\/\/vinilozona.lt\/parduotuve\/rock-pop\/andrew-lloyd-webber-and-tim-rice-%e2%80%8e-evita\/\",\"name\":\"Andrew Lloyd Webber And Tim Rice \u200e\u2013 Evita 2LP Vinilin\u0117 Plok\u0161tel\u0117 | Vinilozona.lt\",\"isPartOf\":{\"@id\":\"https:\/\/vinilozona.lt\/#website\"},\"primaryImageOfPage\":{\"@id\":\"https:\/\/vinilozona.lt\/parduotuve\/rock-pop\/andrew-lloyd-webber-and-tim-rice-%e2%80%8e-evita\/#primaryimage\"},\"image\":{\"@id\":\"https:\/\/vinilozona.lt\/parduotuve\/rock-pop\/andrew-lloyd-webber-and-tim-rice-%e2%80%8e-evita\/#primaryimage\"},\"thumbnailUrl\":\"https:\/\/vinilozona.lt\/wp-content\/uploads\/2021\/03\/R-2587473-1417729863-8824.jpeg.jpg\",\"datePublished\":\"2026-01-10T03:20:32+00:00\",\"dateModified\":\"2026-01-09T09:40:41+00:00\",\"breadcrumb\":{\"@id\":\"https:\/\/vinilozona.lt\/parduotuve\/rock-pop\/andrew-lloyd-webber-and-tim-rice-%e2%80%8e-evita\/#breadcrumb\"},\"inLanguage\":\"en-GB\",\"potentialAction\":[{\"@type\":\"ReadAction\",\"target\":[\"https:\/\/vinilozona.lt\/parduotuve\/rock-pop\/andrew-lloyd-webber-and-tim-rice-%e2%80%8e-evita\/\"]}]},{\"@type\":\"ImageObject\",\"inLanguage\":\"en-GB\",\"@id\":\"https:\/\/vinilozona.lt\/parduotuve\/rock-pop\/andrew-lloyd-webber-and-tim-rice-%e2%80%8e-evita\/#primaryimage\",\"url\":\"https:\/\/vinilozona.lt\/wp-content\/uploads\/2021\/03\/R-2587473-1417729863-8824.jpeg.jpg\",\"contentUrl\":\"https:\/\/vinilozona.lt\/wp-content\/uploads\/2021\/03\/R-2587473-1417729863-8824.jpeg.jpg\",\"width\":600,\"height\":597},{\"@type\":\"BreadcrumbList\",\"@id\":\"https:\/\/vinilozona.lt\/parduotuve\/rock-pop\/andrew-lloyd-webber-and-tim-rice-%e2%80%8e-evita\/#breadcrumb\",\"itemListElement\":[{\"@type\":\"ListItem\",\"position\":1,\"name\":\"Home\",\"item\":\"https:\/\/vinilozona.lt\/\"},{\"@type\":\"ListItem\",\"position\":2,\"name\":\"Parduotuv\u0117\",\"item\":\"https:\/\/vinilozona.lt\/parduotuve\/\"},{\"@type\":\"ListItem\",\"position\":3,\"name\":\"Andrew Lloyd Webber And Tim Rice \u200e\u2013 Evita 2LP\"}]},{\"@type\":\"WebSite\",\"@id\":\"https:\/\/vinilozona.lt\/#website\",\"url\":\"https:\/\/vinilozona.lt\/\",\"name\":\"Vinilo Zona\",\"description\":\"Nup\u016bsk dulkes ir klausyk LP\",\"potentialAction\":[{\"@type\":\"SearchAction\",\"target\":{\"@type\":\"EntryPoint\",\"urlTemplate\":\"https:\/\/vinilozona.lt\/?s={search_term_string}\"},\"query-input\":{\"@type\":\"PropertyValueSpecification\",\"valueRequired\":true,\"valueName\":\"search_term_string\"}}],\"inLanguage\":\"en-GB\"}]}<\/script>\n<!-- \/ Yoast SEO plugin. -->","yoast_head_json":{"title":"Andrew Lloyd Webber And Tim Rice \u200e\u2013 Evita 2LP Vinilin\u0117 Plok\u0161tel\u0117 | Vinilozona.lt","robots":{"index":"index","follow":"follow","max-snippet":"max-snippet:-1","max-image-preview":"max-image-preview:large","max-video-preview":"max-video-preview:-1"},"canonical":"https:\/\/vinilozona.lt\/en\/parduotuve\/rock-pop\/andrew-lloyd-webber-and-tim-rice-\u200e-evita\/","og_locale":"en_GB","og_type":"article","og_title":"Andrew Lloyd Webber And Tim Rice \u200e\u2013 Evita 2LP Vinilin\u0117 Plok\u0161tel\u0117 | Vinilozona.lt","og_description":"MCA Records \u200e\u2013 MCA2-11003 Format: 2 \u00d7 Vinyl, LP, Album Country: EU","og_url":"https:\/\/vinilozona.lt\/en\/parduotuve\/rock-pop\/andrew-lloyd-webber-and-tim-rice-\u200e-evita\/","og_site_name":"Vinilo Zona","article_modified_time":"2026-01-09T09:40:41+00:00","og_image":[{"width":600,"height":597,"url":"https:\/\/vinilozona.lt\/wp-content\/uploads\/2021\/03\/R-2587473-1417729863-8824.jpeg.jpg","type":"image\/jpeg"}],"twitter_card":"summary_large_image","twitter_misc":{"Estimated reading time":"1 minute"},"schema":{"@context":"https:\/\/schema.org","@graph":[{"@type":"WebPage","@id":"https:\/\/vinilozona.lt\/parduotuve\/rock-pop\/andrew-lloyd-webber-and-tim-rice-%e2%80%8e-evita\/","url":"https:\/\/vinilozona.lt\/parduotuve\/rock-pop\/andrew-lloyd-webber-and-tim-rice-%e2%80%8e-evita\/","name":"Andrew Lloyd Webber And Tim Rice \u200e\u2013 Evita 2LP Vinilin\u0117 Plok\u0161tel\u0117 | Vinilozona.lt","isPartOf":{"@id":"https:\/\/vinilozona.lt\/#website"},"primaryImageOfPage":{"@id":"https:\/\/vinilozona.lt\/parduotuve\/rock-pop\/andrew-lloyd-webber-and-tim-rice-%e2%80%8e-evita\/#primaryimage"},"image":{"@id":"https:\/\/vinilozona.lt\/parduotuve\/rock-pop\/andrew-lloyd-webber-and-tim-rice-%e2%80%8e-evita\/#primaryimage"},"thumbnailUrl":"https:\/\/vinilozona.lt\/wp-content\/uploads\/2021\/03\/R-2587473-1417729863-8824.jpeg.jpg","datePublished":"2026-01-10T03:20:32+00:00","dateModified":"2026-01-09T09:40:41+00:00","breadcrumb":{"@id":"https:\/\/vinilozona.lt\/parduotuve\/rock-pop\/andrew-lloyd-webber-and-tim-rice-%e2%80%8e-evita\/#breadcrumb"},"inLanguage":"en-GB","potentialAction":[{"@type":"ReadAction","target":["https:\/\/vinilozona.lt\/parduotuve\/rock-pop\/andrew-lloyd-webber-and-tim-rice-%e2%80%8e-evita\/"]}]},{"@type":"ImageObject","inLanguage":"en-GB","@id":"https:\/\/vinilozona.lt\/parduotuve\/rock-pop\/andrew-lloyd-webber-and-tim-rice-%e2%80%8e-evita\/#primaryimage","url":"https:\/\/vinilozona.lt\/wp-content\/uploads\/2021\/03\/R-2587473-1417729863-8824.jpeg.jpg","contentUrl":"https:\/\/vinilozona.lt\/wp-content\/uploads\/2021\/03\/R-2587473-1417729863-8824.jpeg.jpg","width":600,"height":597},{"@type":"BreadcrumbList","@id":"https:\/\/vinilozona.lt\/parduotuve\/rock-pop\/andrew-lloyd-webber-and-tim-rice-%e2%80%8e-evita\/#breadcrumb","itemListElement":[{"@type":"ListItem","position":1,"name":"Home","item":"https:\/\/vinilozona.lt\/"},{"@type":"ListItem","position":2,"name":"Parduotuv\u0117","item":"https:\/\/vinilozona.lt\/parduotuve\/"},{"@type":"ListItem","position":3,"name":"Andrew Lloyd Webber And Tim Rice \u200e\u2013 Evita 2LP"}]},{"@type":"WebSite","@id":"https:\/\/vinilozona.lt\/#website","url":"https:\/\/vinilozona.lt\/","name":"Vinilo Zona","description":"Nup\u016bsk dulkes ir klausyk LP","potentialAction":[{"@type":"SearchAction","target":{"@type":"EntryPoint","urlTemplate":"https:\/\/vinilozona.lt\/?s={search_term_string}"},"query-input":{"@type":"PropertyValueSpecification","valueRequired":true,"valueName":"search_term_string"}}],"inLanguage":"en-GB"}]}},"_links":{"self":[{"href":"https:\/\/vinilozona.lt\/en\/wp-json\/wp\/v2\/product\/14345"}],"collection":[{"href":"https:\/\/vinilozona.lt\/en\/wp-json\/wp\/v2\/product"}],"about":[{"href":"https:\/\/vinilozona.lt\/en\/wp-json\/wp\/v2\/types\/product"}],"wp:featuredmedia":[{"embeddable":true,"href":"https:\/\/vinilozona.lt\/en\/wp-json\/wp\/v2\/media\/14346"}],"wp:attachment":[{"href":"https:\/\/vinilozona.lt\/en\/wp-json\/wp\/v2\/media?parent=14345"}],"wp:term":[{"taxonomy":"product_cat","embeddable":true,"href":"https:\/\/vinilozona.lt\/en\/wp-json\/wp\/v2\/product_cat?post=14345"},{"taxonomy":"product_tag","embeddable":true,"href":"https:\/\/vinilozona.lt\/en\/wp-json\/wp\/v2\/product_tag?post=14345"}],"curies":[{"name":"wp","href":"https:\/\/api.w.org\/{rel}","templated":true}]}}