{"id":14343,"date":"2021-03-03T12:08:30","date_gmt":"2021-03-03T10:08:30","guid":{"rendered":"https:\/\/vinilozona.lt\/?post_type=product&#038;p=14343"},"modified":"2021-10-24T15:26:55","modified_gmt":"2021-10-24T12:26:55","slug":"pink-floyd-%e2%80%8e-atom-heart-mother","status":"publish","type":"product","link":"https:\/\/vinilozona.lt\/en\/parduotuve\/rock-pop\/pink-floyd-%e2%80%8e-atom-heart-mother\/","title":{"rendered":"Pink Floyd \u200e\u2013 Atom Heart Mother"},"content":{"rendered":"<p>\tAtom Heart Mother<br \/>\nA.a\tFather&#8217;s Shout<br \/>\nA.b\tBreast Milky<br \/>\nA.c\tMother Fore<br \/>\nA.d\tFunky Dung<br \/>\nA.e\tMind Your Throats Please<br \/>\nA.f\tRemergence<br \/>\nB1\tIf<br \/>\nB2\tSummer &#8217;68<br \/>\nB3\tFat Old Sun<\/p>\n<p>Alan&#8217;s Psychedelic Breakfast<br \/>\nB4.a\tRise And Shine<br \/>\nB4.b\tSunny Side Up<br \/>\nB4.c\tMorning Glory<\/p>","protected":false},"excerpt":{"rendered":"<p>Harvest \u200e\u2013 SHVL 781<br \/>\nFormat: Vinyl, LP, Album, Reissue, 2nd issue, gatefold<\/p>\n<p>Matrix \/ Runout (Side A runout, variant 1): SHVL 781 A-4 RD 2<br \/>\nMatrix \/ Runout (Side B runout, variant 1): SHVL 781 B-3 AO 1<\/p>","protected":false},"featured_media":14344,"template":"","meta":[],"product_cat":[15],"product_tag":[44],"yoast_head":"<!-- This site is optimized with the Yoast SEO plugin v23.5 - https:\/\/yoast.com\/wordpress\/plugins\/seo\/ -->\n<title>Pink Floyd \u200e\u2013 Atom Heart Mother Vinilin\u0117 Plok\u0161tel\u0117 | Vinilozona.lt<\/title>\n<meta name=\"robots\" content=\"index, follow, max-snippet:-1, max-image-preview:large, max-video-preview:-1\" \/>\n<link rel=\"canonical\" href=\"https:\/\/vinilozona.lt\/en\/parduotuve\/rock-pop\/pink-floyd-\u200e-atom-heart-mother\/\" \/>\n<meta property=\"og:locale\" content=\"en_GB\" \/>\n<meta property=\"og:type\" content=\"article\" \/>\n<meta property=\"og:title\" content=\"Pink Floyd \u200e\u2013 Atom Heart Mother Vinilin\u0117 Plok\u0161tel\u0117 | Vinilozona.lt\" \/>\n<meta property=\"og:description\" content=\"Harvest \u200e\u2013 SHVL 781 Format: Vinyl, LP, Album, Reissue, 2nd issue, gatefold  Matrix \/ Runout (Side A runout, variant 1): SHVL 781 A-4 RD 2 Matrix \/ Runout (Side B runout, variant 1): SHVL 781 B-3 AO 1\" \/>\n<meta property=\"og:url\" content=\"https:\/\/vinilozona.lt\/en\/parduotuve\/rock-pop\/pink-floyd-\u200e-atom-heart-mother\/\" \/>\n<meta property=\"og:site_name\" content=\"Vinilo Zona\" \/>\n<meta property=\"article:modified_time\" content=\"2021-10-24T12:26:55+00:00\" \/>\n<meta property=\"og:image\" content=\"https:\/\/vinilozona.lt\/wp-content\/uploads\/2021\/03\/R-372780-1202031790.jpeg.jpg\" \/>\n\t<meta property=\"og:image:width\" content=\"598\" \/>\n\t<meta property=\"og:image:height\" content=\"596\" \/>\n\t<meta property=\"og:image:type\" content=\"image\/jpeg\" \/>\n<meta name=\"twitter:card\" content=\"summary_large_image\" \/>\n<script type=\"application\/ld+json\" class=\"yoast-schema-graph\">{\"@context\":\"https:\/\/schema.org\",\"@graph\":[{\"@type\":\"WebPage\",\"@id\":\"https:\/\/vinilozona.lt\/parduotuve\/rock-pop\/pink-floyd-%e2%80%8e-atom-heart-mother\/\",\"url\":\"https:\/\/vinilozona.lt\/parduotuve\/rock-pop\/pink-floyd-%e2%80%8e-atom-heart-mother\/\",\"name\":\"Pink Floyd \u200e\u2013 Atom Heart Mother Vinilin\u0117 Plok\u0161tel\u0117 | Vinilozona.lt\",\"isPartOf\":{\"@id\":\"https:\/\/vinilozona.lt\/#website\"},\"primaryImageOfPage\":{\"@id\":\"https:\/\/vinilozona.lt\/parduotuve\/rock-pop\/pink-floyd-%e2%80%8e-atom-heart-mother\/#primaryimage\"},\"image\":{\"@id\":\"https:\/\/vinilozona.lt\/parduotuve\/rock-pop\/pink-floyd-%e2%80%8e-atom-heart-mother\/#primaryimage\"},\"thumbnailUrl\":\"https:\/\/vinilozona.lt\/wp-content\/uploads\/2021\/03\/R-372780-1202031790.jpeg.jpg\",\"datePublished\":\"2021-03-03T10:08:30+00:00\",\"dateModified\":\"2021-10-24T12:26:55+00:00\",\"breadcrumb\":{\"@id\":\"https:\/\/vinilozona.lt\/parduotuve\/rock-pop\/pink-floyd-%e2%80%8e-atom-heart-mother\/#breadcrumb\"},\"inLanguage\":\"en-GB\",\"potentialAction\":[{\"@type\":\"ReadAction\",\"target\":[\"https:\/\/vinilozona.lt\/parduotuve\/rock-pop\/pink-floyd-%e2%80%8e-atom-heart-mother\/\"]}]},{\"@type\":\"ImageObject\",\"inLanguage\":\"en-GB\",\"@id\":\"https:\/\/vinilozona.lt\/parduotuve\/rock-pop\/pink-floyd-%e2%80%8e-atom-heart-mother\/#primaryimage\",\"url\":\"https:\/\/vinilozona.lt\/wp-content\/uploads\/2021\/03\/R-372780-1202031790.jpeg.jpg\",\"contentUrl\":\"https:\/\/vinilozona.lt\/wp-content\/uploads\/2021\/03\/R-372780-1202031790.jpeg.jpg\",\"width\":598,\"height\":596},{\"@type\":\"BreadcrumbList\",\"@id\":\"https:\/\/vinilozona.lt\/parduotuve\/rock-pop\/pink-floyd-%e2%80%8e-atom-heart-mother\/#breadcrumb\",\"itemListElement\":[{\"@type\":\"ListItem\",\"position\":1,\"name\":\"Home\",\"item\":\"https:\/\/vinilozona.lt\/\"},{\"@type\":\"ListItem\",\"position\":2,\"name\":\"Parduotuv\u0117\",\"item\":\"https:\/\/vinilozona.lt\/parduotuve\/\"},{\"@type\":\"ListItem\",\"position\":3,\"name\":\"Pink Floyd \u200e\u2013 Atom Heart Mother\"}]},{\"@type\":\"WebSite\",\"@id\":\"https:\/\/vinilozona.lt\/#website\",\"url\":\"https:\/\/vinilozona.lt\/\",\"name\":\"Vinilo Zona\",\"description\":\"Nup\u016bsk dulkes ir klausyk LP\",\"potentialAction\":[{\"@type\":\"SearchAction\",\"target\":{\"@type\":\"EntryPoint\",\"urlTemplate\":\"https:\/\/vinilozona.lt\/?s={search_term_string}\"},\"query-input\":{\"@type\":\"PropertyValueSpecification\",\"valueRequired\":true,\"valueName\":\"search_term_string\"}}],\"inLanguage\":\"en-GB\"}]}<\/script>\n<!-- \/ Yoast SEO plugin. -->","yoast_head_json":{"title":"Pink Floyd \u200e\u2013 Atom Heart Mother Vinilin\u0117 Plok\u0161tel\u0117 | Vinilozona.lt","robots":{"index":"index","follow":"follow","max-snippet":"max-snippet:-1","max-image-preview":"max-image-preview:large","max-video-preview":"max-video-preview:-1"},"canonical":"https:\/\/vinilozona.lt\/en\/parduotuve\/rock-pop\/pink-floyd-\u200e-atom-heart-mother\/","og_locale":"en_GB","og_type":"article","og_title":"Pink Floyd \u200e\u2013 Atom Heart Mother Vinilin\u0117 Plok\u0161tel\u0117 | Vinilozona.lt","og_description":"Harvest \u200e\u2013 SHVL 781 Format: Vinyl, LP, Album, Reissue, 2nd issue, gatefold  Matrix \/ Runout (Side A runout, variant 1): SHVL 781 A-4 RD 2 Matrix \/ Runout (Side B runout, variant 1): SHVL 781 B-3 AO 1","og_url":"https:\/\/vinilozona.lt\/en\/parduotuve\/rock-pop\/pink-floyd-\u200e-atom-heart-mother\/","og_site_name":"Vinilo Zona","article_modified_time":"2021-10-24T12:26:55+00:00","og_image":[{"width":598,"height":596,"url":"https:\/\/vinilozona.lt\/wp-content\/uploads\/2021\/03\/R-372780-1202031790.jpeg.jpg","type":"image\/jpeg"}],"twitter_card":"summary_large_image","schema":{"@context":"https:\/\/schema.org","@graph":[{"@type":"WebPage","@id":"https:\/\/vinilozona.lt\/parduotuve\/rock-pop\/pink-floyd-%e2%80%8e-atom-heart-mother\/","url":"https:\/\/vinilozona.lt\/parduotuve\/rock-pop\/pink-floyd-%e2%80%8e-atom-heart-mother\/","name":"Pink Floyd \u200e\u2013 Atom Heart Mother Vinilin\u0117 Plok\u0161tel\u0117 | Vinilozona.lt","isPartOf":{"@id":"https:\/\/vinilozona.lt\/#website"},"primaryImageOfPage":{"@id":"https:\/\/vinilozona.lt\/parduotuve\/rock-pop\/pink-floyd-%e2%80%8e-atom-heart-mother\/#primaryimage"},"image":{"@id":"https:\/\/vinilozona.lt\/parduotuve\/rock-pop\/pink-floyd-%e2%80%8e-atom-heart-mother\/#primaryimage"},"thumbnailUrl":"https:\/\/vinilozona.lt\/wp-content\/uploads\/2021\/03\/R-372780-1202031790.jpeg.jpg","datePublished":"2021-03-03T10:08:30+00:00","dateModified":"2021-10-24T12:26:55+00:00","breadcrumb":{"@id":"https:\/\/vinilozona.lt\/parduotuve\/rock-pop\/pink-floyd-%e2%80%8e-atom-heart-mother\/#breadcrumb"},"inLanguage":"en-GB","potentialAction":[{"@type":"ReadAction","target":["https:\/\/vinilozona.lt\/parduotuve\/rock-pop\/pink-floyd-%e2%80%8e-atom-heart-mother\/"]}]},{"@type":"ImageObject","inLanguage":"en-GB","@id":"https:\/\/vinilozona.lt\/parduotuve\/rock-pop\/pink-floyd-%e2%80%8e-atom-heart-mother\/#primaryimage","url":"https:\/\/vinilozona.lt\/wp-content\/uploads\/2021\/03\/R-372780-1202031790.jpeg.jpg","contentUrl":"https:\/\/vinilozona.lt\/wp-content\/uploads\/2021\/03\/R-372780-1202031790.jpeg.jpg","width":598,"height":596},{"@type":"BreadcrumbList","@id":"https:\/\/vinilozona.lt\/parduotuve\/rock-pop\/pink-floyd-%e2%80%8e-atom-heart-mother\/#breadcrumb","itemListElement":[{"@type":"ListItem","position":1,"name":"Home","item":"https:\/\/vinilozona.lt\/"},{"@type":"ListItem","position":2,"name":"Parduotuv\u0117","item":"https:\/\/vinilozona.lt\/parduotuve\/"},{"@type":"ListItem","position":3,"name":"Pink Floyd \u200e\u2013 Atom Heart Mother"}]},{"@type":"WebSite","@id":"https:\/\/vinilozona.lt\/#website","url":"https:\/\/vinilozona.lt\/","name":"Vinilo Zona","description":"Nup\u016bsk dulkes ir klausyk LP","potentialAction":[{"@type":"SearchAction","target":{"@type":"EntryPoint","urlTemplate":"https:\/\/vinilozona.lt\/?s={search_term_string}"},"query-input":{"@type":"PropertyValueSpecification","valueRequired":true,"valueName":"search_term_string"}}],"inLanguage":"en-GB"}]}},"_links":{"self":[{"href":"https:\/\/vinilozona.lt\/en\/wp-json\/wp\/v2\/product\/14343"}],"collection":[{"href":"https:\/\/vinilozona.lt\/en\/wp-json\/wp\/v2\/product"}],"about":[{"href":"https:\/\/vinilozona.lt\/en\/wp-json\/wp\/v2\/types\/product"}],"wp:featuredmedia":[{"embeddable":true,"href":"https:\/\/vinilozona.lt\/en\/wp-json\/wp\/v2\/media\/14344"}],"wp:attachment":[{"href":"https:\/\/vinilozona.lt\/en\/wp-json\/wp\/v2\/media?parent=14343"}],"wp:term":[{"taxonomy":"product_cat","embeddable":true,"href":"https:\/\/vinilozona.lt\/en\/wp-json\/wp\/v2\/product_cat?post=14343"},{"taxonomy":"product_tag","embeddable":true,"href":"https:\/\/vinilozona.lt\/en\/wp-json\/wp\/v2\/product_tag?post=14343"}],"curies":[{"name":"wp","href":"https:\/\/api.w.org\/{rel}","templated":true}]}}