{"id":14332,"date":"2021-03-03T10:27:51","date_gmt":"2021-03-03T08:27:51","guid":{"rendered":"https:\/\/vinilozona.lt\/?post_type=product&#038;p=14332"},"modified":"2023-01-22T18:14:41","modified_gmt":"2023-01-22T16:14:41","slug":"beatles-%e2%80%8e-yeah-yeah-yeah-a-hard-days-night-originals-from-the-united-artists-picture","status":"publish","type":"product","link":"https:\/\/vinilozona.lt\/en\/parduotuve\/rock-pop\/beatles-%e2%80%8e-yeah-yeah-yeah-a-hard-days-night-originals-from-the-united-artists-picture\/","title":{"rendered":"Beatles \u200e\u2013 Yeah! Yeah! Yeah! (A Hard Day&#8217;s Night) &#8211; Originals From The United Artists Picture"},"content":{"rendered":"<p>A1\tA Hard Day&#8217;s Night<br \/>\nA2\tI Should Have Known Better<br \/>\nA3\tIf I Fell<br \/>\nA4\tI&#8217;m Happy Just To Dance With You<br \/>\nA5\tAnd I Love Her<br \/>\nA6\tTell Me Why<br \/>\nA7\tCan&#8217;t Buy Me Love<br \/>\nB1\tAny Time At All<br \/>\nB2\tI&#8217;ll Cry Instead<br \/>\nB3\tThings We Said Today<br \/>\nB4\tWhen I Get Home<br \/>\nB5\tYou Can&#8217;t Do That<br \/>\nB6\tI&#8217;ll Be Back<\/p>","protected":false},"excerpt":{"rendered":"<p>Odeon \u200e\u2013 1C 062-04 145, Odeon \u200e\u2013 1 C 062-04 145<br \/>\nFormat: Vinyl, LP, Album, Reissue, Stereo<br \/>\nCountry: Germany<\/p>","protected":false},"featured_media":14333,"template":"","meta":[],"product_cat":[15],"product_tag":[44],"yoast_head":"<!-- This site is optimized with the Yoast SEO plugin v23.5 - https:\/\/yoast.com\/wordpress\/plugins\/seo\/ -->\n<title>Beatles \u200e\u2013 Yeah! Yeah! Yeah! (A Hard Day&#039;s Night) - Originals From The United Artists Picture Vinilin\u0117 Plok\u0161tel\u0117 | Vinilozona.lt<\/title>\n<meta name=\"robots\" content=\"index, follow, max-snippet:-1, max-image-preview:large, max-video-preview:-1\" \/>\n<link rel=\"canonical\" href=\"https:\/\/vinilozona.lt\/en\/parduotuve\/rock-pop\/beatles-\u200e-yeah-yeah-yeah-a-hard-days-night-originals-from-the-united-artists-picture\/\" \/>\n<meta property=\"og:locale\" content=\"en_GB\" \/>\n<meta property=\"og:type\" content=\"article\" \/>\n<meta property=\"og:title\" content=\"Beatles \u200e\u2013 Yeah! Yeah! Yeah! (A Hard Day&#039;s Night) - Originals From The United Artists Picture Vinilin\u0117 Plok\u0161tel\u0117 | Vinilozona.lt\" \/>\n<meta property=\"og:description\" content=\"Odeon \u200e\u2013 1C 062-04 145, Odeon \u200e\u2013 1 C 062-04 145 Format: Vinyl, LP, Album, Reissue, Stereo Country: Germany\" \/>\n<meta property=\"og:url\" content=\"https:\/\/vinilozona.lt\/en\/parduotuve\/rock-pop\/beatles-\u200e-yeah-yeah-yeah-a-hard-days-night-originals-from-the-united-artists-picture\/\" \/>\n<meta property=\"og:site_name\" content=\"Vinilo Zona\" \/>\n<meta property=\"article:modified_time\" content=\"2023-01-22T16:14:41+00:00\" \/>\n<meta property=\"og:image\" content=\"https:\/\/vinilozona.lt\/wp-content\/uploads\/2021\/03\/R-7902062-1451305922-5594.jpeg.jpg\" \/>\n\t<meta property=\"og:image:width\" content=\"600\" \/>\n\t<meta property=\"og:image:height\" content=\"600\" \/>\n\t<meta property=\"og:image:type\" content=\"image\/jpeg\" \/>\n<meta name=\"twitter:card\" content=\"summary_large_image\" \/>\n<script type=\"application\/ld+json\" class=\"yoast-schema-graph\">{\"@context\":\"https:\/\/schema.org\",\"@graph\":[{\"@type\":\"WebPage\",\"@id\":\"https:\/\/vinilozona.lt\/parduotuve\/rock-pop\/beatles-%e2%80%8e-yeah-yeah-yeah-a-hard-days-night-originals-from-the-united-artists-picture\/\",\"url\":\"https:\/\/vinilozona.lt\/parduotuve\/rock-pop\/beatles-%e2%80%8e-yeah-yeah-yeah-a-hard-days-night-originals-from-the-united-artists-picture\/\",\"name\":\"Beatles \u200e\u2013 Yeah! Yeah! Yeah! (A Hard Day's Night) - Originals From The United Artists Picture Vinilin\u0117 Plok\u0161tel\u0117 | Vinilozona.lt\",\"isPartOf\":{\"@id\":\"https:\/\/vinilozona.lt\/#website\"},\"primaryImageOfPage\":{\"@id\":\"https:\/\/vinilozona.lt\/parduotuve\/rock-pop\/beatles-%e2%80%8e-yeah-yeah-yeah-a-hard-days-night-originals-from-the-united-artists-picture\/#primaryimage\"},\"image\":{\"@id\":\"https:\/\/vinilozona.lt\/parduotuve\/rock-pop\/beatles-%e2%80%8e-yeah-yeah-yeah-a-hard-days-night-originals-from-the-united-artists-picture\/#primaryimage\"},\"thumbnailUrl\":\"https:\/\/vinilozona.lt\/wp-content\/uploads\/2021\/03\/R-7902062-1451305922-5594.jpeg.jpg\",\"datePublished\":\"2021-03-03T08:27:51+00:00\",\"dateModified\":\"2023-01-22T16:14:41+00:00\",\"breadcrumb\":{\"@id\":\"https:\/\/vinilozona.lt\/parduotuve\/rock-pop\/beatles-%e2%80%8e-yeah-yeah-yeah-a-hard-days-night-originals-from-the-united-artists-picture\/#breadcrumb\"},\"inLanguage\":\"en-GB\",\"potentialAction\":[{\"@type\":\"ReadAction\",\"target\":[\"https:\/\/vinilozona.lt\/parduotuve\/rock-pop\/beatles-%e2%80%8e-yeah-yeah-yeah-a-hard-days-night-originals-from-the-united-artists-picture\/\"]}]},{\"@type\":\"ImageObject\",\"inLanguage\":\"en-GB\",\"@id\":\"https:\/\/vinilozona.lt\/parduotuve\/rock-pop\/beatles-%e2%80%8e-yeah-yeah-yeah-a-hard-days-night-originals-from-the-united-artists-picture\/#primaryimage\",\"url\":\"https:\/\/vinilozona.lt\/wp-content\/uploads\/2021\/03\/R-7902062-1451305922-5594.jpeg.jpg\",\"contentUrl\":\"https:\/\/vinilozona.lt\/wp-content\/uploads\/2021\/03\/R-7902062-1451305922-5594.jpeg.jpg\",\"width\":600,\"height\":600},{\"@type\":\"BreadcrumbList\",\"@id\":\"https:\/\/vinilozona.lt\/parduotuve\/rock-pop\/beatles-%e2%80%8e-yeah-yeah-yeah-a-hard-days-night-originals-from-the-united-artists-picture\/#breadcrumb\",\"itemListElement\":[{\"@type\":\"ListItem\",\"position\":1,\"name\":\"Home\",\"item\":\"https:\/\/vinilozona.lt\/\"},{\"@type\":\"ListItem\",\"position\":2,\"name\":\"Parduotuv\u0117\",\"item\":\"https:\/\/vinilozona.lt\/parduotuve\/\"},{\"@type\":\"ListItem\",\"position\":3,\"name\":\"Beatles \u200e\u2013 Yeah! Yeah! Yeah! (A Hard Day&#8217;s Night) &#8211; Originals From The United Artists Picture\"}]},{\"@type\":\"WebSite\",\"@id\":\"https:\/\/vinilozona.lt\/#website\",\"url\":\"https:\/\/vinilozona.lt\/\",\"name\":\"Vinilo Zona\",\"description\":\"Nup\u016bsk dulkes ir klausyk LP\",\"potentialAction\":[{\"@type\":\"SearchAction\",\"target\":{\"@type\":\"EntryPoint\",\"urlTemplate\":\"https:\/\/vinilozona.lt\/?s={search_term_string}\"},\"query-input\":{\"@type\":\"PropertyValueSpecification\",\"valueRequired\":true,\"valueName\":\"search_term_string\"}}],\"inLanguage\":\"en-GB\"}]}<\/script>\n<!-- \/ Yoast SEO plugin. -->","yoast_head_json":{"title":"Beatles \u200e\u2013 Yeah! Yeah! Yeah! (A Hard Day's Night) - Originals From The United Artists Picture Vinilin\u0117 Plok\u0161tel\u0117 | Vinilozona.lt","robots":{"index":"index","follow":"follow","max-snippet":"max-snippet:-1","max-image-preview":"max-image-preview:large","max-video-preview":"max-video-preview:-1"},"canonical":"https:\/\/vinilozona.lt\/en\/parduotuve\/rock-pop\/beatles-\u200e-yeah-yeah-yeah-a-hard-days-night-originals-from-the-united-artists-picture\/","og_locale":"en_GB","og_type":"article","og_title":"Beatles \u200e\u2013 Yeah! Yeah! Yeah! (A Hard Day's Night) - Originals From The United Artists Picture Vinilin\u0117 Plok\u0161tel\u0117 | Vinilozona.lt","og_description":"Odeon \u200e\u2013 1C 062-04 145, Odeon \u200e\u2013 1 C 062-04 145 Format: Vinyl, LP, Album, Reissue, Stereo Country: Germany","og_url":"https:\/\/vinilozona.lt\/en\/parduotuve\/rock-pop\/beatles-\u200e-yeah-yeah-yeah-a-hard-days-night-originals-from-the-united-artists-picture\/","og_site_name":"Vinilo Zona","article_modified_time":"2023-01-22T16:14:41+00:00","og_image":[{"width":600,"height":600,"url":"https:\/\/vinilozona.lt\/wp-content\/uploads\/2021\/03\/R-7902062-1451305922-5594.jpeg.jpg","type":"image\/jpeg"}],"twitter_card":"summary_large_image","schema":{"@context":"https:\/\/schema.org","@graph":[{"@type":"WebPage","@id":"https:\/\/vinilozona.lt\/parduotuve\/rock-pop\/beatles-%e2%80%8e-yeah-yeah-yeah-a-hard-days-night-originals-from-the-united-artists-picture\/","url":"https:\/\/vinilozona.lt\/parduotuve\/rock-pop\/beatles-%e2%80%8e-yeah-yeah-yeah-a-hard-days-night-originals-from-the-united-artists-picture\/","name":"Beatles \u200e\u2013 Yeah! Yeah! Yeah! (A Hard Day's Night) - Originals From The United Artists Picture Vinilin\u0117 Plok\u0161tel\u0117 | Vinilozona.lt","isPartOf":{"@id":"https:\/\/vinilozona.lt\/#website"},"primaryImageOfPage":{"@id":"https:\/\/vinilozona.lt\/parduotuve\/rock-pop\/beatles-%e2%80%8e-yeah-yeah-yeah-a-hard-days-night-originals-from-the-united-artists-picture\/#primaryimage"},"image":{"@id":"https:\/\/vinilozona.lt\/parduotuve\/rock-pop\/beatles-%e2%80%8e-yeah-yeah-yeah-a-hard-days-night-originals-from-the-united-artists-picture\/#primaryimage"},"thumbnailUrl":"https:\/\/vinilozona.lt\/wp-content\/uploads\/2021\/03\/R-7902062-1451305922-5594.jpeg.jpg","datePublished":"2021-03-03T08:27:51+00:00","dateModified":"2023-01-22T16:14:41+00:00","breadcrumb":{"@id":"https:\/\/vinilozona.lt\/parduotuve\/rock-pop\/beatles-%e2%80%8e-yeah-yeah-yeah-a-hard-days-night-originals-from-the-united-artists-picture\/#breadcrumb"},"inLanguage":"en-GB","potentialAction":[{"@type":"ReadAction","target":["https:\/\/vinilozona.lt\/parduotuve\/rock-pop\/beatles-%e2%80%8e-yeah-yeah-yeah-a-hard-days-night-originals-from-the-united-artists-picture\/"]}]},{"@type":"ImageObject","inLanguage":"en-GB","@id":"https:\/\/vinilozona.lt\/parduotuve\/rock-pop\/beatles-%e2%80%8e-yeah-yeah-yeah-a-hard-days-night-originals-from-the-united-artists-picture\/#primaryimage","url":"https:\/\/vinilozona.lt\/wp-content\/uploads\/2021\/03\/R-7902062-1451305922-5594.jpeg.jpg","contentUrl":"https:\/\/vinilozona.lt\/wp-content\/uploads\/2021\/03\/R-7902062-1451305922-5594.jpeg.jpg","width":600,"height":600},{"@type":"BreadcrumbList","@id":"https:\/\/vinilozona.lt\/parduotuve\/rock-pop\/beatles-%e2%80%8e-yeah-yeah-yeah-a-hard-days-night-originals-from-the-united-artists-picture\/#breadcrumb","itemListElement":[{"@type":"ListItem","position":1,"name":"Home","item":"https:\/\/vinilozona.lt\/"},{"@type":"ListItem","position":2,"name":"Parduotuv\u0117","item":"https:\/\/vinilozona.lt\/parduotuve\/"},{"@type":"ListItem","position":3,"name":"Beatles \u200e\u2013 Yeah! Yeah! Yeah! (A Hard Day&#8217;s Night) &#8211; Originals From The United Artists Picture"}]},{"@type":"WebSite","@id":"https:\/\/vinilozona.lt\/#website","url":"https:\/\/vinilozona.lt\/","name":"Vinilo Zona","description":"Nup\u016bsk dulkes ir klausyk LP","potentialAction":[{"@type":"SearchAction","target":{"@type":"EntryPoint","urlTemplate":"https:\/\/vinilozona.lt\/?s={search_term_string}"},"query-input":{"@type":"PropertyValueSpecification","valueRequired":true,"valueName":"search_term_string"}}],"inLanguage":"en-GB"}]}},"_links":{"self":[{"href":"https:\/\/vinilozona.lt\/en\/wp-json\/wp\/v2\/product\/14332"}],"collection":[{"href":"https:\/\/vinilozona.lt\/en\/wp-json\/wp\/v2\/product"}],"about":[{"href":"https:\/\/vinilozona.lt\/en\/wp-json\/wp\/v2\/types\/product"}],"wp:featuredmedia":[{"embeddable":true,"href":"https:\/\/vinilozona.lt\/en\/wp-json\/wp\/v2\/media\/14333"}],"wp:attachment":[{"href":"https:\/\/vinilozona.lt\/en\/wp-json\/wp\/v2\/media?parent=14332"}],"wp:term":[{"taxonomy":"product_cat","embeddable":true,"href":"https:\/\/vinilozona.lt\/en\/wp-json\/wp\/v2\/product_cat?post=14332"},{"taxonomy":"product_tag","embeddable":true,"href":"https:\/\/vinilozona.lt\/en\/wp-json\/wp\/v2\/product_tag?post=14332"}],"curies":[{"name":"wp","href":"https:\/\/api.w.org\/{rel}","templated":true}]}}