{"id":14321,"date":"2021-03-03T09:58:06","date_gmt":"2021-03-03T07:58:06","guid":{"rendered":"https:\/\/vinilozona.lt\/?post_type=product&#038;p=14321"},"modified":"2022-01-09T13:20:31","modified_gmt":"2022-01-09T11:20:31","slug":"count-basie-%e2%80%8e-live-in-japan-78","status":"publish","type":"product","link":"https:\/\/vinilozona.lt\/en\/parduotuve\/jazz\/count-basie-%e2%80%8e-live-in-japan-78\/","title":{"rendered":"Count Basie \u200e\u2013 Live In Japan &#8217;78"},"content":{"rendered":"<p>A1\tThe Heats On\t2:40<br \/>\nA2\tFreckle Face\t5:14<br \/>\nA3\tJa-Da\t5:19<br \/>\nA4\tThings Ain`t What TheyUsed To Be\t3:41<br \/>\nA5\tA Bit Of This And A Bit Of That\t3:27<br \/>\nA6\tAll Of Me\t3:00<br \/>\nB1\tShiny Stockings\t4:27<br \/>\nB2\tLeft Hand Funk\t5:16<br \/>\nB3\tJohn The III\t3:48<br \/>\nB4\tBasie\t4:18<br \/>\nB5\tBlack Velvet\t3:36<br \/>\nB6\tJumpin` At The Woodside\t3:06<\/p>","protected":false},"excerpt":{"rendered":"<p>Pablo Live \u200e\u2013 2308-246<\/p>","protected":false},"featured_media":14322,"template":"","meta":[],"product_cat":[20],"product_tag":[44],"yoast_head":"<!-- This site is optimized with the Yoast SEO plugin v23.5 - https:\/\/yoast.com\/wordpress\/plugins\/seo\/ -->\n<title>Count Basie \u200e\u2013 Live In Japan &#039;78 Vinilin\u0117 Plok\u0161tel\u0117 | Vinilozona.lt<\/title>\n<meta name=\"robots\" content=\"index, follow, max-snippet:-1, max-image-preview:large, max-video-preview:-1\" \/>\n<link rel=\"canonical\" href=\"https:\/\/vinilozona.lt\/en\/parduotuve\/jazz\/count-basie-\u200e-live-in-japan-78\/\" \/>\n<meta property=\"og:locale\" content=\"en_GB\" \/>\n<meta property=\"og:type\" content=\"article\" \/>\n<meta property=\"og:title\" content=\"Count Basie \u200e\u2013 Live In Japan &#039;78 Vinilin\u0117 Plok\u0161tel\u0117 | Vinilozona.lt\" \/>\n<meta property=\"og:description\" content=\"Pablo Live \u200e\u2013 2308-246\" \/>\n<meta property=\"og:url\" content=\"https:\/\/vinilozona.lt\/en\/parduotuve\/jazz\/count-basie-\u200e-live-in-japan-78\/\" \/>\n<meta property=\"og:site_name\" content=\"Vinilo Zona\" \/>\n<meta property=\"article:modified_time\" content=\"2022-01-09T11:20:31+00:00\" \/>\n<meta property=\"og:image\" content=\"https:\/\/vinilozona.lt\/wp-content\/uploads\/2021\/03\/R-3923621-1349379530-1033.jpeg.jpg\" \/>\n\t<meta property=\"og:image:width\" content=\"400\" \/>\n\t<meta property=\"og:image:height\" content=\"400\" \/>\n\t<meta property=\"og:image:type\" content=\"image\/jpeg\" \/>\n<meta name=\"twitter:card\" content=\"summary_large_image\" \/>\n<script type=\"application\/ld+json\" class=\"yoast-schema-graph\">{\"@context\":\"https:\/\/schema.org\",\"@graph\":[{\"@type\":\"WebPage\",\"@id\":\"https:\/\/vinilozona.lt\/parduotuve\/jazz\/count-basie-%e2%80%8e-live-in-japan-78\/\",\"url\":\"https:\/\/vinilozona.lt\/parduotuve\/jazz\/count-basie-%e2%80%8e-live-in-japan-78\/\",\"name\":\"Count Basie \u200e\u2013 Live In Japan '78 Vinilin\u0117 Plok\u0161tel\u0117 | Vinilozona.lt\",\"isPartOf\":{\"@id\":\"https:\/\/vinilozona.lt\/#website\"},\"primaryImageOfPage\":{\"@id\":\"https:\/\/vinilozona.lt\/parduotuve\/jazz\/count-basie-%e2%80%8e-live-in-japan-78\/#primaryimage\"},\"image\":{\"@id\":\"https:\/\/vinilozona.lt\/parduotuve\/jazz\/count-basie-%e2%80%8e-live-in-japan-78\/#primaryimage\"},\"thumbnailUrl\":\"https:\/\/vinilozona.lt\/wp-content\/uploads\/2021\/03\/R-3923621-1349379530-1033.jpeg.jpg\",\"datePublished\":\"2021-03-03T07:58:06+00:00\",\"dateModified\":\"2022-01-09T11:20:31+00:00\",\"breadcrumb\":{\"@id\":\"https:\/\/vinilozona.lt\/parduotuve\/jazz\/count-basie-%e2%80%8e-live-in-japan-78\/#breadcrumb\"},\"inLanguage\":\"en-GB\",\"potentialAction\":[{\"@type\":\"ReadAction\",\"target\":[\"https:\/\/vinilozona.lt\/parduotuve\/jazz\/count-basie-%e2%80%8e-live-in-japan-78\/\"]}]},{\"@type\":\"ImageObject\",\"inLanguage\":\"en-GB\",\"@id\":\"https:\/\/vinilozona.lt\/parduotuve\/jazz\/count-basie-%e2%80%8e-live-in-japan-78\/#primaryimage\",\"url\":\"https:\/\/vinilozona.lt\/wp-content\/uploads\/2021\/03\/R-3923621-1349379530-1033.jpeg.jpg\",\"contentUrl\":\"https:\/\/vinilozona.lt\/wp-content\/uploads\/2021\/03\/R-3923621-1349379530-1033.jpeg.jpg\",\"width\":400,\"height\":400},{\"@type\":\"BreadcrumbList\",\"@id\":\"https:\/\/vinilozona.lt\/parduotuve\/jazz\/count-basie-%e2%80%8e-live-in-japan-78\/#breadcrumb\",\"itemListElement\":[{\"@type\":\"ListItem\",\"position\":1,\"name\":\"Home\",\"item\":\"https:\/\/vinilozona.lt\/\"},{\"@type\":\"ListItem\",\"position\":2,\"name\":\"Parduotuv\u0117\",\"item\":\"https:\/\/vinilozona.lt\/parduotuve\/\"},{\"@type\":\"ListItem\",\"position\":3,\"name\":\"Count Basie \u200e\u2013 Live In Japan &#8217;78\"}]},{\"@type\":\"WebSite\",\"@id\":\"https:\/\/vinilozona.lt\/#website\",\"url\":\"https:\/\/vinilozona.lt\/\",\"name\":\"Vinilo Zona\",\"description\":\"Nup\u016bsk dulkes ir klausyk LP\",\"potentialAction\":[{\"@type\":\"SearchAction\",\"target\":{\"@type\":\"EntryPoint\",\"urlTemplate\":\"https:\/\/vinilozona.lt\/?s={search_term_string}\"},\"query-input\":{\"@type\":\"PropertyValueSpecification\",\"valueRequired\":true,\"valueName\":\"search_term_string\"}}],\"inLanguage\":\"en-GB\"}]}<\/script>\n<!-- \/ Yoast SEO plugin. -->","yoast_head_json":{"title":"Count Basie \u200e\u2013 Live In Japan '78 Vinilin\u0117 Plok\u0161tel\u0117 | Vinilozona.lt","robots":{"index":"index","follow":"follow","max-snippet":"max-snippet:-1","max-image-preview":"max-image-preview:large","max-video-preview":"max-video-preview:-1"},"canonical":"https:\/\/vinilozona.lt\/en\/parduotuve\/jazz\/count-basie-\u200e-live-in-japan-78\/","og_locale":"en_GB","og_type":"article","og_title":"Count Basie \u200e\u2013 Live In Japan '78 Vinilin\u0117 Plok\u0161tel\u0117 | Vinilozona.lt","og_description":"Pablo Live \u200e\u2013 2308-246","og_url":"https:\/\/vinilozona.lt\/en\/parduotuve\/jazz\/count-basie-\u200e-live-in-japan-78\/","og_site_name":"Vinilo Zona","article_modified_time":"2022-01-09T11:20:31+00:00","og_image":[{"width":400,"height":400,"url":"https:\/\/vinilozona.lt\/wp-content\/uploads\/2021\/03\/R-3923621-1349379530-1033.jpeg.jpg","type":"image\/jpeg"}],"twitter_card":"summary_large_image","schema":{"@context":"https:\/\/schema.org","@graph":[{"@type":"WebPage","@id":"https:\/\/vinilozona.lt\/parduotuve\/jazz\/count-basie-%e2%80%8e-live-in-japan-78\/","url":"https:\/\/vinilozona.lt\/parduotuve\/jazz\/count-basie-%e2%80%8e-live-in-japan-78\/","name":"Count Basie \u200e\u2013 Live In Japan '78 Vinilin\u0117 Plok\u0161tel\u0117 | Vinilozona.lt","isPartOf":{"@id":"https:\/\/vinilozona.lt\/#website"},"primaryImageOfPage":{"@id":"https:\/\/vinilozona.lt\/parduotuve\/jazz\/count-basie-%e2%80%8e-live-in-japan-78\/#primaryimage"},"image":{"@id":"https:\/\/vinilozona.lt\/parduotuve\/jazz\/count-basie-%e2%80%8e-live-in-japan-78\/#primaryimage"},"thumbnailUrl":"https:\/\/vinilozona.lt\/wp-content\/uploads\/2021\/03\/R-3923621-1349379530-1033.jpeg.jpg","datePublished":"2021-03-03T07:58:06+00:00","dateModified":"2022-01-09T11:20:31+00:00","breadcrumb":{"@id":"https:\/\/vinilozona.lt\/parduotuve\/jazz\/count-basie-%e2%80%8e-live-in-japan-78\/#breadcrumb"},"inLanguage":"en-GB","potentialAction":[{"@type":"ReadAction","target":["https:\/\/vinilozona.lt\/parduotuve\/jazz\/count-basie-%e2%80%8e-live-in-japan-78\/"]}]},{"@type":"ImageObject","inLanguage":"en-GB","@id":"https:\/\/vinilozona.lt\/parduotuve\/jazz\/count-basie-%e2%80%8e-live-in-japan-78\/#primaryimage","url":"https:\/\/vinilozona.lt\/wp-content\/uploads\/2021\/03\/R-3923621-1349379530-1033.jpeg.jpg","contentUrl":"https:\/\/vinilozona.lt\/wp-content\/uploads\/2021\/03\/R-3923621-1349379530-1033.jpeg.jpg","width":400,"height":400},{"@type":"BreadcrumbList","@id":"https:\/\/vinilozona.lt\/parduotuve\/jazz\/count-basie-%e2%80%8e-live-in-japan-78\/#breadcrumb","itemListElement":[{"@type":"ListItem","position":1,"name":"Home","item":"https:\/\/vinilozona.lt\/"},{"@type":"ListItem","position":2,"name":"Parduotuv\u0117","item":"https:\/\/vinilozona.lt\/parduotuve\/"},{"@type":"ListItem","position":3,"name":"Count Basie \u200e\u2013 Live In Japan &#8217;78"}]},{"@type":"WebSite","@id":"https:\/\/vinilozona.lt\/#website","url":"https:\/\/vinilozona.lt\/","name":"Vinilo Zona","description":"Nup\u016bsk dulkes ir klausyk LP","potentialAction":[{"@type":"SearchAction","target":{"@type":"EntryPoint","urlTemplate":"https:\/\/vinilozona.lt\/?s={search_term_string}"},"query-input":{"@type":"PropertyValueSpecification","valueRequired":true,"valueName":"search_term_string"}}],"inLanguage":"en-GB"}]}},"_links":{"self":[{"href":"https:\/\/vinilozona.lt\/en\/wp-json\/wp\/v2\/product\/14321"}],"collection":[{"href":"https:\/\/vinilozona.lt\/en\/wp-json\/wp\/v2\/product"}],"about":[{"href":"https:\/\/vinilozona.lt\/en\/wp-json\/wp\/v2\/types\/product"}],"wp:featuredmedia":[{"embeddable":true,"href":"https:\/\/vinilozona.lt\/en\/wp-json\/wp\/v2\/media\/14322"}],"wp:attachment":[{"href":"https:\/\/vinilozona.lt\/en\/wp-json\/wp\/v2\/media?parent=14321"}],"wp:term":[{"taxonomy":"product_cat","embeddable":true,"href":"https:\/\/vinilozona.lt\/en\/wp-json\/wp\/v2\/product_cat?post=14321"},{"taxonomy":"product_tag","embeddable":true,"href":"https:\/\/vinilozona.lt\/en\/wp-json\/wp\/v2\/product_tag?post=14321"}],"curies":[{"name":"wp","href":"https:\/\/api.w.org\/{rel}","templated":true}]}}