{"id":14284,"date":"2023-12-02T05:04:47","date_gmt":"2023-12-02T03:04:47","guid":{"rendered":"https:\/\/vinilozona.lt\/?post_type=product&#038;p=14284"},"modified":"2025-04-13T16:22:14","modified_gmt":"2025-04-13T13:22:14","slug":"guns-n-roses-%e2%80%8e-use-your-illusion-i","status":"publish","type":"product","link":"https:\/\/vinilozona.lt\/en\/parduotuve\/naujos-lp\/guns-n-roses-%e2%80%8e-use-your-illusion-i\/","title":{"rendered":"Guns N&#8217; Roses \u200e\u2013 Use Your Illusion I"},"content":{"rendered":"<p>A1 \tRight Next Door To Hell\t2:58<br \/>\nA2 \tDust N&#8217; Bones\t4:55<br \/>\nA3 \tLive And Let Die\t2:59<br \/>\nA4 \tDon&#8217;t Cry (Original)\t4:42<br \/>\nA5 \tPerfect Crime\t2:24<br \/>\nB1 \tYou Ain&#8217;t The First\t2:32<br \/>\nB2 \tBad Obsession\t5:26<br \/>\nB3 \tBack Off Bitch\t5:01<br \/>\nB4 \tDouble Talkin&#8217; Jive\t3:19<br \/>\nC1 \tNovember Rain\t8:53<br \/>\nC2 \tThe Garden\t5:17<br \/>\nC3 \tGarden Of Eden\t2:36<br \/>\nC4 \tDon&#8217;t Damn Me\t5:15<br \/>\nD1 \tBad Apples\t4:25<br \/>\nD2 \tDead Horse\t4:17<br \/>\nD3 \tComa\t10:08<\/p>","protected":false},"excerpt":{"rendered":"<p>Geffen Records \u2013 B0034820-01, Geffen Records \u2013 00602445117307<br \/>\nFormat:<br \/>\n2 x Vinyl, LP, Album, Reissue, Remastered, Gatefold, 180 Gram<br \/>\nCountry:\tUSA &#038; Europe<br \/>\nReleased:\tNov 11, 2022<\/p>","protected":false},"featured_media":14285,"template":"","meta":[],"product_cat":[23],"product_tag":[1025],"yoast_head":"<!-- This site is optimized with the Yoast SEO plugin v23.5 - https:\/\/yoast.com\/wordpress\/plugins\/seo\/ -->\n<title>Guns N&#039; Roses \u200e\u2013 Use Your Illusion I Vinilin\u0117 Plok\u0161tel\u0117 | Vinilozona.lt<\/title>\n<meta name=\"robots\" content=\"index, follow, max-snippet:-1, max-image-preview:large, max-video-preview:-1\" \/>\n<link rel=\"canonical\" href=\"https:\/\/vinilozona.lt\/en\/parduotuve\/naujos-lp\/guns-n-roses-\u200e-use-your-illusion-i\/\" \/>\n<meta property=\"og:locale\" content=\"en_GB\" \/>\n<meta property=\"og:type\" content=\"article\" \/>\n<meta property=\"og:title\" content=\"Guns N&#039; Roses \u200e\u2013 Use Your Illusion I Vinilin\u0117 Plok\u0161tel\u0117 | Vinilozona.lt\" \/>\n<meta property=\"og:description\" content=\"Geffen Records \u2013 B0034820-01, Geffen Records \u2013 00602445117307 Format:  2 x Vinyl, LP, Album, Reissue, Remastered, Gatefold, 180 Gram Country: USA &amp; Europe Released: Nov 11, 2022\" \/>\n<meta property=\"og:url\" content=\"https:\/\/vinilozona.lt\/en\/parduotuve\/naujos-lp\/guns-n-roses-\u200e-use-your-illusion-i\/\" \/>\n<meta property=\"og:site_name\" content=\"Vinilo Zona\" \/>\n<meta property=\"article:modified_time\" content=\"2025-04-13T13:22:14+00:00\" \/>\n<meta property=\"og:image\" content=\"https:\/\/vinilozona.lt\/wp-content\/uploads\/2021\/02\/R-1544883-1482442404-7831.jpeg.jpg\" \/>\n\t<meta property=\"og:image:width\" content=\"600\" \/>\n\t<meta property=\"og:image:height\" content=\"600\" \/>\n\t<meta property=\"og:image:type\" content=\"image\/jpeg\" \/>\n<meta name=\"twitter:card\" content=\"summary_large_image\" \/>\n<script type=\"application\/ld+json\" class=\"yoast-schema-graph\">{\"@context\":\"https:\/\/schema.org\",\"@graph\":[{\"@type\":\"WebPage\",\"@id\":\"https:\/\/vinilozona.lt\/parduotuve\/naujos-lp\/guns-n-roses-%e2%80%8e-use-your-illusion-i\/\",\"url\":\"https:\/\/vinilozona.lt\/parduotuve\/naujos-lp\/guns-n-roses-%e2%80%8e-use-your-illusion-i\/\",\"name\":\"Guns N' Roses \u200e\u2013 Use Your Illusion I Vinilin\u0117 Plok\u0161tel\u0117 | Vinilozona.lt\",\"isPartOf\":{\"@id\":\"https:\/\/vinilozona.lt\/#website\"},\"primaryImageOfPage\":{\"@id\":\"https:\/\/vinilozona.lt\/parduotuve\/naujos-lp\/guns-n-roses-%e2%80%8e-use-your-illusion-i\/#primaryimage\"},\"image\":{\"@id\":\"https:\/\/vinilozona.lt\/parduotuve\/naujos-lp\/guns-n-roses-%e2%80%8e-use-your-illusion-i\/#primaryimage\"},\"thumbnailUrl\":\"https:\/\/vinilozona.lt\/wp-content\/uploads\/2021\/02\/R-1544883-1482442404-7831.jpeg.jpg\",\"datePublished\":\"2023-12-02T03:04:47+00:00\",\"dateModified\":\"2025-04-13T13:22:14+00:00\",\"breadcrumb\":{\"@id\":\"https:\/\/vinilozona.lt\/parduotuve\/naujos-lp\/guns-n-roses-%e2%80%8e-use-your-illusion-i\/#breadcrumb\"},\"inLanguage\":\"en-GB\",\"potentialAction\":[{\"@type\":\"ReadAction\",\"target\":[\"https:\/\/vinilozona.lt\/parduotuve\/naujos-lp\/guns-n-roses-%e2%80%8e-use-your-illusion-i\/\"]}]},{\"@type\":\"ImageObject\",\"inLanguage\":\"en-GB\",\"@id\":\"https:\/\/vinilozona.lt\/parduotuve\/naujos-lp\/guns-n-roses-%e2%80%8e-use-your-illusion-i\/#primaryimage\",\"url\":\"https:\/\/vinilozona.lt\/wp-content\/uploads\/2021\/02\/R-1544883-1482442404-7831.jpeg.jpg\",\"contentUrl\":\"https:\/\/vinilozona.lt\/wp-content\/uploads\/2021\/02\/R-1544883-1482442404-7831.jpeg.jpg\",\"width\":600,\"height\":600},{\"@type\":\"BreadcrumbList\",\"@id\":\"https:\/\/vinilozona.lt\/parduotuve\/naujos-lp\/guns-n-roses-%e2%80%8e-use-your-illusion-i\/#breadcrumb\",\"itemListElement\":[{\"@type\":\"ListItem\",\"position\":1,\"name\":\"Home\",\"item\":\"https:\/\/vinilozona.lt\/\"},{\"@type\":\"ListItem\",\"position\":2,\"name\":\"Parduotuv\u0117\",\"item\":\"https:\/\/vinilozona.lt\/parduotuve\/\"},{\"@type\":\"ListItem\",\"position\":3,\"name\":\"Guns N&#8217; Roses \u200e\u2013 Use Your Illusion I\"}]},{\"@type\":\"WebSite\",\"@id\":\"https:\/\/vinilozona.lt\/#website\",\"url\":\"https:\/\/vinilozona.lt\/\",\"name\":\"Vinilo Zona\",\"description\":\"Nup\u016bsk dulkes ir klausyk LP\",\"potentialAction\":[{\"@type\":\"SearchAction\",\"target\":{\"@type\":\"EntryPoint\",\"urlTemplate\":\"https:\/\/vinilozona.lt\/?s={search_term_string}\"},\"query-input\":{\"@type\":\"PropertyValueSpecification\",\"valueRequired\":true,\"valueName\":\"search_term_string\"}}],\"inLanguage\":\"en-GB\"}]}<\/script>\n<!-- \/ Yoast SEO plugin. -->","yoast_head_json":{"title":"Guns N' Roses \u200e\u2013 Use Your Illusion I Vinilin\u0117 Plok\u0161tel\u0117 | Vinilozona.lt","robots":{"index":"index","follow":"follow","max-snippet":"max-snippet:-1","max-image-preview":"max-image-preview:large","max-video-preview":"max-video-preview:-1"},"canonical":"https:\/\/vinilozona.lt\/en\/parduotuve\/naujos-lp\/guns-n-roses-\u200e-use-your-illusion-i\/","og_locale":"en_GB","og_type":"article","og_title":"Guns N' Roses \u200e\u2013 Use Your Illusion I Vinilin\u0117 Plok\u0161tel\u0117 | Vinilozona.lt","og_description":"Geffen Records \u2013 B0034820-01, Geffen Records \u2013 00602445117307 Format:  2 x Vinyl, LP, Album, Reissue, Remastered, Gatefold, 180 Gram Country: USA & Europe Released: Nov 11, 2022","og_url":"https:\/\/vinilozona.lt\/en\/parduotuve\/naujos-lp\/guns-n-roses-\u200e-use-your-illusion-i\/","og_site_name":"Vinilo Zona","article_modified_time":"2025-04-13T13:22:14+00:00","og_image":[{"width":600,"height":600,"url":"https:\/\/vinilozona.lt\/wp-content\/uploads\/2021\/02\/R-1544883-1482442404-7831.jpeg.jpg","type":"image\/jpeg"}],"twitter_card":"summary_large_image","schema":{"@context":"https:\/\/schema.org","@graph":[{"@type":"WebPage","@id":"https:\/\/vinilozona.lt\/parduotuve\/naujos-lp\/guns-n-roses-%e2%80%8e-use-your-illusion-i\/","url":"https:\/\/vinilozona.lt\/parduotuve\/naujos-lp\/guns-n-roses-%e2%80%8e-use-your-illusion-i\/","name":"Guns N' Roses \u200e\u2013 Use Your Illusion I Vinilin\u0117 Plok\u0161tel\u0117 | Vinilozona.lt","isPartOf":{"@id":"https:\/\/vinilozona.lt\/#website"},"primaryImageOfPage":{"@id":"https:\/\/vinilozona.lt\/parduotuve\/naujos-lp\/guns-n-roses-%e2%80%8e-use-your-illusion-i\/#primaryimage"},"image":{"@id":"https:\/\/vinilozona.lt\/parduotuve\/naujos-lp\/guns-n-roses-%e2%80%8e-use-your-illusion-i\/#primaryimage"},"thumbnailUrl":"https:\/\/vinilozona.lt\/wp-content\/uploads\/2021\/02\/R-1544883-1482442404-7831.jpeg.jpg","datePublished":"2023-12-02T03:04:47+00:00","dateModified":"2025-04-13T13:22:14+00:00","breadcrumb":{"@id":"https:\/\/vinilozona.lt\/parduotuve\/naujos-lp\/guns-n-roses-%e2%80%8e-use-your-illusion-i\/#breadcrumb"},"inLanguage":"en-GB","potentialAction":[{"@type":"ReadAction","target":["https:\/\/vinilozona.lt\/parduotuve\/naujos-lp\/guns-n-roses-%e2%80%8e-use-your-illusion-i\/"]}]},{"@type":"ImageObject","inLanguage":"en-GB","@id":"https:\/\/vinilozona.lt\/parduotuve\/naujos-lp\/guns-n-roses-%e2%80%8e-use-your-illusion-i\/#primaryimage","url":"https:\/\/vinilozona.lt\/wp-content\/uploads\/2021\/02\/R-1544883-1482442404-7831.jpeg.jpg","contentUrl":"https:\/\/vinilozona.lt\/wp-content\/uploads\/2021\/02\/R-1544883-1482442404-7831.jpeg.jpg","width":600,"height":600},{"@type":"BreadcrumbList","@id":"https:\/\/vinilozona.lt\/parduotuve\/naujos-lp\/guns-n-roses-%e2%80%8e-use-your-illusion-i\/#breadcrumb","itemListElement":[{"@type":"ListItem","position":1,"name":"Home","item":"https:\/\/vinilozona.lt\/"},{"@type":"ListItem","position":2,"name":"Parduotuv\u0117","item":"https:\/\/vinilozona.lt\/parduotuve\/"},{"@type":"ListItem","position":3,"name":"Guns N&#8217; Roses \u200e\u2013 Use Your Illusion I"}]},{"@type":"WebSite","@id":"https:\/\/vinilozona.lt\/#website","url":"https:\/\/vinilozona.lt\/","name":"Vinilo Zona","description":"Nup\u016bsk dulkes ir klausyk LP","potentialAction":[{"@type":"SearchAction","target":{"@type":"EntryPoint","urlTemplate":"https:\/\/vinilozona.lt\/?s={search_term_string}"},"query-input":{"@type":"PropertyValueSpecification","valueRequired":true,"valueName":"search_term_string"}}],"inLanguage":"en-GB"}]}},"_links":{"self":[{"href":"https:\/\/vinilozona.lt\/en\/wp-json\/wp\/v2\/product\/14284"}],"collection":[{"href":"https:\/\/vinilozona.lt\/en\/wp-json\/wp\/v2\/product"}],"about":[{"href":"https:\/\/vinilozona.lt\/en\/wp-json\/wp\/v2\/types\/product"}],"wp:featuredmedia":[{"embeddable":true,"href":"https:\/\/vinilozona.lt\/en\/wp-json\/wp\/v2\/media\/14285"}],"wp:attachment":[{"href":"https:\/\/vinilozona.lt\/en\/wp-json\/wp\/v2\/media?parent=14284"}],"wp:term":[{"taxonomy":"product_cat","embeddable":true,"href":"https:\/\/vinilozona.lt\/en\/wp-json\/wp\/v2\/product_cat?post=14284"},{"taxonomy":"product_tag","embeddable":true,"href":"https:\/\/vinilozona.lt\/en\/wp-json\/wp\/v2\/product_tag?post=14284"}],"curies":[{"name":"wp","href":"https:\/\/api.w.org\/{rel}","templated":true}]}}