{"id":14227,"date":"2021-02-25T14:35:11","date_gmt":"2021-02-25T12:35:11","guid":{"rendered":"https:\/\/vinilozona.lt\/?post_type=product&#038;p=14227"},"modified":"2021-12-14T18:36:44","modified_gmt":"2021-12-14T16:36:44","slug":"frank-sinatra-%e2%80%8e-frank-sinatras-greatest-hits","status":"publish","type":"product","link":"https:\/\/vinilozona.lt\/en\/parduotuve\/rock-pop\/frank-sinatra-%e2%80%8e-frank-sinatras-greatest-hits\/","title":{"rendered":"Frank Sinatra \u200e\u2013 Frank Sinatra&#8217;s Greatest Hits!"},"content":{"rendered":"<p>A1 \tStrangers In The Night \t2:25<br \/>\nA2 \tSummer Wind \t2:53<br \/>\nA3 \tIt Was A Very Good Year \t4:25<br \/>\nA4 \tSomewhere In Your Heart \t2:26<br \/>\nA5 \tForget Domani \t2:32<br \/>\nA6 \tSomethin&#8217; Stupid 2:35<\/p>\n<p>    Vocals [With] \u2013 Nancy Sinatra<\/p>\n<p>B1 \tThat&#8217;s Life \t3:07<br \/>\nB2 \tTell Her (You Love Her Each Day) \t2:40<br \/>\nB3 \tThe World We Knew (Over And Over) \t2:47<br \/>\nB4 \tWhen Somebody Loves You \t1:54<br \/>\nB5 \tThis Town \t3:06<br \/>\nB6 \tSoftly As I Leave You \t2:50<\/p>","protected":false},"excerpt":{"rendered":"<p>Reprise Records \u200e\u2013 REP 44011, Reprise Records \u200e\u2013 FS 1025 <\/p>","protected":false},"featured_media":14228,"template":"","meta":[],"product_cat":[15],"product_tag":[44],"yoast_head":"<!-- This site is optimized with the Yoast SEO plugin v23.5 - https:\/\/yoast.com\/wordpress\/plugins\/seo\/ -->\n<title>Frank Sinatra \u200e\u2013 Frank Sinatra&#039;s Greatest Hits! Vinilin\u0117 Plok\u0161tel\u0117 | Vinilozona.lt<\/title>\n<meta name=\"robots\" content=\"index, follow, max-snippet:-1, max-image-preview:large, max-video-preview:-1\" \/>\n<link rel=\"canonical\" href=\"https:\/\/vinilozona.lt\/en\/parduotuve\/rock-pop\/frank-sinatra-\u200e-frank-sinatras-greatest-hits\/\" \/>\n<meta property=\"og:locale\" content=\"en_GB\" \/>\n<meta property=\"og:type\" content=\"article\" \/>\n<meta property=\"og:title\" content=\"Frank Sinatra \u200e\u2013 Frank Sinatra&#039;s Greatest Hits! Vinilin\u0117 Plok\u0161tel\u0117 | Vinilozona.lt\" \/>\n<meta property=\"og:description\" content=\"Reprise Records \u200e\u2013 REP 44011, Reprise Records \u200e\u2013 FS 1025\" \/>\n<meta property=\"og:url\" content=\"https:\/\/vinilozona.lt\/en\/parduotuve\/rock-pop\/frank-sinatra-\u200e-frank-sinatras-greatest-hits\/\" \/>\n<meta property=\"og:site_name\" content=\"Vinilo Zona\" \/>\n<meta property=\"article:modified_time\" content=\"2021-12-14T16:36:44+00:00\" \/>\n<meta property=\"og:image\" content=\"https:\/\/vinilozona.lt\/wp-content\/uploads\/2021\/02\/R-16600212-1608729406-8275.jpeg.jpg\" \/>\n\t<meta property=\"og:image:width\" content=\"599\" \/>\n\t<meta property=\"og:image:height\" content=\"593\" \/>\n\t<meta property=\"og:image:type\" content=\"image\/jpeg\" \/>\n<meta name=\"twitter:card\" content=\"summary_large_image\" \/>\n<script type=\"application\/ld+json\" class=\"yoast-schema-graph\">{\"@context\":\"https:\/\/schema.org\",\"@graph\":[{\"@type\":\"WebPage\",\"@id\":\"https:\/\/vinilozona.lt\/parduotuve\/rock-pop\/frank-sinatra-%e2%80%8e-frank-sinatras-greatest-hits\/\",\"url\":\"https:\/\/vinilozona.lt\/parduotuve\/rock-pop\/frank-sinatra-%e2%80%8e-frank-sinatras-greatest-hits\/\",\"name\":\"Frank Sinatra \u200e\u2013 Frank Sinatra's Greatest Hits! Vinilin\u0117 Plok\u0161tel\u0117 | Vinilozona.lt\",\"isPartOf\":{\"@id\":\"https:\/\/vinilozona.lt\/#website\"},\"primaryImageOfPage\":{\"@id\":\"https:\/\/vinilozona.lt\/parduotuve\/rock-pop\/frank-sinatra-%e2%80%8e-frank-sinatras-greatest-hits\/#primaryimage\"},\"image\":{\"@id\":\"https:\/\/vinilozona.lt\/parduotuve\/rock-pop\/frank-sinatra-%e2%80%8e-frank-sinatras-greatest-hits\/#primaryimage\"},\"thumbnailUrl\":\"https:\/\/vinilozona.lt\/wp-content\/uploads\/2021\/02\/R-16600212-1608729406-8275.jpeg.jpg\",\"datePublished\":\"2021-02-25T12:35:11+00:00\",\"dateModified\":\"2021-12-14T16:36:44+00:00\",\"breadcrumb\":{\"@id\":\"https:\/\/vinilozona.lt\/parduotuve\/rock-pop\/frank-sinatra-%e2%80%8e-frank-sinatras-greatest-hits\/#breadcrumb\"},\"inLanguage\":\"en-GB\",\"potentialAction\":[{\"@type\":\"ReadAction\",\"target\":[\"https:\/\/vinilozona.lt\/parduotuve\/rock-pop\/frank-sinatra-%e2%80%8e-frank-sinatras-greatest-hits\/\"]}]},{\"@type\":\"ImageObject\",\"inLanguage\":\"en-GB\",\"@id\":\"https:\/\/vinilozona.lt\/parduotuve\/rock-pop\/frank-sinatra-%e2%80%8e-frank-sinatras-greatest-hits\/#primaryimage\",\"url\":\"https:\/\/vinilozona.lt\/wp-content\/uploads\/2021\/02\/R-16600212-1608729406-8275.jpeg.jpg\",\"contentUrl\":\"https:\/\/vinilozona.lt\/wp-content\/uploads\/2021\/02\/R-16600212-1608729406-8275.jpeg.jpg\",\"width\":599,\"height\":593},{\"@type\":\"BreadcrumbList\",\"@id\":\"https:\/\/vinilozona.lt\/parduotuve\/rock-pop\/frank-sinatra-%e2%80%8e-frank-sinatras-greatest-hits\/#breadcrumb\",\"itemListElement\":[{\"@type\":\"ListItem\",\"position\":1,\"name\":\"Home\",\"item\":\"https:\/\/vinilozona.lt\/\"},{\"@type\":\"ListItem\",\"position\":2,\"name\":\"Parduotuv\u0117\",\"item\":\"https:\/\/vinilozona.lt\/parduotuve\/\"},{\"@type\":\"ListItem\",\"position\":3,\"name\":\"Frank Sinatra \u200e\u2013 Frank Sinatra&#8217;s Greatest Hits!\"}]},{\"@type\":\"WebSite\",\"@id\":\"https:\/\/vinilozona.lt\/#website\",\"url\":\"https:\/\/vinilozona.lt\/\",\"name\":\"Vinilo Zona\",\"description\":\"Nup\u016bsk dulkes ir klausyk LP\",\"potentialAction\":[{\"@type\":\"SearchAction\",\"target\":{\"@type\":\"EntryPoint\",\"urlTemplate\":\"https:\/\/vinilozona.lt\/?s={search_term_string}\"},\"query-input\":{\"@type\":\"PropertyValueSpecification\",\"valueRequired\":true,\"valueName\":\"search_term_string\"}}],\"inLanguage\":\"en-GB\"}]}<\/script>\n<!-- \/ Yoast SEO plugin. -->","yoast_head_json":{"title":"Frank Sinatra \u200e\u2013 Frank Sinatra's Greatest Hits! Vinilin\u0117 Plok\u0161tel\u0117 | Vinilozona.lt","robots":{"index":"index","follow":"follow","max-snippet":"max-snippet:-1","max-image-preview":"max-image-preview:large","max-video-preview":"max-video-preview:-1"},"canonical":"https:\/\/vinilozona.lt\/en\/parduotuve\/rock-pop\/frank-sinatra-\u200e-frank-sinatras-greatest-hits\/","og_locale":"en_GB","og_type":"article","og_title":"Frank Sinatra \u200e\u2013 Frank Sinatra's Greatest Hits! Vinilin\u0117 Plok\u0161tel\u0117 | Vinilozona.lt","og_description":"Reprise Records \u200e\u2013 REP 44011, Reprise Records \u200e\u2013 FS 1025","og_url":"https:\/\/vinilozona.lt\/en\/parduotuve\/rock-pop\/frank-sinatra-\u200e-frank-sinatras-greatest-hits\/","og_site_name":"Vinilo Zona","article_modified_time":"2021-12-14T16:36:44+00:00","og_image":[{"width":599,"height":593,"url":"https:\/\/vinilozona.lt\/wp-content\/uploads\/2021\/02\/R-16600212-1608729406-8275.jpeg.jpg","type":"image\/jpeg"}],"twitter_card":"summary_large_image","schema":{"@context":"https:\/\/schema.org","@graph":[{"@type":"WebPage","@id":"https:\/\/vinilozona.lt\/parduotuve\/rock-pop\/frank-sinatra-%e2%80%8e-frank-sinatras-greatest-hits\/","url":"https:\/\/vinilozona.lt\/parduotuve\/rock-pop\/frank-sinatra-%e2%80%8e-frank-sinatras-greatest-hits\/","name":"Frank Sinatra \u200e\u2013 Frank Sinatra's Greatest Hits! Vinilin\u0117 Plok\u0161tel\u0117 | Vinilozona.lt","isPartOf":{"@id":"https:\/\/vinilozona.lt\/#website"},"primaryImageOfPage":{"@id":"https:\/\/vinilozona.lt\/parduotuve\/rock-pop\/frank-sinatra-%e2%80%8e-frank-sinatras-greatest-hits\/#primaryimage"},"image":{"@id":"https:\/\/vinilozona.lt\/parduotuve\/rock-pop\/frank-sinatra-%e2%80%8e-frank-sinatras-greatest-hits\/#primaryimage"},"thumbnailUrl":"https:\/\/vinilozona.lt\/wp-content\/uploads\/2021\/02\/R-16600212-1608729406-8275.jpeg.jpg","datePublished":"2021-02-25T12:35:11+00:00","dateModified":"2021-12-14T16:36:44+00:00","breadcrumb":{"@id":"https:\/\/vinilozona.lt\/parduotuve\/rock-pop\/frank-sinatra-%e2%80%8e-frank-sinatras-greatest-hits\/#breadcrumb"},"inLanguage":"en-GB","potentialAction":[{"@type":"ReadAction","target":["https:\/\/vinilozona.lt\/parduotuve\/rock-pop\/frank-sinatra-%e2%80%8e-frank-sinatras-greatest-hits\/"]}]},{"@type":"ImageObject","inLanguage":"en-GB","@id":"https:\/\/vinilozona.lt\/parduotuve\/rock-pop\/frank-sinatra-%e2%80%8e-frank-sinatras-greatest-hits\/#primaryimage","url":"https:\/\/vinilozona.lt\/wp-content\/uploads\/2021\/02\/R-16600212-1608729406-8275.jpeg.jpg","contentUrl":"https:\/\/vinilozona.lt\/wp-content\/uploads\/2021\/02\/R-16600212-1608729406-8275.jpeg.jpg","width":599,"height":593},{"@type":"BreadcrumbList","@id":"https:\/\/vinilozona.lt\/parduotuve\/rock-pop\/frank-sinatra-%e2%80%8e-frank-sinatras-greatest-hits\/#breadcrumb","itemListElement":[{"@type":"ListItem","position":1,"name":"Home","item":"https:\/\/vinilozona.lt\/"},{"@type":"ListItem","position":2,"name":"Parduotuv\u0117","item":"https:\/\/vinilozona.lt\/parduotuve\/"},{"@type":"ListItem","position":3,"name":"Frank Sinatra \u200e\u2013 Frank Sinatra&#8217;s Greatest Hits!"}]},{"@type":"WebSite","@id":"https:\/\/vinilozona.lt\/#website","url":"https:\/\/vinilozona.lt\/","name":"Vinilo Zona","description":"Nup\u016bsk dulkes ir klausyk LP","potentialAction":[{"@type":"SearchAction","target":{"@type":"EntryPoint","urlTemplate":"https:\/\/vinilozona.lt\/?s={search_term_string}"},"query-input":{"@type":"PropertyValueSpecification","valueRequired":true,"valueName":"search_term_string"}}],"inLanguage":"en-GB"}]}},"_links":{"self":[{"href":"https:\/\/vinilozona.lt\/en\/wp-json\/wp\/v2\/product\/14227"}],"collection":[{"href":"https:\/\/vinilozona.lt\/en\/wp-json\/wp\/v2\/product"}],"about":[{"href":"https:\/\/vinilozona.lt\/en\/wp-json\/wp\/v2\/types\/product"}],"wp:featuredmedia":[{"embeddable":true,"href":"https:\/\/vinilozona.lt\/en\/wp-json\/wp\/v2\/media\/14228"}],"wp:attachment":[{"href":"https:\/\/vinilozona.lt\/en\/wp-json\/wp\/v2\/media?parent=14227"}],"wp:term":[{"taxonomy":"product_cat","embeddable":true,"href":"https:\/\/vinilozona.lt\/en\/wp-json\/wp\/v2\/product_cat?post=14227"},{"taxonomy":"product_tag","embeddable":true,"href":"https:\/\/vinilozona.lt\/en\/wp-json\/wp\/v2\/product_tag?post=14227"}],"curies":[{"name":"wp","href":"https:\/\/api.w.org\/{rel}","templated":true}]}}