{"id":14212,"date":"2021-02-25T13:40:12","date_gmt":"2021-02-25T11:40:12","guid":{"rendered":"https:\/\/vinilozona.lt\/?post_type=product&#038;p=14212"},"modified":"2021-02-25T13:40:12","modified_gmt":"2021-02-25T11:40:12","slug":"joboxers-%e2%80%8e-like-gangbusters","status":"publish","type":"product","link":"https:\/\/vinilozona.lt\/en\/parduotuve\/rock-pop\/joboxers-%e2%80%8e-like-gangbusters\/","title":{"rendered":"JoBoxers \u200e\u2013 Like Gangbusters"},"content":{"rendered":"<p>A1 \tBoxerbeat<br \/>\nA2 \tCrosstown Walk Up<br \/>\nA3 \tFully Booked<br \/>\nA4 \tNot My Night<br \/>\nA5 \tJust Got Lucky<br \/>\nB1 \tShe&#8217;s Got Sex<br \/>\nB2 \tCurious George<br \/>\nB3 \tHide Nor Hair<br \/>\nB4 \tCrime Of Passion<br \/>\nB5 \tJohnny Friendly \t<\/p>","protected":false},"excerpt":{"rendered":"<p>RCA \u200e\u2013 PL 70001<\/p>","protected":false},"featured_media":14213,"template":"","meta":[],"product_cat":[15],"product_tag":[44],"yoast_head":"<!-- This site is optimized with the Yoast SEO plugin v23.5 - https:\/\/yoast.com\/wordpress\/plugins\/seo\/ -->\n<title>JoBoxers \u200e\u2013 Like Gangbusters Vinilin\u0117 Plok\u0161tel\u0117 | Vinilozona.lt<\/title>\n<meta name=\"robots\" content=\"index, follow, max-snippet:-1, max-image-preview:large, max-video-preview:-1\" \/>\n<link rel=\"canonical\" href=\"https:\/\/vinilozona.lt\/en\/parduotuve\/rock-pop\/joboxers-\u200e-like-gangbusters\/\" \/>\n<meta property=\"og:locale\" content=\"en_GB\" \/>\n<meta property=\"og:type\" content=\"article\" \/>\n<meta property=\"og:title\" content=\"JoBoxers \u200e\u2013 Like Gangbusters Vinilin\u0117 Plok\u0161tel\u0117 | Vinilozona.lt\" \/>\n<meta property=\"og:description\" content=\"RCA \u200e\u2013 PL 70001\" \/>\n<meta property=\"og:url\" content=\"https:\/\/vinilozona.lt\/en\/parduotuve\/rock-pop\/joboxers-\u200e-like-gangbusters\/\" \/>\n<meta property=\"og:site_name\" content=\"Vinilo Zona\" \/>\n<meta property=\"og:image\" content=\"https:\/\/vinilozona.lt\/wp-content\/uploads\/2021\/02\/R-927948-1339324740-3267.jpeg.jpg\" \/>\n\t<meta property=\"og:image:width\" content=\"596\" \/>\n\t<meta property=\"og:image:height\" content=\"604\" \/>\n\t<meta property=\"og:image:type\" content=\"image\/jpeg\" \/>\n<meta name=\"twitter:card\" content=\"summary_large_image\" \/>\n<script type=\"application\/ld+json\" class=\"yoast-schema-graph\">{\"@context\":\"https:\/\/schema.org\",\"@graph\":[{\"@type\":\"WebPage\",\"@id\":\"https:\/\/vinilozona.lt\/parduotuve\/rock-pop\/joboxers-%e2%80%8e-like-gangbusters\/\",\"url\":\"https:\/\/vinilozona.lt\/parduotuve\/rock-pop\/joboxers-%e2%80%8e-like-gangbusters\/\",\"name\":\"JoBoxers \u200e\u2013 Like Gangbusters Vinilin\u0117 Plok\u0161tel\u0117 | Vinilozona.lt\",\"isPartOf\":{\"@id\":\"https:\/\/vinilozona.lt\/#website\"},\"primaryImageOfPage\":{\"@id\":\"https:\/\/vinilozona.lt\/parduotuve\/rock-pop\/joboxers-%e2%80%8e-like-gangbusters\/#primaryimage\"},\"image\":{\"@id\":\"https:\/\/vinilozona.lt\/parduotuve\/rock-pop\/joboxers-%e2%80%8e-like-gangbusters\/#primaryimage\"},\"thumbnailUrl\":\"https:\/\/vinilozona.lt\/wp-content\/uploads\/2021\/02\/R-927948-1339324740-3267.jpeg.jpg\",\"datePublished\":\"2021-02-25T11:40:12+00:00\",\"dateModified\":\"2021-02-25T11:40:12+00:00\",\"breadcrumb\":{\"@id\":\"https:\/\/vinilozona.lt\/parduotuve\/rock-pop\/joboxers-%e2%80%8e-like-gangbusters\/#breadcrumb\"},\"inLanguage\":\"en-GB\",\"potentialAction\":[{\"@type\":\"ReadAction\",\"target\":[\"https:\/\/vinilozona.lt\/parduotuve\/rock-pop\/joboxers-%e2%80%8e-like-gangbusters\/\"]}]},{\"@type\":\"ImageObject\",\"inLanguage\":\"en-GB\",\"@id\":\"https:\/\/vinilozona.lt\/parduotuve\/rock-pop\/joboxers-%e2%80%8e-like-gangbusters\/#primaryimage\",\"url\":\"https:\/\/vinilozona.lt\/wp-content\/uploads\/2021\/02\/R-927948-1339324740-3267.jpeg.jpg\",\"contentUrl\":\"https:\/\/vinilozona.lt\/wp-content\/uploads\/2021\/02\/R-927948-1339324740-3267.jpeg.jpg\",\"width\":596,\"height\":604},{\"@type\":\"BreadcrumbList\",\"@id\":\"https:\/\/vinilozona.lt\/parduotuve\/rock-pop\/joboxers-%e2%80%8e-like-gangbusters\/#breadcrumb\",\"itemListElement\":[{\"@type\":\"ListItem\",\"position\":1,\"name\":\"Home\",\"item\":\"https:\/\/vinilozona.lt\/\"},{\"@type\":\"ListItem\",\"position\":2,\"name\":\"Parduotuv\u0117\",\"item\":\"https:\/\/vinilozona.lt\/parduotuve\/\"},{\"@type\":\"ListItem\",\"position\":3,\"name\":\"JoBoxers \u200e\u2013 Like Gangbusters\"}]},{\"@type\":\"WebSite\",\"@id\":\"https:\/\/vinilozona.lt\/#website\",\"url\":\"https:\/\/vinilozona.lt\/\",\"name\":\"Vinilo Zona\",\"description\":\"Nup\u016bsk dulkes ir klausyk LP\",\"potentialAction\":[{\"@type\":\"SearchAction\",\"target\":{\"@type\":\"EntryPoint\",\"urlTemplate\":\"https:\/\/vinilozona.lt\/?s={search_term_string}\"},\"query-input\":{\"@type\":\"PropertyValueSpecification\",\"valueRequired\":true,\"valueName\":\"search_term_string\"}}],\"inLanguage\":\"en-GB\"}]}<\/script>\n<!-- \/ Yoast SEO plugin. -->","yoast_head_json":{"title":"JoBoxers \u200e\u2013 Like Gangbusters Vinilin\u0117 Plok\u0161tel\u0117 | Vinilozona.lt","robots":{"index":"index","follow":"follow","max-snippet":"max-snippet:-1","max-image-preview":"max-image-preview:large","max-video-preview":"max-video-preview:-1"},"canonical":"https:\/\/vinilozona.lt\/en\/parduotuve\/rock-pop\/joboxers-\u200e-like-gangbusters\/","og_locale":"en_GB","og_type":"article","og_title":"JoBoxers \u200e\u2013 Like Gangbusters Vinilin\u0117 Plok\u0161tel\u0117 | Vinilozona.lt","og_description":"RCA \u200e\u2013 PL 70001","og_url":"https:\/\/vinilozona.lt\/en\/parduotuve\/rock-pop\/joboxers-\u200e-like-gangbusters\/","og_site_name":"Vinilo Zona","og_image":[{"width":596,"height":604,"url":"https:\/\/vinilozona.lt\/wp-content\/uploads\/2021\/02\/R-927948-1339324740-3267.jpeg.jpg","type":"image\/jpeg"}],"twitter_card":"summary_large_image","schema":{"@context":"https:\/\/schema.org","@graph":[{"@type":"WebPage","@id":"https:\/\/vinilozona.lt\/parduotuve\/rock-pop\/joboxers-%e2%80%8e-like-gangbusters\/","url":"https:\/\/vinilozona.lt\/parduotuve\/rock-pop\/joboxers-%e2%80%8e-like-gangbusters\/","name":"JoBoxers \u200e\u2013 Like Gangbusters Vinilin\u0117 Plok\u0161tel\u0117 | Vinilozona.lt","isPartOf":{"@id":"https:\/\/vinilozona.lt\/#website"},"primaryImageOfPage":{"@id":"https:\/\/vinilozona.lt\/parduotuve\/rock-pop\/joboxers-%e2%80%8e-like-gangbusters\/#primaryimage"},"image":{"@id":"https:\/\/vinilozona.lt\/parduotuve\/rock-pop\/joboxers-%e2%80%8e-like-gangbusters\/#primaryimage"},"thumbnailUrl":"https:\/\/vinilozona.lt\/wp-content\/uploads\/2021\/02\/R-927948-1339324740-3267.jpeg.jpg","datePublished":"2021-02-25T11:40:12+00:00","dateModified":"2021-02-25T11:40:12+00:00","breadcrumb":{"@id":"https:\/\/vinilozona.lt\/parduotuve\/rock-pop\/joboxers-%e2%80%8e-like-gangbusters\/#breadcrumb"},"inLanguage":"en-GB","potentialAction":[{"@type":"ReadAction","target":["https:\/\/vinilozona.lt\/parduotuve\/rock-pop\/joboxers-%e2%80%8e-like-gangbusters\/"]}]},{"@type":"ImageObject","inLanguage":"en-GB","@id":"https:\/\/vinilozona.lt\/parduotuve\/rock-pop\/joboxers-%e2%80%8e-like-gangbusters\/#primaryimage","url":"https:\/\/vinilozona.lt\/wp-content\/uploads\/2021\/02\/R-927948-1339324740-3267.jpeg.jpg","contentUrl":"https:\/\/vinilozona.lt\/wp-content\/uploads\/2021\/02\/R-927948-1339324740-3267.jpeg.jpg","width":596,"height":604},{"@type":"BreadcrumbList","@id":"https:\/\/vinilozona.lt\/parduotuve\/rock-pop\/joboxers-%e2%80%8e-like-gangbusters\/#breadcrumb","itemListElement":[{"@type":"ListItem","position":1,"name":"Home","item":"https:\/\/vinilozona.lt\/"},{"@type":"ListItem","position":2,"name":"Parduotuv\u0117","item":"https:\/\/vinilozona.lt\/parduotuve\/"},{"@type":"ListItem","position":3,"name":"JoBoxers \u200e\u2013 Like Gangbusters"}]},{"@type":"WebSite","@id":"https:\/\/vinilozona.lt\/#website","url":"https:\/\/vinilozona.lt\/","name":"Vinilo Zona","description":"Nup\u016bsk dulkes ir klausyk LP","potentialAction":[{"@type":"SearchAction","target":{"@type":"EntryPoint","urlTemplate":"https:\/\/vinilozona.lt\/?s={search_term_string}"},"query-input":{"@type":"PropertyValueSpecification","valueRequired":true,"valueName":"search_term_string"}}],"inLanguage":"en-GB"}]}},"_links":{"self":[{"href":"https:\/\/vinilozona.lt\/en\/wp-json\/wp\/v2\/product\/14212"}],"collection":[{"href":"https:\/\/vinilozona.lt\/en\/wp-json\/wp\/v2\/product"}],"about":[{"href":"https:\/\/vinilozona.lt\/en\/wp-json\/wp\/v2\/types\/product"}],"wp:featuredmedia":[{"embeddable":true,"href":"https:\/\/vinilozona.lt\/en\/wp-json\/wp\/v2\/media\/14213"}],"wp:attachment":[{"href":"https:\/\/vinilozona.lt\/en\/wp-json\/wp\/v2\/media?parent=14212"}],"wp:term":[{"taxonomy":"product_cat","embeddable":true,"href":"https:\/\/vinilozona.lt\/en\/wp-json\/wp\/v2\/product_cat?post=14212"},{"taxonomy":"product_tag","embeddable":true,"href":"https:\/\/vinilozona.lt\/en\/wp-json\/wp\/v2\/product_tag?post=14212"}],"curies":[{"name":"wp","href":"https:\/\/api.w.org\/{rel}","templated":true}]}}