{"id":14199,"date":"2021-02-25T11:31:13","date_gmt":"2021-02-25T09:31:13","guid":{"rendered":"https:\/\/vinilozona.lt\/?post_type=product&#038;p=14199"},"modified":"2023-06-01T22:10:08","modified_gmt":"2023-06-01T19:10:08","slug":"danielius-dolskis-%e2%80%8e-danielius-dolskis","status":"publish","type":"product","link":"https:\/\/vinilozona.lt\/en\/parduotuve\/lietuviska\/danielius-dolskis-%e2%80%8e-danielius-dolskis\/","title":{"rendered":"Danielius Dolskis \u200e\u2013 Danielius Dolskis"},"content":{"rendered":"<p>A1 \tLeisk Man\t3:07<br \/>\nA2 \tLietuvait\u0117 \t3:09<br \/>\nA3 \tSudiev Sudiev&#8230; \t2:53<br \/>\nA4 \tKaip Mes Su Jonu Oper\u0105 \u017di\u016br\u0117jom&#8230; (Monologas) \t2:58<br \/>\nA5 \tMaryte, Onyte, Katryte&#8230; \t2:55<br \/>\nA6 \tSugr\u012f\u017ek&#8230; \t2:55<br \/>\nA7 \tKari\u0161kas Vaizdelis\t3:14<br \/>\nB1 \tA\u0161 Myliu Vasaros Rugiag\u0117les \t3:04<br \/>\nB2 \tPalangos J\u016broj\t2:57<br \/>\nB3 \tGegu\u017ein\u0117 (Komi\u0161kas Vaizdelis)\t3:05<br \/>\nB4 \tAmerikos Lietuvi\u0173 Pri\u0117mimas Kumpi\u0161kiuose&#8230; (Monologas) \t3:17<br \/>\nB5 \tSu Armonika \u012e Brazilij\u0105\t2:38<br \/>\nB6 \t\u010cigon\u0117s Akys \t3:03<br \/>\nB7 \tOnyte, Einam Su Manim Pa\u0161okti \t2:41<\/p>","protected":false},"excerpt":{"rendered":"<p>\u041c\u0435\u043b\u043e\u0434\u0438\u044f \u200e\u2013 \u041c60 48981 005<br \/>\nSeries:<br \/>\nLietuvi\u0173 Estrados Veteranai \u2013<br \/>\nFormat:<br \/>\nVinyl, LP, Compilation, Mono, Repress <\/p>","protected":false},"featured_media":14200,"template":"","meta":[],"product_cat":[19],"product_tag":[44],"yoast_head":"<!-- This site is optimized with the Yoast SEO plugin v23.5 - https:\/\/yoast.com\/wordpress\/plugins\/seo\/ -->\n<title>Danielius Dolskis \u200e\u2013 Danielius Dolskis Vinilin\u0117 Plok\u0161tel\u0117 | Vinilozona.lt<\/title>\n<meta name=\"robots\" content=\"index, follow, max-snippet:-1, max-image-preview:large, max-video-preview:-1\" \/>\n<link rel=\"canonical\" href=\"https:\/\/vinilozona.lt\/en\/parduotuve\/lietuviska\/danielius-dolskis-\u200e-danielius-dolskis\/\" \/>\n<meta property=\"og:locale\" content=\"en_GB\" \/>\n<meta property=\"og:type\" content=\"article\" \/>\n<meta property=\"og:title\" content=\"Danielius Dolskis \u200e\u2013 Danielius Dolskis Vinilin\u0117 Plok\u0161tel\u0117 | Vinilozona.lt\" \/>\n<meta property=\"og:description\" content=\"\u041c\u0435\u043b\u043e\u0434\u0438\u044f \u200e\u2013 \u041c60 48981 005 Series: Lietuvi\u0173 Estrados Veteranai \u2013 Format: Vinyl, LP, Compilation, Mono, Repress\" \/>\n<meta property=\"og:url\" content=\"https:\/\/vinilozona.lt\/en\/parduotuve\/lietuviska\/danielius-dolskis-\u200e-danielius-dolskis\/\" \/>\n<meta property=\"og:site_name\" content=\"Vinilo Zona\" \/>\n<meta property=\"article:modified_time\" content=\"2023-06-01T19:10:08+00:00\" \/>\n<meta property=\"og:image\" content=\"https:\/\/vinilozona.lt\/wp-content\/uploads\/2021\/02\/R-2539426-1293885961.jpeg.jpg\" \/>\n\t<meta property=\"og:image:width\" content=\"359\" \/>\n\t<meta property=\"og:image:height\" content=\"360\" \/>\n\t<meta property=\"og:image:type\" content=\"image\/jpeg\" \/>\n<meta name=\"twitter:card\" content=\"summary_large_image\" \/>\n<script type=\"application\/ld+json\" class=\"yoast-schema-graph\">{\"@context\":\"https:\/\/schema.org\",\"@graph\":[{\"@type\":\"WebPage\",\"@id\":\"https:\/\/vinilozona.lt\/parduotuve\/lietuviska\/danielius-dolskis-%e2%80%8e-danielius-dolskis\/\",\"url\":\"https:\/\/vinilozona.lt\/parduotuve\/lietuviska\/danielius-dolskis-%e2%80%8e-danielius-dolskis\/\",\"name\":\"Danielius Dolskis \u200e\u2013 Danielius Dolskis Vinilin\u0117 Plok\u0161tel\u0117 | Vinilozona.lt\",\"isPartOf\":{\"@id\":\"https:\/\/vinilozona.lt\/#website\"},\"primaryImageOfPage\":{\"@id\":\"https:\/\/vinilozona.lt\/parduotuve\/lietuviska\/danielius-dolskis-%e2%80%8e-danielius-dolskis\/#primaryimage\"},\"image\":{\"@id\":\"https:\/\/vinilozona.lt\/parduotuve\/lietuviska\/danielius-dolskis-%e2%80%8e-danielius-dolskis\/#primaryimage\"},\"thumbnailUrl\":\"https:\/\/vinilozona.lt\/wp-content\/uploads\/2021\/02\/R-2539426-1293885961.jpeg.jpg\",\"datePublished\":\"2021-02-25T09:31:13+00:00\",\"dateModified\":\"2023-06-01T19:10:08+00:00\",\"breadcrumb\":{\"@id\":\"https:\/\/vinilozona.lt\/parduotuve\/lietuviska\/danielius-dolskis-%e2%80%8e-danielius-dolskis\/#breadcrumb\"},\"inLanguage\":\"en-GB\",\"potentialAction\":[{\"@type\":\"ReadAction\",\"target\":[\"https:\/\/vinilozona.lt\/parduotuve\/lietuviska\/danielius-dolskis-%e2%80%8e-danielius-dolskis\/\"]}]},{\"@type\":\"ImageObject\",\"inLanguage\":\"en-GB\",\"@id\":\"https:\/\/vinilozona.lt\/parduotuve\/lietuviska\/danielius-dolskis-%e2%80%8e-danielius-dolskis\/#primaryimage\",\"url\":\"https:\/\/vinilozona.lt\/wp-content\/uploads\/2021\/02\/R-2539426-1293885961.jpeg.jpg\",\"contentUrl\":\"https:\/\/vinilozona.lt\/wp-content\/uploads\/2021\/02\/R-2539426-1293885961.jpeg.jpg\",\"width\":359,\"height\":360},{\"@type\":\"BreadcrumbList\",\"@id\":\"https:\/\/vinilozona.lt\/parduotuve\/lietuviska\/danielius-dolskis-%e2%80%8e-danielius-dolskis\/#breadcrumb\",\"itemListElement\":[{\"@type\":\"ListItem\",\"position\":1,\"name\":\"Home\",\"item\":\"https:\/\/vinilozona.lt\/\"},{\"@type\":\"ListItem\",\"position\":2,\"name\":\"Parduotuv\u0117\",\"item\":\"https:\/\/vinilozona.lt\/parduotuve\/\"},{\"@type\":\"ListItem\",\"position\":3,\"name\":\"Danielius Dolskis \u200e\u2013 Danielius Dolskis\"}]},{\"@type\":\"WebSite\",\"@id\":\"https:\/\/vinilozona.lt\/#website\",\"url\":\"https:\/\/vinilozona.lt\/\",\"name\":\"Vinilo Zona\",\"description\":\"Nup\u016bsk dulkes ir klausyk LP\",\"potentialAction\":[{\"@type\":\"SearchAction\",\"target\":{\"@type\":\"EntryPoint\",\"urlTemplate\":\"https:\/\/vinilozona.lt\/?s={search_term_string}\"},\"query-input\":{\"@type\":\"PropertyValueSpecification\",\"valueRequired\":true,\"valueName\":\"search_term_string\"}}],\"inLanguage\":\"en-GB\"}]}<\/script>\n<!-- \/ Yoast SEO plugin. -->","yoast_head_json":{"title":"Danielius Dolskis \u200e\u2013 Danielius Dolskis Vinilin\u0117 Plok\u0161tel\u0117 | Vinilozona.lt","robots":{"index":"index","follow":"follow","max-snippet":"max-snippet:-1","max-image-preview":"max-image-preview:large","max-video-preview":"max-video-preview:-1"},"canonical":"https:\/\/vinilozona.lt\/en\/parduotuve\/lietuviska\/danielius-dolskis-\u200e-danielius-dolskis\/","og_locale":"en_GB","og_type":"article","og_title":"Danielius Dolskis \u200e\u2013 Danielius Dolskis Vinilin\u0117 Plok\u0161tel\u0117 | Vinilozona.lt","og_description":"\u041c\u0435\u043b\u043e\u0434\u0438\u044f \u200e\u2013 \u041c60 48981 005 Series: Lietuvi\u0173 Estrados Veteranai \u2013 Format: Vinyl, LP, Compilation, Mono, Repress","og_url":"https:\/\/vinilozona.lt\/en\/parduotuve\/lietuviska\/danielius-dolskis-\u200e-danielius-dolskis\/","og_site_name":"Vinilo Zona","article_modified_time":"2023-06-01T19:10:08+00:00","og_image":[{"width":359,"height":360,"url":"https:\/\/vinilozona.lt\/wp-content\/uploads\/2021\/02\/R-2539426-1293885961.jpeg.jpg","type":"image\/jpeg"}],"twitter_card":"summary_large_image","schema":{"@context":"https:\/\/schema.org","@graph":[{"@type":"WebPage","@id":"https:\/\/vinilozona.lt\/parduotuve\/lietuviska\/danielius-dolskis-%e2%80%8e-danielius-dolskis\/","url":"https:\/\/vinilozona.lt\/parduotuve\/lietuviska\/danielius-dolskis-%e2%80%8e-danielius-dolskis\/","name":"Danielius Dolskis \u200e\u2013 Danielius Dolskis Vinilin\u0117 Plok\u0161tel\u0117 | Vinilozona.lt","isPartOf":{"@id":"https:\/\/vinilozona.lt\/#website"},"primaryImageOfPage":{"@id":"https:\/\/vinilozona.lt\/parduotuve\/lietuviska\/danielius-dolskis-%e2%80%8e-danielius-dolskis\/#primaryimage"},"image":{"@id":"https:\/\/vinilozona.lt\/parduotuve\/lietuviska\/danielius-dolskis-%e2%80%8e-danielius-dolskis\/#primaryimage"},"thumbnailUrl":"https:\/\/vinilozona.lt\/wp-content\/uploads\/2021\/02\/R-2539426-1293885961.jpeg.jpg","datePublished":"2021-02-25T09:31:13+00:00","dateModified":"2023-06-01T19:10:08+00:00","breadcrumb":{"@id":"https:\/\/vinilozona.lt\/parduotuve\/lietuviska\/danielius-dolskis-%e2%80%8e-danielius-dolskis\/#breadcrumb"},"inLanguage":"en-GB","potentialAction":[{"@type":"ReadAction","target":["https:\/\/vinilozona.lt\/parduotuve\/lietuviska\/danielius-dolskis-%e2%80%8e-danielius-dolskis\/"]}]},{"@type":"ImageObject","inLanguage":"en-GB","@id":"https:\/\/vinilozona.lt\/parduotuve\/lietuviska\/danielius-dolskis-%e2%80%8e-danielius-dolskis\/#primaryimage","url":"https:\/\/vinilozona.lt\/wp-content\/uploads\/2021\/02\/R-2539426-1293885961.jpeg.jpg","contentUrl":"https:\/\/vinilozona.lt\/wp-content\/uploads\/2021\/02\/R-2539426-1293885961.jpeg.jpg","width":359,"height":360},{"@type":"BreadcrumbList","@id":"https:\/\/vinilozona.lt\/parduotuve\/lietuviska\/danielius-dolskis-%e2%80%8e-danielius-dolskis\/#breadcrumb","itemListElement":[{"@type":"ListItem","position":1,"name":"Home","item":"https:\/\/vinilozona.lt\/"},{"@type":"ListItem","position":2,"name":"Parduotuv\u0117","item":"https:\/\/vinilozona.lt\/parduotuve\/"},{"@type":"ListItem","position":3,"name":"Danielius Dolskis \u200e\u2013 Danielius Dolskis"}]},{"@type":"WebSite","@id":"https:\/\/vinilozona.lt\/#website","url":"https:\/\/vinilozona.lt\/","name":"Vinilo Zona","description":"Nup\u016bsk dulkes ir klausyk LP","potentialAction":[{"@type":"SearchAction","target":{"@type":"EntryPoint","urlTemplate":"https:\/\/vinilozona.lt\/?s={search_term_string}"},"query-input":{"@type":"PropertyValueSpecification","valueRequired":true,"valueName":"search_term_string"}}],"inLanguage":"en-GB"}]}},"_links":{"self":[{"href":"https:\/\/vinilozona.lt\/en\/wp-json\/wp\/v2\/product\/14199"}],"collection":[{"href":"https:\/\/vinilozona.lt\/en\/wp-json\/wp\/v2\/product"}],"about":[{"href":"https:\/\/vinilozona.lt\/en\/wp-json\/wp\/v2\/types\/product"}],"wp:featuredmedia":[{"embeddable":true,"href":"https:\/\/vinilozona.lt\/en\/wp-json\/wp\/v2\/media\/14200"}],"wp:attachment":[{"href":"https:\/\/vinilozona.lt\/en\/wp-json\/wp\/v2\/media?parent=14199"}],"wp:term":[{"taxonomy":"product_cat","embeddable":true,"href":"https:\/\/vinilozona.lt\/en\/wp-json\/wp\/v2\/product_cat?post=14199"},{"taxonomy":"product_tag","embeddable":true,"href":"https:\/\/vinilozona.lt\/en\/wp-json\/wp\/v2\/product_tag?post=14199"}],"curies":[{"name":"wp","href":"https:\/\/api.w.org\/{rel}","templated":true}]}}