{"id":14189,"date":"2021-02-25T10:59:08","date_gmt":"2021-02-25T08:59:08","guid":{"rendered":"https:\/\/vinilozona.lt\/?post_type=product&#038;p=14189"},"modified":"2021-04-25T12:16:01","modified_gmt":"2021-04-25T09:16:01","slug":"birute-petrikyte-%e2%80%8e-birute-petrikyte","status":"publish","type":"product","link":"https:\/\/vinilozona.lt\/en\/parduotuve\/lietuviska\/birute-petrikyte-%e2%80%8e-birute-petrikyte\/","title":{"rendered":"Birut\u0117 Petrikyt\u0117 \u200e\u2013 Birut\u0117 Petrikyt\u0117"},"content":{"rendered":"<p>A1 \tT\u0117vynei\t3:50<br \/>\nA2 \t\u017dvaig\u017ed\u0117\t4:00<br \/>\nA3 \tSenas T\u0117vo Smuikas\t3:20<br \/>\nA4 \tM\u0117lynas Vakaras\t2:52<br \/>\nA5 \tKol Miega Vaikai\t4:40<br \/>\nB1 \tVil\u010di\u0173 Sodai\t2:30<br \/>\nB2 \tPamir\u0161ti Namai\t2:55<br \/>\nB3 \tAkvarel\u0117 Su Sniegena\t4:15<br \/>\nB4 \tKaip Tr\u016bksta Man Tav\u0119s\t3:47<br \/>\nB5 \tMano Dienos\t3:20<\/p>","protected":false},"excerpt":{"rendered":"<p>\u041c\u0435\u043b\u043e\u0434\u0438\u044f \u200e\u2013 \u042160 25953 004 <\/p>","protected":false},"featured_media":14190,"template":"","meta":[],"product_cat":[19],"product_tag":[44],"yoast_head":"<!-- This site is optimized with the Yoast SEO plugin v23.5 - https:\/\/yoast.com\/wordpress\/plugins\/seo\/ -->\n<title>Birut\u0117 Petrikyt\u0117 \u200e\u2013 Birut\u0117 Petrikyt\u0117 Vinilin\u0117 Plok\u0161tel\u0117 | Vinilozona.lt<\/title>\n<meta name=\"robots\" content=\"index, follow, max-snippet:-1, max-image-preview:large, max-video-preview:-1\" \/>\n<link rel=\"canonical\" href=\"https:\/\/vinilozona.lt\/en\/parduotuve\/lietuviska\/birute-petrikyte-\u200e-birute-petrikyte\/\" \/>\n<meta property=\"og:locale\" content=\"en_GB\" \/>\n<meta property=\"og:type\" content=\"article\" \/>\n<meta property=\"og:title\" content=\"Birut\u0117 Petrikyt\u0117 \u200e\u2013 Birut\u0117 Petrikyt\u0117 Vinilin\u0117 Plok\u0161tel\u0117 | Vinilozona.lt\" \/>\n<meta property=\"og:description\" content=\"\u041c\u0435\u043b\u043e\u0434\u0438\u044f \u200e\u2013 \u042160 25953 004\" \/>\n<meta property=\"og:url\" content=\"https:\/\/vinilozona.lt\/en\/parduotuve\/lietuviska\/birute-petrikyte-\u200e-birute-petrikyte\/\" \/>\n<meta property=\"og:site_name\" content=\"Vinilo Zona\" \/>\n<meta property=\"article:modified_time\" content=\"2021-04-25T09:16:01+00:00\" \/>\n<meta property=\"og:image\" content=\"https:\/\/vinilozona.lt\/wp-content\/uploads\/2021\/02\/R-2946613-1316368633.jpeg.jpg\" \/>\n\t<meta property=\"og:image:width\" content=\"600\" \/>\n\t<meta property=\"og:image:height\" content=\"595\" \/>\n\t<meta property=\"og:image:type\" content=\"image\/jpeg\" \/>\n<meta name=\"twitter:card\" content=\"summary_large_image\" \/>\n<script type=\"application\/ld+json\" class=\"yoast-schema-graph\">{\"@context\":\"https:\/\/schema.org\",\"@graph\":[{\"@type\":\"WebPage\",\"@id\":\"https:\/\/vinilozona.lt\/parduotuve\/lietuviska\/birute-petrikyte-%e2%80%8e-birute-petrikyte\/\",\"url\":\"https:\/\/vinilozona.lt\/parduotuve\/lietuviska\/birute-petrikyte-%e2%80%8e-birute-petrikyte\/\",\"name\":\"Birut\u0117 Petrikyt\u0117 \u200e\u2013 Birut\u0117 Petrikyt\u0117 Vinilin\u0117 Plok\u0161tel\u0117 | Vinilozona.lt\",\"isPartOf\":{\"@id\":\"https:\/\/vinilozona.lt\/#website\"},\"primaryImageOfPage\":{\"@id\":\"https:\/\/vinilozona.lt\/parduotuve\/lietuviska\/birute-petrikyte-%e2%80%8e-birute-petrikyte\/#primaryimage\"},\"image\":{\"@id\":\"https:\/\/vinilozona.lt\/parduotuve\/lietuviska\/birute-petrikyte-%e2%80%8e-birute-petrikyte\/#primaryimage\"},\"thumbnailUrl\":\"https:\/\/vinilozona.lt\/wp-content\/uploads\/2021\/02\/R-2946613-1316368633.jpeg.jpg\",\"datePublished\":\"2021-02-25T08:59:08+00:00\",\"dateModified\":\"2021-04-25T09:16:01+00:00\",\"breadcrumb\":{\"@id\":\"https:\/\/vinilozona.lt\/parduotuve\/lietuviska\/birute-petrikyte-%e2%80%8e-birute-petrikyte\/#breadcrumb\"},\"inLanguage\":\"en-GB\",\"potentialAction\":[{\"@type\":\"ReadAction\",\"target\":[\"https:\/\/vinilozona.lt\/parduotuve\/lietuviska\/birute-petrikyte-%e2%80%8e-birute-petrikyte\/\"]}]},{\"@type\":\"ImageObject\",\"inLanguage\":\"en-GB\",\"@id\":\"https:\/\/vinilozona.lt\/parduotuve\/lietuviska\/birute-petrikyte-%e2%80%8e-birute-petrikyte\/#primaryimage\",\"url\":\"https:\/\/vinilozona.lt\/wp-content\/uploads\/2021\/02\/R-2946613-1316368633.jpeg.jpg\",\"contentUrl\":\"https:\/\/vinilozona.lt\/wp-content\/uploads\/2021\/02\/R-2946613-1316368633.jpeg.jpg\",\"width\":600,\"height\":595},{\"@type\":\"BreadcrumbList\",\"@id\":\"https:\/\/vinilozona.lt\/parduotuve\/lietuviska\/birute-petrikyte-%e2%80%8e-birute-petrikyte\/#breadcrumb\",\"itemListElement\":[{\"@type\":\"ListItem\",\"position\":1,\"name\":\"Home\",\"item\":\"https:\/\/vinilozona.lt\/\"},{\"@type\":\"ListItem\",\"position\":2,\"name\":\"Parduotuv\u0117\",\"item\":\"https:\/\/vinilozona.lt\/parduotuve\/\"},{\"@type\":\"ListItem\",\"position\":3,\"name\":\"Birut\u0117 Petrikyt\u0117 \u200e\u2013 Birut\u0117 Petrikyt\u0117\"}]},{\"@type\":\"WebSite\",\"@id\":\"https:\/\/vinilozona.lt\/#website\",\"url\":\"https:\/\/vinilozona.lt\/\",\"name\":\"Vinilo Zona\",\"description\":\"Nup\u016bsk dulkes ir klausyk LP\",\"potentialAction\":[{\"@type\":\"SearchAction\",\"target\":{\"@type\":\"EntryPoint\",\"urlTemplate\":\"https:\/\/vinilozona.lt\/?s={search_term_string}\"},\"query-input\":{\"@type\":\"PropertyValueSpecification\",\"valueRequired\":true,\"valueName\":\"search_term_string\"}}],\"inLanguage\":\"en-GB\"}]}<\/script>\n<!-- \/ Yoast SEO plugin. -->","yoast_head_json":{"title":"Birut\u0117 Petrikyt\u0117 \u200e\u2013 Birut\u0117 Petrikyt\u0117 Vinilin\u0117 Plok\u0161tel\u0117 | Vinilozona.lt","robots":{"index":"index","follow":"follow","max-snippet":"max-snippet:-1","max-image-preview":"max-image-preview:large","max-video-preview":"max-video-preview:-1"},"canonical":"https:\/\/vinilozona.lt\/en\/parduotuve\/lietuviska\/birute-petrikyte-\u200e-birute-petrikyte\/","og_locale":"en_GB","og_type":"article","og_title":"Birut\u0117 Petrikyt\u0117 \u200e\u2013 Birut\u0117 Petrikyt\u0117 Vinilin\u0117 Plok\u0161tel\u0117 | Vinilozona.lt","og_description":"\u041c\u0435\u043b\u043e\u0434\u0438\u044f \u200e\u2013 \u042160 25953 004","og_url":"https:\/\/vinilozona.lt\/en\/parduotuve\/lietuviska\/birute-petrikyte-\u200e-birute-petrikyte\/","og_site_name":"Vinilo Zona","article_modified_time":"2021-04-25T09:16:01+00:00","og_image":[{"width":600,"height":595,"url":"https:\/\/vinilozona.lt\/wp-content\/uploads\/2021\/02\/R-2946613-1316368633.jpeg.jpg","type":"image\/jpeg"}],"twitter_card":"summary_large_image","schema":{"@context":"https:\/\/schema.org","@graph":[{"@type":"WebPage","@id":"https:\/\/vinilozona.lt\/parduotuve\/lietuviska\/birute-petrikyte-%e2%80%8e-birute-petrikyte\/","url":"https:\/\/vinilozona.lt\/parduotuve\/lietuviska\/birute-petrikyte-%e2%80%8e-birute-petrikyte\/","name":"Birut\u0117 Petrikyt\u0117 \u200e\u2013 Birut\u0117 Petrikyt\u0117 Vinilin\u0117 Plok\u0161tel\u0117 | Vinilozona.lt","isPartOf":{"@id":"https:\/\/vinilozona.lt\/#website"},"primaryImageOfPage":{"@id":"https:\/\/vinilozona.lt\/parduotuve\/lietuviska\/birute-petrikyte-%e2%80%8e-birute-petrikyte\/#primaryimage"},"image":{"@id":"https:\/\/vinilozona.lt\/parduotuve\/lietuviska\/birute-petrikyte-%e2%80%8e-birute-petrikyte\/#primaryimage"},"thumbnailUrl":"https:\/\/vinilozona.lt\/wp-content\/uploads\/2021\/02\/R-2946613-1316368633.jpeg.jpg","datePublished":"2021-02-25T08:59:08+00:00","dateModified":"2021-04-25T09:16:01+00:00","breadcrumb":{"@id":"https:\/\/vinilozona.lt\/parduotuve\/lietuviska\/birute-petrikyte-%e2%80%8e-birute-petrikyte\/#breadcrumb"},"inLanguage":"en-GB","potentialAction":[{"@type":"ReadAction","target":["https:\/\/vinilozona.lt\/parduotuve\/lietuviska\/birute-petrikyte-%e2%80%8e-birute-petrikyte\/"]}]},{"@type":"ImageObject","inLanguage":"en-GB","@id":"https:\/\/vinilozona.lt\/parduotuve\/lietuviska\/birute-petrikyte-%e2%80%8e-birute-petrikyte\/#primaryimage","url":"https:\/\/vinilozona.lt\/wp-content\/uploads\/2021\/02\/R-2946613-1316368633.jpeg.jpg","contentUrl":"https:\/\/vinilozona.lt\/wp-content\/uploads\/2021\/02\/R-2946613-1316368633.jpeg.jpg","width":600,"height":595},{"@type":"BreadcrumbList","@id":"https:\/\/vinilozona.lt\/parduotuve\/lietuviska\/birute-petrikyte-%e2%80%8e-birute-petrikyte\/#breadcrumb","itemListElement":[{"@type":"ListItem","position":1,"name":"Home","item":"https:\/\/vinilozona.lt\/"},{"@type":"ListItem","position":2,"name":"Parduotuv\u0117","item":"https:\/\/vinilozona.lt\/parduotuve\/"},{"@type":"ListItem","position":3,"name":"Birut\u0117 Petrikyt\u0117 \u200e\u2013 Birut\u0117 Petrikyt\u0117"}]},{"@type":"WebSite","@id":"https:\/\/vinilozona.lt\/#website","url":"https:\/\/vinilozona.lt\/","name":"Vinilo Zona","description":"Nup\u016bsk dulkes ir klausyk LP","potentialAction":[{"@type":"SearchAction","target":{"@type":"EntryPoint","urlTemplate":"https:\/\/vinilozona.lt\/?s={search_term_string}"},"query-input":{"@type":"PropertyValueSpecification","valueRequired":true,"valueName":"search_term_string"}}],"inLanguage":"en-GB"}]}},"_links":{"self":[{"href":"https:\/\/vinilozona.lt\/en\/wp-json\/wp\/v2\/product\/14189"}],"collection":[{"href":"https:\/\/vinilozona.lt\/en\/wp-json\/wp\/v2\/product"}],"about":[{"href":"https:\/\/vinilozona.lt\/en\/wp-json\/wp\/v2\/types\/product"}],"wp:featuredmedia":[{"embeddable":true,"href":"https:\/\/vinilozona.lt\/en\/wp-json\/wp\/v2\/media\/14190"}],"wp:attachment":[{"href":"https:\/\/vinilozona.lt\/en\/wp-json\/wp\/v2\/media?parent=14189"}],"wp:term":[{"taxonomy":"product_cat","embeddable":true,"href":"https:\/\/vinilozona.lt\/en\/wp-json\/wp\/v2\/product_cat?post=14189"},{"taxonomy":"product_tag","embeddable":true,"href":"https:\/\/vinilozona.lt\/en\/wp-json\/wp\/v2\/product_tag?post=14189"}],"curies":[{"name":"wp","href":"https:\/\/api.w.org\/{rel}","templated":true}]}}