{"id":14178,"date":"2024-02-23T12:36:28","date_gmt":"2024-02-23T10:36:28","guid":{"rendered":"https:\/\/vinilozona.lt\/?post_type=product&#038;p=14178"},"modified":"2024-09-28T20:08:14","modified_gmt":"2024-09-28T17:08:14","slug":"v-gubariovas-v-telksnys-%e2%80%8e-didysis-burtininkas","status":"publish","type":"product","link":"https:\/\/vinilozona.lt\/en\/parduotuve\/lietuviska\/v-gubariovas-v-telksnys-%e2%80%8e-didysis-burtininkas\/","title":{"rendered":"Vincas Kudirka \/ Maironis, Juozas Naujalis \u2013 Tauti\u0161ka Giesm\u0117 \/ Lietuva Brangi"},"content":{"rendered":"<p>A1\t\tTauti\u0161ka Giesm\u0117 (Choras Ir Orkestras)  1:34<br \/>\nA2\t\tTauti\u0161ka Giesm\u0117 (Choras)  1:24<br \/>\nA3\t\tTauti\u0161ka Giesm\u0117 (Orkestras)  1:43<br \/>\nA4\t\tTauti\u0161ka Giesm\u0117 (Pu\u010diam\u0173j\u0173 Instrument\u0173 Orkestras)  1:43<br \/>\nA5\t\tLietuva Brangi (Choras)  5:33<br \/>\nB1\t\tTauti\u0161ka Giesm\u0117 (Choras Ir Orkestras)  1:34<br \/>\nB2\t\tTauti\u0161ka Giesm\u0117 (Choras)  1:24<br \/>\nB3\t\tTauti\u0161ka Giesm\u0117 (Orkestras)  1:43<br \/>\nB4\t\tTauti\u0161ka Giesm\u0117 (Pu\u010diam\u0173j\u0173 Instrument\u0173 Orkestras)  1:43<br \/>\nB5\t\tLietuva Brangi (Choras)  5:33<\/p>","protected":false},"excerpt":{"rendered":"<p>\u041c\u0435\u043b\u043e\u0434\u0438\u044f \u2013 \u042110 28637 009<br \/>\nFormat:<br \/>\nVinyl, 12&#8243;, 33 \u2153 RPM<br \/>\nCountry:\tUSSR<br \/>\nReleased:\t1989<\/p>","protected":false},"featured_media":24960,"template":"","meta":[],"product_cat":[19,21],"product_tag":[44],"yoast_head":"<!-- This site is optimized with the Yoast SEO plugin v23.5 - https:\/\/yoast.com\/wordpress\/plugins\/seo\/ -->\n<title>Vincas Kudirka \/ Maironis, Juozas Naujalis \u2013 Tauti\u0161ka Giesm\u0117 \/ Lietuva Brangi Vinilin\u0117 Plok\u0161tel\u0117 | Vinilozona.lt<\/title>\n<meta name=\"robots\" content=\"index, follow, max-snippet:-1, max-image-preview:large, max-video-preview:-1\" \/>\n<link rel=\"canonical\" href=\"https:\/\/vinilozona.lt\/en\/parduotuve\/lietuviska\/v-gubariovas-v-telksnys-\u200e-didysis-burtininkas\/\" \/>\n<meta property=\"og:locale\" content=\"en_GB\" \/>\n<meta property=\"og:type\" content=\"article\" \/>\n<meta property=\"og:title\" content=\"Vincas Kudirka \/ Maironis, Juozas Naujalis \u2013 Tauti\u0161ka Giesm\u0117 \/ Lietuva Brangi Vinilin\u0117 Plok\u0161tel\u0117 | Vinilozona.lt\" \/>\n<meta property=\"og:description\" content=\"\u041c\u0435\u043b\u043e\u0434\u0438\u044f \u2013 \u042110 28637 009 Format:  Vinyl, 12&quot;, 33 \u2153 RPM Country: USSR Released: 1989\" \/>\n<meta property=\"og:url\" content=\"https:\/\/vinilozona.lt\/en\/parduotuve\/lietuviska\/v-gubariovas-v-telksnys-\u200e-didysis-burtininkas\/\" \/>\n<meta property=\"og:site_name\" content=\"Vinilo Zona\" \/>\n<meta property=\"article:modified_time\" content=\"2024-09-28T17:08:14+00:00\" \/>\n<meta property=\"og:image\" content=\"https:\/\/vinilozona.lt\/wp-content\/uploads\/2021\/02\/R-9940014-1490868843-3224.jpg\" \/>\n\t<meta property=\"og:image:width\" content=\"591\" \/>\n\t<meta property=\"og:image:height\" content=\"600\" \/>\n\t<meta property=\"og:image:type\" content=\"image\/jpeg\" \/>\n<meta name=\"twitter:card\" content=\"summary_large_image\" \/>\n<script type=\"application\/ld+json\" class=\"yoast-schema-graph\">{\"@context\":\"https:\/\/schema.org\",\"@graph\":[{\"@type\":\"WebPage\",\"@id\":\"https:\/\/vinilozona.lt\/parduotuve\/lietuviska\/v-gubariovas-v-telksnys-%e2%80%8e-didysis-burtininkas\/\",\"url\":\"https:\/\/vinilozona.lt\/parduotuve\/lietuviska\/v-gubariovas-v-telksnys-%e2%80%8e-didysis-burtininkas\/\",\"name\":\"Vincas Kudirka \/ Maironis, Juozas Naujalis \u2013 Tauti\u0161ka Giesm\u0117 \/ Lietuva Brangi Vinilin\u0117 Plok\u0161tel\u0117 | Vinilozona.lt\",\"isPartOf\":{\"@id\":\"https:\/\/vinilozona.lt\/#website\"},\"primaryImageOfPage\":{\"@id\":\"https:\/\/vinilozona.lt\/parduotuve\/lietuviska\/v-gubariovas-v-telksnys-%e2%80%8e-didysis-burtininkas\/#primaryimage\"},\"image\":{\"@id\":\"https:\/\/vinilozona.lt\/parduotuve\/lietuviska\/v-gubariovas-v-telksnys-%e2%80%8e-didysis-burtininkas\/#primaryimage\"},\"thumbnailUrl\":\"https:\/\/vinilozona.lt\/wp-content\/uploads\/2021\/02\/R-9940014-1490868843-3224.jpg\",\"datePublished\":\"2024-02-23T10:36:28+00:00\",\"dateModified\":\"2024-09-28T17:08:14+00:00\",\"breadcrumb\":{\"@id\":\"https:\/\/vinilozona.lt\/parduotuve\/lietuviska\/v-gubariovas-v-telksnys-%e2%80%8e-didysis-burtininkas\/#breadcrumb\"},\"inLanguage\":\"en-GB\",\"potentialAction\":[{\"@type\":\"ReadAction\",\"target\":[\"https:\/\/vinilozona.lt\/parduotuve\/lietuviska\/v-gubariovas-v-telksnys-%e2%80%8e-didysis-burtininkas\/\"]}]},{\"@type\":\"ImageObject\",\"inLanguage\":\"en-GB\",\"@id\":\"https:\/\/vinilozona.lt\/parduotuve\/lietuviska\/v-gubariovas-v-telksnys-%e2%80%8e-didysis-burtininkas\/#primaryimage\",\"url\":\"https:\/\/vinilozona.lt\/wp-content\/uploads\/2021\/02\/R-9940014-1490868843-3224.jpg\",\"contentUrl\":\"https:\/\/vinilozona.lt\/wp-content\/uploads\/2021\/02\/R-9940014-1490868843-3224.jpg\",\"width\":591,\"height\":600},{\"@type\":\"BreadcrumbList\",\"@id\":\"https:\/\/vinilozona.lt\/parduotuve\/lietuviska\/v-gubariovas-v-telksnys-%e2%80%8e-didysis-burtininkas\/#breadcrumb\",\"itemListElement\":[{\"@type\":\"ListItem\",\"position\":1,\"name\":\"Home\",\"item\":\"https:\/\/vinilozona.lt\/\"},{\"@type\":\"ListItem\",\"position\":2,\"name\":\"Parduotuv\u0117\",\"item\":\"https:\/\/vinilozona.lt\/parduotuve\/\"},{\"@type\":\"ListItem\",\"position\":3,\"name\":\"Vincas Kudirka \/ Maironis, Juozas Naujalis \u2013 Tauti\u0161ka Giesm\u0117 \/ Lietuva Brangi\"}]},{\"@type\":\"WebSite\",\"@id\":\"https:\/\/vinilozona.lt\/#website\",\"url\":\"https:\/\/vinilozona.lt\/\",\"name\":\"Vinilo Zona\",\"description\":\"Nup\u016bsk dulkes ir klausyk LP\",\"potentialAction\":[{\"@type\":\"SearchAction\",\"target\":{\"@type\":\"EntryPoint\",\"urlTemplate\":\"https:\/\/vinilozona.lt\/?s={search_term_string}\"},\"query-input\":{\"@type\":\"PropertyValueSpecification\",\"valueRequired\":true,\"valueName\":\"search_term_string\"}}],\"inLanguage\":\"en-GB\"}]}<\/script>\n<!-- \/ Yoast SEO plugin. -->","yoast_head_json":{"title":"Vincas Kudirka \/ Maironis, Juozas Naujalis \u2013 Tauti\u0161ka Giesm\u0117 \/ Lietuva Brangi Vinilin\u0117 Plok\u0161tel\u0117 | Vinilozona.lt","robots":{"index":"index","follow":"follow","max-snippet":"max-snippet:-1","max-image-preview":"max-image-preview:large","max-video-preview":"max-video-preview:-1"},"canonical":"https:\/\/vinilozona.lt\/en\/parduotuve\/lietuviska\/v-gubariovas-v-telksnys-\u200e-didysis-burtininkas\/","og_locale":"en_GB","og_type":"article","og_title":"Vincas Kudirka \/ Maironis, Juozas Naujalis \u2013 Tauti\u0161ka Giesm\u0117 \/ Lietuva Brangi Vinilin\u0117 Plok\u0161tel\u0117 | Vinilozona.lt","og_description":"\u041c\u0435\u043b\u043e\u0434\u0438\u044f \u2013 \u042110 28637 009 Format:  Vinyl, 12\", 33 \u2153 RPM Country: USSR Released: 1989","og_url":"https:\/\/vinilozona.lt\/en\/parduotuve\/lietuviska\/v-gubariovas-v-telksnys-\u200e-didysis-burtininkas\/","og_site_name":"Vinilo Zona","article_modified_time":"2024-09-28T17:08:14+00:00","og_image":[{"width":591,"height":600,"url":"https:\/\/vinilozona.lt\/wp-content\/uploads\/2021\/02\/R-9940014-1490868843-3224.jpg","type":"image\/jpeg"}],"twitter_card":"summary_large_image","schema":{"@context":"https:\/\/schema.org","@graph":[{"@type":"WebPage","@id":"https:\/\/vinilozona.lt\/parduotuve\/lietuviska\/v-gubariovas-v-telksnys-%e2%80%8e-didysis-burtininkas\/","url":"https:\/\/vinilozona.lt\/parduotuve\/lietuviska\/v-gubariovas-v-telksnys-%e2%80%8e-didysis-burtininkas\/","name":"Vincas Kudirka \/ Maironis, Juozas Naujalis \u2013 Tauti\u0161ka Giesm\u0117 \/ Lietuva Brangi Vinilin\u0117 Plok\u0161tel\u0117 | Vinilozona.lt","isPartOf":{"@id":"https:\/\/vinilozona.lt\/#website"},"primaryImageOfPage":{"@id":"https:\/\/vinilozona.lt\/parduotuve\/lietuviska\/v-gubariovas-v-telksnys-%e2%80%8e-didysis-burtininkas\/#primaryimage"},"image":{"@id":"https:\/\/vinilozona.lt\/parduotuve\/lietuviska\/v-gubariovas-v-telksnys-%e2%80%8e-didysis-burtininkas\/#primaryimage"},"thumbnailUrl":"https:\/\/vinilozona.lt\/wp-content\/uploads\/2021\/02\/R-9940014-1490868843-3224.jpg","datePublished":"2024-02-23T10:36:28+00:00","dateModified":"2024-09-28T17:08:14+00:00","breadcrumb":{"@id":"https:\/\/vinilozona.lt\/parduotuve\/lietuviska\/v-gubariovas-v-telksnys-%e2%80%8e-didysis-burtininkas\/#breadcrumb"},"inLanguage":"en-GB","potentialAction":[{"@type":"ReadAction","target":["https:\/\/vinilozona.lt\/parduotuve\/lietuviska\/v-gubariovas-v-telksnys-%e2%80%8e-didysis-burtininkas\/"]}]},{"@type":"ImageObject","inLanguage":"en-GB","@id":"https:\/\/vinilozona.lt\/parduotuve\/lietuviska\/v-gubariovas-v-telksnys-%e2%80%8e-didysis-burtininkas\/#primaryimage","url":"https:\/\/vinilozona.lt\/wp-content\/uploads\/2021\/02\/R-9940014-1490868843-3224.jpg","contentUrl":"https:\/\/vinilozona.lt\/wp-content\/uploads\/2021\/02\/R-9940014-1490868843-3224.jpg","width":591,"height":600},{"@type":"BreadcrumbList","@id":"https:\/\/vinilozona.lt\/parduotuve\/lietuviska\/v-gubariovas-v-telksnys-%e2%80%8e-didysis-burtininkas\/#breadcrumb","itemListElement":[{"@type":"ListItem","position":1,"name":"Home","item":"https:\/\/vinilozona.lt\/"},{"@type":"ListItem","position":2,"name":"Parduotuv\u0117","item":"https:\/\/vinilozona.lt\/parduotuve\/"},{"@type":"ListItem","position":3,"name":"Vincas Kudirka \/ Maironis, Juozas Naujalis \u2013 Tauti\u0161ka Giesm\u0117 \/ Lietuva Brangi"}]},{"@type":"WebSite","@id":"https:\/\/vinilozona.lt\/#website","url":"https:\/\/vinilozona.lt\/","name":"Vinilo Zona","description":"Nup\u016bsk dulkes ir klausyk LP","potentialAction":[{"@type":"SearchAction","target":{"@type":"EntryPoint","urlTemplate":"https:\/\/vinilozona.lt\/?s={search_term_string}"},"query-input":{"@type":"PropertyValueSpecification","valueRequired":true,"valueName":"search_term_string"}}],"inLanguage":"en-GB"}]}},"_links":{"self":[{"href":"https:\/\/vinilozona.lt\/en\/wp-json\/wp\/v2\/product\/14178"}],"collection":[{"href":"https:\/\/vinilozona.lt\/en\/wp-json\/wp\/v2\/product"}],"about":[{"href":"https:\/\/vinilozona.lt\/en\/wp-json\/wp\/v2\/types\/product"}],"wp:featuredmedia":[{"embeddable":true,"href":"https:\/\/vinilozona.lt\/en\/wp-json\/wp\/v2\/media\/24960"}],"wp:attachment":[{"href":"https:\/\/vinilozona.lt\/en\/wp-json\/wp\/v2\/media?parent=14178"}],"wp:term":[{"taxonomy":"product_cat","embeddable":true,"href":"https:\/\/vinilozona.lt\/en\/wp-json\/wp\/v2\/product_cat?post=14178"},{"taxonomy":"product_tag","embeddable":true,"href":"https:\/\/vinilozona.lt\/en\/wp-json\/wp\/v2\/product_tag?post=14178"}],"curies":[{"name":"wp","href":"https:\/\/api.w.org\/{rel}","templated":true}]}}