{"id":14148,"date":"2021-02-19T12:36:44","date_gmt":"2021-02-19T10:36:44","guid":{"rendered":"https:\/\/vinilozona.lt\/?post_type=product&#038;p=14148"},"modified":"2023-12-15T18:00:21","modified_gmt":"2023-12-15T16:00:21","slug":"dizzy-gillespie-%e2%80%8e-diz-delights","status":"publish","type":"product","link":"https:\/\/vinilozona.lt\/en\/parduotuve\/jazz\/dizzy-gillespie-%e2%80%8e-diz-delights\/","title":{"rendered":"Dizzy Gillespie \u200e\u2013 Diz Delights"},"content":{"rendered":"<p>A1 \t\u2013Dizzy Gillespie Septet \tFifty-Second Street Theme \t3:10<br \/>\nA2 \t\u2013Dizzy Gillespie Septet \tA Night In Tunisia \t3:03<br \/>\nA3 \t\u2013Dizzy Gillespie Septet \tAnthropology \t2:53<br \/>\nA4 \t\u2013Dizzy Gillespie And His Orchestra \tOw! \t2:56<br \/>\nA5 \t\u2013Dizzy Gillespie And His Orchestra \tOop-Pop-A-Da \t3:11<br \/>\nA6 \t\u2013Dizzy Gillespie And His Orchestra \tTwo Bass Hit \t2:45<br \/>\nB1 \t\u2013Dizzy Gillespie And His Orchestra \tStay On It \t3:12<br \/>\nB2 \t\u2013Dizzy Gillespie And His Orchestra \tWoody&#8217;N You \t3:12<br \/>\nB3 \t\u2013Dizzy Gillespie And His Orchestra \tCool Breeze \t2:44<br \/>\nB4 \t\u2013Dizzy Gillespie And His Orchestra \tManteca \t3:04<br \/>\nB5 \t\u2013Dizzy Gillespie And His Orchestra \tGood Bait \t2:45<br \/>\nB6 \t\u2013Dizzy Gillespie And His Orchestra \tOol-Ya-Koo \t2:47<\/p>","protected":false},"excerpt":{"rendered":"<p>RCA \u200e\u2013 CL89804<br \/>\nSeries:<br \/>\nRCA Jazz Edition <\/p>","protected":false},"featured_media":14149,"template":"","meta":[],"product_cat":[20],"product_tag":[44],"yoast_head":"<!-- This site is optimized with the Yoast SEO plugin v23.5 - https:\/\/yoast.com\/wordpress\/plugins\/seo\/ -->\n<title>Dizzy Gillespie \u200e\u2013 Diz Delights Vinilin\u0117 Plok\u0161tel\u0117 | Vinilozona.lt<\/title>\n<meta name=\"robots\" content=\"index, follow, max-snippet:-1, max-image-preview:large, max-video-preview:-1\" \/>\n<link rel=\"canonical\" href=\"https:\/\/vinilozona.lt\/en\/parduotuve\/jazz\/dizzy-gillespie-\u200e-diz-delights\/\" \/>\n<meta property=\"og:locale\" content=\"en_GB\" \/>\n<meta property=\"og:type\" content=\"article\" \/>\n<meta property=\"og:title\" content=\"Dizzy Gillespie \u200e\u2013 Diz Delights Vinilin\u0117 Plok\u0161tel\u0117 | Vinilozona.lt\" \/>\n<meta property=\"og:description\" content=\"RCA \u200e\u2013 CL89804 Series: RCA Jazz Edition\" \/>\n<meta property=\"og:url\" content=\"https:\/\/vinilozona.lt\/en\/parduotuve\/jazz\/dizzy-gillespie-\u200e-diz-delights\/\" \/>\n<meta property=\"og:site_name\" content=\"Vinilo Zona\" \/>\n<meta property=\"article:modified_time\" content=\"2023-12-15T16:00:21+00:00\" \/>\n<meta property=\"og:image\" content=\"https:\/\/vinilozona.lt\/wp-content\/uploads\/2021\/02\/R-3451426-1429025336-6751.jpeg.jpg\" \/>\n\t<meta property=\"og:image:width\" content=\"598\" \/>\n\t<meta property=\"og:image:height\" content=\"600\" \/>\n\t<meta property=\"og:image:type\" content=\"image\/jpeg\" \/>\n<meta name=\"twitter:card\" content=\"summary_large_image\" \/>\n<script type=\"application\/ld+json\" class=\"yoast-schema-graph\">{\"@context\":\"https:\/\/schema.org\",\"@graph\":[{\"@type\":\"WebPage\",\"@id\":\"https:\/\/vinilozona.lt\/parduotuve\/jazz\/dizzy-gillespie-%e2%80%8e-diz-delights\/\",\"url\":\"https:\/\/vinilozona.lt\/parduotuve\/jazz\/dizzy-gillespie-%e2%80%8e-diz-delights\/\",\"name\":\"Dizzy Gillespie \u200e\u2013 Diz Delights Vinilin\u0117 Plok\u0161tel\u0117 | Vinilozona.lt\",\"isPartOf\":{\"@id\":\"https:\/\/vinilozona.lt\/#website\"},\"primaryImageOfPage\":{\"@id\":\"https:\/\/vinilozona.lt\/parduotuve\/jazz\/dizzy-gillespie-%e2%80%8e-diz-delights\/#primaryimage\"},\"image\":{\"@id\":\"https:\/\/vinilozona.lt\/parduotuve\/jazz\/dizzy-gillespie-%e2%80%8e-diz-delights\/#primaryimage\"},\"thumbnailUrl\":\"https:\/\/vinilozona.lt\/wp-content\/uploads\/2021\/02\/R-3451426-1429025336-6751.jpeg.jpg\",\"datePublished\":\"2021-02-19T10:36:44+00:00\",\"dateModified\":\"2023-12-15T16:00:21+00:00\",\"breadcrumb\":{\"@id\":\"https:\/\/vinilozona.lt\/parduotuve\/jazz\/dizzy-gillespie-%e2%80%8e-diz-delights\/#breadcrumb\"},\"inLanguage\":\"en-GB\",\"potentialAction\":[{\"@type\":\"ReadAction\",\"target\":[\"https:\/\/vinilozona.lt\/parduotuve\/jazz\/dizzy-gillespie-%e2%80%8e-diz-delights\/\"]}]},{\"@type\":\"ImageObject\",\"inLanguage\":\"en-GB\",\"@id\":\"https:\/\/vinilozona.lt\/parduotuve\/jazz\/dizzy-gillespie-%e2%80%8e-diz-delights\/#primaryimage\",\"url\":\"https:\/\/vinilozona.lt\/wp-content\/uploads\/2021\/02\/R-3451426-1429025336-6751.jpeg.jpg\",\"contentUrl\":\"https:\/\/vinilozona.lt\/wp-content\/uploads\/2021\/02\/R-3451426-1429025336-6751.jpeg.jpg\",\"width\":598,\"height\":600},{\"@type\":\"BreadcrumbList\",\"@id\":\"https:\/\/vinilozona.lt\/parduotuve\/jazz\/dizzy-gillespie-%e2%80%8e-diz-delights\/#breadcrumb\",\"itemListElement\":[{\"@type\":\"ListItem\",\"position\":1,\"name\":\"Home\",\"item\":\"https:\/\/vinilozona.lt\/\"},{\"@type\":\"ListItem\",\"position\":2,\"name\":\"Parduotuv\u0117\",\"item\":\"https:\/\/vinilozona.lt\/parduotuve\/\"},{\"@type\":\"ListItem\",\"position\":3,\"name\":\"Dizzy Gillespie \u200e\u2013 Diz Delights\"}]},{\"@type\":\"WebSite\",\"@id\":\"https:\/\/vinilozona.lt\/#website\",\"url\":\"https:\/\/vinilozona.lt\/\",\"name\":\"Vinilo Zona\",\"description\":\"Nup\u016bsk dulkes ir klausyk LP\",\"potentialAction\":[{\"@type\":\"SearchAction\",\"target\":{\"@type\":\"EntryPoint\",\"urlTemplate\":\"https:\/\/vinilozona.lt\/?s={search_term_string}\"},\"query-input\":{\"@type\":\"PropertyValueSpecification\",\"valueRequired\":true,\"valueName\":\"search_term_string\"}}],\"inLanguage\":\"en-GB\"}]}<\/script>\n<!-- \/ Yoast SEO plugin. -->","yoast_head_json":{"title":"Dizzy Gillespie \u200e\u2013 Diz Delights Vinilin\u0117 Plok\u0161tel\u0117 | Vinilozona.lt","robots":{"index":"index","follow":"follow","max-snippet":"max-snippet:-1","max-image-preview":"max-image-preview:large","max-video-preview":"max-video-preview:-1"},"canonical":"https:\/\/vinilozona.lt\/en\/parduotuve\/jazz\/dizzy-gillespie-\u200e-diz-delights\/","og_locale":"en_GB","og_type":"article","og_title":"Dizzy Gillespie \u200e\u2013 Diz Delights Vinilin\u0117 Plok\u0161tel\u0117 | Vinilozona.lt","og_description":"RCA \u200e\u2013 CL89804 Series: RCA Jazz Edition","og_url":"https:\/\/vinilozona.lt\/en\/parduotuve\/jazz\/dizzy-gillespie-\u200e-diz-delights\/","og_site_name":"Vinilo Zona","article_modified_time":"2023-12-15T16:00:21+00:00","og_image":[{"width":598,"height":600,"url":"https:\/\/vinilozona.lt\/wp-content\/uploads\/2021\/02\/R-3451426-1429025336-6751.jpeg.jpg","type":"image\/jpeg"}],"twitter_card":"summary_large_image","schema":{"@context":"https:\/\/schema.org","@graph":[{"@type":"WebPage","@id":"https:\/\/vinilozona.lt\/parduotuve\/jazz\/dizzy-gillespie-%e2%80%8e-diz-delights\/","url":"https:\/\/vinilozona.lt\/parduotuve\/jazz\/dizzy-gillespie-%e2%80%8e-diz-delights\/","name":"Dizzy Gillespie \u200e\u2013 Diz Delights Vinilin\u0117 Plok\u0161tel\u0117 | Vinilozona.lt","isPartOf":{"@id":"https:\/\/vinilozona.lt\/#website"},"primaryImageOfPage":{"@id":"https:\/\/vinilozona.lt\/parduotuve\/jazz\/dizzy-gillespie-%e2%80%8e-diz-delights\/#primaryimage"},"image":{"@id":"https:\/\/vinilozona.lt\/parduotuve\/jazz\/dizzy-gillespie-%e2%80%8e-diz-delights\/#primaryimage"},"thumbnailUrl":"https:\/\/vinilozona.lt\/wp-content\/uploads\/2021\/02\/R-3451426-1429025336-6751.jpeg.jpg","datePublished":"2021-02-19T10:36:44+00:00","dateModified":"2023-12-15T16:00:21+00:00","breadcrumb":{"@id":"https:\/\/vinilozona.lt\/parduotuve\/jazz\/dizzy-gillespie-%e2%80%8e-diz-delights\/#breadcrumb"},"inLanguage":"en-GB","potentialAction":[{"@type":"ReadAction","target":["https:\/\/vinilozona.lt\/parduotuve\/jazz\/dizzy-gillespie-%e2%80%8e-diz-delights\/"]}]},{"@type":"ImageObject","inLanguage":"en-GB","@id":"https:\/\/vinilozona.lt\/parduotuve\/jazz\/dizzy-gillespie-%e2%80%8e-diz-delights\/#primaryimage","url":"https:\/\/vinilozona.lt\/wp-content\/uploads\/2021\/02\/R-3451426-1429025336-6751.jpeg.jpg","contentUrl":"https:\/\/vinilozona.lt\/wp-content\/uploads\/2021\/02\/R-3451426-1429025336-6751.jpeg.jpg","width":598,"height":600},{"@type":"BreadcrumbList","@id":"https:\/\/vinilozona.lt\/parduotuve\/jazz\/dizzy-gillespie-%e2%80%8e-diz-delights\/#breadcrumb","itemListElement":[{"@type":"ListItem","position":1,"name":"Home","item":"https:\/\/vinilozona.lt\/"},{"@type":"ListItem","position":2,"name":"Parduotuv\u0117","item":"https:\/\/vinilozona.lt\/parduotuve\/"},{"@type":"ListItem","position":3,"name":"Dizzy Gillespie \u200e\u2013 Diz Delights"}]},{"@type":"WebSite","@id":"https:\/\/vinilozona.lt\/#website","url":"https:\/\/vinilozona.lt\/","name":"Vinilo Zona","description":"Nup\u016bsk dulkes ir klausyk LP","potentialAction":[{"@type":"SearchAction","target":{"@type":"EntryPoint","urlTemplate":"https:\/\/vinilozona.lt\/?s={search_term_string}"},"query-input":{"@type":"PropertyValueSpecification","valueRequired":true,"valueName":"search_term_string"}}],"inLanguage":"en-GB"}]}},"_links":{"self":[{"href":"https:\/\/vinilozona.lt\/en\/wp-json\/wp\/v2\/product\/14148"}],"collection":[{"href":"https:\/\/vinilozona.lt\/en\/wp-json\/wp\/v2\/product"}],"about":[{"href":"https:\/\/vinilozona.lt\/en\/wp-json\/wp\/v2\/types\/product"}],"wp:featuredmedia":[{"embeddable":true,"href":"https:\/\/vinilozona.lt\/en\/wp-json\/wp\/v2\/media\/14149"}],"wp:attachment":[{"href":"https:\/\/vinilozona.lt\/en\/wp-json\/wp\/v2\/media?parent=14148"}],"wp:term":[{"taxonomy":"product_cat","embeddable":true,"href":"https:\/\/vinilozona.lt\/en\/wp-json\/wp\/v2\/product_cat?post=14148"},{"taxonomy":"product_tag","embeddable":true,"href":"https:\/\/vinilozona.lt\/en\/wp-json\/wp\/v2\/product_tag?post=14148"}],"curies":[{"name":"wp","href":"https:\/\/api.w.org\/{rel}","templated":true}]}}