{"id":14128,"date":"2023-09-05T05:10:59","date_gmt":"2023-09-05T02:10:59","guid":{"rendered":"https:\/\/vinilozona.lt\/?post_type=product&#038;p=14128"},"modified":"2024-04-01T12:33:58","modified_gmt":"2024-04-01T09:33:58","slug":"creedence-clearwater-revival-%e2%80%8e-chronicle-the-20-greatest-hits","status":"publish","type":"product","link":"https:\/\/vinilozona.lt\/en\/parduotuve\/rock-pop\/creedence-clearwater-revival-%e2%80%8e-chronicle-the-20-greatest-hits\/","title":{"rendered":"Creedence Clearwater Revival \u2013 Creedence Clearwater Revival 1969   2LP"},"content":{"rendered":"<p>A1\t\tGreen River\t2:31<br \/>\nA2\t\tCommotion\t2:37<br \/>\nA3\t\tTombstone Shadow\t3:36<br \/>\nA4\t\tWrote A Song For Everyone\t4:55<br \/>\nB1\t\tBad Moon Rising\t2:17<br \/>\nB2\t\tLodi\t3:08<br \/>\nB3\t\tCross-Tie Walker\t3:17<br \/>\nB4\t\tSinister Purpose\t3:19<br \/>\nB5\t\tThe Night Time Is The Right Time  3:07<br \/>\nC1\t\tDown On The Corner\t2:43<br \/>\nC2\t\tIt Came Out Of The Sky\t2:58<br \/>\nC3\t\tCotton Fields  2:53<br \/>\nC4\t\tPoorboy Shuffle\t2:25<br \/>\nC5\t\tFeelin&#8217; Blue\t5:05<br \/>\nD1\t\tFortunate Son\t2:20<br \/>\nD2\t\tDon&#8217;t Look Now\t2:08<br \/>\nD3\t\tThe Midnight Special  4:10<br \/>\nD4\t\tSide O&#8217; The Road\t3:21<br \/>\nD5\t\tEffigy\t6:28<\/p>","protected":false},"excerpt":{"rendered":"<p>Fantasy \u2013 FAN 96-6\/7<br \/>\nFormat:<br \/>\n2 x Vinyl, LP, Compilation, Gatefold<br \/>\nCountry:\tPortugal<br \/>\nReleased:\t1978<\/p>","protected":false},"featured_media":22857,"template":"","meta":[],"product_cat":[15],"product_tag":[44],"yoast_head":"<!-- This site is optimized with the Yoast SEO plugin v23.5 - https:\/\/yoast.com\/wordpress\/plugins\/seo\/ -->\n<title>Creedence Clearwater Revival \u2013 Creedence Clearwater Revival 1969  2LP Vinilin\u0117 Plok\u0161tel\u0117 | Vinilozona.lt<\/title>\n<meta name=\"robots\" content=\"index, follow, max-snippet:-1, max-image-preview:large, max-video-preview:-1\" \/>\n<link rel=\"canonical\" href=\"https:\/\/vinilozona.lt\/en\/parduotuve\/rock-pop\/creedence-clearwater-revival-\u200e-chronicle-the-20-greatest-hits\/\" \/>\n<meta property=\"og:locale\" content=\"en_GB\" \/>\n<meta property=\"og:type\" content=\"article\" \/>\n<meta property=\"og:title\" content=\"Creedence Clearwater Revival \u2013 Creedence Clearwater Revival 1969  2LP Vinilin\u0117 Plok\u0161tel\u0117 | Vinilozona.lt\" \/>\n<meta property=\"og:description\" content=\"Fantasy \u2013 FAN 96-6\/7 Format:  2 x Vinyl, LP, Compilation, Gatefold Country: Portugal Released: 1978\" \/>\n<meta property=\"og:url\" content=\"https:\/\/vinilozona.lt\/en\/parduotuve\/rock-pop\/creedence-clearwater-revival-\u200e-chronicle-the-20-greatest-hits\/\" \/>\n<meta property=\"og:site_name\" content=\"Vinilo Zona\" \/>\n<meta property=\"article:modified_time\" content=\"2024-04-01T09:33:58+00:00\" \/>\n<meta property=\"og:image\" content=\"https:\/\/vinilozona.lt\/wp-content\/uploads\/2021\/02\/R-4462178-1369297144-5850.jpg\" \/>\n\t<meta property=\"og:image:width\" content=\"600\" \/>\n\t<meta property=\"og:image:height\" content=\"600\" \/>\n\t<meta property=\"og:image:type\" content=\"image\/jpeg\" \/>\n<meta name=\"twitter:card\" content=\"summary_large_image\" \/>\n<script type=\"application\/ld+json\" class=\"yoast-schema-graph\">{\"@context\":\"https:\/\/schema.org\",\"@graph\":[{\"@type\":\"WebPage\",\"@id\":\"https:\/\/vinilozona.lt\/parduotuve\/rock-pop\/creedence-clearwater-revival-%e2%80%8e-chronicle-the-20-greatest-hits\/\",\"url\":\"https:\/\/vinilozona.lt\/parduotuve\/rock-pop\/creedence-clearwater-revival-%e2%80%8e-chronicle-the-20-greatest-hits\/\",\"name\":\"Creedence Clearwater Revival \u2013 Creedence Clearwater Revival 1969 2LP Vinilin\u0117 Plok\u0161tel\u0117 | Vinilozona.lt\",\"isPartOf\":{\"@id\":\"https:\/\/vinilozona.lt\/#website\"},\"primaryImageOfPage\":{\"@id\":\"https:\/\/vinilozona.lt\/parduotuve\/rock-pop\/creedence-clearwater-revival-%e2%80%8e-chronicle-the-20-greatest-hits\/#primaryimage\"},\"image\":{\"@id\":\"https:\/\/vinilozona.lt\/parduotuve\/rock-pop\/creedence-clearwater-revival-%e2%80%8e-chronicle-the-20-greatest-hits\/#primaryimage\"},\"thumbnailUrl\":\"https:\/\/vinilozona.lt\/wp-content\/uploads\/2021\/02\/R-4462178-1369297144-5850.jpg\",\"datePublished\":\"2023-09-05T02:10:59+00:00\",\"dateModified\":\"2024-04-01T09:33:58+00:00\",\"breadcrumb\":{\"@id\":\"https:\/\/vinilozona.lt\/parduotuve\/rock-pop\/creedence-clearwater-revival-%e2%80%8e-chronicle-the-20-greatest-hits\/#breadcrumb\"},\"inLanguage\":\"en-GB\",\"potentialAction\":[{\"@type\":\"ReadAction\",\"target\":[\"https:\/\/vinilozona.lt\/parduotuve\/rock-pop\/creedence-clearwater-revival-%e2%80%8e-chronicle-the-20-greatest-hits\/\"]}]},{\"@type\":\"ImageObject\",\"inLanguage\":\"en-GB\",\"@id\":\"https:\/\/vinilozona.lt\/parduotuve\/rock-pop\/creedence-clearwater-revival-%e2%80%8e-chronicle-the-20-greatest-hits\/#primaryimage\",\"url\":\"https:\/\/vinilozona.lt\/wp-content\/uploads\/2021\/02\/R-4462178-1369297144-5850.jpg\",\"contentUrl\":\"https:\/\/vinilozona.lt\/wp-content\/uploads\/2021\/02\/R-4462178-1369297144-5850.jpg\",\"width\":600,\"height\":600},{\"@type\":\"BreadcrumbList\",\"@id\":\"https:\/\/vinilozona.lt\/parduotuve\/rock-pop\/creedence-clearwater-revival-%e2%80%8e-chronicle-the-20-greatest-hits\/#breadcrumb\",\"itemListElement\":[{\"@type\":\"ListItem\",\"position\":1,\"name\":\"Home\",\"item\":\"https:\/\/vinilozona.lt\/\"},{\"@type\":\"ListItem\",\"position\":2,\"name\":\"Parduotuv\u0117\",\"item\":\"https:\/\/vinilozona.lt\/parduotuve\/\"},{\"@type\":\"ListItem\",\"position\":3,\"name\":\"Creedence Clearwater Revival \u2013 Creedence Clearwater Revival 1969 2LP\"}]},{\"@type\":\"WebSite\",\"@id\":\"https:\/\/vinilozona.lt\/#website\",\"url\":\"https:\/\/vinilozona.lt\/\",\"name\":\"Vinilo Zona\",\"description\":\"Nup\u016bsk dulkes ir klausyk LP\",\"potentialAction\":[{\"@type\":\"SearchAction\",\"target\":{\"@type\":\"EntryPoint\",\"urlTemplate\":\"https:\/\/vinilozona.lt\/?s={search_term_string}\"},\"query-input\":{\"@type\":\"PropertyValueSpecification\",\"valueRequired\":true,\"valueName\":\"search_term_string\"}}],\"inLanguage\":\"en-GB\"}]}<\/script>\n<!-- \/ Yoast SEO plugin. -->","yoast_head_json":{"title":"Creedence Clearwater Revival \u2013 Creedence Clearwater Revival 1969  2LP Vinilin\u0117 Plok\u0161tel\u0117 | Vinilozona.lt","robots":{"index":"index","follow":"follow","max-snippet":"max-snippet:-1","max-image-preview":"max-image-preview:large","max-video-preview":"max-video-preview:-1"},"canonical":"https:\/\/vinilozona.lt\/en\/parduotuve\/rock-pop\/creedence-clearwater-revival-\u200e-chronicle-the-20-greatest-hits\/","og_locale":"en_GB","og_type":"article","og_title":"Creedence Clearwater Revival \u2013 Creedence Clearwater Revival 1969  2LP Vinilin\u0117 Plok\u0161tel\u0117 | Vinilozona.lt","og_description":"Fantasy \u2013 FAN 96-6\/7 Format:  2 x Vinyl, LP, Compilation, Gatefold Country: Portugal Released: 1978","og_url":"https:\/\/vinilozona.lt\/en\/parduotuve\/rock-pop\/creedence-clearwater-revival-\u200e-chronicle-the-20-greatest-hits\/","og_site_name":"Vinilo Zona","article_modified_time":"2024-04-01T09:33:58+00:00","og_image":[{"width":600,"height":600,"url":"https:\/\/vinilozona.lt\/wp-content\/uploads\/2021\/02\/R-4462178-1369297144-5850.jpg","type":"image\/jpeg"}],"twitter_card":"summary_large_image","schema":{"@context":"https:\/\/schema.org","@graph":[{"@type":"WebPage","@id":"https:\/\/vinilozona.lt\/parduotuve\/rock-pop\/creedence-clearwater-revival-%e2%80%8e-chronicle-the-20-greatest-hits\/","url":"https:\/\/vinilozona.lt\/parduotuve\/rock-pop\/creedence-clearwater-revival-%e2%80%8e-chronicle-the-20-greatest-hits\/","name":"Creedence Clearwater Revival \u2013 Creedence Clearwater Revival 1969 2LP Vinilin\u0117 Plok\u0161tel\u0117 | Vinilozona.lt","isPartOf":{"@id":"https:\/\/vinilozona.lt\/#website"},"primaryImageOfPage":{"@id":"https:\/\/vinilozona.lt\/parduotuve\/rock-pop\/creedence-clearwater-revival-%e2%80%8e-chronicle-the-20-greatest-hits\/#primaryimage"},"image":{"@id":"https:\/\/vinilozona.lt\/parduotuve\/rock-pop\/creedence-clearwater-revival-%e2%80%8e-chronicle-the-20-greatest-hits\/#primaryimage"},"thumbnailUrl":"https:\/\/vinilozona.lt\/wp-content\/uploads\/2021\/02\/R-4462178-1369297144-5850.jpg","datePublished":"2023-09-05T02:10:59+00:00","dateModified":"2024-04-01T09:33:58+00:00","breadcrumb":{"@id":"https:\/\/vinilozona.lt\/parduotuve\/rock-pop\/creedence-clearwater-revival-%e2%80%8e-chronicle-the-20-greatest-hits\/#breadcrumb"},"inLanguage":"en-GB","potentialAction":[{"@type":"ReadAction","target":["https:\/\/vinilozona.lt\/parduotuve\/rock-pop\/creedence-clearwater-revival-%e2%80%8e-chronicle-the-20-greatest-hits\/"]}]},{"@type":"ImageObject","inLanguage":"en-GB","@id":"https:\/\/vinilozona.lt\/parduotuve\/rock-pop\/creedence-clearwater-revival-%e2%80%8e-chronicle-the-20-greatest-hits\/#primaryimage","url":"https:\/\/vinilozona.lt\/wp-content\/uploads\/2021\/02\/R-4462178-1369297144-5850.jpg","contentUrl":"https:\/\/vinilozona.lt\/wp-content\/uploads\/2021\/02\/R-4462178-1369297144-5850.jpg","width":600,"height":600},{"@type":"BreadcrumbList","@id":"https:\/\/vinilozona.lt\/parduotuve\/rock-pop\/creedence-clearwater-revival-%e2%80%8e-chronicle-the-20-greatest-hits\/#breadcrumb","itemListElement":[{"@type":"ListItem","position":1,"name":"Home","item":"https:\/\/vinilozona.lt\/"},{"@type":"ListItem","position":2,"name":"Parduotuv\u0117","item":"https:\/\/vinilozona.lt\/parduotuve\/"},{"@type":"ListItem","position":3,"name":"Creedence Clearwater Revival \u2013 Creedence Clearwater Revival 1969 2LP"}]},{"@type":"WebSite","@id":"https:\/\/vinilozona.lt\/#website","url":"https:\/\/vinilozona.lt\/","name":"Vinilo Zona","description":"Nup\u016bsk dulkes ir klausyk LP","potentialAction":[{"@type":"SearchAction","target":{"@type":"EntryPoint","urlTemplate":"https:\/\/vinilozona.lt\/?s={search_term_string}"},"query-input":{"@type":"PropertyValueSpecification","valueRequired":true,"valueName":"search_term_string"}}],"inLanguage":"en-GB"}]}},"_links":{"self":[{"href":"https:\/\/vinilozona.lt\/en\/wp-json\/wp\/v2\/product\/14128"}],"collection":[{"href":"https:\/\/vinilozona.lt\/en\/wp-json\/wp\/v2\/product"}],"about":[{"href":"https:\/\/vinilozona.lt\/en\/wp-json\/wp\/v2\/types\/product"}],"wp:featuredmedia":[{"embeddable":true,"href":"https:\/\/vinilozona.lt\/en\/wp-json\/wp\/v2\/media\/22857"}],"wp:attachment":[{"href":"https:\/\/vinilozona.lt\/en\/wp-json\/wp\/v2\/media?parent=14128"}],"wp:term":[{"taxonomy":"product_cat","embeddable":true,"href":"https:\/\/vinilozona.lt\/en\/wp-json\/wp\/v2\/product_cat?post=14128"},{"taxonomy":"product_tag","embeddable":true,"href":"https:\/\/vinilozona.lt\/en\/wp-json\/wp\/v2\/product_tag?post=14128"}],"curies":[{"name":"wp","href":"https:\/\/api.w.org\/{rel}","templated":true}]}}