{"id":14109,"date":"2025-02-15T11:09:41","date_gmt":"2025-02-15T09:09:41","guid":{"rendered":"https:\/\/vinilozona.lt\/?post_type=product&#038;p=14109"},"modified":"2026-03-07T15:24:21","modified_gmt":"2026-03-07T13:24:21","slug":"%d1%83-%d0%b4%d0%b6%d0%be%d1%80%d0%b4%d0%b0%d0%bd%d0%be-%d0%b0%d0%bd%d0%b4%d1%80%d0%b5-%d1%88%d0%b5%d0%bd%d1%8c%d0%b5-%d0%be%d0%bf%d0%b5%d1%80%d0%b0-%d0%b2-%d1%87%d0%b5%d1%82%d1%8b%d1%80","status":"publish","type":"product","link":"https:\/\/vinilozona.lt\/en\/parduotuve\/classic\/%d1%83-%d0%b4%d0%b6%d0%be%d1%80%d0%b4%d0%b0%d0%bd%d0%be-%d0%b0%d0%bd%d0%b4%d1%80%d0%b5-%d1%88%d0%b5%d0%bd%d1%8c%d0%b5-%d0%be%d0%bf%d0%b5%d1%80%d0%b0-%d0%b2-%d1%87%d0%b5%d1%82%d1%8b%d1%80\/","title":{"rendered":"\u041f\u0435\u0442\u0440 \u0418\u043b\u044c\u0438\u0447 \u0427\u0430\u0439\u043a\u043e\u0432\u0441\u043a\u0438\u0439, \u0410\u043b\u0435\u043a\u0441\u0435\u0439 \u0427\u0435\u0440\u043a\u0430\u0441\u043e\u0432 \u2013 \u0412\u0440\u0435\u043c\u0435\u043d\u0430 \u0413\u043e\u0434\u0430"},"content":{"rendered":"<p>A1\t\t\u042f\u043d\u0432\u0430\u0440\u044c &#8211; \u0423 \u041a\u0430\u043c\u0435\u043b\u044c\u043a\u0430<br \/>\nA2\t\t\u0424\u0435\u0432\u0440\u0430\u043b\u044c &#8211; \u041c\u0430\u0441\u043b\u0435\u043d\u0438\u0446\u0430<br \/>\nA3\t\t\u041c\u0430\u0440\u0442 &#8211; \u041f\u0435\u0441\u043d\u044c \u0416\u0430\u0432\u043e\u0440\u043e\u043d\u043a\u0430<br \/>\nA4\t\t\u0410\u043f\u0440\u0435\u043b\u044c &#8211; \u041f\u043e\u0434\u0441\u043d\u0435\u0436\u043d\u0438\u043a<br \/>\nA5\t\t\u041c\u0430\u0439 &#8211; \u0411\u0435\u043b\u044b\u0435 \u041d\u043e\u0447\u0438<br \/>\nA6\t\t\u0418\u044e\u043d\u044c &#8211; \u0411\u0430\u0440\u043a\u0430\u0440\u043e\u043b\u043b\u0430<br \/>\nB1\t\t\u0418\u044e\u043b\u044c &#8211; \u041f\u0435\u0441\u043d\u044c \u041a\u043e\u0441\u0430\u0440\u044f<br \/>\nB2\t\t\u0410\u0432\u0433\u0443\u0441\u0442 &#8211; \u0416\u0430\u0442\u0432\u0430<br \/>\nB3\t\t\u0421\u0435\u043d\u0442\u044f\u0431\u0440\u044c &#8211; \u041e\u0445\u043e\u0442\u0430<br \/>\nB4\t\t\u041e\u043a\u0442\u044f\u0431\u0440\u044c &#8211; \u041e\u0441\u0435\u043d\u043d\u044f\u044f \u041f\u0435\u0441\u043d\u044f<br \/>\nB5\t\t\u041d\u043e\u044f\u0431\u0440\u044c &#8211; \u041d\u0430 \u0422\u0440\u043e\u0439\u043a\u0435<br \/>\nB6\t\t\u0414\u0435\u043a\u0430\u0431\u0440\u044c &#8211; \u0421\u0432\u044f\u0442\u043a\u0438<\/p>","protected":false},"excerpt":{"rendered":"<p>\u041c\u0435\u043b\u043e\u0434\u0438\u044f \u2013 33 \u0421 10-05435-36<br \/>\nFormat:<br \/>\nVinyl, LP, Stereo, Flipback Sleeve<br \/>\nCountry:<br \/>\nUSSR<br \/>\nReleased:<br \/>\n1977<\/p>","protected":false},"featured_media":30631,"template":"","meta":[],"product_cat":[22],"product_tag":[44],"yoast_head":"<!-- This site is optimized with the Yoast SEO plugin v23.5 - https:\/\/yoast.com\/wordpress\/plugins\/seo\/ -->\n<title>\u041f\u0435\u0442\u0440 \u0418\u043b\u044c\u0438\u0447 \u0427\u0430\u0439\u043a\u043e\u0432\u0441\u043a\u0438\u0439, \u0410\u043b\u0435\u043a\u0441\u0435\u0439 \u0427\u0435\u0440\u043a\u0430\u0441\u043e\u0432 \u2013 \u0412\u0440\u0435\u043c\u0435\u043d\u0430 \u0413\u043e\u0434\u0430 Vinilin\u0117 Plok\u0161tel\u0117 | Vinilozona.lt<\/title>\n<meta name=\"robots\" content=\"index, follow, max-snippet:-1, max-image-preview:large, max-video-preview:-1\" \/>\n<link rel=\"canonical\" href=\"https:\/\/vinilozona.lt\/en\/parduotuve\/classic\/\u0443-\u0434\u0436\u043e\u0440\u0434\u0430\u043d\u043e-\u0430\u043d\u0434\u0440\u0435-\u0448\u0435\u043d\u044c\u0435-\u043e\u043f\u0435\u0440\u0430-\u0432-\u0447\u0435\u0442\u044b\u0440\/\" \/>\n<meta property=\"og:locale\" content=\"en_GB\" \/>\n<meta property=\"og:type\" content=\"article\" \/>\n<meta property=\"og:title\" content=\"\u041f\u0435\u0442\u0440 \u0418\u043b\u044c\u0438\u0447 \u0427\u0430\u0439\u043a\u043e\u0432\u0441\u043a\u0438\u0439, \u0410\u043b\u0435\u043a\u0441\u0435\u0439 \u0427\u0435\u0440\u043a\u0430\u0441\u043e\u0432 \u2013 \u0412\u0440\u0435\u043c\u0435\u043d\u0430 \u0413\u043e\u0434\u0430 Vinilin\u0117 Plok\u0161tel\u0117 | Vinilozona.lt\" \/>\n<meta property=\"og:description\" content=\"\u041c\u0435\u043b\u043e\u0434\u0438\u044f \u2013 33 \u0421 10-05435-36 Format: Vinyl, LP, Stereo, Flipback Sleeve Country: USSR Released: 1977\" \/>\n<meta property=\"og:url\" content=\"https:\/\/vinilozona.lt\/en\/parduotuve\/classic\/\u0443-\u0434\u0436\u043e\u0440\u0434\u0430\u043d\u043e-\u0430\u043d\u0434\u0440\u0435-\u0448\u0435\u043d\u044c\u0435-\u043e\u043f\u0435\u0440\u0430-\u0432-\u0447\u0435\u0442\u044b\u0440\/\" \/>\n<meta property=\"og:site_name\" content=\"Vinilo Zona\" \/>\n<meta property=\"article:modified_time\" content=\"2026-03-07T13:24:21+00:00\" \/>\n<meta property=\"og:image\" content=\"https:\/\/vinilozona.lt\/wp-content\/uploads\/2021\/02\/20260307_151158-scaled.jpg\" \/>\n\t<meta property=\"og:image:width\" content=\"1920\" \/>\n\t<meta property=\"og:image:height\" content=\"2560\" \/>\n\t<meta property=\"og:image:type\" content=\"image\/jpeg\" \/>\n<meta name=\"twitter:card\" content=\"summary_large_image\" \/>\n<meta name=\"twitter:label1\" content=\"Estimated reading time\" \/>\n\t<meta name=\"twitter:data1\" content=\"1 minute\" \/>\n<script type=\"application\/ld+json\" class=\"yoast-schema-graph\">{\"@context\":\"https:\/\/schema.org\",\"@graph\":[{\"@type\":\"WebPage\",\"@id\":\"https:\/\/vinilozona.lt\/parduotuve\/classic\/%d1%83-%d0%b4%d0%b6%d0%be%d1%80%d0%b4%d0%b0%d0%bd%d0%be-%d0%b0%d0%bd%d0%b4%d1%80%d0%b5-%d1%88%d0%b5%d0%bd%d1%8c%d0%b5-%d0%be%d0%bf%d0%b5%d1%80%d0%b0-%d0%b2-%d1%87%d0%b5%d1%82%d1%8b%d1%80\/\",\"url\":\"https:\/\/vinilozona.lt\/parduotuve\/classic\/%d1%83-%d0%b4%d0%b6%d0%be%d1%80%d0%b4%d0%b0%d0%bd%d0%be-%d0%b0%d0%bd%d0%b4%d1%80%d0%b5-%d1%88%d0%b5%d0%bd%d1%8c%d0%b5-%d0%be%d0%bf%d0%b5%d1%80%d0%b0-%d0%b2-%d1%87%d0%b5%d1%82%d1%8b%d1%80\/\",\"name\":\"\u041f\u0435\u0442\u0440 \u0418\u043b\u044c\u0438\u0447 \u0427\u0430\u0439\u043a\u043e\u0432\u0441\u043a\u0438\u0439, \u0410\u043b\u0435\u043a\u0441\u0435\u0439 \u0427\u0435\u0440\u043a\u0430\u0441\u043e\u0432 \u2013 \u0412\u0440\u0435\u043c\u0435\u043d\u0430 \u0413\u043e\u0434\u0430 Vinilin\u0117 Plok\u0161tel\u0117 | Vinilozona.lt\",\"isPartOf\":{\"@id\":\"https:\/\/vinilozona.lt\/#website\"},\"primaryImageOfPage\":{\"@id\":\"https:\/\/vinilozona.lt\/parduotuve\/classic\/%d1%83-%d0%b4%d0%b6%d0%be%d1%80%d0%b4%d0%b0%d0%bd%d0%be-%d0%b0%d0%bd%d0%b4%d1%80%d0%b5-%d1%88%d0%b5%d0%bd%d1%8c%d0%b5-%d0%be%d0%bf%d0%b5%d1%80%d0%b0-%d0%b2-%d1%87%d0%b5%d1%82%d1%8b%d1%80\/#primaryimage\"},\"image\":{\"@id\":\"https:\/\/vinilozona.lt\/parduotuve\/classic\/%d1%83-%d0%b4%d0%b6%d0%be%d1%80%d0%b4%d0%b0%d0%bd%d0%be-%d0%b0%d0%bd%d0%b4%d1%80%d0%b5-%d1%88%d0%b5%d0%bd%d1%8c%d0%b5-%d0%be%d0%bf%d0%b5%d1%80%d0%b0-%d0%b2-%d1%87%d0%b5%d1%82%d1%8b%d1%80\/#primaryimage\"},\"thumbnailUrl\":\"https:\/\/vinilozona.lt\/wp-content\/uploads\/2021\/02\/20260307_151158-scaled.jpg\",\"datePublished\":\"2025-02-15T09:09:41+00:00\",\"dateModified\":\"2026-03-07T13:24:21+00:00\",\"breadcrumb\":{\"@id\":\"https:\/\/vinilozona.lt\/parduotuve\/classic\/%d1%83-%d0%b4%d0%b6%d0%be%d1%80%d0%b4%d0%b0%d0%bd%d0%be-%d0%b0%d0%bd%d0%b4%d1%80%d0%b5-%d1%88%d0%b5%d0%bd%d1%8c%d0%b5-%d0%be%d0%bf%d0%b5%d1%80%d0%b0-%d0%b2-%d1%87%d0%b5%d1%82%d1%8b%d1%80\/#breadcrumb\"},\"inLanguage\":\"en-GB\",\"potentialAction\":[{\"@type\":\"ReadAction\",\"target\":[\"https:\/\/vinilozona.lt\/parduotuve\/classic\/%d1%83-%d0%b4%d0%b6%d0%be%d1%80%d0%b4%d0%b0%d0%bd%d0%be-%d0%b0%d0%bd%d0%b4%d1%80%d0%b5-%d1%88%d0%b5%d0%bd%d1%8c%d0%b5-%d0%be%d0%bf%d0%b5%d1%80%d0%b0-%d0%b2-%d1%87%d0%b5%d1%82%d1%8b%d1%80\/\"]}]},{\"@type\":\"ImageObject\",\"inLanguage\":\"en-GB\",\"@id\":\"https:\/\/vinilozona.lt\/parduotuve\/classic\/%d1%83-%d0%b4%d0%b6%d0%be%d1%80%d0%b4%d0%b0%d0%bd%d0%be-%d0%b0%d0%bd%d0%b4%d1%80%d0%b5-%d1%88%d0%b5%d0%bd%d1%8c%d0%b5-%d0%be%d0%bf%d0%b5%d1%80%d0%b0-%d0%b2-%d1%87%d0%b5%d1%82%d1%8b%d1%80\/#primaryimage\",\"url\":\"https:\/\/vinilozona.lt\/wp-content\/uploads\/2021\/02\/20260307_151158-scaled.jpg\",\"contentUrl\":\"https:\/\/vinilozona.lt\/wp-content\/uploads\/2021\/02\/20260307_151158-scaled.jpg\",\"width\":1920,\"height\":2560},{\"@type\":\"BreadcrumbList\",\"@id\":\"https:\/\/vinilozona.lt\/parduotuve\/classic\/%d1%83-%d0%b4%d0%b6%d0%be%d1%80%d0%b4%d0%b0%d0%bd%d0%be-%d0%b0%d0%bd%d0%b4%d1%80%d0%b5-%d1%88%d0%b5%d0%bd%d1%8c%d0%b5-%d0%be%d0%bf%d0%b5%d1%80%d0%b0-%d0%b2-%d1%87%d0%b5%d1%82%d1%8b%d1%80\/#breadcrumb\",\"itemListElement\":[{\"@type\":\"ListItem\",\"position\":1,\"name\":\"Home\",\"item\":\"https:\/\/vinilozona.lt\/\"},{\"@type\":\"ListItem\",\"position\":2,\"name\":\"Parduotuv\u0117\",\"item\":\"https:\/\/vinilozona.lt\/parduotuve\/\"},{\"@type\":\"ListItem\",\"position\":3,\"name\":\"\u041f\u0435\u0442\u0440 \u0418\u043b\u044c\u0438\u0447 \u0427\u0430\u0439\u043a\u043e\u0432\u0441\u043a\u0438\u0439, \u0410\u043b\u0435\u043a\u0441\u0435\u0439 \u0427\u0435\u0440\u043a\u0430\u0441\u043e\u0432 \u2013 \u0412\u0440\u0435\u043c\u0435\u043d\u0430 \u0413\u043e\u0434\u0430\"}]},{\"@type\":\"WebSite\",\"@id\":\"https:\/\/vinilozona.lt\/#website\",\"url\":\"https:\/\/vinilozona.lt\/\",\"name\":\"Vinilo Zona\",\"description\":\"Nup\u016bsk dulkes ir klausyk LP\",\"potentialAction\":[{\"@type\":\"SearchAction\",\"target\":{\"@type\":\"EntryPoint\",\"urlTemplate\":\"https:\/\/vinilozona.lt\/?s={search_term_string}\"},\"query-input\":{\"@type\":\"PropertyValueSpecification\",\"valueRequired\":true,\"valueName\":\"search_term_string\"}}],\"inLanguage\":\"en-GB\"}]}<\/script>\n<!-- \/ Yoast SEO plugin. -->","yoast_head_json":{"title":"\u041f\u0435\u0442\u0440 \u0418\u043b\u044c\u0438\u0447 \u0427\u0430\u0439\u043a\u043e\u0432\u0441\u043a\u0438\u0439, \u0410\u043b\u0435\u043a\u0441\u0435\u0439 \u0427\u0435\u0440\u043a\u0430\u0441\u043e\u0432 \u2013 \u0412\u0440\u0435\u043c\u0435\u043d\u0430 \u0413\u043e\u0434\u0430 Vinilin\u0117 Plok\u0161tel\u0117 | Vinilozona.lt","robots":{"index":"index","follow":"follow","max-snippet":"max-snippet:-1","max-image-preview":"max-image-preview:large","max-video-preview":"max-video-preview:-1"},"canonical":"https:\/\/vinilozona.lt\/en\/parduotuve\/classic\/\u0443-\u0434\u0436\u043e\u0440\u0434\u0430\u043d\u043e-\u0430\u043d\u0434\u0440\u0435-\u0448\u0435\u043d\u044c\u0435-\u043e\u043f\u0435\u0440\u0430-\u0432-\u0447\u0435\u0442\u044b\u0440\/","og_locale":"en_GB","og_type":"article","og_title":"\u041f\u0435\u0442\u0440 \u0418\u043b\u044c\u0438\u0447 \u0427\u0430\u0439\u043a\u043e\u0432\u0441\u043a\u0438\u0439, \u0410\u043b\u0435\u043a\u0441\u0435\u0439 \u0427\u0435\u0440\u043a\u0430\u0441\u043e\u0432 \u2013 \u0412\u0440\u0435\u043c\u0435\u043d\u0430 \u0413\u043e\u0434\u0430 Vinilin\u0117 Plok\u0161tel\u0117 | Vinilozona.lt","og_description":"\u041c\u0435\u043b\u043e\u0434\u0438\u044f \u2013 33 \u0421 10-05435-36 Format: Vinyl, LP, Stereo, Flipback Sleeve Country: USSR Released: 1977","og_url":"https:\/\/vinilozona.lt\/en\/parduotuve\/classic\/\u0443-\u0434\u0436\u043e\u0440\u0434\u0430\u043d\u043e-\u0430\u043d\u0434\u0440\u0435-\u0448\u0435\u043d\u044c\u0435-\u043e\u043f\u0435\u0440\u0430-\u0432-\u0447\u0435\u0442\u044b\u0440\/","og_site_name":"Vinilo Zona","article_modified_time":"2026-03-07T13:24:21+00:00","og_image":[{"width":1920,"height":2560,"url":"https:\/\/vinilozona.lt\/wp-content\/uploads\/2021\/02\/20260307_151158-scaled.jpg","type":"image\/jpeg"}],"twitter_card":"summary_large_image","twitter_misc":{"Estimated reading time":"1 minute"},"schema":{"@context":"https:\/\/schema.org","@graph":[{"@type":"WebPage","@id":"https:\/\/vinilozona.lt\/parduotuve\/classic\/%d1%83-%d0%b4%d0%b6%d0%be%d1%80%d0%b4%d0%b0%d0%bd%d0%be-%d0%b0%d0%bd%d0%b4%d1%80%d0%b5-%d1%88%d0%b5%d0%bd%d1%8c%d0%b5-%d0%be%d0%bf%d0%b5%d1%80%d0%b0-%d0%b2-%d1%87%d0%b5%d1%82%d1%8b%d1%80\/","url":"https:\/\/vinilozona.lt\/parduotuve\/classic\/%d1%83-%d0%b4%d0%b6%d0%be%d1%80%d0%b4%d0%b0%d0%bd%d0%be-%d0%b0%d0%bd%d0%b4%d1%80%d0%b5-%d1%88%d0%b5%d0%bd%d1%8c%d0%b5-%d0%be%d0%bf%d0%b5%d1%80%d0%b0-%d0%b2-%d1%87%d0%b5%d1%82%d1%8b%d1%80\/","name":"\u041f\u0435\u0442\u0440 \u0418\u043b\u044c\u0438\u0447 \u0427\u0430\u0439\u043a\u043e\u0432\u0441\u043a\u0438\u0439, \u0410\u043b\u0435\u043a\u0441\u0435\u0439 \u0427\u0435\u0440\u043a\u0430\u0441\u043e\u0432 \u2013 \u0412\u0440\u0435\u043c\u0435\u043d\u0430 \u0413\u043e\u0434\u0430 Vinilin\u0117 Plok\u0161tel\u0117 | Vinilozona.lt","isPartOf":{"@id":"https:\/\/vinilozona.lt\/#website"},"primaryImageOfPage":{"@id":"https:\/\/vinilozona.lt\/parduotuve\/classic\/%d1%83-%d0%b4%d0%b6%d0%be%d1%80%d0%b4%d0%b0%d0%bd%d0%be-%d0%b0%d0%bd%d0%b4%d1%80%d0%b5-%d1%88%d0%b5%d0%bd%d1%8c%d0%b5-%d0%be%d0%bf%d0%b5%d1%80%d0%b0-%d0%b2-%d1%87%d0%b5%d1%82%d1%8b%d1%80\/#primaryimage"},"image":{"@id":"https:\/\/vinilozona.lt\/parduotuve\/classic\/%d1%83-%d0%b4%d0%b6%d0%be%d1%80%d0%b4%d0%b0%d0%bd%d0%be-%d0%b0%d0%bd%d0%b4%d1%80%d0%b5-%d1%88%d0%b5%d0%bd%d1%8c%d0%b5-%d0%be%d0%bf%d0%b5%d1%80%d0%b0-%d0%b2-%d1%87%d0%b5%d1%82%d1%8b%d1%80\/#primaryimage"},"thumbnailUrl":"https:\/\/vinilozona.lt\/wp-content\/uploads\/2021\/02\/20260307_151158-scaled.jpg","datePublished":"2025-02-15T09:09:41+00:00","dateModified":"2026-03-07T13:24:21+00:00","breadcrumb":{"@id":"https:\/\/vinilozona.lt\/parduotuve\/classic\/%d1%83-%d0%b4%d0%b6%d0%be%d1%80%d0%b4%d0%b0%d0%bd%d0%be-%d0%b0%d0%bd%d0%b4%d1%80%d0%b5-%d1%88%d0%b5%d0%bd%d1%8c%d0%b5-%d0%be%d0%bf%d0%b5%d1%80%d0%b0-%d0%b2-%d1%87%d0%b5%d1%82%d1%8b%d1%80\/#breadcrumb"},"inLanguage":"en-GB","potentialAction":[{"@type":"ReadAction","target":["https:\/\/vinilozona.lt\/parduotuve\/classic\/%d1%83-%d0%b4%d0%b6%d0%be%d1%80%d0%b4%d0%b0%d0%bd%d0%be-%d0%b0%d0%bd%d0%b4%d1%80%d0%b5-%d1%88%d0%b5%d0%bd%d1%8c%d0%b5-%d0%be%d0%bf%d0%b5%d1%80%d0%b0-%d0%b2-%d1%87%d0%b5%d1%82%d1%8b%d1%80\/"]}]},{"@type":"ImageObject","inLanguage":"en-GB","@id":"https:\/\/vinilozona.lt\/parduotuve\/classic\/%d1%83-%d0%b4%d0%b6%d0%be%d1%80%d0%b4%d0%b0%d0%bd%d0%be-%d0%b0%d0%bd%d0%b4%d1%80%d0%b5-%d1%88%d0%b5%d0%bd%d1%8c%d0%b5-%d0%be%d0%bf%d0%b5%d1%80%d0%b0-%d0%b2-%d1%87%d0%b5%d1%82%d1%8b%d1%80\/#primaryimage","url":"https:\/\/vinilozona.lt\/wp-content\/uploads\/2021\/02\/20260307_151158-scaled.jpg","contentUrl":"https:\/\/vinilozona.lt\/wp-content\/uploads\/2021\/02\/20260307_151158-scaled.jpg","width":1920,"height":2560},{"@type":"BreadcrumbList","@id":"https:\/\/vinilozona.lt\/parduotuve\/classic\/%d1%83-%d0%b4%d0%b6%d0%be%d1%80%d0%b4%d0%b0%d0%bd%d0%be-%d0%b0%d0%bd%d0%b4%d1%80%d0%b5-%d1%88%d0%b5%d0%bd%d1%8c%d0%b5-%d0%be%d0%bf%d0%b5%d1%80%d0%b0-%d0%b2-%d1%87%d0%b5%d1%82%d1%8b%d1%80\/#breadcrumb","itemListElement":[{"@type":"ListItem","position":1,"name":"Home","item":"https:\/\/vinilozona.lt\/"},{"@type":"ListItem","position":2,"name":"Parduotuv\u0117","item":"https:\/\/vinilozona.lt\/parduotuve\/"},{"@type":"ListItem","position":3,"name":"\u041f\u0435\u0442\u0440 \u0418\u043b\u044c\u0438\u0447 \u0427\u0430\u0439\u043a\u043e\u0432\u0441\u043a\u0438\u0439, \u0410\u043b\u0435\u043a\u0441\u0435\u0439 \u0427\u0435\u0440\u043a\u0430\u0441\u043e\u0432 \u2013 \u0412\u0440\u0435\u043c\u0435\u043d\u0430 \u0413\u043e\u0434\u0430"}]},{"@type":"WebSite","@id":"https:\/\/vinilozona.lt\/#website","url":"https:\/\/vinilozona.lt\/","name":"Vinilo Zona","description":"Nup\u016bsk dulkes ir klausyk LP","potentialAction":[{"@type":"SearchAction","target":{"@type":"EntryPoint","urlTemplate":"https:\/\/vinilozona.lt\/?s={search_term_string}"},"query-input":{"@type":"PropertyValueSpecification","valueRequired":true,"valueName":"search_term_string"}}],"inLanguage":"en-GB"}]}},"_links":{"self":[{"href":"https:\/\/vinilozona.lt\/en\/wp-json\/wp\/v2\/product\/14109"}],"collection":[{"href":"https:\/\/vinilozona.lt\/en\/wp-json\/wp\/v2\/product"}],"about":[{"href":"https:\/\/vinilozona.lt\/en\/wp-json\/wp\/v2\/types\/product"}],"wp:featuredmedia":[{"embeddable":true,"href":"https:\/\/vinilozona.lt\/en\/wp-json\/wp\/v2\/media\/30631"}],"wp:attachment":[{"href":"https:\/\/vinilozona.lt\/en\/wp-json\/wp\/v2\/media?parent=14109"}],"wp:term":[{"taxonomy":"product_cat","embeddable":true,"href":"https:\/\/vinilozona.lt\/en\/wp-json\/wp\/v2\/product_cat?post=14109"},{"taxonomy":"product_tag","embeddable":true,"href":"https:\/\/vinilozona.lt\/en\/wp-json\/wp\/v2\/product_tag?post=14109"}],"curies":[{"name":"wp","href":"https:\/\/api.w.org\/{rel}","templated":true}]}}