{"id":14105,"date":"2023-02-26T05:37:46","date_gmt":"2023-02-26T03:37:46","guid":{"rendered":"https:\/\/vinilozona.lt\/?post_type=product&#038;p=14105"},"modified":"2024-02-28T12:27:44","modified_gmt":"2024-02-28T10:27:44","slug":"%d0%b4%d0%b6-%d0%b2%d0%b5%d1%80%d0%b4%d0%b8-%d1%82%d1%80%d0%b0%d0%b2%d0%b8%d0%b0%d1%82%d0%b0-2lp","status":"publish","type":"product","link":"https:\/\/vinilozona.lt\/en\/parduotuve\/classic\/%d0%b4%d0%b6-%d0%b2%d0%b5%d1%80%d0%b4%d0%b8-%d1%82%d1%80%d0%b0%d0%b2%d0%b8%d0%b0%d1%82%d0%b0-2lp\/","title":{"rendered":"Franz Schubert &#8211; Peter Anders , G\u00fcnther Weissenborn \/ Michael Raucheisen \u2013 Die Winterreise \/ Einsamkeit 2LP"},"content":{"rendered":"<p>Winterreise Op. 89<br \/>\nGute Nacht\t5:07<br \/>\nDie Wetterfahne\t1:27<br \/>\nGefrorne Tr\u00e4nen\t2:22<br \/>\nErstarrung\t2:32<br \/>\nDer Lindenbaum\t4:12<br \/>\nWasserflut\t3:55<br \/>\nAuf Dem Flusse\t3:32<br \/>\nR\u00fcckblick\t1:57<br \/>\nIrrlicht\t2:19<br \/>\nRast\t2:57<br \/>\nFr\u00fchlingstraum\t4:03<br \/>\nEinsamkeit\t2:19<br \/>\nDie Post\t2:23<br \/>\nDer Greise Kopf\t2:50<br \/>\nDie Kr\u00e4he\t2:00<br \/>\nLetzte Hoffnung\t2:37<br \/>\nIm Dorfe\t3:07<br \/>\nDer St\u00fcrmische Morgen\t0:47<br \/>\nT\u00e4uschung\t1:17<br \/>\nDer Wegweiser\t3:58<br \/>\nDas Wirtshaus\t3:45<br \/>\nMut\t1:17<br \/>\nDie Nebensonnen\t2:38<br \/>\nDer Leiermann\t3:08<\/p>","protected":false},"excerpt":{"rendered":"<p>melodija  M10-41780<br \/>\n2 LP<br \/>\nUSSR<\/p>","protected":false},"featured_media":24316,"template":"","meta":[],"product_cat":[22],"product_tag":[44],"yoast_head":"<!-- This site is optimized with the Yoast SEO plugin v23.5 - https:\/\/yoast.com\/wordpress\/plugins\/seo\/ -->\n<title>Franz Schubert - Peter Anders , G\u00fcnther Weissenborn \/ Michael Raucheisen \u2013 Die Winterreise \/ Einsamkeit 2LP Vinilin\u0117 Plok\u0161tel\u0117 | Vinilozona.lt<\/title>\n<meta name=\"robots\" content=\"index, follow, max-snippet:-1, max-image-preview:large, max-video-preview:-1\" \/>\n<link rel=\"canonical\" href=\"https:\/\/vinilozona.lt\/en\/parduotuve\/classic\/\u0434\u0436-\u0432\u0435\u0440\u0434\u0438-\u0442\u0440\u0430\u0432\u0438\u0430\u0442\u0430-2lp\/\" \/>\n<meta property=\"og:locale\" content=\"en_GB\" \/>\n<meta property=\"og:type\" content=\"article\" \/>\n<meta property=\"og:title\" content=\"Franz Schubert - Peter Anders , G\u00fcnther Weissenborn \/ Michael Raucheisen \u2013 Die Winterreise \/ Einsamkeit 2LP Vinilin\u0117 Plok\u0161tel\u0117 | Vinilozona.lt\" \/>\n<meta property=\"og:description\" content=\"melodija M10-41780 2 LP USSR\" \/>\n<meta property=\"og:url\" content=\"https:\/\/vinilozona.lt\/en\/parduotuve\/classic\/\u0434\u0436-\u0432\u0435\u0440\u0434\u0438-\u0442\u0440\u0430\u0432\u0438\u0430\u0442\u0430-2lp\/\" \/>\n<meta property=\"og:site_name\" content=\"Vinilo Zona\" \/>\n<meta property=\"article:modified_time\" content=\"2024-02-28T10:27:44+00:00\" \/>\n<meta property=\"og:image\" content=\"https:\/\/vinilozona.lt\/wp-content\/uploads\/2021\/02\/20240228_121740-scaled.jpg\" \/>\n\t<meta property=\"og:image:width\" content=\"1920\" \/>\n\t<meta property=\"og:image:height\" content=\"2560\" \/>\n\t<meta property=\"og:image:type\" content=\"image\/jpeg\" \/>\n<meta name=\"twitter:card\" content=\"summary_large_image\" \/>\n<script type=\"application\/ld+json\" class=\"yoast-schema-graph\">{\"@context\":\"https:\/\/schema.org\",\"@graph\":[{\"@type\":\"WebPage\",\"@id\":\"https:\/\/vinilozona.lt\/parduotuve\/classic\/%d0%b4%d0%b6-%d0%b2%d0%b5%d1%80%d0%b4%d0%b8-%d1%82%d1%80%d0%b0%d0%b2%d0%b8%d0%b0%d1%82%d0%b0-2lp\/\",\"url\":\"https:\/\/vinilozona.lt\/parduotuve\/classic\/%d0%b4%d0%b6-%d0%b2%d0%b5%d1%80%d0%b4%d0%b8-%d1%82%d1%80%d0%b0%d0%b2%d0%b8%d0%b0%d1%82%d0%b0-2lp\/\",\"name\":\"Franz Schubert - Peter Anders , G\u00fcnther Weissenborn \/ Michael Raucheisen \u2013 Die Winterreise \/ Einsamkeit 2LP Vinilin\u0117 Plok\u0161tel\u0117 | Vinilozona.lt\",\"isPartOf\":{\"@id\":\"https:\/\/vinilozona.lt\/#website\"},\"primaryImageOfPage\":{\"@id\":\"https:\/\/vinilozona.lt\/parduotuve\/classic\/%d0%b4%d0%b6-%d0%b2%d0%b5%d1%80%d0%b4%d0%b8-%d1%82%d1%80%d0%b0%d0%b2%d0%b8%d0%b0%d1%82%d0%b0-2lp\/#primaryimage\"},\"image\":{\"@id\":\"https:\/\/vinilozona.lt\/parduotuve\/classic\/%d0%b4%d0%b6-%d0%b2%d0%b5%d1%80%d0%b4%d0%b8-%d1%82%d1%80%d0%b0%d0%b2%d0%b8%d0%b0%d1%82%d0%b0-2lp\/#primaryimage\"},\"thumbnailUrl\":\"https:\/\/vinilozona.lt\/wp-content\/uploads\/2021\/02\/20240228_121740-scaled.jpg\",\"datePublished\":\"2023-02-26T03:37:46+00:00\",\"dateModified\":\"2024-02-28T10:27:44+00:00\",\"breadcrumb\":{\"@id\":\"https:\/\/vinilozona.lt\/parduotuve\/classic\/%d0%b4%d0%b6-%d0%b2%d0%b5%d1%80%d0%b4%d0%b8-%d1%82%d1%80%d0%b0%d0%b2%d0%b8%d0%b0%d1%82%d0%b0-2lp\/#breadcrumb\"},\"inLanguage\":\"en-GB\",\"potentialAction\":[{\"@type\":\"ReadAction\",\"target\":[\"https:\/\/vinilozona.lt\/parduotuve\/classic\/%d0%b4%d0%b6-%d0%b2%d0%b5%d1%80%d0%b4%d0%b8-%d1%82%d1%80%d0%b0%d0%b2%d0%b8%d0%b0%d1%82%d0%b0-2lp\/\"]}]},{\"@type\":\"ImageObject\",\"inLanguage\":\"en-GB\",\"@id\":\"https:\/\/vinilozona.lt\/parduotuve\/classic\/%d0%b4%d0%b6-%d0%b2%d0%b5%d1%80%d0%b4%d0%b8-%d1%82%d1%80%d0%b0%d0%b2%d0%b8%d0%b0%d1%82%d0%b0-2lp\/#primaryimage\",\"url\":\"https:\/\/vinilozona.lt\/wp-content\/uploads\/2021\/02\/20240228_121740-scaled.jpg\",\"contentUrl\":\"https:\/\/vinilozona.lt\/wp-content\/uploads\/2021\/02\/20240228_121740-scaled.jpg\",\"width\":1920,\"height\":2560},{\"@type\":\"BreadcrumbList\",\"@id\":\"https:\/\/vinilozona.lt\/parduotuve\/classic\/%d0%b4%d0%b6-%d0%b2%d0%b5%d1%80%d0%b4%d0%b8-%d1%82%d1%80%d0%b0%d0%b2%d0%b8%d0%b0%d1%82%d0%b0-2lp\/#breadcrumb\",\"itemListElement\":[{\"@type\":\"ListItem\",\"position\":1,\"name\":\"Home\",\"item\":\"https:\/\/vinilozona.lt\/\"},{\"@type\":\"ListItem\",\"position\":2,\"name\":\"Parduotuv\u0117\",\"item\":\"https:\/\/vinilozona.lt\/parduotuve\/\"},{\"@type\":\"ListItem\",\"position\":3,\"name\":\"Franz Schubert &#8211; Peter Anders , G\u00fcnther Weissenborn \/ Michael Raucheisen \u2013 Die Winterreise \/ Einsamkeit 2LP\"}]},{\"@type\":\"WebSite\",\"@id\":\"https:\/\/vinilozona.lt\/#website\",\"url\":\"https:\/\/vinilozona.lt\/\",\"name\":\"Vinilo Zona\",\"description\":\"Nup\u016bsk dulkes ir klausyk LP\",\"potentialAction\":[{\"@type\":\"SearchAction\",\"target\":{\"@type\":\"EntryPoint\",\"urlTemplate\":\"https:\/\/vinilozona.lt\/?s={search_term_string}\"},\"query-input\":{\"@type\":\"PropertyValueSpecification\",\"valueRequired\":true,\"valueName\":\"search_term_string\"}}],\"inLanguage\":\"en-GB\"}]}<\/script>\n<!-- \/ Yoast SEO plugin. -->","yoast_head_json":{"title":"Franz Schubert - Peter Anders , G\u00fcnther Weissenborn \/ Michael Raucheisen \u2013 Die Winterreise \/ Einsamkeit 2LP Vinilin\u0117 Plok\u0161tel\u0117 | Vinilozona.lt","robots":{"index":"index","follow":"follow","max-snippet":"max-snippet:-1","max-image-preview":"max-image-preview:large","max-video-preview":"max-video-preview:-1"},"canonical":"https:\/\/vinilozona.lt\/en\/parduotuve\/classic\/\u0434\u0436-\u0432\u0435\u0440\u0434\u0438-\u0442\u0440\u0430\u0432\u0438\u0430\u0442\u0430-2lp\/","og_locale":"en_GB","og_type":"article","og_title":"Franz Schubert - Peter Anders , G\u00fcnther Weissenborn \/ Michael Raucheisen \u2013 Die Winterreise \/ Einsamkeit 2LP Vinilin\u0117 Plok\u0161tel\u0117 | Vinilozona.lt","og_description":"melodija M10-41780 2 LP USSR","og_url":"https:\/\/vinilozona.lt\/en\/parduotuve\/classic\/\u0434\u0436-\u0432\u0435\u0440\u0434\u0438-\u0442\u0440\u0430\u0432\u0438\u0430\u0442\u0430-2lp\/","og_site_name":"Vinilo Zona","article_modified_time":"2024-02-28T10:27:44+00:00","og_image":[{"width":1920,"height":2560,"url":"https:\/\/vinilozona.lt\/wp-content\/uploads\/2021\/02\/20240228_121740-scaled.jpg","type":"image\/jpeg"}],"twitter_card":"summary_large_image","schema":{"@context":"https:\/\/schema.org","@graph":[{"@type":"WebPage","@id":"https:\/\/vinilozona.lt\/parduotuve\/classic\/%d0%b4%d0%b6-%d0%b2%d0%b5%d1%80%d0%b4%d0%b8-%d1%82%d1%80%d0%b0%d0%b2%d0%b8%d0%b0%d1%82%d0%b0-2lp\/","url":"https:\/\/vinilozona.lt\/parduotuve\/classic\/%d0%b4%d0%b6-%d0%b2%d0%b5%d1%80%d0%b4%d0%b8-%d1%82%d1%80%d0%b0%d0%b2%d0%b8%d0%b0%d1%82%d0%b0-2lp\/","name":"Franz Schubert - Peter Anders , G\u00fcnther Weissenborn \/ Michael Raucheisen \u2013 Die Winterreise \/ Einsamkeit 2LP Vinilin\u0117 Plok\u0161tel\u0117 | Vinilozona.lt","isPartOf":{"@id":"https:\/\/vinilozona.lt\/#website"},"primaryImageOfPage":{"@id":"https:\/\/vinilozona.lt\/parduotuve\/classic\/%d0%b4%d0%b6-%d0%b2%d0%b5%d1%80%d0%b4%d0%b8-%d1%82%d1%80%d0%b0%d0%b2%d0%b8%d0%b0%d1%82%d0%b0-2lp\/#primaryimage"},"image":{"@id":"https:\/\/vinilozona.lt\/parduotuve\/classic\/%d0%b4%d0%b6-%d0%b2%d0%b5%d1%80%d0%b4%d0%b8-%d1%82%d1%80%d0%b0%d0%b2%d0%b8%d0%b0%d1%82%d0%b0-2lp\/#primaryimage"},"thumbnailUrl":"https:\/\/vinilozona.lt\/wp-content\/uploads\/2021\/02\/20240228_121740-scaled.jpg","datePublished":"2023-02-26T03:37:46+00:00","dateModified":"2024-02-28T10:27:44+00:00","breadcrumb":{"@id":"https:\/\/vinilozona.lt\/parduotuve\/classic\/%d0%b4%d0%b6-%d0%b2%d0%b5%d1%80%d0%b4%d0%b8-%d1%82%d1%80%d0%b0%d0%b2%d0%b8%d0%b0%d1%82%d0%b0-2lp\/#breadcrumb"},"inLanguage":"en-GB","potentialAction":[{"@type":"ReadAction","target":["https:\/\/vinilozona.lt\/parduotuve\/classic\/%d0%b4%d0%b6-%d0%b2%d0%b5%d1%80%d0%b4%d0%b8-%d1%82%d1%80%d0%b0%d0%b2%d0%b8%d0%b0%d1%82%d0%b0-2lp\/"]}]},{"@type":"ImageObject","inLanguage":"en-GB","@id":"https:\/\/vinilozona.lt\/parduotuve\/classic\/%d0%b4%d0%b6-%d0%b2%d0%b5%d1%80%d0%b4%d0%b8-%d1%82%d1%80%d0%b0%d0%b2%d0%b8%d0%b0%d1%82%d0%b0-2lp\/#primaryimage","url":"https:\/\/vinilozona.lt\/wp-content\/uploads\/2021\/02\/20240228_121740-scaled.jpg","contentUrl":"https:\/\/vinilozona.lt\/wp-content\/uploads\/2021\/02\/20240228_121740-scaled.jpg","width":1920,"height":2560},{"@type":"BreadcrumbList","@id":"https:\/\/vinilozona.lt\/parduotuve\/classic\/%d0%b4%d0%b6-%d0%b2%d0%b5%d1%80%d0%b4%d0%b8-%d1%82%d1%80%d0%b0%d0%b2%d0%b8%d0%b0%d1%82%d0%b0-2lp\/#breadcrumb","itemListElement":[{"@type":"ListItem","position":1,"name":"Home","item":"https:\/\/vinilozona.lt\/"},{"@type":"ListItem","position":2,"name":"Parduotuv\u0117","item":"https:\/\/vinilozona.lt\/parduotuve\/"},{"@type":"ListItem","position":3,"name":"Franz Schubert &#8211; Peter Anders , G\u00fcnther Weissenborn \/ Michael Raucheisen \u2013 Die Winterreise \/ Einsamkeit 2LP"}]},{"@type":"WebSite","@id":"https:\/\/vinilozona.lt\/#website","url":"https:\/\/vinilozona.lt\/","name":"Vinilo Zona","description":"Nup\u016bsk dulkes ir klausyk LP","potentialAction":[{"@type":"SearchAction","target":{"@type":"EntryPoint","urlTemplate":"https:\/\/vinilozona.lt\/?s={search_term_string}"},"query-input":{"@type":"PropertyValueSpecification","valueRequired":true,"valueName":"search_term_string"}}],"inLanguage":"en-GB"}]}},"_links":{"self":[{"href":"https:\/\/vinilozona.lt\/en\/wp-json\/wp\/v2\/product\/14105"}],"collection":[{"href":"https:\/\/vinilozona.lt\/en\/wp-json\/wp\/v2\/product"}],"about":[{"href":"https:\/\/vinilozona.lt\/en\/wp-json\/wp\/v2\/types\/product"}],"wp:featuredmedia":[{"embeddable":true,"href":"https:\/\/vinilozona.lt\/en\/wp-json\/wp\/v2\/media\/24316"}],"wp:attachment":[{"href":"https:\/\/vinilozona.lt\/en\/wp-json\/wp\/v2\/media?parent=14105"}],"wp:term":[{"taxonomy":"product_cat","embeddable":true,"href":"https:\/\/vinilozona.lt\/en\/wp-json\/wp\/v2\/product_cat?post=14105"},{"taxonomy":"product_tag","embeddable":true,"href":"https:\/\/vinilozona.lt\/en\/wp-json\/wp\/v2\/product_tag?post=14105"}],"curies":[{"name":"wp","href":"https:\/\/api.w.org\/{rel}","templated":true}]}}